{"id":22343,"date":"2024-11-18T12:44:36","date_gmt":"2024-11-18T12:44:36","guid":{"rendered":"https:\/\/flaxmanlaw.wpenginepowered.com\/drogas-peligrosas-miami-gardens-abogados-de-responsabilidad-por-productos-del-condado-de-miami-dade\/"},"modified":"2024-11-18T12:44:36","modified_gmt":"2024-11-18T12:44:36","slug":"drogas-peligrosas-miami-gardens-abogados-de-responsabilidad-por-productos-del-condado-de-miami-dade","status":"publish","type":"page","link":"https:\/\/flaxmanlaw.com\/es\/drogas-peligrosas-miami-gardens-abogados-de-responsabilidad-por-productos-del-condado-de-miami-dade\/","title":{"rendered":"Drogas Peligrosas Miami Gardens | Abogados de Responsabilidad por Productos del Condado de Miami-Dade"},"content":{"rendered":"<div class=\"bodytext\">\n<h2>Drogas peligrosas en Miami Gardens<\/h1><\/h2>\n<div class=\"description\">\n<p>Las empresas farmac\u00e9uticas y las compa\u00f1\u00edas farmac\u00e9uticas son grandes conglomerados que ganan miles de millones de d\u00f3lares vendiendo medicamentos y f\u00e1rmacos. El objetivo de estas empresas es crear medicamentos que mejoren a los pacientes. Sin embargo, cuando las empresas farmac\u00e9uticas son negligentes a la hora de probar, promocionar o etiquetar sus medicamentos, pueden causar lesiones graves o incluso mortales a los pacientes.  <\/p>\n<p>Si has tenido un efecto secundario grave tras tomar medicamentos, es importante obtener respuestas. \u00bfFueron tus lesiones o efectos secundarios causados por negligencia de la empresa farmac\u00e9utica? \u00bfFue tu caso una situaci\u00f3n de negligencia m\u00e9dica en Miami Gardens o en tu comunidad de Florida? Para obtener respuestas y averiguar cu\u00e1les son tus opciones legales, contacta al Grupo Legal Flaxman, una firma de servicios integrales en Florida del Sur. El Grupo Legal Flaxman cuenta con tres oficinas en Miami, Hollywood, y Homestead para servir a toda el \u00e1rea de Florida del Sur. Usted puede entrevistarse con un miembro de nuestro equipo jur\u00eddico en una evaluaci\u00f3n gratuita y sin compromiso de su caso para averiguar qu\u00e9 es posible en su caso.     <\/p>\n<p><strong class=\"heading4\">\u00bfQu\u00e9 causa lesiones al tomar medicamentos?<\/strong><\/p>\n<p>Las complicaciones y lesiones m\u00e9dicas pueden deberse a varias causas, entre ellas:<\/p>\n<ul>\n<li>Recetas incorrectas<\/li>\n<li>Errores farmac\u00e9uticos<\/li>\n<li>Diagn\u00f3stico err\u00f3neo<\/li>\n<li>Negligencia m\u00e9dica<\/li>\n<li>Productos sanitarios peligrosos<\/li>\n<li>Drogas peligrosas<\/li>\n<\/ul>\n<p>Muchas de estas lesiones y p\u00e9rdidas son completamente evitables. Cuando las empresas farmac\u00e9uticas y de medicamentos son precavidas, prueban los f\u00e1rmacos adecuadamente y sus productos se someten a m\u00faltiples ensayos para asegurarse de que son seguros. Las buenas empresas tambi\u00e9n etiquetan adecuadamente sus medicamentos y revelan toda la informaci\u00f3n sobre sus f\u00e1rmacos, incluido el riesgo de posibles efectos secundarios e interacciones. Adem\u00e1s, si los medicamentos deben prepararse o mezclarse en la farmacia, las empresas farmac\u00e9uticas y las compa\u00f1\u00edas farmac\u00e9uticas deben asegurarse de que los farmac\u00e9uticos disponen de la informaci\u00f3n necesaria para preparar los medicamentos correctamente.   <\/p>\n<p><strong class=\"heading4\">\u00bfC\u00f3mo llegan al mercado las drogas peligrosas en Miami Gardens y Florida?<\/strong><\/p>\n<p>Las empresas farmac\u00e9uticas est\u00e1n obligadas por ley a garantizar que sus productos se prueban y son seguros antes de ser lanzados al p\u00fablico. Desgraciadamente, a\u00fan pueden ocurrir muchas cosas que pueden dar lugar a que se lancen al mercado medicamentos peligrosos: <\/p>\n<ul>\n<li>Pruebas inadecuadas del producto<\/li>\n<li>Recortar gastos, lo que lleva a medidas de reducci\u00f3n de costes que resultan peligrosas<\/li>\n<li>Etiquetado incorrecto o inexacto de un producto<\/li>\n<li>Informaci\u00f3n incorrecta que los representantes de los fabricantes de medicamentos facilitan a las farmacias y a los m\u00e9dicos sobre el producto.<\/li>\n<li>Falta de respuesta correcta a los efectos adversos en la poblaci\u00f3n general<\/li>\n<li>Falta de respuesta correcta a los informes de lesiones entre los pacientes<\/li>\n<li>Vicios o defectos en el proceso de fabricaci\u00f3n de un medicamento<\/li>\n<li>Falta de instrucciones correctas a las farmacias en caso de que el medicamento deba prepararse en una farmacia<\/li>\n<li>Error farmac\u00e9utico<\/li>\n<li>Error o negligencia del laboratorio<\/li>\n<\/ul>\n<p>Los fabricantes de medicamentos, las farmacias y los profesionales sanitarios tienen la obligaci\u00f3n de garantizar que los pacientes reciban una atenci\u00f3n de alto nivel que reduzca el riesgo de errores y negligencias m\u00e9dicas. Cuando las empresas farmac\u00e9uticas son negligentes a la hora de realizar pruebas adecuadas de sus productos o de comercializarlos y etiquetarlos con precisi\u00f3n, pueden ser consideradas responsables si los pacientes sufren lesiones graves como consecuencia de ello. <\/p>\n<p>Los abogados del Grupo Legal Flaxman han manejado muchas demandas legales farmac\u00e9uticas, demandas por negligencia m\u00e9dica y otros litigios relacionados con dispositivos m\u00e9dicos y medicamentos peligrosos. Nuestros abogados trabajan con peritos m\u00e9dicos, investigadores privados y otros expertos para construir casos s\u00f3lidos utilizando nuestros recursos, conocimientos, habilidades y experiencia. Gestionamos todos los detalles de una demanda, para que puedas centrarte en curarte y en tu familia. <a href=\"contacta con nosotros.html\">Ponte en contacto con nosotros hoy mismo<\/a> para una revisi\u00f3n gratuita y sin compromiso de tu caso.  <\/p>\n<\/p><\/div>\n<\/p><\/div>\n","protected":false},"excerpt":{"rendered":"<p>Sin honorarios a menos que ganemos. Llama al 866-352-9626 para una &#8230; <\/p>\n","protected":false},"author":3,"featured_media":0,"parent":0,"menu_order":0,"comment_status":"closed","ping_status":"closed","template":"template-practice-areas.php","meta":{"footnotes":""},"class_list":["post-22343","page","type-page","status-publish","hentry"],"featured_image_src":null,"featured_image_src_square":null,"_links":{"self":[{"href":"https:\/\/flaxmanlaw.com\/es\/wp-json\/wp\/v2\/pages\/22343","targetHints":{"allow":["GET"]}}],"collection":[{"href":"https:\/\/flaxmanlaw.com\/es\/wp-json\/wp\/v2\/pages"}],"about":[{"href":"https:\/\/flaxmanlaw.com\/es\/wp-json\/wp\/v2\/types\/page"}],"author":[{"embeddable":true,"href":"https:\/\/flaxmanlaw.com\/es\/wp-json\/wp\/v2\/users\/3"}],"replies":[{"embeddable":true,"href":"https:\/\/flaxmanlaw.com\/es\/wp-json\/wp\/v2\/comments?post=22343"}],"version-history":[{"count":0,"href":"https:\/\/flaxmanlaw.com\/es\/wp-json\/wp\/v2\/pages\/22343\/revisions"}],"wp:attachment":[{"href":"https:\/\/flaxmanlaw.com\/es\/wp-json\/wp\/v2\/media?parent=22343"}],"curies":[{"name":"wp","href":"https:\/\/api.w.org\/{rel}","templated":true}]}}