{"id":22344,"date":"2024-11-18T12:44:36","date_gmt":"2024-11-18T12:44:36","guid":{"rendered":"https:\/\/flaxmanlaw.wpenginepowered.com\/lesiones-de-ninos-en-miami-gardens-abogados-de-accidentes-del-condado-de-miami-dade\/"},"modified":"2024-11-18T12:44:36","modified_gmt":"2024-11-18T12:44:36","slug":"lesiones-de-ninos-en-miami-gardens-abogados-de-accidentes-del-condado-de-miami-dade","status":"publish","type":"page","link":"https:\/\/flaxmanlaw.com\/es\/lesiones-de-ninos-en-miami-gardens-abogados-de-accidentes-del-condado-de-miami-dade\/","title":{"rendered":"Lesiones de ni\u00f1os en Miami Gardens | Abogados de accidentes del condado de Miami-Dade"},"content":{"rendered":"<div class=\"bodytext\">\n<h2>Lesiones infantiles en Miami Gardens<\/h1><\/h2>\n<div class=\"description\">\n<p>Miami Gardens es una ciudad con una misi\u00f3n. En los \u00faltimos a\u00f1os, esta zona suburbana ha experimentado una revitalizaci\u00f3n para atraer m\u00e1s residentes y oportunidades econ\u00f3micas a la zona. La comunidad suburbana cuenta ya con dos colegios y muchas escuelas, y es probable que en los pr\u00f3ximos a\u00f1os a\u00f1ada nuevas empresas a sus fronteras.  <\/p>\n<p>Varias empresas y organizaciones de Miami Gardens est\u00e1n dise\u00f1adas para ser familiares. Sin embargo, incluso en estas propiedades a veces los ni\u00f1os resultan heridos. Si tu hijo ha resultado gravemente herido en un accidente de piscina, una colisi\u00f3n de tr\u00e1fico, un accidente en un parque infantil, un accidente en un parque de atracciones o por cualquier otro medio, tal vez quieras obtener asesoramiento jur\u00eddico antes de tomar ninguna decisi\u00f3n definitiva sobre tu situaci\u00f3n. Puedes tener derecho a una indemnizaci\u00f3n que te ayude a pagar los mejores cuidados posibles para tu hijo. Para obtener detalles y reclamar una indemnizaci\u00f3n, querr\u00e1s trabajar con un abogado de lesiones personales en Miami Gardens o en tu comunidad. Si est\u00e1s buscando un <a href=\"sobre nosotros.html\">abogado de lesiones personales<\/a>, la firma de servicios integrales del Grupo Legal Flaxman puede organizar una consulta gratuita sobre accidentes para que puedas revisar tu caso con un profesional legal.     <\/p>\n<p><strong class=\"heading4\">C\u00f3mo se producen las lesiones infantiles en Miami y otras comunidades<\/strong><\/p>\n<p>Incluso en lugares donde se supone que los ni\u00f1os est\u00e1n seguros -como guarder\u00edas, colegios, parques infantiles, parques de atracciones y otros lugares- se producen lesiones infantiles. Pueden ocurrir por varias razones: <\/p>\n<ul>\n<li>Control incorrecto de los empleados y otras personas que entran en contacto con los ni\u00f1os<\/li>\n<li>Seguridad inadecuada o aseguramiento de zonas inseguras<\/li>\n<li>Supervisores distra\u00eddos o supervisi\u00f3n inadecuada<\/li>\n<li>Atracciones de parques de atracciones o juegos infantiles defectuosos<\/li>\n<li>Mantenimiento inadecuado de los equipos del patio de recreo, del recinto escolar, de los equipos del patio de recreo o de las atracciones del parque de atracciones.<\/li>\n<\/ul>\n<p><strong class=\"heading4\">Qu\u00e9 hacer si crees que tienes una demanda por lesiones personales en Miami o Florida<\/strong><\/p>\n<p>Si tu hijo ha sufrido lesiones graves y crees que pueden deberse a la negligencia o imprudencia de alguien, es importante que consultes a un abogado de lesiones personales en Miami o en tu comunidad. Un abogado puede revisar tu caso y ayudarte a evaluar cu\u00e1nto puede valer tu caso. Si tienes derecho a una indemnizaci\u00f3n, un abogado puede ayudarte a iniciar una reclamaci\u00f3n legal.  <\/p>\n<p>\u00bfSe ha lesionado tu hijo? Probablemente tengas muchas preguntas y sientas el estr\u00e9s de tener un hijo gravemente herido. No tienes por qu\u00e9 pasar por este proceso sola. El equipo legal del <a href=\"index.html\">Grupo<\/a> Legal Flaxman est\u00e1 encantado de reunirse contigo para una consulta gratuita y sin compromiso si crees que puedes tener un caso. El Grupo Legal Flaxman puede ayudarle a entender sus opciones y puede ayudarle a mantener a los responsables responsables por sus acciones. El Grupo Legal Flaxman tambi\u00e9n puede ayudarte a buscar una compensaci\u00f3n, si calificas para ella, para que tengas los recursos financieros para proporcionar la mejor atenci\u00f3n m\u00e9dica a tu hijo.     <\/p>\n<p>Comprende tus derechos legales y tus mejores opciones para proteger a tu hijo. <a href=\"contacta con nosotros.html\">Contacta<\/a> hoy mismo al Grupo Legal Flaxman para recibir una consulta gratuita sobre accidentes y hablar sobre tu situaci\u00f3n. El Grupo Legal Flaxman es una firma de servicios integrales y su personal jur\u00eddico cuenta con m\u00e1s de 25 a\u00f1os de experiencia ayudando a familias a recuperar una compensaci\u00f3n por lesiones. Hable hoy mismo con un abogado experimentado en lesiones personales. Contacta al Grupo Legal Flaxman para programar tu cita gratuita.   <\/p>\n<\/p><\/div>\n<\/p><\/div>\n","protected":false},"excerpt":{"rendered":"<p>Sin honorarios a menos que ganemos. Llama al 866-352-9626 para una &#8230; <\/p>\n","protected":false},"author":3,"featured_media":0,"parent":0,"menu_order":0,"comment_status":"closed","ping_status":"closed","template":"template-practice-areas.php","meta":{"footnotes":""},"class_list":["post-22344","page","type-page","status-publish","hentry"],"featured_image_src":null,"featured_image_src_square":null,"_links":{"self":[{"href":"https:\/\/flaxmanlaw.com\/es\/wp-json\/wp\/v2\/pages\/22344","targetHints":{"allow":["GET"]}}],"collection":[{"href":"https:\/\/flaxmanlaw.com\/es\/wp-json\/wp\/v2\/pages"}],"about":[{"href":"https:\/\/flaxmanlaw.com\/es\/wp-json\/wp\/v2\/types\/page"}],"author":[{"embeddable":true,"href":"https:\/\/flaxmanlaw.com\/es\/wp-json\/wp\/v2\/users\/3"}],"replies":[{"embeddable":true,"href":"https:\/\/flaxmanlaw.com\/es\/wp-json\/wp\/v2\/comments?post=22344"}],"version-history":[{"count":0,"href":"https:\/\/flaxmanlaw.com\/es\/wp-json\/wp\/v2\/pages\/22344\/revisions"}],"wp:attachment":[{"href":"https:\/\/flaxmanlaw.com\/es\/wp-json\/wp\/v2\/media?parent=22344"}],"curies":[{"name":"wp","href":"https:\/\/api.w.org\/{rel}","templated":true}]}}