{"id":22345,"date":"2024-11-18T12:44:36","date_gmt":"2024-11-18T12:44:36","guid":{"rendered":"https:\/\/flaxmanlaw.wpenginepowered.com\/accidentes-en-cadena-en-miami-gardens-abogados-de-accidentes-de-coche-en-el-condado-de-miami-dade\/"},"modified":"2024-11-18T12:44:36","modified_gmt":"2024-11-18T12:44:36","slug":"accidentes-en-cadena-en-miami-gardens-abogados-de-accidentes-de-coche-en-el-condado-de-miami-dade","status":"publish","type":"page","link":"https:\/\/flaxmanlaw.com\/es\/accidentes-en-cadena-en-miami-gardens-abogados-de-accidentes-de-coche-en-el-condado-de-miami-dade\/","title":{"rendered":"Accidentes en cadena en Miami Gardens | Abogados de accidentes de coche en el condado de Miami-Dade"},"content":{"rendered":"<div class=\"bodytext\">\n<h2>Accidentes en cadena en Miami Gardens<\/h1><\/h2>\n<div class=\"description\">\n<p>Es aterrador sufrir un accidente de coche con otro veh\u00edculo, pero \u00bfqu\u00e9 ocurre si est\u00e1n implicados varios coches? Los accidentes de varios veh\u00edculos en Miami Gardens y otras ciudades son a\u00fan m\u00e1s aterradores porque, aunque ocurren en un abrir y cerrar de ojos, pueden dejar lesiones permanentes de por vida. Estos tipos de accidentes suelen provocar un amasijo de metal, sirenas ululantes y muchos heridos.  <\/p>\n<p>Si has sobrevivido a este tipo de accidente automovil\u00edstico grave, mereces justicia y respuestas. Los abogados del Grupo Legal Flaxman han tratado con muchos sobrevivientes de accidentes en cadena y han ayudado a recuperar millones de d\u00f3lares a favor de demandantes que han resultado lesionados en este tipo de choques. Cont\u00e1ctanos hoy mismo para tu consulta sin costo y sin compromiso.  <\/p>\n<p><strong class=\"heading4\">Buscar ayuda legal tras una colisi\u00f3n de tr\u00e1fico en Miami Gardens<\/strong><\/p>\n<p>Si te has visto implicado en un accidente de tr\u00e1fico con m\u00e1s de un veh\u00edculo implicado, puede ser especialmente importante buscar ayuda legal. Es posible que te culpen de causar parte del accidente, ya que suele haber muchos se\u00f1alamientos despu\u00e9s de un accidente en cadena. Adem\u00e1s, puede haber m\u00faltiples partes responsables. Aunque esto puede aumentar tus posibilidades de obtener una indemnizaci\u00f3n justa en tu caso, tambi\u00e9n puede dificultar averiguar qu\u00e9 ocurri\u00f3 exactamente. Habr\u00e1 m\u00faltiples acusados y m\u00faltiples compa\u00f1\u00edas de seguros implicadas, y las cosas pueden volverse r\u00e1pidamente bastante complejas o incluso desagradables.    <\/p>\n<p>Un abogado de lesiones personales te saca de la ecuaci\u00f3n y se hace cargo del caso, velando por tus intereses y ocup\u00e1ndose de todos los detalles mientras lucha por conseguir la indemnizaci\u00f3n m\u00e1s justa posible en tu nombre. En esta situaci\u00f3n, tu trabajo consiste en centrarte en ti mismo y en tu familia, mejor\u00e1ndote mientras esperas a que tu abogado de accidentes de tr\u00e1fico haga el trabajo por ti. <\/p>\n<p>Un abogado de lesiones personales tambi\u00e9n tiene la ventaja de poseer experiencia jur\u00eddica, as\u00ed como conocimiento del sistema legal local, de modo que puede llevar adelante tu demanda por lesiones personales en Miami Gardens de un modo que aumente tus posibilidades de \u00e9xito. Un buen abogado sabe exactamente qu\u00e9 m\u00e9todos utilizar en el tribunal para construir el caso m\u00e1s convincente para ti. <\/p>\n<p><strong class=\"heading4\">\u00bfEst\u00e1s preparado para proteger tus derechos?<\/strong><\/p>\n<p>Los abogados del Grupo Legal Flaxman creen que todos merecen justicia. Es por ello que nuestra firma legal no s\u00f3lo ofrece consultas gratuitas sobre accidentes a todos los nuevos clientes, sino que tambi\u00e9n es la raz\u00f3n por la que trabajamos en base a honorarios de contingencia. Cuando los abogados del Grupo Legal Flaxman toman casos en base a honorarios de contingencia, aceptamos el riesgo del caso. En estas situaciones, el cliente s\u00f3lo tiene que pagar los costes legales si y cuando nuestros abogados tienen \u00e9xito en alcanzar un acuerdo extrajudicial o una victoria en los tribunales. Si no recuperamos dinero para el cliente, \u00e9ste no tiene que pagar costas legales. En <a href=\"contacta con nosotros.html\">el Grupo Legal Flaxman<\/a>, nuestro equipo de abogados trabaja d\u00eda y noche para preparar diligentemente los casos y luchar agresivamente en favor de los derechos de los demandantes. Si desea saber qu\u00e9 se puede hacer para preservar la justicia en su caso, contacte hoy mismo al Grupo Legal Flaxman para una revisi\u00f3n gratuita y sin compromiso de su caso.      <\/p>\n<\/p><\/div>\n<\/p><\/div>\n","protected":false},"excerpt":{"rendered":"<p>Sin honorarios a menos que ganemos. Llama al 866-352-9626 para una &#8230; <\/p>\n","protected":false},"author":3,"featured_media":0,"parent":0,"menu_order":0,"comment_status":"closed","ping_status":"closed","template":"template-practice-areas.php","meta":{"footnotes":""},"class_list":["post-22345","page","type-page","status-publish","hentry"],"featured_image_src":null,"featured_image_src_square":null,"_links":{"self":[{"href":"https:\/\/flaxmanlaw.com\/es\/wp-json\/wp\/v2\/pages\/22345","targetHints":{"allow":["GET"]}}],"collection":[{"href":"https:\/\/flaxmanlaw.com\/es\/wp-json\/wp\/v2\/pages"}],"about":[{"href":"https:\/\/flaxmanlaw.com\/es\/wp-json\/wp\/v2\/types\/page"}],"author":[{"embeddable":true,"href":"https:\/\/flaxmanlaw.com\/es\/wp-json\/wp\/v2\/users\/3"}],"replies":[{"embeddable":true,"href":"https:\/\/flaxmanlaw.com\/es\/wp-json\/wp\/v2\/comments?post=22345"}],"version-history":[{"count":0,"href":"https:\/\/flaxmanlaw.com\/es\/wp-json\/wp\/v2\/pages\/22345\/revisions"}],"wp:attachment":[{"href":"https:\/\/flaxmanlaw.com\/es\/wp-json\/wp\/v2\/media?parent=22345"}],"curies":[{"name":"wp","href":"https:\/\/api.w.org\/{rel}","templated":true}]}}