{"id":22348,"date":"2024-11-18T12:44:36","date_gmt":"2024-11-18T12:44:36","guid":{"rendered":"https:\/\/flaxmanlaw.wpenginepowered.com\/accidente-de-autobus-en-miami-gardens-abogados-de-lesiones-personales-en-el-condado-de-miami-dade\/"},"modified":"2024-11-18T12:44:36","modified_gmt":"2024-11-18T12:44:36","slug":"accidente-de-autobus-en-miami-gardens-abogados-de-lesiones-personales-en-el-condado-de-miami-dade","status":"publish","type":"page","link":"https:\/\/flaxmanlaw.com\/es\/accidente-de-autobus-en-miami-gardens-abogados-de-lesiones-personales-en-el-condado-de-miami-dade\/","title":{"rendered":"Accidente de autob\u00fas en Miami Gardens | Abogados de lesiones personales en el condado de Miami-Dade"},"content":{"rendered":"<div class=\"bodytext\">\n<h2>Accidente de autob\u00fas en Miami Gardens<\/h1><\/h2>\n<div class=\"description\">\n<p>Miami Gardens es conocida por su clima c\u00e1lido y sus numerosos espacios verdes. Tanto los residentes como los visitantes disfrutan de esta ciudad del sur de Florida por sus restaurantes, tiendas y atracciones. Con tranquilas calles residenciales y mucho que ver y hacer, Miami Gardens es un gran lugar para visitar o vivir.  <\/p>\n<p>Como todas las ciudades de Florida, Miami Gardens tiene bastante tr\u00e1fico de autobuses. Durante la temporada tur\u00edstica, las excursiones en autob\u00fas llevan a los visitantes a las atracciones de la zona. Durante todo el a\u00f1o, los autobuses p\u00fablicos transportan a los residentes, mientras que los autobuses escolares llevan y traen a los ni\u00f1os del colegio. El tr\u00e1fico hace que Miami Gardens tenga su parte justa de accidentes de autob\u00fas para una ciudad de su tama\u00f1o.   <\/p>\n<p>Hay dos tipos principales de <a href=\"accidentes-autob\u00fas.html\">accidentes de autob\u00fas en Miami Gardens<\/a>. El primero es esencialmente un accidente de peat\u00f3n en Miami Gardens y se produce cuando un autob\u00fas golpea a un peat\u00f3n. A menudo, esto ocurre cuando un peat\u00f3n est\u00e1 cruzando la calle o entrando o saliendo de un autob\u00fas. El segundo tipo de accidente de autob\u00fas se produce cuando un autob\u00fas choca y los pasajeros resultan heridos en su interior.   <\/p>\n<p>Sea cual sea el tipo de accidente de autob\u00fas en Miami Gardens en el que te hayas visto implicado, si has sufrido lesiones es importante que busques atenci\u00f3n m\u00e9dica de inmediato. Los accidentes de autob\u00fas pueden causar a menudo lesiones devastadoras, como lesiones de tejidos blandos, lesiones de la m\u00e9dula espinal en Miami Gardens, fracturas \u00f3seas, lesiones craneales en Miami Gardens, abrasiones, quemaduras, lesiones internas e incluso lesiones mortales. <\/p>\n<p>En muchos casos, los autobuses son propiedad de grandes empresas o incluso de entidades gubernamentales. Esto puede resultar desalentador si quieres obtener una indemnizaci\u00f3n justa por tus lesiones. La empresa de autobuses tiene abogados que representan sus intereses y compa\u00f1\u00edas de seguros que velan por ellos. Pueden intentar defender cualquier negligencia por parte de las empresas de autobuses o pueden intentar llegar a un acuerdo sobre tu reclamaci\u00f3n por muy poco. Por estas razones, es importante que hables de tu caso con un abogado experto en lesiones personales de Miami Gardens antes de hablar con una compa\u00f1\u00eda de seguros o con representantes de la compa\u00f1\u00eda de autobuses. Un abogado de lesiones personales de Miami Gardens cualificado puede ayudarte a comprender tus opciones y cu\u00e1nto puede valer tu caso. Un buen abogado tambi\u00e9n puede representarte para que tengas a alguien que abogue por tus intereses.      <\/p>\n<p>El equipo jur\u00eddico del Grupo Legal Flaxman ha ayudado a miles de sobrevivientes de accidentes de tr\u00e1fico y v\u00edctimas de lesiones personales en Florida del Sur y Miami Gardens. Aplicaremos esa misma dedicaci\u00f3n y experiencia a su caso. Nuestro objetivo es garantizar que su futuro est\u00e9 protegido y que usted y su familia sean tratados con la compasi\u00f3n y el respeto que merecen.  <\/p>\n<p>Contacta hoy mismo con <a href=\"index.html\">el Grupo Legal Flaxman<\/a> para concertar una consulta gratuita y sin compromiso. Los tel\u00e9fonos est\u00e1n atendidos las 24 horas del d\u00eda, siete d\u00edas a la semana, para garantizar que siempre puedas localizar a alguien dispuesto a escucharte. El Grupo Legal Flaxman tambi\u00e9n trabaja en base a honorarios de contingencia, lo que significa que no tendr\u00e1s que pagar hasta que y a menos que el equipo legal recupere dinero en tu nombre. El Grupo Legal Flaxman tiene oficinas convenientemente ubicadas en Miami, Homestead, y Hollywood. Si usted no puede visitar nuestras oficinas para una consulta gratuita por accidente, nuestro personal puede visitar su hogar, lugar de trabajo, o cuarto de hospital para su consulta.    <\/p>\n<\/p><\/div>\n<\/p><\/div>\n","protected":false},"excerpt":{"rendered":"<p>Sin honorarios a menos que ganemos. Llama al 866-352-9626 para una &#8230; <\/p>\n","protected":false},"author":3,"featured_media":0,"parent":0,"menu_order":0,"comment_status":"closed","ping_status":"closed","template":"template-practice-areas.php","meta":{"footnotes":""},"class_list":["post-22348","page","type-page","status-publish","hentry"],"featured_image_src":null,"featured_image_src_square":null,"_links":{"self":[{"href":"https:\/\/flaxmanlaw.com\/es\/wp-json\/wp\/v2\/pages\/22348","targetHints":{"allow":["GET"]}}],"collection":[{"href":"https:\/\/flaxmanlaw.com\/es\/wp-json\/wp\/v2\/pages"}],"about":[{"href":"https:\/\/flaxmanlaw.com\/es\/wp-json\/wp\/v2\/types\/page"}],"author":[{"embeddable":true,"href":"https:\/\/flaxmanlaw.com\/es\/wp-json\/wp\/v2\/users\/3"}],"replies":[{"embeddable":true,"href":"https:\/\/flaxmanlaw.com\/es\/wp-json\/wp\/v2\/comments?post=22348"}],"version-history":[{"count":0,"href":"https:\/\/flaxmanlaw.com\/es\/wp-json\/wp\/v2\/pages\/22348\/revisions"}],"wp:attachment":[{"href":"https:\/\/flaxmanlaw.com\/es\/wp-json\/wp\/v2\/media?parent=22348"}],"curies":[{"name":"wp","href":"https:\/\/api.w.org\/{rel}","templated":true}]}}