{"id":22349,"date":"2024-11-18T12:44:36","date_gmt":"2024-11-18T12:44:36","guid":{"rendered":"https:\/\/flaxmanlaw.wpenginepowered.com\/lesiones-cerebrales-en-miami-gardens-abogados-de-accidentes-en-el-condado-de-miami-dade\/"},"modified":"2024-11-18T12:44:36","modified_gmt":"2024-11-18T12:44:36","slug":"lesiones-cerebrales-en-miami-gardens-abogados-de-accidentes-en-el-condado-de-miami-dade","status":"publish","type":"page","link":"https:\/\/flaxmanlaw.com\/es\/lesiones-cerebrales-en-miami-gardens-abogados-de-accidentes-en-el-condado-de-miami-dade\/","title":{"rendered":"Lesiones cerebrales en Miami Gardens | Abogados de accidentes en el condado de Miami-Dade"},"content":{"rendered":"<div class=\"bodytext\">\n<h2>Lesiones cerebrales en Miami Gardens<\/h1><\/h2>\n<div class=\"description\">\n<p>Los pacientes con lesiones cerebrales de Miami Gardens y Florida se enfrentan a menudo a graves dificultades en el camino hacia la recuperaci\u00f3n. En muchos casos, este tipo de lesiones requieren un tratamiento m\u00e9dico largo y dif\u00edcil. Para algunos pacientes, sus lesiones son permanentes y pueden provocar toda una vida de dificultades de concentraci\u00f3n, problemas de visi\u00f3n y otras cuestiones.  <\/p>\n<p>Para los pacientes de lesiones cerebrales puede ser especialmente estresante saber que sus lesiones eran evitables y estaban causadas por negligencia o imprudencia. Sin embargo, en estas situaciones, los pacientes pueden presentar una demanda legal para obtener una indemnizaci\u00f3n que les permita pagar la atenci\u00f3n m\u00e9dica, los salarios perdidos y otros da\u00f1os. Si has sufrido lesiones y te gustar\u00eda saber si tienes derecho a reclamar, al Grupo Legal Flaxman le gustar\u00eda ofrecerte asesoramiento legal gratuito en una evaluaci\u00f3n de tu caso sin coste y sin compromiso. S\u00f3lo tienes que ponerte en contacto con nuestro bufete de servicios integrales para concertar una cita.   <\/p>\n<p><strong class=\"heading4\">Vivir con una lesi\u00f3n cerebral grave<\/strong><\/p>\n<p>Una lesi\u00f3n cerebral puede cambiar pr\u00e1cticamente todos los \u00e1mbitos de tu vida:<\/p>\n<ul>\n<li>Puede dejarte incapacitado para realizar tareas cotidianas como la preparaci\u00f3n de alimentos o las tareas de cuidado personal<\/li>\n<li>Puede provocar amnesia o p\u00e9rdida de memoria<\/li>\n<li>Puede provocar cambios de humor, cambios de personalidad y, por lo tanto, problemas de pareja.<\/li>\n<li>Puede dejarte incapacitado para volver al trabajo<\/li>\n<li>Puede provocar problemas de visi\u00f3n o ceguera<\/li>\n<li>Puede provocar graves problemas de movilidad<\/li>\n<li>Puede dar lugar a facturas m\u00e9dicas catastr\u00f3ficas que supongan una presi\u00f3n financiera para ti y tu familia<\/li>\n<\/ul>\n<p>\u00bfC\u00f3mo afrontar\u00e1s todos estos retos si has sufrido una lesi\u00f3n cerebral? Si has sufrido una lesi\u00f3n grave, tu m\u00e9dico puede ayudarte a encontrar recursos locales que puedan ayudarte. Adem\u00e1s de proporcionarte tratamiento, tu m\u00e9dico puede sugerirte terapia, asesoramiento o grupos de apoyo mientras intentas encontrar la forma de afrontar los cambios que una lesi\u00f3n cerebral puede introducir en tu vida.  <\/p>\n<p>Otra opci\u00f3n es consultar a un abogado de lesiones personales en Miami Gardens o en tu comunidad, para poder reclamar una indemnizaci\u00f3n en tu situaci\u00f3n. Si tu lesi\u00f3n cerebral fue causada por imprudencia o negligencia, es posible que puedas solicitar una indemnizaci\u00f3n para pagar el dolor y el sufrimiento, las facturas m\u00e9dicas, los salarios perdidos y mucho m\u00e1s. Reclamar una indemnizaci\u00f3n justa no s\u00f3lo te permite buscar justicia, sino que tambi\u00e9n te garantiza una indemnizaci\u00f3n y unos recursos econ\u00f3micos que pueden ayudarte a pagar una asistencia de calidad y todos los servicios que necesitas para llevar una vida plena.  <\/p>\n<p>Aunque en algunos casos una lesi\u00f3n cerebral es permanente y no puede deshacerse, sigues teniendo opciones que pueden ayudarte a llevar una vida m\u00e1s plena y mejor despu\u00e9s de tu lesi\u00f3n. Seg\u00fan la ley de Florida, tienes derecho a presentar una demanda legal si tus lesiones fueron causadas por la mala acci\u00f3n o imprudencia de una empresa o de otra persona. Para averiguar m\u00e1s, contacta hoy mismo con un abogado experimentado <a href=\"index.html\">del Grupo Legal Flaxman<\/a>. Podemos ayudarte a averiguar si puedes buscar una compensaci\u00f3n justa a trav\u00e9s de una demanda legal, negociaciones con la aseguradora, u otro proceso. Tu consulta inicial con nosotros es gratuita y sin compromiso, as\u00ed que cont\u00e1ctanos hoy mismo para una evaluaci\u00f3n gratuita de tu caso.    <\/p>\n<\/p><\/div>\n<\/p><\/div>\n","protected":false},"excerpt":{"rendered":"<p>Sin honorarios a menos que ganemos. Llama al 866-352-9626 para una &#8230; <\/p>\n","protected":false},"author":3,"featured_media":0,"parent":0,"menu_order":0,"comment_status":"closed","ping_status":"closed","template":"template-practice-areas.php","meta":{"footnotes":""},"class_list":["post-22349","page","type-page","status-publish","hentry"],"featured_image_src":null,"featured_image_src_square":null,"_links":{"self":[{"href":"https:\/\/flaxmanlaw.com\/es\/wp-json\/wp\/v2\/pages\/22349","targetHints":{"allow":["GET"]}}],"collection":[{"href":"https:\/\/flaxmanlaw.com\/es\/wp-json\/wp\/v2\/pages"}],"about":[{"href":"https:\/\/flaxmanlaw.com\/es\/wp-json\/wp\/v2\/types\/page"}],"author":[{"embeddable":true,"href":"https:\/\/flaxmanlaw.com\/es\/wp-json\/wp\/v2\/users\/3"}],"replies":[{"embeddable":true,"href":"https:\/\/flaxmanlaw.com\/es\/wp-json\/wp\/v2\/comments?post=22349"}],"version-history":[{"count":0,"href":"https:\/\/flaxmanlaw.com\/es\/wp-json\/wp\/v2\/pages\/22349\/revisions"}],"wp:attachment":[{"href":"https:\/\/flaxmanlaw.com\/es\/wp-json\/wp\/v2\/media?parent=22349"}],"curies":[{"name":"wp","href":"https:\/\/api.w.org\/{rel}","templated":true}]}}