{"id":22351,"date":"2024-11-18T12:44:36","date_gmt":"2024-11-18T12:44:36","guid":{"rendered":"https:\/\/flaxmanlaw.wpenginepowered.com\/puntos-ciegos-de-miami-gardens-abogados-de-accidentes-de-camion-del-condado-de-miami-dade\/"},"modified":"2024-11-18T12:44:36","modified_gmt":"2024-11-18T12:44:36","slug":"puntos-ciegos-de-miami-gardens-abogados-de-accidentes-de-camion-del-condado-de-miami-dade","status":"publish","type":"page","link":"https:\/\/flaxmanlaw.com\/es\/puntos-ciegos-de-miami-gardens-abogados-de-accidentes-de-camion-del-condado-de-miami-dade\/","title":{"rendered":"Puntos Ciegos de Miami Gardens | Abogados de Accidentes de Cami\u00f3n del Condado de Miami-Dade"},"content":{"rendered":"<div class=\"bodytext\">\n<h2>Puntos ciegos de Miami Gardens<\/h1><\/h2>\n<div class=\"description\">\n<p>Por desgracia, los accidentes de coche por \u00e1ngulo muerto en Miami Gardens y otras comunidades suelen ser bastante graves. En muchos casos, este tipo de accidentes se producen cuando alguien pisa el acelerador para acelerar con el fin de cambiar de carril, girar o dar marcha atr\u00e1s. La combinaci\u00f3n de velocidad y proximidad en este tipo de accidente puede suponer que sufras lesiones graves. Si este es el caso, es importante que tengas en cuenta que tienes derechos. Para averiguar cu\u00e1les son tus opciones para conseguir una indemnizaci\u00f3n justa, siempre puedes <a href=\"contacta con nosotros.html\">contactar con<\/a> el Grupo Legal Flaxman para concertar una revisi\u00f3n gratuita y confidencial de tu caso.    <\/p>\n<p>Los abogados del Grupo Legal Flaxman han manejado miles de casos de accidentes automovil\u00edsticos y lesiones personales durante m\u00e1s de 60 a\u00f1os de experiencia combinada en litigios. Si deseas hablar sobre los detalles de tu caso y te gustar\u00eda recibir asesor\u00eda legal sobre tu situaci\u00f3n, contacta al Grupo Legal Flaxman en cualquier momento para programar una evaluaci\u00f3n gratuita de tu caso. <\/p>\n<p><strong class=\"heading4\">C\u00f3mo obtener indemnizaci\u00f3n por tus lesiones tras un accidente de coche o cami\u00f3n con \u00e1ngulo muerto en Miami Gardens<\/strong><\/p>\n<p>Si te has lesionado en un accidente de tr\u00e1fico o en un \u00e1ngulo muerto, tienes algunas opciones para obtener una indemnizaci\u00f3n por tus lesiones. Por ejemplo, si te lesionas en un coche de empresa y mientras realizas tu trabajo, puedes optar a una indemnizaci\u00f3n laboral o a otras prestaciones a trav\u00e9s de tu empresa. Si te lesionas en un accidente de tr\u00e1fico, tambi\u00e9n puedes solicitar prestaciones a la compa\u00f1\u00eda de seguros de tu coche.  <\/p>\n<p>Por desgracia, muchas personas que sufren lesiones en un accidente de tr\u00e1fico grave descubren que el seguro no paga tanto como hab\u00edan previsto. A las compa\u00f1\u00edas de seguros les interesa sobre todo resolver las reclamaciones de forma r\u00e1pida y poco costosa. Sobre todo si has sufrido lesiones graves y de larga duraci\u00f3n, es poco probable que el seguro cubra todos los costes de por vida de una lesi\u00f3n grave. Una lesi\u00f3n como un traumatismo craneal o una lesi\u00f3n grave de la m\u00e9dula espinal puede afectar a tus ingresos durante el resto de tu vida y puede requerir una costosa atenci\u00f3n m\u00e9dica durante muchos a\u00f1os. Es probable que el seguro pague algunos de tus gastos inmediatos, pero puede que no tenga en cuenta los cuidados a largo plazo, el aumento de los costes de los cuidados a lo largo del tiempo y los gastos imprevistos.    <\/p>\n<p><strong class=\"heading4\">C\u00f3mo te protegen las leyes de Florida<\/strong><\/p>\n<p>La ley de Florida te permite solicitar una indemnizaci\u00f3n en los casos en que la negligencia de alguien haya contribuido a tu accidente o causado tus lesiones. Si has sufrido lesiones en un accidente de coche o cami\u00f3n, es muy importante que consultes con un abogado especializado en lesiones personales para explorar esta opci\u00f3n, especialmente si has sufrido lesiones graves. Una reclamaci\u00f3n judicial puede ayudarte a conseguir una indemnizaci\u00f3n m\u00e1xima justa, de modo que se cubran la mayor parte de tus gastos m\u00e9dicos a largo plazo, la p\u00e9rdida de ingresos y los gastos accesorios.  <\/p>\n<p>El Grupo Legal Flaxman es una firma de servicios integrales con tres oficinas en Florida del Sur. Desde nuestras oficinas en Homestead, Hollywood y Miami, nuestros abogados sirven a toda el \u00e1rea del sur de Florida. Nuestro equipo de abogados trabaja con profesionales, incluyendo ingenieros, consultores m\u00e9dicos, expertos en reconstrucci\u00f3n de accidentes, investigadores privados, y otros, para construir casos s\u00f3lidos. Sin embargo, al mismo tiempo que perseguimos agresivamente los derechos de los demandantes, tambi\u00e9n creemos en tratar a cada demandante con cuidado y compasi\u00f3n. El nuestro es un bufete familiar, con un equipo de marido y mujer trabajando en las oficinas y esforz\u00e1ndose por proporcionar tranquilidad y dignidad a cada demandante. Si usted desea entrevistarse con uno de nuestros abogados en una consulta sin costo, contacte hoy mismo <a href=\"index.html\">al Grupo Legal Flaxman<\/a>.     <\/p>\n<\/p><\/div>\n<\/p><\/div>\n","protected":false},"excerpt":{"rendered":"<p>Sin honorarios a menos que ganemos. Llama al 866-352-9626 para una &#8230; <\/p>\n","protected":false},"author":3,"featured_media":0,"parent":0,"menu_order":0,"comment_status":"closed","ping_status":"closed","template":"template-practice-areas.php","meta":{"footnotes":""},"class_list":["post-22351","page","type-page","status-publish","hentry"],"featured_image_src":null,"featured_image_src_square":null,"_links":{"self":[{"href":"https:\/\/flaxmanlaw.com\/es\/wp-json\/wp\/v2\/pages\/22351","targetHints":{"allow":["GET"]}}],"collection":[{"href":"https:\/\/flaxmanlaw.com\/es\/wp-json\/wp\/v2\/pages"}],"about":[{"href":"https:\/\/flaxmanlaw.com\/es\/wp-json\/wp\/v2\/types\/page"}],"author":[{"embeddable":true,"href":"https:\/\/flaxmanlaw.com\/es\/wp-json\/wp\/v2\/users\/3"}],"replies":[{"embeddable":true,"href":"https:\/\/flaxmanlaw.com\/es\/wp-json\/wp\/v2\/comments?post=22351"}],"version-history":[{"count":0,"href":"https:\/\/flaxmanlaw.com\/es\/wp-json\/wp\/v2\/pages\/22351\/revisions"}],"wp:attachment":[{"href":"https:\/\/flaxmanlaw.com\/es\/wp-json\/wp\/v2\/media?parent=22351"}],"curies":[{"name":"wp","href":"https:\/\/api.w.org\/{rel}","templated":true}]}}