{"id":22352,"date":"2024-11-18T12:44:38","date_gmt":"2024-11-18T12:44:38","guid":{"rendered":"https:\/\/flaxmanlaw.wpenginepowered.com\/accidentes-en-cadena-en-miami-lakes-abogados-de-accidentes-de-coche-en-el-condado-de-miami-dade\/"},"modified":"2024-11-18T12:44:38","modified_gmt":"2024-11-18T12:44:38","slug":"accidentes-en-cadena-en-miami-lakes-abogados-de-accidentes-de-coche-en-el-condado-de-miami-dade","status":"publish","type":"page","link":"https:\/\/flaxmanlaw.com\/es\/accidentes-en-cadena-en-miami-lakes-abogados-de-accidentes-de-coche-en-el-condado-de-miami-dade\/","title":{"rendered":"Accidentes en cadena en Miami Lakes | Abogados de accidentes de coche en el condado de Miami-Dade"},"content":{"rendered":"<div class=\"bodytext\">\n<h2>Accidentes en cadena en Miami Lakes<\/h1><\/h2>\n<div class=\"description\">\n<p>Los accidentes en cadena son aterradores. Es aterrador estar en un accidente de coche en Miami Lakes con otro veh\u00edculo, pero estar rodeado de veh\u00edculos que han chocado entre s\u00ed y estar rodeado de muchos pasajeros enfadados y heridos es especialmente aterrador. <\/p>\n<p>Si usted ha sufrido este tipo de accidente automovil\u00edstico y necesita asesor\u00eda legal, contacte al Grupo Legal Flaxman en cualquier momento para programar una consulta gratuita sobre accidentes. Los abogados del Grupo Legal Flaxman han ayudado a muchos sobrevivientes de accidentes automovil\u00edsticos m\u00faltiples a obtener la compensaci\u00f3n y ayuda que necesitan. <\/p>\n<p><strong class=\"heading4\">Choques de coches en cadena en Miami Lakes provocan lesiones graves<\/strong><\/p>\n<p>Tus lesiones tras un accidente m\u00faltiple pueden ser m\u00e1s graves de lo que crees. Este tipo de accidentes suele provocar lesiones en los tejidos blandos, as\u00ed como lesiones en la cabeza. Tras el choque inicial, se producen colisiones m\u00faltiples m\u00e1s peque\u00f1as como parte de este tipo de accidente. Es posible que los pasajeros de esos coches no sufran lesiones mortales, pero s\u00ed lesiones en la cabeza y en los tejidos blandos.   <\/p>\n<p>El problema de este tipo de lesiones es que a menudo no presentan s\u00edntomas de inmediato. Una persona puede salir de un accidente de coche pensando que no se ha lesionado en absoluto, s\u00f3lo para desarrollar m\u00e1s tarde un dolor de cabeza o rigidez articular u otro dolor intenso. Y una lesi\u00f3n en la cabeza no tratada puede poner en peligro la vida y causar la muerte en pocas horas. Las lesiones de los tejidos blandos pueden dar lugar a toda una vida de dolor cr\u00f3nico. Por desgracia, para los pacientes que no reciben atenci\u00f3n m\u00e9dica de inmediato puede ser dif\u00edcil demostrar que un accidente ha causado una lesi\u00f3n concreta. Por eso, si puedes haber sufrido alg\u00fan tipo de lesi\u00f3n en un accidente, es importante que te hagas una valoraci\u00f3n m\u00e9dica completa, aunque creas que no te has lesionado.     <\/p>\n<p><strong class=\"heading4\">\u00bfNecesitas realmente un abogado de lesiones personales?<\/strong><\/p>\n<p>Aunque est\u00e9s cubierto por un seguro de coche y creas que tu compa\u00f1\u00eda de seguros te dar\u00e1 una cantidad justa por tus lesiones, es importante que te asesores jur\u00eddicamente antes de tomar ninguna decisi\u00f3n definitiva sobre tu caso. En muchos casos, las compa\u00f1\u00edas de seguros resuelven los casos de forma barata y r\u00e1pida. Puede que no tengan en cuenta los costes a largo plazo de tus lesiones, los salarios perdidos a largo plazo que puedes sufrir o las oportunidades de ingresos futuros que puedes perder debido a tus lesiones.  <\/p>\n<p>Otro problema es que muchas compa\u00f1\u00edas de seguros resuelven las cosas tan r\u00e1pidamente que es posible que no conozcas el alcance total de tus lesiones cuando recibas la oferta del seguro. Puede ser dif\u00edcil determinar si una oferta del seguro es justa si ni siquiera est\u00e1s seguro de cu\u00e1nto es probable que te cuesten tus lesiones. Un abogado especializado en lesiones personales puede revisar los puntos fuertes de tu caso, as\u00ed como el probable coste total al que tendr\u00e1s que hacer frente, y puede ofrecerte una evaluaci\u00f3n honesta de tus opciones para que puedas tomar una decisi\u00f3n informada para ti y tu familia.  <\/p>\n<p>Si desea saber qu\u00e9 se puede hacer en su caso, contacte hoy mismo al Grupo Legal Flaxman para una consulta gratuita sobre accidentes. Nuestras oficinas est\u00e1n ubicadas en Miami, Homestead y Hollywood y servimos a toda el \u00e1rea de Florida del Sur. Nuestras l\u00edneas telef\u00f3nicas al<strong> 866-352-9626<\/strong> tambi\u00e9n cuentan con personal las 24 horas del d\u00eda, los siete d\u00edas de la semana, para que siempre podamos hablar con usted cuando tenga preguntas o inquietudes.  <\/p>\n<\/p><\/div>\n<\/p><\/div>\n","protected":false},"excerpt":{"rendered":"<p>Sin honorarios a menos que ganemos. Llama al 866-352-9626 para una &#8230; <\/p>\n","protected":false},"author":3,"featured_media":0,"parent":0,"menu_order":0,"comment_status":"closed","ping_status":"closed","template":"template-practice-areas.php","meta":{"footnotes":""},"class_list":["post-22352","page","type-page","status-publish","hentry"],"featured_image_src":null,"featured_image_src_square":null,"_links":{"self":[{"href":"https:\/\/flaxmanlaw.com\/es\/wp-json\/wp\/v2\/pages\/22352","targetHints":{"allow":["GET"]}}],"collection":[{"href":"https:\/\/flaxmanlaw.com\/es\/wp-json\/wp\/v2\/pages"}],"about":[{"href":"https:\/\/flaxmanlaw.com\/es\/wp-json\/wp\/v2\/types\/page"}],"author":[{"embeddable":true,"href":"https:\/\/flaxmanlaw.com\/es\/wp-json\/wp\/v2\/users\/3"}],"replies":[{"embeddable":true,"href":"https:\/\/flaxmanlaw.com\/es\/wp-json\/wp\/v2\/comments?post=22352"}],"version-history":[{"count":0,"href":"https:\/\/flaxmanlaw.com\/es\/wp-json\/wp\/v2\/pages\/22352\/revisions"}],"wp:attachment":[{"href":"https:\/\/flaxmanlaw.com\/es\/wp-json\/wp\/v2\/media?parent=22352"}],"curies":[{"name":"wp","href":"https:\/\/api.w.org\/{rel}","templated":true}]}}