{"id":22353,"date":"2024-11-18T12:44:38","date_gmt":"2024-11-18T12:44:38","guid":{"rendered":"https:\/\/flaxmanlaw.wpenginepowered.com\/accidente-de-coche-en-miami-lakes-abogados-de-lesiones-de-auto-en-el-condado-de-miami-dade\/"},"modified":"2024-11-18T12:44:38","modified_gmt":"2024-11-18T12:44:38","slug":"accidente-de-coche-en-miami-lakes-abogados-de-lesiones-de-auto-en-el-condado-de-miami-dade","status":"publish","type":"page","link":"https:\/\/flaxmanlaw.com\/es\/accidente-de-coche-en-miami-lakes-abogados-de-lesiones-de-auto-en-el-condado-de-miami-dade\/","title":{"rendered":"Accidente de coche en Miami Lakes | Abogados de lesiones de auto en el condado de Miami-Dade"},"content":{"rendered":"<div class=\"bodytext\">\n<h2>Accidente de coche en Miami Lakes<\/h1><\/h2>\n<div class=\"description\">\n<p>Miami Lakes es una comunidad suburbana de Florida que presume de tener casas preciosas, vistas maravillosas, un clima suave y unos \u00edndices de delincuencia muy bajos. Hay varios hoteles maravillosos y restaurantes de cuatro estrellas en la zona, y kil\u00f3metros de calles bordeadas de palmeras que admirar. Los residentes disfrutan de Miami Lakes por su bajo \u00edndice de criminalidad y por su belleza natural, as\u00ed como por su proximidad al mar. En 2010, Miami Lakes fue finalista del premio All-American City. Aunque Miami Lakes, Florida, puede ser un lugar maravilloso para vivir, los residentes de esta comunidad siguen vi\u00e9ndose afectados por los \u00edndices de accidentes de tr\u00e1fico de Florida.    <\/p>\n<p>Decidir qu\u00e9 hacer tras un accidente de coche en Miami Lakes puede ser dif\u00edcil. Adem\u00e1s del trastorno emocional que puede causar un accidente de coche en Miami Lakes, los accidentes de coche suelen causar graves problemas econ\u00f3micos, as\u00ed como confusi\u00f3n. Puede haber m\u00faltiples cuestiones de responsabilidad relacionadas con tu accidente, pueden acusarte de ser parcialmente responsable del accidente, y puede que tengas que hacer frente tambi\u00e9n a considerables p\u00e9rdidas de ingresos, facturas m\u00e9dicas y facturas de reparaci\u00f3n del coche. Adem\u00e1s, tu compa\u00f1\u00eda de seguros puede ofrecerte una oferta baja si est\u00e1s dispuesto a aceptar el dinero inmediatamente. Aunque puede ser tentador conseguir dinero inmediatamente, es importante tener en cuenta que si aceptas una oferta inferior a lo que es justo por tu accidente, los gastos adicionales saldr\u00e1n de tu propio bolsillo. Llamar a un abogado calificado en accidentes automovil\u00edsticos en Miami Lakes es tu mejor defensa contra tener que pagar decenas de miles de d\u00f3lares extra por tu accidente automovil\u00edstico. Contacte al Grupo Legal Flaxman para obtener asesor\u00eda y apoyo inmediatos que pueden hacer la diferencia en su caso.      <\/p>\n<p>Un abogado cualificado en <a href=\"accidentes-coche.html\">accidentes de coche<\/a> en Miami Lakes puede ofrecerte asesoramiento inmediato, y puede asegurarse de que obtengas la ayuda econ\u00f3mica y m\u00e9dica que necesitas. Tambi\u00e9n puede ayudarte a conseguir transporte si tu coche sufre da\u00f1os, y puede guiarte a trav\u00e9s del complejo proceso legal de presentar una reclamaci\u00f3n al seguro. Un buen abogado de lesiones personales de Miami Lakes tambi\u00e9n puede negociar con tu aseguradora para asegurarse de que obtienes la mejor cantidad posible por la reclamaci\u00f3n y puede investigar tu accidente para asegurarse de que entiendes exactamente lo que ocurri\u00f3 durante el accidente. Tu abogado tambi\u00e9n puede ayudarte a comprender tus derechos y opciones para que puedas tomar una decisi\u00f3n informada. El equipo legal del Grupo Legal Flaxman puede ir a\u00fan m\u00e1s lejos, ayud\u00e1ndole a eliminar las conjeturas sobre los asuntos de responsabilidad que afectan a tantos accidentes automovil\u00edsticos en Miami Lakes.    <\/p>\n<p>Si usted necesita un abogado experimentado y calificado en accidentes automovil\u00edsticos en Miami Lakes, <a href=\"contacta con nosotros.html\">contacte<\/a> al amigable equipo del Grupo Legal Flaxman. El Grupo Legal Flaxman ha estado ayudando a v\u00edctimas de accidentes automovil\u00edsticos en Miami Lakes a obtener la recuperaci\u00f3n que merecen por sus lesiones. Con el Grupo Legal Flaxman, usted no tiene que enfrentar solo la devastaci\u00f3n y preocupaci\u00f3n de su accidente automovil\u00edstico en Miami Lakes. En cambio, usted puede trabajar con un abogado experimentado en cada paso del camino para asegurarse de obtener la ayuda m\u00e9dica y el reemplazo de ingresos que necesita para comenzar a sanar. Llame hoy mismo al Grupo Legal Flaxman para programar una consulta inicial gratuita y hablar sobre su caso de accidente automovil\u00edstico en Miami Lakes.    <\/p>\n<p>Miami Lakes est\u00e1 a s\u00f3lo 15 minutos de las oficinas del Grupo Legal Flaxman en Miami. S\u00f3lo tienes que seguir Miami Lakes Dr., FL-826 S., y FL-836 E, FL-959 S\/NW 57th Ave\/N Red Rd. hasta Blue Lagoon Dr., donde se encuentra el Grupo Legal Flaxman, en el 6303 Blue Lagoon Dr., Suite 400. El Grupo Legal Flaxman tambi\u00e9n tiene oficinas ubicadas en Hollywood (en 5715 Johnson St.) y en Homestead (en 123 North Krome Avenue #101). El equipo jur\u00eddico del Grupo Legal Flaxman tambi\u00e9n puede ser f\u00e1cilmente localizado por tel\u00e9fono, 24 horas al d\u00eda, siete d\u00edas a la semana. Si has sufrido un accidente automovil\u00edstico en Miami Lakes, el Grupo Legal Flaxman est\u00e1 ah\u00ed cuando nos necesites.<\/p>\n<\/p><\/div>\n<\/p><\/div>\n","protected":false},"excerpt":{"rendered":"<p>Sin honorarios a menos que ganemos. Llama al 866-352-9626 para una &#8230; <\/p>\n","protected":false},"author":3,"featured_media":0,"parent":0,"menu_order":0,"comment_status":"closed","ping_status":"closed","template":"template-practice-areas.php","meta":{"footnotes":""},"class_list":["post-22353","page","type-page","status-publish","hentry"],"featured_image_src":null,"featured_image_src_square":null,"_links":{"self":[{"href":"https:\/\/flaxmanlaw.com\/es\/wp-json\/wp\/v2\/pages\/22353","targetHints":{"allow":["GET"]}}],"collection":[{"href":"https:\/\/flaxmanlaw.com\/es\/wp-json\/wp\/v2\/pages"}],"about":[{"href":"https:\/\/flaxmanlaw.com\/es\/wp-json\/wp\/v2\/types\/page"}],"author":[{"embeddable":true,"href":"https:\/\/flaxmanlaw.com\/es\/wp-json\/wp\/v2\/users\/3"}],"replies":[{"embeddable":true,"href":"https:\/\/flaxmanlaw.com\/es\/wp-json\/wp\/v2\/comments?post=22353"}],"version-history":[{"count":0,"href":"https:\/\/flaxmanlaw.com\/es\/wp-json\/wp\/v2\/pages\/22353\/revisions"}],"wp:attachment":[{"href":"https:\/\/flaxmanlaw.com\/es\/wp-json\/wp\/v2\/media?parent=22353"}],"curies":[{"name":"wp","href":"https:\/\/api.w.org\/{rel}","templated":true}]}}