{"id":22354,"date":"2024-11-18T12:44:38","date_gmt":"2024-11-18T12:44:38","guid":{"rendered":"https:\/\/flaxmanlaw.wpenginepowered.com\/lesiones-de-nacimiento-en-miami-lakes-abogados-de-negligencia-medica-en-el-condado-de-miami-dade\/"},"modified":"2024-11-18T12:44:38","modified_gmt":"2024-11-18T12:44:38","slug":"lesiones-de-nacimiento-en-miami-lakes-abogados-de-negligencia-medica-en-el-condado-de-miami-dade","status":"publish","type":"page","link":"https:\/\/flaxmanlaw.com\/es\/lesiones-de-nacimiento-en-miami-lakes-abogados-de-negligencia-medica-en-el-condado-de-miami-dade\/","title":{"rendered":"Lesiones de Nacimiento en Miami Lakes | Abogados de Negligencia M\u00e9dica en el Condado de Miami-Dade"},"content":{"rendered":"<div class=\"bodytext\">\n<h2>Lesiones de Nacimiento en Miami Lakes<\/h1><\/h2>\n<div class=\"description\">\n<p>Una lesi\u00f3n en el parto en Miami Lakes o Florida puede hacer que uno de los d\u00edas m\u00e1s alegres de tu vida se convierta en una tragedia. Los ni\u00f1os que sufren una lesi\u00f3n grave, como una lesi\u00f3n cerebral por falta de ox\u00edgeno al nacer, pueden sufrir lesiones graves de por vida. Incluso las fracturas y otras lesiones pueden tardar meses o a\u00f1os en curarse, ya que los beb\u00e9s son extremadamente vulnerables.  <\/p>\n<p>\u00bfQu\u00e9 puedes hacer si crees que el personal m\u00e9dico no proporcion\u00f3 el alto nivel de atenci\u00f3n que tu hijo merec\u00eda? Siempre puedes contactar al Grupo Legal Flaxman para programar una revisi\u00f3n gratuita de tu caso. La firma ha manejado miles de casos de lesiones personales y de lesiones infantiles en Miami Lakes y en todo Florida del Sur.  <\/p>\n<p><strong class=\"heading4\">\u00bfQu\u00e9 puede hacer un abogado de lesiones personales y un caso de lesiones infantiles?<\/strong><\/p>\n<p>Cuando hables con un abogado de lesiones personales en Miami Lakes o en Florida, te ayudar\u00e1 a comprender tu situaci\u00f3n desde una perspectiva legal. Esto significa que revisar\u00e1 los costes probables de las lesiones de tu hijo, responder\u00e1 a cualquier pregunta que puedas tener, puede ayudarte a comprender la solidez de tu caso y puede ayudarte a entender las opciones que tienes para obtener una indemnizaci\u00f3n. <\/p>\n<p>Si decides interponer una demanda judicial, un abogado de lesiones personales puede hacer muchas cosas para ayudar a tu hijo a obtener una indemnizaci\u00f3n justa por sus lesiones:<\/p>\n<ul>\n<li>Historiales m\u00e9dicos seguros<\/li>\n<li>Haz que investigadores privados o expertos m\u00e9dicos revisen el historial m\u00e9dico<\/li>\n<li>Resumir la historia cl\u00ednica y revisar la literatura m\u00e9dica<\/li>\n<li>Construir un caso s\u00f3lido para garantizar que el hospital y otras partes responsables rindan cuentas<\/li>\n<li>Acudir a los tribunales, si procede, para reclamar una indemnizaci\u00f3n<\/li>\n<li>Construir un caso s\u00f3lido trabajando con testigos expertos y otros profesionales<\/li>\n<li>El proceso por da\u00f1os personales<\/li>\n<\/ul>\n<p>El proceso puede durar meses o a\u00f1os, pero puede ayudar a garantizar que dispongas de recursos econ\u00f3micos para cuidar de tu hijo. Reclamar judicialmente a los responsables de las lesiones de tu hijo tambi\u00e9n puede ayudar a garantizar que se adopten importantes medidas de seguridad para evitar que otras familias se vean afectadas por la misma tragedia. <\/p>\n<p>Es importante tener en cuenta que puede haber limitaciones de tiempo en un caso de lesiones en el parto. Si usted cree que puede tener un caso, contacte hoy mismo a los abogados del <a href=\"contacta con nosotros.html\">Grupo Legal Flaxman<\/a>. El Grupo Legal Flaxman cuenta con m\u00e1s de 60 a\u00f1os de experiencia combinada trabajando con miles de v\u00edctimas de lesiones en el parto y lesiones personales en todo Florida del Sur. Los abogados de la firma ya han recuperado m\u00e1s de $100 millones de d\u00f3lares a favor de demandantes y usted puede poner la misma experiencia legal a trabajar para usted y su familia.   <\/p>\n<p>Tu consulta inicial es gratuita y sin compromiso, as\u00ed que no hay riesgo para ti por obtener una pronta y honesta evaluaci\u00f3n legal de tu situaci\u00f3n. Si decides trabajar con el Grupo Legal Flaxman, ten en mente que el personal jur\u00eddico est\u00e1 dispuesto a trabajar en base a honorarios de contingencia, lo que significa que no tendr\u00e1s que pagar costos legales hasta que y a menos que el Grupo Legal Flaxman recupere una compensaci\u00f3n en tu nombre. <\/p>\n<\/p><\/div>\n<\/p><\/div>\n","protected":false},"excerpt":{"rendered":"<p>Sin honorarios a menos que ganemos. Llama al 866-352-9626 para una &#8230; <\/p>\n","protected":false},"author":3,"featured_media":0,"parent":0,"menu_order":0,"comment_status":"closed","ping_status":"closed","template":"template-practice-areas.php","meta":{"footnotes":""},"class_list":["post-22354","page","type-page","status-publish","hentry"],"featured_image_src":null,"featured_image_src_square":null,"_links":{"self":[{"href":"https:\/\/flaxmanlaw.com\/es\/wp-json\/wp\/v2\/pages\/22354","targetHints":{"allow":["GET"]}}],"collection":[{"href":"https:\/\/flaxmanlaw.com\/es\/wp-json\/wp\/v2\/pages"}],"about":[{"href":"https:\/\/flaxmanlaw.com\/es\/wp-json\/wp\/v2\/types\/page"}],"author":[{"embeddable":true,"href":"https:\/\/flaxmanlaw.com\/es\/wp-json\/wp\/v2\/users\/3"}],"replies":[{"embeddable":true,"href":"https:\/\/flaxmanlaw.com\/es\/wp-json\/wp\/v2\/comments?post=22354"}],"version-history":[{"count":0,"href":"https:\/\/flaxmanlaw.com\/es\/wp-json\/wp\/v2\/pages\/22354\/revisions"}],"wp:attachment":[{"href":"https:\/\/flaxmanlaw.com\/es\/wp-json\/wp\/v2\/media?parent=22354"}],"curies":[{"name":"wp","href":"https:\/\/api.w.org\/{rel}","templated":true}]}}