{"id":22355,"date":"2024-11-18T12:44:38","date_gmt":"2024-11-18T12:44:38","guid":{"rendered":"https:\/\/flaxmanlaw.wpenginepowered.com\/accidente-de-autobus-en-miami-lakes-abogados-de-lesiones-personales-en-el-condado-de-miami-dade\/"},"modified":"2024-11-18T12:44:38","modified_gmt":"2024-11-18T12:44:38","slug":"accidente-de-autobus-en-miami-lakes-abogados-de-lesiones-personales-en-el-condado-de-miami-dade","status":"publish","type":"page","link":"https:\/\/flaxmanlaw.com\/es\/accidente-de-autobus-en-miami-lakes-abogados-de-lesiones-personales-en-el-condado-de-miami-dade\/","title":{"rendered":"Accidente de autob\u00fas en Miami Lakes | Abogados de lesiones personales en el condado de Miami-Dade"},"content":{"rendered":"<div class=\"bodytext\">\n<h2>Accidente de autob\u00fas en Miami Lakes<\/h1><\/h2>\n<div class=\"description\">\n<p>Miami Lakes es famosa por ser una hermosa comunidad planificada con \u00edndices de delincuencia muy bajos. Situada en el condado de Miami-Dade, en el sur de Florida, Miami Lakes se fund\u00f3 en la d\u00e9cada de 1930 y hoy sigue ostentando los lagos, zonas verdes y ordenadas calles residenciales que imagin\u00f3 su fundador Ernest \u00abCap\u00bb Graham. Es un lugar popular para vivir y visitar en el sur de Florida.  <\/p>\n<p>Como todas las ciudades de Florida, Miami Lakes tiene su parte justa de tr\u00e1fico de autobuses y, como resultado, de accidentes de autob\u00fas. Aunque son menos frecuentes que los accidentes de coche en Miami Lakes, las colisiones de autobuses son devastadoras. Por desgracia, conseguir una indemnizaci\u00f3n justa por este tipo de accidente de tr\u00e1fico en Miami Lakes tambi\u00e9n puede ser complejo. En un accidente de coche en Miami Lakes, el seguro de Protecci\u00f3n contra Lesiones Personales (PIP) puede ayudar a cubrir los costes de las lesiones. Los autobuses de Florida, sin embargo, no necesitan llevar PIP, por lo que no estar\u00e1s cubierto por este tipo de seguro tras la mayor\u00eda de los accidentes de autob\u00fas. La ley de Florida s\u00ed te permite reclamar en este tipo de accidentes si hay una parte responsable.     <\/p>\n<p>Si tienes una reclamaci\u00f3n, puedes pedir una indemnizaci\u00f3n por p\u00e9rdida de ingresos, gastos m\u00e9dicos, da\u00f1os materiales y otros gastos relacionados con tu lesi\u00f3n. En muchos casos, es importante buscar una indemnizaci\u00f3n si tienes una reclamaci\u00f3n. Esto se debe a que los accidentes de tr\u00e1fico en Miami Lakes en los que se ven implicados autobuses suelen causar lesiones devastadoras, como traumatismos craneales en Miami Lakes, amputaciones, lesiones medulares, etc. Este tipo de lesiones pueden hacerte perder el trabajo y generar facturas m\u00e9dicas considerables. Pedir una indemnizaci\u00f3n puede ayudarte a no tener que pagar todos estos gastos de tu bolsillo.    <\/p>\n<p>Si has resultado herido en un <a href=\"accidentes-autob\u00fas.html\">accidente de autob\u00fas en Miami Lakes<\/a>, es importante que consultes a un abogado de lesiones personales en Miami Lakes lo antes posible. Un buen abogado puede investigar el accidente, ayudarte a comprender tus opciones y puede llevar tu caso para que tengas una buena oportunidad de obtener una indemnizaci\u00f3n justa. Un buen abogado de accidentes de tr\u00e1fico en Miami Lakes tambi\u00e9n puede ayudarte a evaluar las ofertas de las compa\u00f1\u00edas de seguros, puede conseguir pruebas, puede ayudarte a comprender tus derechos y puede estar a tu lado mientras buscas justicia.  <\/p>\n<p>Si usted ha resultado lesionado en un accidente de autob\u00fas en Miami Lakes, contacte al Grupo Legal Flaxman para recibir una consulta gratuita y sin compromiso. El equipo jur\u00eddico del Grupo Legal Flaxman cuenta con d\u00e9cadas de experiencia ayudando a miles de v\u00edctimas de lesiones personales y accidentes de tr\u00e1fico en Florida del Sur. El equipo legal ha recuperado m\u00e1s de 25 millones de d\u00f3lares en acuerdos y victorias judiciales a favor de sus clientes. Como firma de servicios integrales, el Grupo Legal Flaxman cuenta con los recursos para construir casos s\u00f3lidos. El equipo jur\u00eddico trabaja rutinariamente con los principales investigadores privados, testigos expertos, expertos en reconstrucci\u00f3n de accidentes, y otros profesionales que pueden ayudar a construir un caso s\u00f3lido en su nombre.    <\/p>\n<p>Charles Flaxman, del Grupo Legal Flaxman, cuenta con d\u00e9cadas de experiencia ayudando a v\u00edctimas de lesiones personales en Florida del Sur. Despu\u00e9s de trabajar durante una d\u00e9cada en la industria de los seguros, Charles Flaxman decidi\u00f3 ayudar a las personas que resultaron lesionadas en accidentes y por negligencia. Como resultado, tiene una perspectiva \u00fanica, entendiendo la ley desde ambos lados de la sala del tribunal. Para ponerte en contacto con Charles Flaxman y su equipo legal del Grupo Legal <a href=\"index.html\">Flaxman<\/a>, utiliza el formulario en l\u00ednea disponible a trav\u00e9s del Grupo Legal Flaxman o llama al 866-352-9626 en cualquier momento.   <\/p>\n<\/p><\/div>\n<\/p><\/div>\n","protected":false},"excerpt":{"rendered":"<p>Sin honorarios a menos que ganemos. Llama al 866-352-9626 para una &#8230; <\/p>\n","protected":false},"author":3,"featured_media":0,"parent":0,"menu_order":0,"comment_status":"closed","ping_status":"closed","template":"template-practice-areas.php","meta":{"footnotes":""},"class_list":["post-22355","page","type-page","status-publish","hentry"],"featured_image_src":null,"featured_image_src_square":null,"_links":{"self":[{"href":"https:\/\/flaxmanlaw.com\/es\/wp-json\/wp\/v2\/pages\/22355","targetHints":{"allow":["GET"]}}],"collection":[{"href":"https:\/\/flaxmanlaw.com\/es\/wp-json\/wp\/v2\/pages"}],"about":[{"href":"https:\/\/flaxmanlaw.com\/es\/wp-json\/wp\/v2\/types\/page"}],"author":[{"embeddable":true,"href":"https:\/\/flaxmanlaw.com\/es\/wp-json\/wp\/v2\/users\/3"}],"replies":[{"embeddable":true,"href":"https:\/\/flaxmanlaw.com\/es\/wp-json\/wp\/v2\/comments?post=22355"}],"version-history":[{"count":0,"href":"https:\/\/flaxmanlaw.com\/es\/wp-json\/wp\/v2\/pages\/22355\/revisions"}],"wp:attachment":[{"href":"https:\/\/flaxmanlaw.com\/es\/wp-json\/wp\/v2\/media?parent=22355"}],"curies":[{"name":"wp","href":"https:\/\/api.w.org\/{rel}","templated":true}]}}