{"id":22359,"date":"2024-11-18T12:44:38","date_gmt":"2024-11-18T12:44:38","guid":{"rendered":"https:\/\/flaxmanlaw.wpenginepowered.com\/reventon-de-neumaticos-en-miami-lakes-abogados-de-accidentes-de-camion-en-el-condado-de-miami-dade\/"},"modified":"2024-11-18T12:44:38","modified_gmt":"2024-11-18T12:44:38","slug":"reventon-de-neumaticos-en-miami-lakes-abogados-de-accidentes-de-camion-en-el-condado-de-miami-dade","status":"publish","type":"page","link":"https:\/\/flaxmanlaw.com\/es\/reventon-de-neumaticos-en-miami-lakes-abogados-de-accidentes-de-camion-en-el-condado-de-miami-dade\/","title":{"rendered":"Revent\u00f3n de neum\u00e1ticos en Miami Lakes | Abogados de accidentes de cami\u00f3n en el condado de Miami-Dade"},"content":{"rendered":"<div class=\"bodytext\">\n<h2>Neum\u00e1ticos Calvos Miami Lakes \/ Revent\u00f3n de Neum\u00e1tico<\/h1><\/h2>\n<div class=\"description\">\n<p>Dos problemas habituales de los neum\u00e1ticos que provocan accidentes de camiones y cabezas tractoras en Miami Lakes y Florida son los reventones y las calvas. Ambos problemas pueden evitarse con el debido cuidado. Las calvas se producen cuando las bandas de rodadura del neum\u00e1tico se desgastan, a menudo debido a un mantenimiento inadecuado y a la falta de una inspecci\u00f3n adecuada. Cuando los neum\u00e1ticos se desgastan, el camionero puede perder el control del veh\u00edculo, sobre todo si est\u00e1 mojado. Los neum\u00e1ticos gastados tambi\u00e9n pueden provocar reventones, en los que un neum\u00e1tico estalla bajo presi\u00f3n o se desinfla muy r\u00e1pidamente. Ambas situaciones pueden provocar graves colisiones de tr\u00e1fico que pueden dar lugar a una reclamaci\u00f3n judicial si has resultado herido.     <\/p>\n<p>Ya sea que usted quiera saber si puede buscar un arreglo o si tiene un caso v\u00e1lido de acci\u00f3n despu\u00e9s de un choque, los abogados del Grupo Legal Flaxman pueden ayudarle con una consulta gratuita sobre accidentes. En una evaluaci\u00f3n del caso de su demanda, nuestro equipo jur\u00eddico puede evaluar sus opciones y puede ayudarle a comprender qu\u00e9 derechos tiene usted bajo la ley de Florida. Si usted decide trabajar con el Grupo Legal Flaxman, podemos manejar cada detalle del caso, desde la consulta inicial hasta asegurar un arreglo o dinero del seguro en su nombre y ayudar a negociar con las aseguradoras o construir un caso s\u00f3lido para usted. Contacta con nosotros hoy mismo para saber m\u00e1s.   <\/p>\n<p><strong class=\"heading4\">Los costes de sufrir un accidente de cami\u00f3n en Miami Lakes o en tu comunidad<\/strong><\/p>\n<p>Sufrir un accidente de tr\u00e1fico grave puede ser muy costoso. Puede que tengas que pagar estancias en el hospital, gastos quir\u00fargicos y mucho m\u00e1s. Adem\u00e1s, puedes perder tiempo de trabajo. A largo plazo, puedes tener gastos m\u00e9dicos recurrentes o necesitar cuidados a domicilio, fisioterapia y otros servicios.   <\/p>\n<p>Si has sufrido lesiones graves, es posible que nunca puedas volver al trabajo y que necesites cuidados a domicilio o los servicios de un centro de vida asistida. Adem\u00e1s, puede que tu coche o veh\u00edculo haya quedado destrozado y tengas que sustituirlo o repararlo. <\/p>\n<p>Adem\u00e1s de todo esto, hay muchos gastos accesorios asociados a las lesiones graves relacionadas con el tr\u00e1fico. Por ejemplo, puede que tengas que instalar una rampa en tu casa o comprar un coche accesible en silla de ruedas si has sufrido lesiones graves y permanentes. Puede que tengas que pagar un coche de alquiler mientras reparan tu coche o que tengas que pagar taxis para visitar a especialistas. Estos gastos aparentemente peque\u00f1os pueden variar y sumarse r\u00e1pidamente.   <\/p>\n<p><strong class=\"heading4\">Buscar una indemnizaci\u00f3n tras una colisi\u00f3n de tr\u00e1fico<\/strong><\/p>\n<p>Pedir una indemnizaci\u00f3n no s\u00f3lo es tu derecho, sino que puede ayudarte a protegerte econ\u00f3micamente, garantizando que no tengas que pagar t\u00fa mismo todos esos gastos. No querr\u00e1s tener que liquidar bienes, rechazar tratamientos m\u00e9dicos o tomar otras decisiones dif\u00edciles debido a la presi\u00f3n financiera. Pedir una indemnizaci\u00f3n ahora puede ayudarte a proteger tu calificaci\u00f3n crediticia y tus bienes mientras te curas de tu lesi\u00f3n.  <\/p>\n<p>Si resultas perjudicado en una colisi\u00f3n, puedes tener derecho a recibir una indemnizaci\u00f3n por da\u00f1os y perjuicios por dolor y sufrimiento, gastos m\u00e9dicos, p\u00e9rdida de salario, p\u00e9rdida de consorcio, da\u00f1os materiales y mucho m\u00e1s. \u00bfTe gustar\u00eda saber si tienes derecho a una indemnizaci\u00f3n? Contacta con <a href=\"contacta con nosotros.html\">el Grupo Legal Flaxman<\/a> para concertar una revisi\u00f3n gratuita y sin compromiso de tu caso. Los abogados de nuestra firma de servicios integrales pueden escucharte y ayudarte a explorar tus opciones legales.   <\/p>\n<\/p><\/div>\n<\/p><\/div>\n","protected":false},"excerpt":{"rendered":"<p>Sin honorarios a menos que ganemos. Llama al 866-352-9626 para una &#8230; <\/p>\n","protected":false},"author":3,"featured_media":0,"parent":0,"menu_order":0,"comment_status":"closed","ping_status":"closed","template":"template-practice-areas.php","meta":{"footnotes":""},"class_list":["post-22359","page","type-page","status-publish","hentry"],"featured_image_src":null,"featured_image_src_square":null,"_links":{"self":[{"href":"https:\/\/flaxmanlaw.com\/es\/wp-json\/wp\/v2\/pages\/22359","targetHints":{"allow":["GET"]}}],"collection":[{"href":"https:\/\/flaxmanlaw.com\/es\/wp-json\/wp\/v2\/pages"}],"about":[{"href":"https:\/\/flaxmanlaw.com\/es\/wp-json\/wp\/v2\/types\/page"}],"author":[{"embeddable":true,"href":"https:\/\/flaxmanlaw.com\/es\/wp-json\/wp\/v2\/users\/3"}],"replies":[{"embeddable":true,"href":"https:\/\/flaxmanlaw.com\/es\/wp-json\/wp\/v2\/comments?post=22359"}],"version-history":[{"count":0,"href":"https:\/\/flaxmanlaw.com\/es\/wp-json\/wp\/v2\/pages\/22359\/revisions"}],"wp:attachment":[{"href":"https:\/\/flaxmanlaw.com\/es\/wp-json\/wp\/v2\/media?parent=22359"}],"curies":[{"name":"wp","href":"https:\/\/api.w.org\/{rel}","templated":true}]}}