{"id":22362,"date":"2024-11-18T12:44:38","date_gmt":"2024-11-18T12:44:38","guid":{"rendered":"https:\/\/flaxmanlaw.wpenginepowered.com\/puntos-ciegos-de-miami-lakes-abogados-de-accidentes-de-camion-del-condado-de-miami-dade\/"},"modified":"2024-11-18T12:44:38","modified_gmt":"2024-11-18T12:44:38","slug":"puntos-ciegos-de-miami-lakes-abogados-de-accidentes-de-camion-del-condado-de-miami-dade","status":"publish","type":"page","link":"https:\/\/flaxmanlaw.com\/es\/puntos-ciegos-de-miami-lakes-abogados-de-accidentes-de-camion-del-condado-de-miami-dade\/","title":{"rendered":"Puntos ciegos de Miami Lakes | Abogados de accidentes de cami\u00f3n del condado de Miami-Dade"},"content":{"rendered":"<div class=\"bodytext\">\n<h2>Puntos ciegos de Miami Lakes<\/h1><\/h2>\n<div class=\"description\">\n<p>Si te has lesionado porque un automovilista no tuvo la precauci\u00f3n debida al comprobar sus \u00e1ngulos muertos, puedes tener una reclamaci\u00f3n legal. Los accidentes de coche y cami\u00f3n en puntos ciegos en Miami Lakes y en toda Florida son evitables y a menudo est\u00e1n causados por negligencia. Si te has lesionado por causas ajenas a tu voluntad, no deber\u00edas tener que pagar por la imprudencia de otro conductor.  <\/p>\n<p>Para saber cu\u00e1nto puede valer tu caso y conocer la solidez del mismo, siempre puedes <a href=\"contacta con nosotros.html\">contactar<\/a> al Grupo Legal Flaxman para hablar sobre tu situaci\u00f3n con un abogado de lesiones personales compasivo y profesional. Tu consulta inicial es absolutamente gratuita y sin compromiso. <\/p>\n<p><strong class=\"heading4\">C\u00f3mo evitar colisiones por \u00e1ngulo muerto en Miami Lakes y Florida<\/strong><\/p>\n<p>Hay muchas formas en que los conductores pueden evitar las colisiones en el \u00e1ngulo muerto, entre ellas:<\/p>\n<ul>\n<li>Ajustar y utilizar los espejos seg\u00fan sea necesario<\/li>\n<li>Dejar suficiente distancia entre ellos y los veh\u00edculos que les rodean<\/li>\n<li>No permanecer en el \u00e1ngulo muerto de un veh\u00edculo m\u00e1s grande &#8211; como un tractor-remolque<\/li>\n<li>Establecer contacto visual con los conductores que les rodean para asegurarse de que los conductores les ven<\/li>\n<li>Comprobar los \u00e1ngulos muertos al incorporarse, cambiar de carril o hacer cualquier otra cosa que pueda crear riesgo de colisi\u00f3n en el \u00e1ngulo muerto<\/li>\n<\/ul>\n<p>Desgraciadamente, aunque seas muy concienzudo a la hora de comprobar los \u00e1ngulos muertos, no todos los conductores lo son. Si te ves implicado en un accidente con un peat\u00f3n o en otro accidente de tr\u00e1fico porque alguien no ha comprobado sus \u00e1ngulos muertos o ha conducido de forma negligente, puedes presentar una demanda. <\/p>\n<p><strong class=\"heading4\">Busca ayuda legal tras un accidente de tr\u00e1fico grave<\/strong><\/p>\n<p>Si t\u00fa o un ser querido hab\u00e9is resultado gravemente heridos en una colisi\u00f3n de tr\u00e1fico en un punto ciego, es importante que busques orientaci\u00f3n legal de un abogado con experiencia en lesiones personales en Miami Lakes o en tu comunidad. Tus lesiones pueden costarte mucho m\u00e1s de lo que crees y el dinero del seguro puede ser menor de lo que esperas. <\/p>\n<p>Seg\u00fan la legislaci\u00f3n de Florida, puedes tener opciones legales para buscar una indemnizaci\u00f3n justa mediante una reclamaci\u00f3n judicial. Perseguir a todas las partes responsables en una reclamaci\u00f3n legal no s\u00f3lo te ayuda a obtener justicia y una sensaci\u00f3n de cierre, sino que puede proporcionarte importantes recursos econ\u00f3micos que pueden ayudarte a pagar la mejor atenci\u00f3n m\u00e9dica de calidad para ti y tu familia, de modo que tengas la mejor oportunidad de curarte. Un abogado especializado en lesiones personales puede ayudarte a revisar tus opciones, puede ayudarte a comprender el probable coste total de tus lesiones y puede ayudarte a obtener justicia e indemnizaci\u00f3n en tu situaci\u00f3n.  <\/p>\n<p>Los abogados <a href=\"index.html\">del Grupo Legal Flaxman<\/a> trabajan con un equipo de profesionales, incluyendo consultores m\u00e9dicos, investigadores privados, expertos en reconstrucci\u00f3n de accidentes, testigos expertos, ingenieros, y otros profesionales para construir los casos m\u00e1s s\u00f3lidos posibles para los clientes. Nuestros abogados tienen un historial de ayudar a miles de demandantes por lesiones personales en todo Florida del Sur a obtener una compensaci\u00f3n justa por sus lesiones. Si desea averiguar qu\u00e9 es posible en su caso y le gustar\u00eda saber si tiene un caso, contacte hoy mismo al Grupo Legal Flaxman al 866-352-9626 para una revisi\u00f3n gratuita y confidencial de su caso.  <\/p>\n<\/p><\/div>\n<\/p><\/div>\n","protected":false},"excerpt":{"rendered":"<p>Sin honorarios a menos que ganemos. Llama al 866-352-9626 para una &#8230; <\/p>\n","protected":false},"author":3,"featured_media":0,"parent":0,"menu_order":0,"comment_status":"closed","ping_status":"closed","template":"template-practice-areas.php","meta":{"footnotes":""},"class_list":["post-22362","page","type-page","status-publish","hentry"],"featured_image_src":null,"featured_image_src_square":null,"_links":{"self":[{"href":"https:\/\/flaxmanlaw.com\/es\/wp-json\/wp\/v2\/pages\/22362","targetHints":{"allow":["GET"]}}],"collection":[{"href":"https:\/\/flaxmanlaw.com\/es\/wp-json\/wp\/v2\/pages"}],"about":[{"href":"https:\/\/flaxmanlaw.com\/es\/wp-json\/wp\/v2\/types\/page"}],"author":[{"embeddable":true,"href":"https:\/\/flaxmanlaw.com\/es\/wp-json\/wp\/v2\/users\/3"}],"replies":[{"embeddable":true,"href":"https:\/\/flaxmanlaw.com\/es\/wp-json\/wp\/v2\/comments?post=22362"}],"version-history":[{"count":0,"href":"https:\/\/flaxmanlaw.com\/es\/wp-json\/wp\/v2\/pages\/22362\/revisions"}],"wp:attachment":[{"href":"https:\/\/flaxmanlaw.com\/es\/wp-json\/wp\/v2\/media?parent=22362"}],"curies":[{"name":"wp","href":"https:\/\/api.w.org\/{rel}","templated":true}]}}