{"id":22363,"date":"2024-11-18T12:44:38","date_gmt":"2024-11-18T12:44:38","guid":{"rendered":"https:\/\/flaxmanlaw.wpenginepowered.com\/negligencia-en-residencias-asistidas-de-miami-lakes-abogados-de-abuso-en-residencias-de-ancianos-del-condado-de-miami-dade\/"},"modified":"2024-11-18T12:44:38","modified_gmt":"2024-11-18T12:44:38","slug":"negligencia-en-residencias-asistidas-de-miami-lakes-abogados-de-abuso-en-residencias-de-ancianos-del-condado-de-miami-dade","status":"publish","type":"page","link":"https:\/\/flaxmanlaw.com\/es\/negligencia-en-residencias-asistidas-de-miami-lakes-abogados-de-abuso-en-residencias-de-ancianos-del-condado-de-miami-dade\/","title":{"rendered":"Negligencia en Residencias Asistidas de Miami Lakes | Abogados de Abuso en Residencias de Ancianos del Condado de Miami-Dade"},"content":{"rendered":"<div class=\"bodytext\">\n<h2>Negligencia en residencias asistidas de Miami Lakes<\/h1><\/h2>\n<div class=\"description\">\n<p>Seg\u00fan las leyes de Florida, los centros de vida asistida deben tener suficiente personal formado y cualificado para ofrecer un buen nivel de atenci\u00f3n y supervisi\u00f3n a los residentes. El cap\u00edtulo 58-A del C\u00f3digo Administrativo de Florida describe la formaci\u00f3n espec\u00edfica y otras cualificaciones que se esperan de los empleados de los centros de vida asistida. Seg\u00fan la ley, los centros de vida asistida de Miami Lakes y de todo Florida tienen la obligaci\u00f3n de prevenir y tratar ciertos tipos de enfermedades y afecciones, como las \u00falceras por presi\u00f3n, las escaras infectadas y otras afecciones.  <\/p>\n<p>\u00bfQu\u00e9 ocurre cuando los centros de vida asistida infringen estas leyes y normas? Desgraciadamente, con demasiada frecuencia el resultado es que los pacientes resultan lesionados o incluso mueren como consecuencia de una negligencia. Si este tipo de negligencia te ha afectado a ti o a tu familia, siempre puedes contactar al Grupo Legal Flaxman para recibir una consulta gratuita sobre accidentes y hablar sobre tus opciones legales.  <\/p>\n<p><strong class=\"heading4\">Tipos de negligencia en residencias asistidas y maltrato a ancianos en Miami Lakes<\/strong><\/p>\n<p>En Florida hay muchos ejemplos de negligencia y abusos en residencias asistidas:<\/p>\n<ul>\n<li>Un residente es agredido sexualmente o maltratado f\u00edsicamente por el personal u otros residentes<\/li>\n<li>Un residente se aleja del centro y se ahoga o muere en un accidente de tr\u00e1fico<\/li>\n<li>Se permite que personas del exterior deambulen por un centro de vida asistida debido a una seguridad inadecuada, y pueden robar a los residentes o hacerles da\u00f1o<\/li>\n<li>Se sobremedica, seda o sujeta ilegalmente a un residente para hacerlo m\u00e1s obediente y f\u00e1cil de manejar<\/li>\n<li>Se deja a los residentes solos en la habitaci\u00f3n todo el d\u00eda sin supervisi\u00f3n ni ayuda, lo que permite que se formen escaras infectadas y les deja sin un alto nivel de cuidados<\/li>\n<li>Las viviendas se sobrecalientan o se calientan poco, causando angustia a los residentes enfermos<\/li>\n<li>Se niega a los residentes el acceso a la asistencia sanitaria si muestran signos de enfermedad, lo que agrava las enfermedades graves<\/li>\n<li>No se supervisa adecuadamente a los residentes cuando se duchan o realizan otras tareas, lo que provoca accidentes por resbalones y ca\u00eddas, as\u00ed como fracturas<\/li>\n<li>A los residentes no se les da una buena calidad de vida, por lo que pasan gran parte de su tiempo solos y frustrados, lo que les provoca problemas de salud mental, adem\u00e1s de otras cuestiones<\/li>\n<li>Se presiona a los residentes para que cedan bienes o den dinero a los propietarios o al personal, lo que da lugar a fraudes y abusos financieros<\/li>\n<li>Los residentes son humillados, gritados o maltratados emocionalmente de cualquier otra forma por otros residentes o por el personal<\/li>\n<li>A los residentes peligrosos o con problemas de salud mental no se les trata o no se les aloja por separado, lo que les permite victimizar a otros residentes<\/li>\n<li>Se niega a los residentes el acceso a los elementos b\u00e1sicos de la vida, como alimentos y agua, atenci\u00f3n m\u00e9dica y comunicaci\u00f3n con el mundo exterior.<\/li>\n<li>Se amenaza a los residentes para que guarden silencio sobre la negligencia o el abandono cuando vienen a visitarlos familiares y amigos<\/li>\n<li>Los residentes no reciben la supervisi\u00f3n o el ejercicio adecuados, lo que provoca el deterioro de su estado<\/li>\n<li>Las instalaciones no est\u00e1n correctamente mantenidas, lo que provoca accidentes como tropiezos y ca\u00eddas causados por escombros o suelos irregulares<\/li>\n<\/ul>\n<p><strong class=\"heading4\">Qu\u00e9 puedes hacer<\/strong><\/p>\n<p>Si usted ha visto casos de abuso y negligencia en un centro de vida asistida o si un ser querido ha resultado lesionado como resultado de negligencia o abuso, contacte <a href=\"contacta con nosotros.html\">al Grupo Legal Flaxman<\/a> al 866-352-9626 a cualquier hora del d\u00eda o de la noche para hablar con un operador en vivo y programar una revisi\u00f3n gratuita de su caso. Incluso puedes obtener asesor\u00eda legal por tel\u00e9fono. Nuestro equipo de abogados puede ayudarte a determinar si tienes una demanda u otras opciones legales para ayudar a un ser querido que est\u00e1 en peligro.  <\/p>\n<\/p><\/div>\n<\/p><\/div>\n","protected":false},"excerpt":{"rendered":"<p>Sin honorarios a menos que ganemos. Llama al 866-352-9626 para una &#8230; <\/p>\n","protected":false},"author":3,"featured_media":0,"parent":0,"menu_order":0,"comment_status":"closed","ping_status":"closed","template":"template-practice-areas.php","meta":{"footnotes":""},"class_list":["post-22363","page","type-page","status-publish","hentry"],"featured_image_src":null,"featured_image_src_square":null,"_links":{"self":[{"href":"https:\/\/flaxmanlaw.com\/es\/wp-json\/wp\/v2\/pages\/22363","targetHints":{"allow":["GET"]}}],"collection":[{"href":"https:\/\/flaxmanlaw.com\/es\/wp-json\/wp\/v2\/pages"}],"about":[{"href":"https:\/\/flaxmanlaw.com\/es\/wp-json\/wp\/v2\/types\/page"}],"author":[{"embeddable":true,"href":"https:\/\/flaxmanlaw.com\/es\/wp-json\/wp\/v2\/users\/3"}],"replies":[{"embeddable":true,"href":"https:\/\/flaxmanlaw.com\/es\/wp-json\/wp\/v2\/comments?post=22363"}],"version-history":[{"count":0,"href":"https:\/\/flaxmanlaw.com\/es\/wp-json\/wp\/v2\/pages\/22363\/revisions"}],"wp:attachment":[{"href":"https:\/\/flaxmanlaw.com\/es\/wp-json\/wp\/v2\/media?parent=22363"}],"curies":[{"name":"wp","href":"https:\/\/api.w.org\/{rel}","templated":true}]}}