{"id":22365,"date":"2024-11-18T12:44:38","date_gmt":"2024-11-18T12:44:38","guid":{"rendered":"https:\/\/flaxmanlaw.wpenginepowered.com\/miami-atropellado-por-un-conductor-borracho-abogados-de-accidentes-de-coche-del-condado-de-miami-dade\/"},"modified":"2024-11-18T12:44:38","modified_gmt":"2024-11-18T12:44:38","slug":"miami-atropellado-por-un-conductor-borracho-abogados-de-accidentes-de-coche-del-condado-de-miami-dade","status":"publish","type":"page","link":"https:\/\/flaxmanlaw.com\/es\/miami-atropellado-por-un-conductor-borracho-abogados-de-accidentes-de-coche-del-condado-de-miami-dade\/","title":{"rendered":"Miami Atropellado por un Conductor Borracho | Abogados de Accidentes de Coche del Condado de Miami-Dade"},"content":{"rendered":"<div class=\"bodytext\">\n<h2>Atropellado en Miami por un conductor ebrio<\/h1><\/h2>\n<div class=\"description\">\n<p>Si te ha atropellado un conductor ebrio en un accidente de coche o de peat\u00f3n en Miami, las leyes de Florida te permiten solicitar una indemnizaci\u00f3n mediante una demanda civil. Buscar una indemnizaci\u00f3n en tu caso es muy importante porque podr\u00edas enfrentarte a decenas de miles de d\u00f3lares -o m\u00e1s- en ingresos perdidos, facturas m\u00e9dicas y otros gastos -a causa de tus lesiones. Los abogados del Grupo Legal Flaxman han visto muchos casos de v\u00edctimas que enfrentan problemas financieros despu\u00e9s de un grave accidente automovil\u00edstico. Buscar justicia puede asegurar que esto no te suceda a ti.   <\/p>\n<p><strong class=\"heading4\">Busca justicia ya<\/strong><\/p>\n<p>Cuanto antes decidas tomarte en serio tus derechos legales, m\u00e1s plenamente podr\u00e1 ayudarte un abogado. Las pruebas empiezan a desaparecer casi de inmediato en cualquier caso de accidente de tr\u00e1fico y los testigos pueden no recordar los detalles sobre tu accidente si esperas demasiado. Cuanto antes hables con un abogado, m\u00e1s eficazmente podr\u00e1 trabajar para empezar a proteger tu derecho a una indemnizaci\u00f3n justa. Actuar con rapidez tambi\u00e9n garantiza que tu abogado pueda construir el caso m\u00e1s s\u00f3lido posible para ti.   <\/p>\n<p>Si deseas hablar con un abogado de lesiones personales ahora, contacta al Grupo Legal Flaxman para una consulta gratuita sobre accidentes. Nuestras l\u00edneas telef\u00f3nicas est\u00e1n atendidas las veinticuatro horas del d\u00eda para que siempre puedas contactar a una persona en vivo para recibir ayuda. <\/p>\n<p><strong class=\"heading4\">\u00bfQu\u00e9 puede hacer por ti un abogado de lesiones personales?<\/strong><\/p>\n<p>Hay muchas formas en que un abogado de lesiones personales en Miami puede ayudarte si has resultado herido en un accidente por conducir ebrio:<\/p>\n<ul>\n<li>Un abogado puede ayudar a encontrar m\u00faltiples partes responsables. Adem\u00e1s de la persona que beb\u00eda y conduc\u00eda, la persona que le serv\u00eda alcohol tambi\u00e9n puede ser considerada parcialmente responsable. Si el conductor culpable conduc\u00eda un cami\u00f3n comercial o un coche de empresa, el empresario tambi\u00e9n puede ser parcialmente responsable. Encontrar varias partes responsables es importante porque aumenta las posibilidades de que tu indemnizaci\u00f3n sea justa.   <\/li>\n<li>Un abogado puede explicarte tus derechos y el probable coste total de tus lesiones.<\/li>\n<li>Un abogado puede ayudarte a comprender tus derechos y opciones. Puedes tener m\u00e1s opciones que simplemente demandar al conductor culpable. Puedes interponer demandas penales y civiles. Tal vez puedas negociar con las compa\u00f1\u00edas de seguros, y puede haber recursos que desconoces y que pueden ayudarte.   <\/li>\n<li>Un abogado puede ayudarte a presentar una reclamaci\u00f3n legal y buscar justicia. Si decides interponer una demanda judicial, un abogado de lesiones personales puede ocuparse de todo el papeleo y las cuestiones legales para que puedas centrarte plenamente en curarte. <\/li>\n<\/ul>\n<p>Ser atropellado por un conductor ebrio es frustrante y molesto. Al fin y al cabo, todos los conductores saben que conducir ebrio es peligroso y totalmente contrario a la ley. Sin embargo, cuando pillan a un conductor ebrio, suele utilizar muchas t\u00e1cticas para librarse de la acusaci\u00f3n. Pueden contratar a un abogado defensor que alegue que el conductor no estaba ebrio. Pueden impugnar las pruebas de alcoholemia. En algunos casos, pueden intentar culpar al otro conductor. Nada de esto parece muy justo. Si el conductor conduc\u00eda bajo los efectos del alcohol, debe responder de los da\u00f1os que cause.       <\/p>\n<p>Contacte hoy mismo al Grupo Legal Flaxman para programar una consulta gratuita sobre accidentes y hablar sobre su situaci\u00f3n. Un abogado del Grupo Legal Flaxman puede ayudarte a mostrarte c\u00f3mo puedes preservar tus derechos y obtener la compensaci\u00f3n m\u00e1s justa posible. <\/p>\n<\/p><\/div>\n<\/p><\/div>\n","protected":false},"excerpt":{"rendered":"<p>Sin honorarios a menos que ganemos. Llama al 866-352-9626 para una &#8230; <\/p>\n","protected":false},"author":3,"featured_media":0,"parent":0,"menu_order":0,"comment_status":"closed","ping_status":"closed","template":"template-practice-areas.php","meta":{"footnotes":""},"class_list":["post-22365","page","type-page","status-publish","hentry"],"featured_image_src":null,"featured_image_src_square":null,"_links":{"self":[{"href":"https:\/\/flaxmanlaw.com\/es\/wp-json\/wp\/v2\/pages\/22365","targetHints":{"allow":["GET"]}}],"collection":[{"href":"https:\/\/flaxmanlaw.com\/es\/wp-json\/wp\/v2\/pages"}],"about":[{"href":"https:\/\/flaxmanlaw.com\/es\/wp-json\/wp\/v2\/types\/page"}],"author":[{"embeddable":true,"href":"https:\/\/flaxmanlaw.com\/es\/wp-json\/wp\/v2\/users\/3"}],"replies":[{"embeddable":true,"href":"https:\/\/flaxmanlaw.com\/es\/wp-json\/wp\/v2\/comments?post=22365"}],"version-history":[{"count":0,"href":"https:\/\/flaxmanlaw.com\/es\/wp-json\/wp\/v2\/pages\/22365\/revisions"}],"wp:attachment":[{"href":"https:\/\/flaxmanlaw.com\/es\/wp-json\/wp\/v2\/media?parent=22365"}],"curies":[{"name":"wp","href":"https:\/\/api.w.org\/{rel}","templated":true}]}}