{"id":22366,"date":"2024-11-18T12:44:38","date_gmt":"2024-11-18T12:44:38","guid":{"rendered":"https:\/\/flaxmanlaw.wpenginepowered.com\/accidente-por-atropello-en-miami-abogados-de-accidentes-de-coche-en-el-condado-de-miami-dade\/"},"modified":"2024-11-18T12:44:38","modified_gmt":"2024-11-18T12:44:38","slug":"accidente-por-atropello-en-miami-abogados-de-accidentes-de-coche-en-el-condado-de-miami-dade","status":"publish","type":"page","link":"https:\/\/flaxmanlaw.com\/es\/accidente-por-atropello-en-miami-abogados-de-accidentes-de-coche-en-el-condado-de-miami-dade\/","title":{"rendered":"Accidente por atropello en Miami | Abogados de accidentes de coche en el condado de Miami-Dade"},"content":{"rendered":"<div class=\"bodytext\">\n<h2>Accidente con fuga en Miami<\/h1><\/h2>\n<div class=\"description\">\n<p>\u00bfHas resultado herido en un accidente de coche en Miami en una situaci\u00f3n en la que el conductor culpable abandon\u00f3 el lugar del accidente sin detenerse a ayudar y sin ofrecerse a intercambiar informaci\u00f3n de contacto y datos del conductor? En Florida, abandonar la escena del accidente es un delito. <\/p>\n<p>En un caso de atropello con fuga, la polic\u00eda suele buscar al conductor culpable para llevarlo ante la justicia. Sin embargo, tambi\u00e9n tienes la opci\u00f3n de trabajar con un abogado de lesiones personales para obtener justicia para ti &#8211; buscando la compensaci\u00f3n a la que puedas tener derecho para que puedas pagar las facturas m\u00e9dicas y otros gastos. Para m\u00e1s detalles sobre sus opciones, programe hoy mismo una consulta gratuita sobre accidentes con el Grupo Legal Flaxman. El Grupo Legal Flaxman ya ha ayudado a miles de demandantes a asegurar m\u00e1s de $100 millones en compensaciones y da\u00f1os?   <\/p>\n<p><strong class=\"heading4\">\u00bfPor qu\u00e9 se producen los atropellos con fuga?<\/strong><\/p>\n<p>Hay muchas razones por las que la gente abandona el lugar del accidente despu\u00e9s de provocar un accidente de tr\u00e1fico:<\/p>\n<ul>\n<li>No est\u00e1n asegurados<\/li>\n<li>No tienen licencia<\/li>\n<li>Tienen p\u00e1nico o miedo a las consecuencias<\/li>\n<li>Son culpables y no quieren asumir su responsabilidad<\/li>\n<li>Conducen un coche robado<\/li>\n<li>No quieren que suba el precio del seguro del coche<\/li>\n<li>Hay una orden de detenci\u00f3n contra ellos y no quieren esperar a la polic\u00eda<\/li>\n<li>Est\u00e1n borrachos o haciendo algo ilegal<\/li>\n<li>Conducen un coche robado<\/li>\n<\/ul>\n<p>Sea cual sea el motivo por el que una persona abandona la escena de un accidente, se equivoca. Si alguna vez se les descubre, se enfrentan a cargos penales y civiles. Desgraciadamente, muchas personas siguen abandonando el lugar del accidente en lugar de quedarse a ayudar, simplemente porque creen que no les pillar\u00e1n.  <\/p>\n<p><strong class=\"heading4\">Qu\u00e9 puedes hacer tras tu accidente<\/strong><\/p>\n<p>Es normal que te enfades si te ha lesionado un conductor negligente, pero hay muchas cosas que puedes hacer para que se haga justicia en tu caso. Por ejemplo, puedes denunciar el accidente a la polic\u00eda e intentar que act\u00faen en la investigaci\u00f3n haciendo un seguimiento. Puedes trabajar con un abogado de lesiones personales de Miami o de tu comunidad para obtener respuestas y una indemnizaci\u00f3n en tu caso.  <\/p>\n<p>Un abogado de lesiones personales puede hacer muchas cosas por ti. En algunos casos, puede negociar con tu compa\u00f1\u00eda de seguros para que obtengas una indemnizaci\u00f3n justa a trav\u00e9s de tu cobertura de motorista sin seguro o con seguro insuficiente. Un abogado de lesiones personales tambi\u00e9n puede poner en marcha una investigaci\u00f3n sobre tu situaci\u00f3n y tal vez pueda descubrir pruebas que la polic\u00eda ha pasado por alto. Como los abogados de lesiones personales trabajan con investigadores privados y otros profesionales de la investigaci\u00f3n, a menudo pueden descubrir pistas que las autoridades oficiales han pasado por alto. Adem\u00e1s, los abogados de lesiones personales pueden encontrar a otras partes responsables en algunos casos, asegur\u00e1ndose de que obtengas una indemnizaci\u00f3n aunque nunca se encuentre al conductor que se dio a la fuga.    <\/p>\n<p>El Grupo Legal Flaxman ha manejado miles de casos de lesiones personales y accidentes automovil\u00edsticos a lo largo de los a\u00f1os. De hecho, nuestros abogados cuentan con m\u00e1s de 60 a\u00f1os de experiencia legal combinada y han recuperado m\u00e1s de 100 millones de d\u00f3lares a favor de v\u00edctimas de lesiones personales por accidentes automovil\u00edsticos. Para averiguar qu\u00e9 se puede hacer en tu caso, <a href=\"contacta con nosotros.html\">contacta hoy mismo con nuestro bufete<\/a> para tu consulta gratuita sobre accidentes.  <\/p>\n<\/p><\/div>\n<\/p><\/div>\n","protected":false},"excerpt":{"rendered":"<p>Sin honorarios a menos que ganemos. Llama al 866-352-9626 para una &#8230; <\/p>\n","protected":false},"author":3,"featured_media":0,"parent":0,"menu_order":0,"comment_status":"closed","ping_status":"closed","template":"template-practice-areas.php","meta":{"footnotes":""},"class_list":["post-22366","page","type-page","status-publish","hentry"],"featured_image_src":null,"featured_image_src_square":null,"_links":{"self":[{"href":"https:\/\/flaxmanlaw.com\/es\/wp-json\/wp\/v2\/pages\/22366","targetHints":{"allow":["GET"]}}],"collection":[{"href":"https:\/\/flaxmanlaw.com\/es\/wp-json\/wp\/v2\/pages"}],"about":[{"href":"https:\/\/flaxmanlaw.com\/es\/wp-json\/wp\/v2\/types\/page"}],"author":[{"embeddable":true,"href":"https:\/\/flaxmanlaw.com\/es\/wp-json\/wp\/v2\/users\/3"}],"replies":[{"embeddable":true,"href":"https:\/\/flaxmanlaw.com\/es\/wp-json\/wp\/v2\/comments?post=22366"}],"version-history":[{"count":0,"href":"https:\/\/flaxmanlaw.com\/es\/wp-json\/wp\/v2\/pages\/22366\/revisions"}],"wp:attachment":[{"href":"https:\/\/flaxmanlaw.com\/es\/wp-json\/wp\/v2\/media?parent=22366"}],"curies":[{"name":"wp","href":"https:\/\/api.w.org\/{rel}","templated":true}]}}