{"id":22367,"date":"2024-11-18T12:44:38","date_gmt":"2024-11-18T12:44:38","guid":{"rendered":"https:\/\/flaxmanlaw.wpenginepowered.com\/accidentes-en-intersecciones-de-miami-abogados-de-accidentes-de-coche-del-condado-de-miami-dade\/"},"modified":"2024-11-18T12:44:38","modified_gmt":"2024-11-18T12:44:38","slug":"accidentes-en-intersecciones-de-miami-abogados-de-accidentes-de-coche-del-condado-de-miami-dade","status":"publish","type":"page","link":"https:\/\/flaxmanlaw.com\/es\/accidentes-en-intersecciones-de-miami-abogados-de-accidentes-de-coche-del-condado-de-miami-dade\/","title":{"rendered":"Accidentes en Intersecciones de Miami | Abogados de Accidentes de Coche del Condado de Miami-Dade"},"content":{"rendered":"<div class=\"bodytext\">\n<h2>Accidentes en Intersecciones de Miami<\/h1><\/h2>\n<div class=\"description\">\n<p>Los accidentes en los cruces de Miami y de toda Florida suelen ser evitables. En muchos casos, los accidentes que se producen en las intersecciones se deben a que alguien se salt\u00f3 un sem\u00e1foro en rojo, conduc\u00eda distra\u00eddo, iba bebido o no comprob\u00f3 sus \u00e1ngulos muertos o no cedi\u00f3 el paso. En una intersecci\u00f3n, los coches y los peatones son vulnerables, ya que cualquier error puede afectar a varios peatones y coches en una colisi\u00f3n. Un simple error -como que alguien no ceda el paso- puede provocar un accidente en cadena u otro tipo de accidente de tr\u00e1fico.   <\/p>\n<p>Debido a que los accidentes en intersecciones son tan a menudo prevenibles, si usted ha resultado lesionado en este tipo de accidente es importante consultar con un abogado de lesiones personales en Miami o en su comunidad. Si usted ha resultado lesionado, a los abogados del Grupo Legal Flaxman les gustar\u00eda ayudarle ofreci\u00e9ndole una evaluaci\u00f3n gratuita y sin compromiso de su caso. Su consulta gratuita sobre accidentes le permite enterarse de todas las opciones que tiene para buscar una compensaci\u00f3n en su situaci\u00f3n. Para programar su cita gratuita, <a href=\"contacta con nosotros.html\">contacte<\/a> hoy mismo al Grupo Legal Flaxman al 866-352-9626.   <\/p>\n<p><strong class=\"heading4\">Tipos de colisiones habituales en los cruces<\/strong><\/p>\n<p>Hay muchos tipos de accidentes de tr\u00e1fico que pueden producirse en los cruces:<\/p>\n<ul>\n<li>Colisiones en T, a menudo causadas cuando los veh\u00edculos giran incorrectamente o se saltan los sem\u00e1foros en rojo<\/li>\n<li>Accidentes de moto<\/li>\n<li>Accidentes por alcance causados por paradas bruscas o fallo de los frenos<\/li>\n<li>Accidentes de bicicleta<\/li>\n<li>Colisiones frontales causadas por giros incorrectos<\/li>\n<li>Accidentes de peatones<\/li>\n<li>Accidentes de cami\u00f3n<\/li>\n<li>Accidentes por alcance que se producen cuando los conductores cambian de carril incorrectamente para incorporarse a un carril de giro<\/li>\n<li>Accidentes de veh\u00edculos m\u00faltiples y en cadena<\/li>\n<\/ul>\n<p><strong class=\"heading4\">Recuperarse Tras un Accidente Grave de Coche o Cami\u00f3n en una Intersecci\u00f3n en Miami<\/strong><\/p>\n<p>El camino hacia la recuperaci\u00f3n tras un accidente en un cruce suele ser largo, sobre todo si eres un ciclista o un peat\u00f3n que ha sido atropellado por un veh\u00edculo m\u00e1s grande. Tu camino hacia la recuperaci\u00f3n puede implicar: <\/p>\n<ul>\n<li>Tratamiento en urgencias y hospitalizaci\u00f3n<\/li>\n<li>Cirug\u00eda<\/li>\n<li>Recuperaci\u00f3n de una intervenci\u00f3n quir\u00fargica u otro tratamiento m\u00e9dico<\/li>\n<li>Diagn\u00f3stico, visitas a especialistas y pruebas diagn\u00f3sticas<\/li>\n<li>Un largo periodo de tiempo en casa mientras te curas y recuperas<\/li>\n<li>Fisioterapia y rehabilitaci\u00f3n<\/li>\n<li>Asesoramiento, grupos de apoyo o terapia para afrontar el trauma emocional del accidente<\/li>\n<li>Recuperar el uso de tu movilidad con rehabilitaci\u00f3n o fisioterapia<\/li>\n<li>Ausentarte del trabajo mientras te recuperas<\/li>\n<li>Encontrar opciones alternativas para el cuidado de los ni\u00f1os o encontrar a alguien que se ocupe de tus asuntos mientras te recuperas<\/li>\n<li>Encontrar nuevas oportunidades de ingresos o volver a estudiar si no puedes volver a tu trabajo porque tus lesiones son permanentes.<\/li>\n<li>Tratamiento del dolor<\/li>\n<li>Aprender a afrontar una discapacidad o lesi\u00f3n de larga duraci\u00f3n, como una lesi\u00f3n permanente de espalda o un traumatismo craneal<\/li>\n<li>Reponer los bienes da\u00f1ados o perdidos en el accidente, incluido tu coche y cualquier cosa de valor que hubiera en \u00e9l.<\/li>\n<li>Encargarse del proceso de reclamaci\u00f3n al seguro o del proceso de reclamaci\u00f3n judicial<\/li>\n<\/ul>\n<p><strong class=\"heading4\">\u00bfNecesitas ayuda con el proceso de recuperaci\u00f3n?<\/strong><\/p>\n<p>Para enterarse de c\u00f3mo los abogados del Grupo Legal <a href=\"index.html\">Flaxman<\/a> pueden ayudarle despu\u00e9s de su accidente, contacte hoy mismo al Grupo Legal Flaxman para programar una consulta gratuita y sin compromiso sobre accidentes. Su consulta inicial es su oportunidad de conocer sus opciones, explorar cu\u00e1nto puede valer su caso, y obtener respuestas a las preguntas que pueda tener despu\u00e9s de su colisi\u00f3n. Nuestros abogados tienen m\u00e1s de seis d\u00e9cadas de experiencia en juicios, por lo que han tratado casos similares al tuyo.  <\/p>\n<\/p><\/div>\n<\/p><\/div>\n","protected":false},"excerpt":{"rendered":"<p>Sin honorarios a menos que ganemos. Llama al 866-352-9626 para una &#8230; <\/p>\n","protected":false},"author":3,"featured_media":0,"parent":0,"menu_order":0,"comment_status":"closed","ping_status":"closed","template":"template-practice-areas.php","meta":{"footnotes":""},"class_list":["post-22367","page","type-page","status-publish","hentry"],"featured_image_src":null,"featured_image_src_square":null,"_links":{"self":[{"href":"https:\/\/flaxmanlaw.com\/es\/wp-json\/wp\/v2\/pages\/22367","targetHints":{"allow":["GET"]}}],"collection":[{"href":"https:\/\/flaxmanlaw.com\/es\/wp-json\/wp\/v2\/pages"}],"about":[{"href":"https:\/\/flaxmanlaw.com\/es\/wp-json\/wp\/v2\/types\/page"}],"author":[{"embeddable":true,"href":"https:\/\/flaxmanlaw.com\/es\/wp-json\/wp\/v2\/users\/3"}],"replies":[{"embeddable":true,"href":"https:\/\/flaxmanlaw.com\/es\/wp-json\/wp\/v2\/comments?post=22367"}],"version-history":[{"count":0,"href":"https:\/\/flaxmanlaw.com\/es\/wp-json\/wp\/v2\/pages\/22367\/revisions"}],"wp:attachment":[{"href":"https:\/\/flaxmanlaw.com\/es\/wp-json\/wp\/v2\/media?parent=22367"}],"curies":[{"name":"wp","href":"https:\/\/api.w.org\/{rel}","templated":true}]}}