{"id":22368,"date":"2024-11-18T12:44:38","date_gmt":"2024-11-18T12:44:38","guid":{"rendered":"https:\/\/flaxmanlaw.wpenginepowered.com\/averias-de-maquinaria-pesada-en-miami-abogados-de-accidentes-del-condado-de-miami-dade\/"},"modified":"2024-11-18T12:44:38","modified_gmt":"2024-11-18T12:44:38","slug":"averias-de-maquinaria-pesada-en-miami-abogados-de-accidentes-del-condado-de-miami-dade","status":"publish","type":"page","link":"https:\/\/flaxmanlaw.com\/es\/averias-de-maquinaria-pesada-en-miami-abogados-de-accidentes-del-condado-de-miami-dade\/","title":{"rendered":"Aver\u00edas de maquinaria pesada en Miami | Abogados de accidentes del condado de Miami-Dade"},"content":{"rendered":"<div class=\"bodytext\">\n<h2>Aver\u00edas de maquinaria pesada en Miami<\/h1><\/h2>\n<div class=\"description\">\n<p>En una gran ciudad como Miami, la maquinaria pesada es vital. Ayuda a cargar mercanc\u00edas en camiones y barcos en el puerto y a construir nuevos proyectos de construcci\u00f3n y carreteras. Millones de personas dependen cada d\u00eda de la maquinaria pesada en sus lugares de trabajo y en diversas industrias. Los empleos que implican trabajar con gr\u00faas, retroexcavadoras, camiones, herramientas el\u00e9ctricas, carretillas elevadoras y otras piezas de maquinaria pesada, se encuentran entre las ocupaciones m\u00e1s peligrosas del pa\u00eds.   <\/p>\n<p>\u00bfQu\u00e9 ocurre cuando ese equipo es inseguro o defectuoso? En muchos casos, as\u00ed es como se producen los accidentes en obras de construcci\u00f3n en Miami, as\u00ed como muchos accidentes laborales e industriales. Debido al tama\u00f1o de este tipo de equipos, las lesiones sufridas en estas situaciones pueden ser mortales o permanentes. Si has resultado lesionado por una pieza de equipo pesado que crees que puede haber sido defectuosa, contacta a los abogados de lesiones personales del Grupo Legal Flaxman para revisar tu situaci\u00f3n.   <\/p>\n<p><strong class=\"heading4\">\u00bfQui\u00e9n es responsable tras el fallo de una m\u00e1quina pesada?<\/strong><\/p>\n<p>En muchos casos, es dif\u00edcil determinar qui\u00e9n es responsable tras un accidente laboral en el que est\u00e1 implicada maquinaria pesada. En algunos casos, el propio trabajador accidentado es el culpable del accidente y de las lesiones. A menudo puede ser dif\u00edcil, incluso para un trabajador de la construcci\u00f3n o un profesional del lugar de trabajo con experiencia, saber si una m\u00e1quina no funcion\u00f3 como se esperaba. Al fin y al cabo, muchos accidentes se producen en una fracci\u00f3n de segundo, por lo que es dif\u00edcil saber exactamente qu\u00e9 ocurri\u00f3 y cu\u00e1l fue la causa de las lesiones sin una investigaci\u00f3n exhaustiva.   <\/p>\n<p>En estos casos, puede haber varias partes responsables:<\/p>\n<ul>\n<li>El empresario que no proporcion\u00f3 un entorno de trabajo seguro<\/li>\n<li>La persona responsable del mantenimiento del equipo<\/li>\n<li>El fabricante del equipo<\/li>\n<li>El propietario de la finca donde se estaba construyendo<\/li>\n<li>Otros empleados u otros terceros<\/li>\n<\/ul>\n<p><strong class=\"heading4\">Obtener respuestas tras tu accidente laboral<\/strong><\/p>\n<p>A menudo, se necesita un equipo de profesionales especializados -incluido un abogado de lesiones personales, expertos t\u00e9cnicos, ingenieros, investigadores privados y otros- para llegar al fondo de un accidente grave. Si tienes preguntas sobre tu accidente laboral en Miami, lo mejor es que te pongas en contacto con un abogado de lesiones personales lo antes posible tras la lesi\u00f3n. Es mejor consultar a un abogado de lesiones personales pronto, antes de aceptar el dinero del seguro o una oferta de acuerdo. Un abogado puede incluso ayudarte con el proceso de reclamaci\u00f3n o el proceso de indemnizaci\u00f3n por accidente laboral en Miami, para ayudarte a buscar una indemnizaci\u00f3n m\u00e1s justa.   <\/p>\n<p>Si desea hablar con un abogado de lesiones personales, contacte al Grupo Legal Flaxman para una <a href=\"contacta con nosotros.html\">consulta gratuita sobre accidentes<\/a>. Nuestros abogados cuentan con m\u00e1s de seis d\u00e9cadas de experiencia combinada y un historial de miles de casos ganados o resueltos exitosamente. Charles Flaxman, del Grupo Legal Flaxman, tiene diez a\u00f1os de experiencia en la industria de los seguros, as\u00ed como m\u00e1s de dos d\u00e9cadas y media de experiencia en la sala de juicios como abogado litigante. Tambi\u00e9n forma parte del Foro de Abogados del Mill\u00f3n de D\u00f3lares. Esta exclusiva distinci\u00f3n, a la que pueden aspirar menos del 1% de los abogados del pa\u00eds, est\u00e1 reservada a abogados distinguidos que han ganado acuerdos y veredictos millonarios y multimillonarios en nombre de sus clientes.    <\/p>\n<\/p><\/div>\n<\/p><\/div>\n","protected":false},"excerpt":{"rendered":"<p>Sin honorarios a menos que ganemos. Llama al 866-352-9626 para una &#8230; <\/p>\n","protected":false},"author":3,"featured_media":0,"parent":0,"menu_order":0,"comment_status":"closed","ping_status":"closed","template":"template-practice-areas.php","meta":{"footnotes":""},"class_list":["post-22368","page","type-page","status-publish","hentry"],"featured_image_src":null,"featured_image_src_square":null,"_links":{"self":[{"href":"https:\/\/flaxmanlaw.com\/es\/wp-json\/wp\/v2\/pages\/22368","targetHints":{"allow":["GET"]}}],"collection":[{"href":"https:\/\/flaxmanlaw.com\/es\/wp-json\/wp\/v2\/pages"}],"about":[{"href":"https:\/\/flaxmanlaw.com\/es\/wp-json\/wp\/v2\/types\/page"}],"author":[{"embeddable":true,"href":"https:\/\/flaxmanlaw.com\/es\/wp-json\/wp\/v2\/users\/3"}],"replies":[{"embeddable":true,"href":"https:\/\/flaxmanlaw.com\/es\/wp-json\/wp\/v2\/comments?post=22368"}],"version-history":[{"count":0,"href":"https:\/\/flaxmanlaw.com\/es\/wp-json\/wp\/v2\/pages\/22368\/revisions"}],"wp:attachment":[{"href":"https:\/\/flaxmanlaw.com\/es\/wp-json\/wp\/v2\/media?parent=22368"}],"curies":[{"name":"wp","href":"https:\/\/api.w.org\/{rel}","templated":true}]}}