{"id":22369,"date":"2024-11-18T12:44:38","date_gmt":"2024-11-18T12:44:38","guid":{"rendered":"https:\/\/flaxmanlaw.wpenginepowered.com\/miami-insurance-law-abogados-de-reclamaciones-de-seguros-del-condado-de-miami-dade\/"},"modified":"2024-11-18T12:44:38","modified_gmt":"2024-11-18T12:44:38","slug":"miami-insurance-law-abogados-de-reclamaciones-de-seguros-del-condado-de-miami-dade","status":"publish","type":"page","link":"https:\/\/flaxmanlaw.com\/es\/miami-insurance-law-abogados-de-reclamaciones-de-seguros-del-condado-de-miami-dade\/","title":{"rendered":"Miami Insurance Law | Abogados de Reclamaciones de Seguros del Condado de Miami-Dade"},"content":{"rendered":"<div class=\"bodytext\">\n<h2>Ley de Seguros de Miami<\/h1><\/h2>\n<div class=\"description\">\n<p>Un problema habitual en los litigios sobre seguros se produce cuando las compa\u00f1\u00edas de seguros deniegan una reclamaci\u00f3n o hacen una oferta a la baja. Si has resultado gravemente herido en un accidente de coche en Miami, o por el incendio de una casa, o por cualquier otro medio, por supuesto conf\u00edas en el dinero de tu seguro para pagar los da\u00f1os y la atenci\u00f3n m\u00e9dica. <\/p>\n<p>Cuando una compa\u00f1\u00eda de seguros se niega a pagar sin una explicaci\u00f3n adecuada o sin un motivo leg\u00edtimo, o si una compa\u00f1\u00eda de seguros se niega a pagar todos tus gastos m\u00e9dicos o da\u00f1os y perjuicios, podr\u00edas estar pasando apuros econ\u00f3micos. Trabajar con un abogado experto en lesiones personales en Miami o con un abogado de seguros te garantiza la posibilidad de conseguir que la compa\u00f1\u00eda de seguros act\u00fae y te pague lo que te debe. Si deseas hablar con un abogado sobre tu situaci\u00f3n, siempre puedes contactar al Grupo Legal Flaxman para una consulta gratuita sobre accidentes y obtener asesor\u00eda legal gratuita.  <\/p>\n<p><strong class=\"heading4\">Las aseguradoras est\u00e1n protegidas, \u00bflo est\u00e1s t\u00fa?<\/strong><\/p>\n<p>Las compa\u00f1\u00edas de seguros est\u00e1n protegidas por poderosos equipos de abogados. Cuando deniegan una reclamaci\u00f3n o te hacen una oferta a la baja, no esperan que trabajes con un abogado de lesiones personales o de seguros para conseguir una indemnizaci\u00f3n justa. En muchos casos, sin embargo, eso es lo que hace falta para conseguir la cantidad m\u00e1s justa posible. Si la compa\u00f1\u00eda de seguros est\u00e1 protegida por poderosos equipos de abogados, \u00bfno mereces t\u00fa, la parte perjudicada, lo mismo?   <\/p>\n<p>En muchos casos, las compa\u00f1\u00edas de seguros son leales a sus accionistas y a sus beneficios, lo que significa que necesitas a alguien que trabaje en tu nombre. Esa persona puede ser un abogado de seguros. <\/p>\n<p><strong class=\"heading4\">\u00bfPor qu\u00e9 me han denegado la solicitud?<\/strong><\/p>\n<p>Puede ser dif\u00edcil saber por qu\u00e9 se ha denegado una reclamaci\u00f3n al seguro. En muchos casos, las compa\u00f1\u00edas de seguros no dar\u00e1n ninguna raz\u00f3n o dar\u00e1n razones que no tienen mucho sentido. Cada vez que llames a tu compa\u00f1\u00eda de seguros, es probable que hables con otra persona, por lo que puede resultar dif\u00edcil determinar qu\u00e9 est\u00e1 ocurriendo y qu\u00e9 medidas est\u00e1 tomando la compa\u00f1\u00eda para resolver tu problema. Si tienes una reclamaci\u00f3n leg\u00edtima pero no has podido conseguir el dinero de tu seguro, puede que necesites trabajar con un abogado especializado en lesiones personales para resolver la situaci\u00f3n.   <\/p>\n<p>Los abogados de disputas de seguros del Grupo Legal Flaxman tienen mucha experiencia ayudando a clientes a recuperar el dinero del seguro al que tienen derecho. Ya sea que te hayan hecho una oferta baja o que tu aseguradora se niegue a honrar tu reclamaci\u00f3n, contacta al Grupo Legal Flaxman para revisar lo que podemos hacer. <\/p>\n<p>Charles Flaxman, del Grupo Legal Flaxman, trabaj\u00f3 durante 10 a\u00f1os en la industria de seguros antes de dedicar su vida a ayudar a v\u00edctimas de lesiones personales y fraude a obtener la justicia que merecen. Habiendo visto reclamaciones de seguros desde ambos lados de la sala del tribunal, est\u00e1 en una posici\u00f3n \u00fanica para ayudar a clientes con reclamaciones infravaloradas y denegadas. Contacte hoy mismo al <a href=\"contacta con nosotros.html\">Grupo Legal Flaxman<\/a> para recibir una consulta gratuita sobre accidentes y enterarse de c\u00f3mo nuestra experiencia en negociaci\u00f3n de seguros y en leyes de seguros puede ponerse a trabajar para usted.  <\/p>\n<\/p><\/div>\n<\/p><\/div>\n","protected":false},"excerpt":{"rendered":"<p>Sin honorarios a menos que ganemos. Llama al 866-352-9626 para una &#8230; <\/p>\n","protected":false},"author":3,"featured_media":0,"parent":0,"menu_order":0,"comment_status":"closed","ping_status":"closed","template":"template-practice-areas.php","meta":{"footnotes":""},"class_list":["post-22369","page","type-page","status-publish","hentry"],"featured_image_src":null,"featured_image_src_square":null,"_links":{"self":[{"href":"https:\/\/flaxmanlaw.com\/es\/wp-json\/wp\/v2\/pages\/22369","targetHints":{"allow":["GET"]}}],"collection":[{"href":"https:\/\/flaxmanlaw.com\/es\/wp-json\/wp\/v2\/pages"}],"about":[{"href":"https:\/\/flaxmanlaw.com\/es\/wp-json\/wp\/v2\/types\/page"}],"author":[{"embeddable":true,"href":"https:\/\/flaxmanlaw.com\/es\/wp-json\/wp\/v2\/users\/3"}],"replies":[{"embeddable":true,"href":"https:\/\/flaxmanlaw.com\/es\/wp-json\/wp\/v2\/comments?post=22369"}],"version-history":[{"count":0,"href":"https:\/\/flaxmanlaw.com\/es\/wp-json\/wp\/v2\/pages\/22369\/revisions"}],"wp:attachment":[{"href":"https:\/\/flaxmanlaw.com\/es\/wp-json\/wp\/v2\/media?parent=22369"}],"curies":[{"name":"wp","href":"https:\/\/api.w.org\/{rel}","templated":true}]}}