{"id":22372,"date":"2024-11-18T12:44:38","date_gmt":"2024-11-18T12:44:38","guid":{"rendered":"https:\/\/flaxmanlaw.wpenginepowered.com\/lesiones-en-la-cabeza-en-miami-abogados-de-accidentes-en-el-condado-de-miami-dade-grupo-legal-flaxman\/"},"modified":"2025-05-06T10:03:32","modified_gmt":"2025-05-06T10:03:32","slug":"lesiones-en-la-cabeza-en-miami-abogados-de-accidentes-en-el-condado-de-miami-dade-grupo-legal-flaxman","status":"publish","type":"page","link":"https:\/\/flaxmanlaw.com\/es\/lesiones-en-la-cabeza-en-miami-abogados-de-accidentes-en-el-condado-de-miami-dade-grupo-legal-flaxman\/","title":{"rendered":"Lesiones en la cabeza en Miami"},"content":{"rendered":"<div class=\"bodytext\">\n<h2>Lesiones en la cabeza en Miami<\/h2>\n<div class=\"description\">\n<p>Miami, Florida, es una de las ciudades m\u00e1s antiguas de la zona, fundada en julio de 1896. Con un clima subtropical y sol todo el a\u00f1o, Miami es famosa por su incre\u00edble clima y sus hermosas playas. La temperatura media diaria en la ciudad es de 76 grados Fahrenheit (23 grados Celsius), lo que la hace perfecta para que los aficionados al agua y a las actividades al aire libre disfruten de las actividades recreativas acu\u00e1ticas y los espacios verdes que ofrece la ciudad. Con m\u00e1s de 800 parques y muchos kil\u00f3metros de hermosas playas, Miami es el lugar ideal para visitar o vivir.<\/p>\n<p>Miami alberga muchos hospitales y centros de traumatolog\u00eda excelentes, a los que acuden pacientes con <a href=\"lesiones cerebrales.html\">lesiones<\/a> cerebrales de todo el estado para curarse. Cada a\u00f1o se producen en Miami muchos accidentes graves que provocan lesiones cerebrales traum\u00e1ticas. Por desgracia para las v\u00edctimas de estos accidentes, los traumatismos craneoencef\u00e1licos figuran entre las lesiones graves m\u00e1s dif\u00edciles y costosas. Pueden tener un impacto devastador en la vida y la econom\u00eda de una persona.<\/p>\n<p>Si has sufrido un traumatismo craneal en Miami como consecuencia de un <a href=\"accidentes-coche.html\">accidente de tr\u00e1fico<\/a>, un <a href=\"accidentes por resbalones y ca\u00eddas.html\">resbal\u00f3n y ca\u00edda<\/a> u otro accidente, es importante que hables inmediatamente con un abogado cualificado especializado en lesiones personales de Miami. Un buen abogado puede evaluar tu caso, investigar el accidente y asegurarse de que tienes la informaci\u00f3n que necesitas para tomar las decisiones adecuadas para tu futuro. Si necesitas hablar con un abogado calificado de lesiones personales en Miami, contactar al Grupo Legal Flaxman es f\u00e1cil. El <a href=\"index.html\">Grupo Legal Flaxman<\/a> est\u00e1 disponible por correo electr\u00f3nico, chat en l\u00ednea, tel\u00e9fono, fax, o a trav\u00e9s de una l\u00ednea telef\u00f3nica atendida las 24 horas del d\u00eda, los siete d\u00edas de la semana. Con tres oficinas ubicadas en el \u00e1rea de Florida del Sur -incluyendo una oficina en Miami- es f\u00e1cil contactar al Grupo Legal Flaxman. Si sus lesiones no le permiten viajar, el equipo jur\u00eddico del Grupo Legal Flaxman est\u00e1 incluso dispuesto a trasladarse a su casa, oficina, o cuarto de hospital para entrevistarse con usted en su consulta inicial gratuita y sin compromiso.<\/p>\n<p>Si has sufrido una lesi\u00f3n cerebral en Miami, debes preguntarte qu\u00e9 puedes hacer para salvaguardar tu futuro. En muchos casos, las lesiones cerebrales afectan a tu potencial de ingresos para toda la vida. Tambi\u00e9n pueden generar toda una vida de mayores gastos m\u00e9dicos, de terapia y mucho m\u00e1s. Protegerte econ\u00f3micamente puede ser una de las cosas m\u00e1s importantes que hagas. Porque conseguir los recursos econ\u00f3micos que necesitas puede garantizar que recibas la terapia y la atenci\u00f3n m\u00e9dica que necesitas para toda la vida.<\/p>\n<p>Si bien es cierto que la investigaci\u00f3n sobre lesiones cerebrales es continua y que se desarrollan continuamente nuevas opciones de tratamiento, tambi\u00e9n es cierto que los tratamientos m\u00e1s nuevos y mejores requieren muchos recursos. Para obtener el mejor tratamiento, los pacientes de lesiones cerebrales de Miami pueden tener que viajar para ver a especialistas y el coste de los \u00faltimos tratamientos y de los mejores especiales puede ser catastr\u00f3fico. <a href=\"contacta con nosotros.html\">Contacta con el Grupo Legal Flaxman<\/a> para averiguar qu\u00e9 puedes hacer seg\u00fan la ley de Florida para protegerte y poder recuperarte lo m\u00e1s plenamente posible. <a href=\"contacta con nosotros.html\">Contacta hoy mismo al Grupo Legal Flaxman<\/a>para programar una consulta gratuita sobre accidentes y hablar sobre tu caso con un abogado de lesiones personales.<\/p>\n<\/div>\n<\/div>\n","protected":false},"excerpt":{"rendered":"<p>Sin honorarios a menos que ganemos. Llama al 866-352-9626 para una &#8230; <\/p>\n","protected":false},"author":3,"featured_media":0,"parent":0,"menu_order":0,"comment_status":"closed","ping_status":"closed","template":"template-practice-areas.php","meta":{"footnotes":""},"class_list":["post-22372","page","type-page","status-publish","hentry"],"featured_image_src":null,"featured_image_src_square":null,"_links":{"self":[{"href":"https:\/\/flaxmanlaw.com\/es\/wp-json\/wp\/v2\/pages\/22372","targetHints":{"allow":["GET"]}}],"collection":[{"href":"https:\/\/flaxmanlaw.com\/es\/wp-json\/wp\/v2\/pages"}],"about":[{"href":"https:\/\/flaxmanlaw.com\/es\/wp-json\/wp\/v2\/types\/page"}],"author":[{"embeddable":true,"href":"https:\/\/flaxmanlaw.com\/es\/wp-json\/wp\/v2\/users\/3"}],"replies":[{"embeddable":true,"href":"https:\/\/flaxmanlaw.com\/es\/wp-json\/wp\/v2\/comments?post=22372"}],"version-history":[{"count":0,"href":"https:\/\/flaxmanlaw.com\/es\/wp-json\/wp\/v2\/pages\/22372\/revisions"}],"wp:attachment":[{"href":"https:\/\/flaxmanlaw.com\/es\/wp-json\/wp\/v2\/media?parent=22372"}],"curies":[{"name":"wp","href":"https:\/\/api.w.org\/{rel}","templated":true}]}}