{"id":22373,"date":"2024-11-18T12:44:38","date_gmt":"2024-11-18T12:44:38","guid":{"rendered":"https:\/\/flaxmanlaw.wpenginepowered.com\/miami-seguridad-inadecuada-abogados-de-responsabilidad-de-locales-del-condado-de-miami-dade\/"},"modified":"2024-11-18T12:44:38","modified_gmt":"2024-11-18T12:44:38","slug":"miami-seguridad-inadecuada-abogados-de-responsabilidad-de-locales-del-condado-de-miami-dade","status":"publish","type":"page","link":"https:\/\/flaxmanlaw.com\/es\/miami-seguridad-inadecuada-abogados-de-responsabilidad-de-locales-del-condado-de-miami-dade\/","title":{"rendered":"Miami Seguridad Inadecuada | Abogados de Responsabilidad de Locales del Condado de Miami-Dade"},"content":{"rendered":"<div class=\"bodytext\">\n<h2>Seguridad inadecuada en Miami<\/h1><\/h2>\n<div class=\"description\">\n<p>Mucha gente supone que los actos delictivos son aleatorios, pero en realidad muchos son previsibles y pueden esperarse razonablemente. Cuando un inmueble tiene puertas y ventanas mal mantenidas y escasa iluminaci\u00f3n en las zonas comunes, por ejemplo, algunas personas pueden aprovechar esos hechos para perpetrar delitos. Algunas zonas tambi\u00e9n son conocidas por tener \u00edndices de delincuencia m\u00e1s elevados y en algunas zonas se producen brotes de actividad delictiva. Se espera que los propietarios y los due\u00f1os de terrenos tomen medidas contra este tipo de delitos previsibles para garantizar que los visitantes legales de la propiedad no resulten heridos.   <\/p>\n<p>Cuando los propietarios son negligentes y no toman las medidas de seguridad adecuadas y cuando ocurren ataques criminales violentos, los sobrevivientes de esos ataques pueden presentar demandas por lesiones personales en Miami contra los propietarios y cualquier otra parte responsable. Si usted ha sido lesionado por violencia y cree que puede tener un caso, contacte al Grupo Legal Flaxman para hablar confidencialmente sobre su situaci\u00f3n con un abogado de lesiones personales. Tu consulta inicial es completamente gratuita y no conlleva absolutamente ninguna obligaci\u00f3n.  <\/p>\n<p><strong class=\"heading4\">\u00bfQu\u00e9 pueden hacer los propietarios para prevenir los delitos?<\/strong><\/p>\n<p>Hay muchas cosas que los propietarios deben hacer para prevenir los delitos, sobre todo en zonas conocidas por haber sido escenario de delitos en el pasado:<\/p>\n<ul>\n<li>Contrata guardias de seguridad o polic\u00edas fuera de servicio<\/li>\n<li>Instala c\u00e1maras de seguridad<\/li>\n<li>Aseg\u00farate de que las escaleras, ascensores, aparcamientos y otras zonas est\u00e9n vigiladas y tengan una iluminaci\u00f3n adecuada<\/li>\n<li>Coloca se\u00f1ales de advertencia que indiquen que existen c\u00e1maras de seguridad y otras medidas de seguridad<\/li>\n<li>Mant\u00e9n adecuadamente las ventanas y puertas para que sean seguras<\/li>\n<li>Examina a los empleados y a otras personas que entren en el edificio<\/li>\n<li>Instala un sistema de seguridad<\/li>\n<li>Garantizar una iluminaci\u00f3n adecuada<\/li>\n<li>Advertir a los visitantes y a otras personas que utilicen la propiedad de actividades delictivas en la zona<\/li>\n<\/ul>\n<p>Cuando el propietario de un inmueble no toma precauciones sencillas para evitar delitos en sus instalaciones, puede ser considerado parcialmente responsable si su imprudencia provoca un delito y lesiones contra una persona inocente.<\/p>\n<p><strong class=\"heading4\">Los costes de la delincuencia son elevados<\/strong><\/p>\n<p>Si has resultado herido en un acto delictivo, los costes pueden ser muy elevados para ti. Es posible que tengas que ausentarte del trabajo si resultas herido y que necesites atenci\u00f3n m\u00e9dica de urgencia, cirug\u00eda, atenci\u00f3n m\u00e9dica de seguimiento y otros tratamientos. Es posible que necesites asesoramiento o terapia para afrontar lo ocurrido y tambi\u00e9n puede haber m\u00faltiples costes incidentales en tu caso. Por ejemplo, puede que tengas que pagar el transporte para visitar a los m\u00e9dicos como parte de tu tratamiento o que necesites medicaci\u00f3n mientras te curas. Si tus lesiones son permanentes, puedes necesitar rehabilitaci\u00f3n y cuidados en casa, y tu potencial de ingresos puede verse afectado el resto de tu vida. Si la negligencia de alguien contribuy\u00f3 a tus lesiones, la ley de Florida te permite presentar una demanda y pedir una indemnizaci\u00f3n para que no tengas que pagar t\u00fa mismo estos gastos. El primer paso para buscar justicia e indemnizaci\u00f3n puede ser ponerte en contacto con un abogado de lesiones personales en Miami o en tu comunidad para revisar tus opciones legales.      <\/p>\n<p>Si t\u00fa o un ser querido hab\u00e9is resultado heridos en un delito grave, puedes presentar una demanda contra el propietario del lugar donde se cometi\u00f3 el delito y presentar cargos penales contra el agresor. Aunque nunca se capture al agresor, puedes interponer una demanda contra el propietario si ha sido negligente e imprudente a la hora de proporcionarte un lugar seguro. Para saber m\u00e1s, contacta con el Grupo Legal Flaxman para una evaluaci\u00f3n gratuita y sin compromiso de tu caso.  <\/p>\n<\/p><\/div>\n<\/p><\/div>\n","protected":false},"excerpt":{"rendered":"<p>Sin honorarios a menos que ganemos. Llama al 866-352-9626 para una &#8230; <\/p>\n","protected":false},"author":3,"featured_media":0,"parent":0,"menu_order":0,"comment_status":"closed","ping_status":"closed","template":"template-practice-areas.php","meta":{"footnotes":""},"class_list":["post-22373","page","type-page","status-publish","hentry"],"featured_image_src":null,"featured_image_src_square":null,"_links":{"self":[{"href":"https:\/\/flaxmanlaw.com\/es\/wp-json\/wp\/v2\/pages\/22373","targetHints":{"allow":["GET"]}}],"collection":[{"href":"https:\/\/flaxmanlaw.com\/es\/wp-json\/wp\/v2\/pages"}],"about":[{"href":"https:\/\/flaxmanlaw.com\/es\/wp-json\/wp\/v2\/types\/page"}],"author":[{"embeddable":true,"href":"https:\/\/flaxmanlaw.com\/es\/wp-json\/wp\/v2\/users\/3"}],"replies":[{"embeddable":true,"href":"https:\/\/flaxmanlaw.com\/es\/wp-json\/wp\/v2\/comments?post=22373"}],"version-history":[{"count":0,"href":"https:\/\/flaxmanlaw.com\/es\/wp-json\/wp\/v2\/pages\/22373\/revisions"}],"wp:attachment":[{"href":"https:\/\/flaxmanlaw.com\/es\/wp-json\/wp\/v2\/media?parent=22373"}],"curies":[{"name":"wp","href":"https:\/\/api.w.org\/{rel}","templated":true}]}}