{"id":22374,"date":"2024-11-18T12:44:38","date_gmt":"2024-11-18T12:44:38","guid":{"rendered":"https:\/\/flaxmanlaw.wpenginepowered.com\/accidente-de-camion-en-miami-gardens-abogados-de-lesiones-de-camion-en-el-condado-de-miami-dade\/"},"modified":"2024-11-18T12:44:38","modified_gmt":"2024-11-18T12:44:38","slug":"accidente-de-camion-en-miami-gardens-abogados-de-lesiones-de-camion-en-el-condado-de-miami-dade","status":"publish","type":"page","link":"https:\/\/flaxmanlaw.com\/es\/accidente-de-camion-en-miami-gardens-abogados-de-lesiones-de-camion-en-el-condado-de-miami-dade\/","title":{"rendered":"Accidente de Cami\u00f3n en Miami Gardens | Abogados de Lesiones de Cami\u00f3n en el Condado de Miami-Dade"},"content":{"rendered":"<div class=\"bodytext\">\n<h2>Accidente de Cami\u00f3n en Miami Gardens<\/h1><\/h2>\n<div class=\"description\">\n<p>Miami Gardens es una comunidad consolidada y diversa del condado de Miami-Dade. Es muy conocida por ser la sede de la Orange Bowl de cada a\u00f1o y por albergar el estadio Sun Life, donde juegan muchos equipos deportivos profesionales y universitarios. No es de extra\u00f1ar, pues, que Miami Gardens atraiga a muchos aficionados al deporte, que la visitan por los acontecimientos deportivos de la ciudad. Muchos de los residentes de la ciudad tambi\u00e9n son grandes aficionados al deporte y disfrutan de los muchos acontecimientos especiales que se celebran en el Estadio Sun Life.   <\/p>\n<p>Como en Miami Gardens hay tanto tr\u00e1fico debido a los acontecimientos especiales, cada a\u00f1o se producen muchos accidentes de coche y de cami\u00f3n en la ciudad. Muchas v\u00edctimas de accidentes de cami\u00f3n en Miami Gardens creen que, como pagan un seguro de coche, el seguro cubrir\u00e1 todos los gastos de su accidente. Desgraciadamente, no siempre es as\u00ed. A las compa\u00f1\u00edas de seguros les interesa seguir siendo rentables, como a cualquier empresa, y esto significa que la mayor\u00eda de las aseguradoras trabajan con equipos de abogados y de investigadores privados que se esfuerzan por garantizar que las compa\u00f1\u00edas de seguros no tengan que pagar en las reclamaciones m\u00e1s de lo estrictamente necesario.   <\/p>\n<p>Tras un <a href=\"accidentes-de-cami\u00f3n.html\">accidente de cami\u00f3n<\/a> en Miami Gardens, muchas v\u00edctimas se encuentran con que les ofrecen una cantidad de indemnizaci\u00f3n que no cubre totalmente los costes de sus lesiones y los da\u00f1os sufridos por su veh\u00edculo. En muchos casos, las compa\u00f1\u00edas de seguros etiquetan algunos procedimientos -como la terapia o los injertos de piel tras una lesi\u00f3n por quemaduras- como gastos \u00abinnecesarios\u00bb, dejando a la v\u00edctima que los pague de su bolsillo. Por estas razones, es importante consultar al menos a un abogado cualificado en lesiones personales de Miami Gardens si has sufrido un accidente de cami\u00f3n. Un abogado calificado de Miami Gardens del Grupo Legal Flaxman puede ayudarte a estimar con precisi\u00f3n los costos totales y da\u00f1os del accidente, puede ayudarte a determinar las partes culpables, y puede ayudarte a llevar tu caso para que los costos de tu accidente sean cubiertos.   <\/p>\n<p>Si has sufrido un accidente de cami\u00f3n en Miami Gardens, <a href=\"contacta con nosotros.html\">contacta<\/a> al Grupo Legal Flaxman. El equipo jur\u00eddico del Grupo Legal Flaxman cuenta con d\u00e9cadas de experiencia y ya ha ayudado a miles de demandantes a recuperar el dinero que necesitaban para enfocarse en el proceso de recuperaci\u00f3n. Llama hoy mismo al Grupo Legal Flaxman para programar una consulta gratuita y sin compromiso para hablar sobre tu caso. El compasivo y bien informado equipo legal del Grupo Legal Flaxman puede ayudarle a comprender sus derechos y opciones, para que pueda tomar una decisi\u00f3n firme en su caso. Si decides tomar acci\u00f3n, el equipo jur\u00eddico del Grupo Legal Flaxman puede apoyarte en cada paso del proceso, negociando con las aseguradoras, investigando tu accidente, e incluso represent\u00e1ndote agresivamente ante la corte si decides levantar una demanda legal.    <\/p>\n<p>Las oficinas del Grupo Legal Flaxman en Hollywood est\u00e1n a 12 minutos manejando desde Miami Gardens. Para llegar, conduce hacia el sur por NW 27th Ave y gira a la izquierda en NW 183rd St (Miami Gardens Dr). Gira a la izquierda en FL-7 N (NW 2nd Ave.), luego gira a la derecha en Johnson St. y conduce hasta el 5715 de Johnson St., donde el Grupo Legal Flaxman tiene sus oficinas.<\/p>\n<\/p><\/div>\n<div class=\"subpageslist\"> <strong class=\"heading4 widget-title\"><a href=\"miami-gardens-fatiga-del-conductor-de-camiones.html\">Fatiga del camionero<\/a><\/strong> <strong class=\"heading4 widget-title\"><a href=\"miami-jardines-puntos-ciegos.html\">Puntos ciegos<\/a><\/strong> <strong class=\"heading4 widget-title\"><a href=\"miami-gardens-braking-failure.html\">Fallo de frenado<\/a><\/strong> <strong class=\"heading4 widget-title\"><a href=\"miami-jardines-parar-distancia.html\">Distancia de frenado<\/a><\/strong> <strong class=\"heading4 widget-title\"><a href=\"miami-gardens-neum\u00e1ticos-bal\u00f3n-neum\u00e1tico.html\">Neum\u00e1ticos Calvos \/ Revent\u00f3n de Neum\u00e1ticos<\/a><\/strong> <strong class=\"heading4 widget-title\"><a href=\"miami-jardines-sobrepeso-sobrecarga-camiones.html\">Camiones con sobrepeso \/ sobrecarga<\/a><\/strong> <\/div>\n<\/p><\/div>\n","protected":false},"excerpt":{"rendered":"<p>Sin honorarios a menos que ganemos. Llama al 866-352-9626 para una &#8230; <\/p>\n","protected":false},"author":3,"featured_media":0,"parent":0,"menu_order":0,"comment_status":"closed","ping_status":"closed","template":"template-practice-areas.php","meta":{"footnotes":""},"class_list":["post-22374","page","type-page","status-publish","hentry"],"featured_image_src":null,"featured_image_src_square":null,"_links":{"self":[{"href":"https:\/\/flaxmanlaw.com\/es\/wp-json\/wp\/v2\/pages\/22374","targetHints":{"allow":["GET"]}}],"collection":[{"href":"https:\/\/flaxmanlaw.com\/es\/wp-json\/wp\/v2\/pages"}],"about":[{"href":"https:\/\/flaxmanlaw.com\/es\/wp-json\/wp\/v2\/types\/page"}],"author":[{"embeddable":true,"href":"https:\/\/flaxmanlaw.com\/es\/wp-json\/wp\/v2\/users\/3"}],"replies":[{"embeddable":true,"href":"https:\/\/flaxmanlaw.com\/es\/wp-json\/wp\/v2\/comments?post=22374"}],"version-history":[{"count":0,"href":"https:\/\/flaxmanlaw.com\/es\/wp-json\/wp\/v2\/pages\/22374\/revisions"}],"wp:attachment":[{"href":"https:\/\/flaxmanlaw.com\/es\/wp-json\/wp\/v2\/media?parent=22374"}],"curies":[{"name":"wp","href":"https:\/\/api.w.org\/{rel}","templated":true}]}}