{"id":22376,"date":"2024-11-18T12:44:38","date_gmt":"2024-11-18T12:44:38","guid":{"rendered":"https:\/\/flaxmanlaw.wpenginepowered.com\/lesiones-laborales-miami-gardens-abogados-compensacion-laboral-condado-miami-dade\/"},"modified":"2024-11-18T12:44:38","modified_gmt":"2024-11-18T12:44:38","slug":"lesiones-laborales-miami-gardens-abogados-compensacion-laboral-condado-miami-dade","status":"publish","type":"page","link":"https:\/\/flaxmanlaw.com\/es\/lesiones-laborales-miami-gardens-abogados-compensacion-laboral-condado-miami-dade\/","title":{"rendered":"Lesiones Laborales Miami Gardens | Abogados Compensaci\u00f3n Laboral Condado Miami-Dade"},"content":{"rendered":"<div class=\"bodytext\">\n<h2>Lesiones laborales en Miami Gardens<\/h1><\/h2>\n<div class=\"description\">\n<p>Miami Gardens es una ciudad del sur de Florida situada en el condado de Miami-Dade. Con una poblaci\u00f3n culturalmente rica, esta comunidad es conocida por su ambiente suburbano y por los recientes avances realizados por la Agencia de Reurbanizaci\u00f3n de la Comunidad (CRA) local para revitalizar la zona. Parte del plan de revitalizaci\u00f3n ha consistido en traer m\u00e1s puestos de trabajo a la zona, as\u00ed como m\u00e1s empresarios.  <\/p>\n<p>Los lugares de trabajo en Miami Gardens dan trabajo a la comunidad, pero en algunos casos los lugares de trabajo tambi\u00e9n pueden ser escenario de violencia y lesiones. Cada a\u00f1o, cientos de miles de personas sufren lesiones laborales en Florida, en Miami Gardens y en todas las comunidades. Estas lesiones van desde accidentes leves a mortales, pasando por enfermedades y lesiones relacionadas con el trabajo. Si has sufrido una lesi\u00f3n grave en tu lugar de trabajo o debido a tu trabajo, siempre puedes ponerte en contacto con el <a href=\"sobre nosotros.html\">Grupo Legal Flaxman<\/a> para hablar sobre tus opciones legales con un abogado.   <\/p>\n<p><strong class=\"heading4\">\u00bfQu\u00e9 causa las lesiones laborales en Miami Gardens y otras comunidades?<\/strong><\/p>\n<p>En muchos casos, los accidentes laborales en Miami Gardens y otras comunidades est\u00e1n causados por cuestiones evitables, como:<\/p>\n<ul>\n<li>Mantenimiento inadecuado de los equipos o veh\u00edculos del lugar de trabajo<\/li>\n<li>Formaci\u00f3n incorrecta<\/li>\n<li>Procedimientos y pol\u00edticas de seguridad incorrectos<\/li>\n<li>Ignorar las preocupaciones de los empleados sobre cuestiones de seguridad<\/li>\n<li>No comprobar los peligros para la seguridad, como derrames, ventanas rotas y otros problemas<\/li>\n<li>Seguridad inadecuada en el lugar de trabajo<\/li>\n<li>Selecci\u00f3n incorrecta de los empleados<\/li>\n<\/ul>\n<p>Los empresarios tienen la responsabilidad de proporcionar un entorno de trabajo seguro a sus empleados. Cuando los empresarios no lo hacen y los empleados sufren lesiones, los trabajadores tienen derecho a reclamar una indemnizaci\u00f3n por accidente laboral en Miami Gardens o en su comunidad. En algunos casos -como las situaciones en las que un tercero es parcialmente responsable de una lesi\u00f3n- los empleados tambi\u00e9n pueden presentar una demanda judicial. La interposici\u00f3n de una demanda judicial permite a los trabajadores reclamar una indemnizaci\u00f3n por sus gastos m\u00e9dicos, salarios perdidos, da\u00f1os materiales y otros gastos relacionados con su lesi\u00f3n.   <\/p>\n<p><strong class=\"heading4\">Qu\u00e9 hacer si te lesionas en el trabajo en Miami Gardens<\/strong><\/p>\n<p>Si te lesionas en el trabajo, tu primera responsabilidad es recibir atenci\u00f3n m\u00e9dica adecuada. Si has sufrido un traumatismo craneoencef\u00e1lico u otra lesi\u00f3n potencialmente grave, es especialmente importante que busques r\u00e1pidamente ayuda m\u00e9dica urgente para una evaluaci\u00f3n completa. Retrasar la ayuda m\u00e9dica puede complicar tu situaci\u00f3n m\u00e9dica e incluso provocar muertes.  <\/p>\n<p>Una vez hayas recibido atenci\u00f3n m\u00e9dica, es importante que informes de todas las posibles lesiones relacionadas con el accidente o incidente laboral. Informa incluso de las lesiones leves, ya que algunas de ellas pueden resultar costosas m\u00e1s adelante o ser m\u00e1s graves de lo que pensabas en un principio. No informar de una lesi\u00f3n puede dificultar que obtengas una indemnizaci\u00f3n por tus lesiones.  <\/p>\n<p>Aseg\u00farate de documentar todas las condiciones que rodean tu lugar de trabajo, as\u00ed como tus lesiones. Haz fotos del lugar de trabajo donde se produjo la lesi\u00f3n, haz fotos de tus lesiones, obt\u00e9n copias de los informes m\u00e9dicos y re\u00fane informaci\u00f3n sobre tus lesiones y los acontecimientos que las provocaron. Aunque no est\u00e1s obligado a hacerlo seg\u00fan la legislaci\u00f3n de Florida, puede ser \u00fatil tener esta informaci\u00f3n a mano si decides emprender una reclamaci\u00f3n legal o descubres que se retrasa o deniega tu reclamaci\u00f3n de indemnizaci\u00f3n por accidente laboral en Miami Gardens o en tu comunidad.  <\/p>\n<p>Si tienes problemas para obtener una compensaci\u00f3n justa por tus lesiones o tienes preguntas sobre tus derechos despu\u00e9s de una lesi\u00f3n laboral grave, <a href=\"contacta con nosotros.html\">contacta<\/a> al Grupo Legal Flaxman. El personal jur\u00eddico del Grupo Legal Flaxman ha visto de primera mano lo devastadoras que pueden ser las lesiones laborales y ha puesto sus recursos a trabajar a favor de las partes lesionadas. Para averiguar lo que el Grupo Legal Flaxman puede hacer para ayudarle a obtener una indemnizaci\u00f3n, contacte hoy mismo a la firma para programar una consulta gratuita sobre accidentes.  <\/p>\n<\/p><\/div>\n<\/p><\/div>\n","protected":false},"excerpt":{"rendered":"<p>Sin honorarios a menos que ganemos. Llama al 866-352-9626 para una &#8230; <\/p>\n","protected":false},"author":3,"featured_media":0,"parent":0,"menu_order":0,"comment_status":"closed","ping_status":"closed","template":"template-practice-areas.php","meta":{"footnotes":""},"class_list":["post-22376","page","type-page","status-publish","hentry"],"featured_image_src":null,"featured_image_src_square":null,"_links":{"self":[{"href":"https:\/\/flaxmanlaw.com\/es\/wp-json\/wp\/v2\/pages\/22376","targetHints":{"allow":["GET"]}}],"collection":[{"href":"https:\/\/flaxmanlaw.com\/es\/wp-json\/wp\/v2\/pages"}],"about":[{"href":"https:\/\/flaxmanlaw.com\/es\/wp-json\/wp\/v2\/types\/page"}],"author":[{"embeddable":true,"href":"https:\/\/flaxmanlaw.com\/es\/wp-json\/wp\/v2\/users\/3"}],"replies":[{"embeddable":true,"href":"https:\/\/flaxmanlaw.com\/es\/wp-json\/wp\/v2\/comments?post=22376"}],"version-history":[{"count":0,"href":"https:\/\/flaxmanlaw.com\/es\/wp-json\/wp\/v2\/pages\/22376\/revisions"}],"wp:attachment":[{"href":"https:\/\/flaxmanlaw.com\/es\/wp-json\/wp\/v2\/media?parent=22376"}],"curies":[{"name":"wp","href":"https:\/\/api.w.org\/{rel}","templated":true}]}}