{"id":22377,"date":"2024-11-18T12:44:38","date_gmt":"2024-11-18T12:44:38","guid":{"rendered":"https:\/\/flaxmanlaw.wpenginepowered.com\/distancia-de-frenado-en-miami-gardens-abogados-de-accidentes-de-camion-en-el-condado-de-miami-dade\/"},"modified":"2024-11-18T12:44:38","modified_gmt":"2024-11-18T12:44:38","slug":"distancia-de-frenado-en-miami-gardens-abogados-de-accidentes-de-camion-en-el-condado-de-miami-dade","status":"publish","type":"page","link":"https:\/\/flaxmanlaw.com\/es\/distancia-de-frenado-en-miami-gardens-abogados-de-accidentes-de-camion-en-el-condado-de-miami-dade\/","title":{"rendered":"Distancia de frenado en Miami Gardens | Abogados de accidentes de cami\u00f3n en el condado de Miami-Dade"},"content":{"rendered":"<div class=\"bodytext\">\n<h2>Distancia de parada en Miami Gardens<\/h1><\/h2>\n<div class=\"description\">\n<p>Hay muchas historias sobre camiones comerciales que causan colisiones por alcance en Miami Gardens y otras ciudades porque un camionero no pudo parar a tiempo para evitar el choque. Este tipo de accidentes puede ocurrir por varias razones. Un conductor de cami\u00f3n puede estar fatigado, borracho o distra\u00eddo, lo que significa que sus respuestas son demasiado lentas para permitirle frenar a tiempo. Se espera que los conductores de camiones est\u00e9n correctamente formados y sepan que sus distancias de frenado son mayores. Se espera que conduzcan teniendo esto en cuenta y que se den tiempo suficiente para detenerse. Cuando no lo hacen o cuando un fallo mec\u00e1nico evitable provoca una colisi\u00f3n, los heridos en la colisi\u00f3n pueden tener una reclamaci\u00f3n legal contra el camionero o el transportista implicados en el accidente.     <\/p>\n<p>\u00bfHa resultado usted lesionado en un accidente de cami\u00f3n causado por un camionero que no se detuvo a tiempo para evitar la colisi\u00f3n? Los abogados del Grupo Legal Flaxman van m\u00e1s all\u00e1 de su deber para proporcionar consultas de caso gratuitas y sin compromiso para ofrecer asesor\u00eda legal a quienes han resultado lesionados. Contacte hoy mismo a nuestra firma de abogados de Florida del Sur para obtener una revisi\u00f3n gratuita de su caso.  <\/p>\n<p><strong class=\"heading4\">C\u00f3mo evitar colisiones por distancia de frenado en Miami Gardens y Florida<\/strong><\/p>\n<p>Los camiones comerciales tienen distancias de frenado m\u00e1s largas que los turismos. Debido a su tama\u00f1o y peso, tardan mucho m\u00e1s en detenerse que los turismos. Lo que esto significa para los usuarios de la carretera es que es importante dejar m\u00e1s espacio a los remolques y grandes camiones. Seguir demasiado de cerca a un cami\u00f3n o permitir que te siga por detr\u00e1s puede provocar una colisi\u00f3n por alcance u otro tipo de choque.   <\/p>\n<p>Por supuesto, aunque seas precavido, un conductor de cami\u00f3n puede no tomar las precauciones necesarias o enfrentarse a un fallo mec\u00e1nico o perder el control de su cami\u00f3n, lo que puede no permitirle detenerse a tiempo para evitar una colisi\u00f3n. Si resultas herido por un cami\u00f3n comercial que no pudo frenar a tiempo, es importante que obtengas asesoramiento jur\u00eddico sobre tu situaci\u00f3n. Tu accidente puede haberse evitado.  <\/p>\n<p>Si tu accidente pudo evitarse y fue causado por alg\u00fan tipo de negligencia, puedes tener una reclamaci\u00f3n legal que te permita pedir una indemnizaci\u00f3n por tus facturas m\u00e9dicas, salarios perdidos y otros gastos y da\u00f1os y perjuicios. Ten en cuenta que estos da\u00f1os pueden acabar cost\u00e1ndote decenas de miles o incluso cientos de miles de d\u00f3lares. Pedir una indemnizaci\u00f3n ahora puede ser una forma importante de protegerte econ\u00f3micamente en el futuro.  <\/p>\n<p><strong class=\"heading4\">\u00bfTienes una reclamaci\u00f3n legal tras tu colisi\u00f3n?<\/strong><\/p>\n<p>En <a href=\"contacta con nosotros.html\">el Grupo Legal Flaxman<\/a>, nuestros abogados se enfocan en proporcionar a los sobrevivientes de accidentes el conocimiento y la asesor\u00eda y representaci\u00f3n legal profesional que merecen. Comprendemos que el tiempo que sigue a un accidente es a menudo devastador y aterrador. El proceso del seguro puede ser intimidante e intentar afrontar la p\u00e9rdida de un ser querido o una lesi\u00f3n grave puede ser extremadamente dif\u00edcil. Si deseas averiguar lo que <a href=\"contacta con nosotros.html\">el Grupo Legal Flaxman<\/a> puede hacer por ti, contacta con nuestro bufete en cualquier momento.   <\/p>\n<\/p><\/div>\n<\/p><\/div>\n","protected":false},"excerpt":{"rendered":"<p>Sin honorarios a menos que ganemos. Llama al 866-352-9626 para una &#8230; <\/p>\n","protected":false},"author":3,"featured_media":0,"parent":0,"menu_order":0,"comment_status":"closed","ping_status":"closed","template":"template-practice-areas.php","meta":{"footnotes":""},"class_list":["post-22377","page","type-page","status-publish","hentry"],"featured_image_src":null,"featured_image_src_square":null,"_links":{"self":[{"href":"https:\/\/flaxmanlaw.com\/es\/wp-json\/wp\/v2\/pages\/22377","targetHints":{"allow":["GET"]}}],"collection":[{"href":"https:\/\/flaxmanlaw.com\/es\/wp-json\/wp\/v2\/pages"}],"about":[{"href":"https:\/\/flaxmanlaw.com\/es\/wp-json\/wp\/v2\/types\/page"}],"author":[{"embeddable":true,"href":"https:\/\/flaxmanlaw.com\/es\/wp-json\/wp\/v2\/users\/3"}],"replies":[{"embeddable":true,"href":"https:\/\/flaxmanlaw.com\/es\/wp-json\/wp\/v2\/comments?post=22377"}],"version-history":[{"count":0,"href":"https:\/\/flaxmanlaw.com\/es\/wp-json\/wp\/v2\/pages\/22377\/revisions"}],"wp:attachment":[{"href":"https:\/\/flaxmanlaw.com\/es\/wp-json\/wp\/v2\/media?parent=22377"}],"curies":[{"name":"wp","href":"https:\/\/api.w.org\/{rel}","templated":true}]}}