{"id":22378,"date":"2024-11-18T12:44:38","date_gmt":"2024-11-18T12:44:38","guid":{"rendered":"https:\/\/flaxmanlaw.wpenginepowered.com\/accidentes-por-cambio-imprudente-de-carril-en-miami-gardens-abogados-de-accidentes-de-trafico-del-condado-de-miami-dade\/"},"modified":"2024-11-18T12:44:38","modified_gmt":"2024-11-18T12:44:38","slug":"accidentes-por-cambio-imprudente-de-carril-en-miami-gardens-abogados-de-accidentes-de-trafico-del-condado-de-miami-dade","status":"publish","type":"page","link":"https:\/\/flaxmanlaw.com\/es\/accidentes-por-cambio-imprudente-de-carril-en-miami-gardens-abogados-de-accidentes-de-trafico-del-condado-de-miami-dade\/","title":{"rendered":"Accidentes por cambio imprudente de carril en Miami Gardens | Abogados de accidentes de tr\u00e1fico del condado de Miami-Dade"},"content":{"rendered":"<div class=\"bodytext\">\n<h2>Accidentes por Cambio de Carril Inseguro en Miami Gardens<\/h1><\/h2>\n<div class=\"description\">\n<p>Los cambios de carril son una parte necesaria de la conducci\u00f3n. Puede que tengas que cambiar de carril para situarte en el carril correcto para girar o para adelantar a un veh\u00edculo que circula m\u00e1s despacio. Por supuesto, esperas que los dem\u00e1s conductores de la carretera sean tan conscientes como t\u00fa al cambiar de carril y comprueben los \u00e1ngulos muertos, as\u00ed como que realicen correctamente los cambios de carril. Cuando los conductores son negligentes durante esta arriesgada maniobra de conducci\u00f3n, pueden producirse, y de hecho se producen, accidentes graves e incluso mortales en Miami Gardens y otras comunidades de Florida.   <\/p>\n<p>Si usted ha resultado lesionado en un accidente de cambio de carril o en cualquier accidente de tr\u00e1fico, contacte a los abogados del Grupo Legal Flaxman. Los abogados de nuestra firma de servicios integrales cuentan con m\u00e1s de 60 a\u00f1os de experiencia legal combinada ayudando a demandantes como usted y a sus familias a recuperar la justicia y la compensaci\u00f3n por sus lesiones. Si quieres saber si tienes una demanda, contacta hoy mismo con nuestro bufete llamando al 866-352-9626 o utilizando nuestro sitio web para concertar una revisi\u00f3n gratuita de tu caso.  <\/p>\n<p><strong class=\"heading4\">El coste de un accidente por cambio inseguro de carril puede ser considerable<\/strong><\/p>\n<p>Los accidentes de cami\u00f3n y coche por cambio de carril pueden ocasionarte muchos gastos considerables, entre ellos:<\/p>\n<ul>\n<li>Costes de rehabilitaci\u00f3n<\/li>\n<li>P\u00e9rdida de bienes y costes de sustituci\u00f3n de bienes<\/li>\n<li>Gastos m\u00e9dicos<\/li>\n<li>P\u00e9rdida de ingresos<\/li>\n<li>Medicaci\u00f3n<\/li>\n<li>Productos sanitarios<\/li>\n<li>Rehabilitaci\u00f3n, terapia y otros servicios m\u00e9dicos<\/li>\n<li>Cuidados de larga duraci\u00f3n o a domicilio<\/li>\n<li>Gastos accesorios<\/li>\n<li>Facturas de reparaci\u00f3n o sustituci\u00f3n del coche<\/li>\n<\/ul>\n<p>Ten en cuenta que, incluso con cobertura m\u00e9dica y seguro de coche, puedes acabar teniendo que pagar t\u00fa mismo cantidades considerables. En algunos casos, las compa\u00f1\u00edas de seguros infravaloran las reclamaciones o no cubren el coste total de las lesiones porque alegan que la p\u00f3liza de seguro no cubre todos tus gastos. <\/p>\n<p><strong class=\"heading4\">\u00bfTe preocupa tu futuro y las prestaciones de tu seguro?<\/strong><\/p>\n<p>Puede ser devastador sufrir lesiones graves y descubrir que, adem\u00e1s del dolor y el sufrimiento que sientes, tambi\u00e9n te enfrentas a dificultades econ\u00f3micas porque tienes que pagar decenas de miles o incluso m\u00e1s por gastos m\u00e9dicos, gastos imprevistos y otros gastos. Si has sufrido un accidente de coche sin tener la culpa, es importante que consultes a un abogado de lesiones personales en Miami Gardens o en tu comunidad para averiguar cu\u00e1les son tus costes totales probables y cu\u00e1nto puede valer tu caso. Un abogado de lesiones personales puede revisar tu situaci\u00f3n contigo y ayudarte a comprender si tienes una reclamaci\u00f3n legal u otras opciones legales para conseguir una indemnizaci\u00f3n justa y, posiblemente, prestaciones del seguro.  <\/p>\n<p>Si usted desea hablar hoy mismo con un abogado de lesiones personales, <a href=\"contacta con nosotros.html\">contacte<\/a> al <a href=\"contacta con nosotros.html\">Grupo Legal Flaxman<\/a> al 866-352-9626 para una consulta gratuita y sin compromiso de su caso. El Grupo Legal Flaxman es una firma de servicios integrales con oficinas en Miami, Homestead, y Hollywood. Estaremos encantados de reunirnos con usted en una de nuestras tres oficinas o en su casa, habitaci\u00f3n de hospital, o lugar de trabajo si est\u00e1 demasiado lesionado para viajar. Tu consulta inicial con nosotros es gratuita y sin compromiso.   <\/p>\n<\/p><\/div>\n<\/p><\/div>\n","protected":false},"excerpt":{"rendered":"<p>Sin honorarios a menos que ganemos. Llama al 866-352-9626 para una &#8230; <\/p>\n","protected":false},"author":3,"featured_media":0,"parent":0,"menu_order":0,"comment_status":"closed","ping_status":"closed","template":"template-practice-areas.php","meta":{"footnotes":""},"class_list":["post-22378","page","type-page","status-publish","hentry"],"featured_image_src":null,"featured_image_src_square":null,"_links":{"self":[{"href":"https:\/\/flaxmanlaw.com\/es\/wp-json\/wp\/v2\/pages\/22378","targetHints":{"allow":["GET"]}}],"collection":[{"href":"https:\/\/flaxmanlaw.com\/es\/wp-json\/wp\/v2\/pages"}],"about":[{"href":"https:\/\/flaxmanlaw.com\/es\/wp-json\/wp\/v2\/types\/page"}],"author":[{"embeddable":true,"href":"https:\/\/flaxmanlaw.com\/es\/wp-json\/wp\/v2\/users\/3"}],"replies":[{"embeddable":true,"href":"https:\/\/flaxmanlaw.com\/es\/wp-json\/wp\/v2\/comments?post=22378"}],"version-history":[{"count":0,"href":"https:\/\/flaxmanlaw.com\/es\/wp-json\/wp\/v2\/pages\/22378\/revisions"}],"wp:attachment":[{"href":"https:\/\/flaxmanlaw.com\/es\/wp-json\/wp\/v2\/media?parent=22378"}],"curies":[{"name":"wp","href":"https:\/\/api.w.org\/{rel}","templated":true}]}}