{"id":22380,"date":"2024-11-18T12:44:38","date_gmt":"2024-11-18T12:44:38","guid":{"rendered":"https:\/\/flaxmanlaw.wpenginepowered.com\/accidente-de-motorista-con-seguro-insuficiente-en-miami-gardens-abogados-de-accidentes-de-coche-en-el-condado-de-miami-dade\/"},"modified":"2024-11-18T12:44:38","modified_gmt":"2024-11-18T12:44:38","slug":"accidente-de-motorista-con-seguro-insuficiente-en-miami-gardens-abogados-de-accidentes-de-coche-en-el-condado-de-miami-dade","status":"publish","type":"page","link":"https:\/\/flaxmanlaw.com\/es\/accidente-de-motorista-con-seguro-insuficiente-en-miami-gardens-abogados-de-accidentes-de-coche-en-el-condado-de-miami-dade\/","title":{"rendered":"Accidente de motorista con seguro insuficiente en Miami Gardens | Abogados de accidentes de coche en el condado de Miami-Dade"},"content":{"rendered":"<div class=\"bodytext\">\n<h2>Accidente de motorista con seguro insuficiente en Miami Gardens<\/h1><\/h2>\n<div class=\"description\">\n<p>\u00bfHas tenido un accidente de coche en Miami Gardens o en tu comunidad con un conductor que ten\u00eda un seguro de coche inadecuado o que no ten\u00eda seguro de coche? No eres el \u00fanico. El Instituto de Informaci\u00f3n sobre Seguros informa de que en 20.009, el 18% de los conductores que circulaban por las carreteras de todo el pa\u00eds carec\u00edan de seguro. Desgraciadamente, Florida fue el quinto estado del pa\u00eds en conductores sin seguro o con seguro insuficiente. En Florida, el 23% de los conductores que circulaban por las carreteras del estado no ten\u00edan seguro en 2009.    <\/p>\n<p>Si usted ha resultado lesionado por uno de estos conductores con seguro insuficiente, contacte al Grupo Legal Flaxman, una firma de servicios integrales en Florida del Sur. Podemos ayudarte a averiguar si tienes otras opciones para conseguir una indemnizaci\u00f3n justa o si hay alguna forma de negociar con la p\u00f3liza de seguros del conductor culpable para conseguir una indemnizaci\u00f3n justa por tus lesiones. Una consulta inicial con el Grupo Legal Flaxman es gratuita y viene sin presiones ni obligaciones.  <\/p>\n<p><strong class=\"heading4\">Las lesiones graves pueden salir muy caras<\/strong><\/p>\n<p>Las lesiones graves pueden causar problemas econ\u00f3micos, porque puede que tengas que pagar por ellas:<\/p>\n<ul>\n<li>Estancias hospitalarias<\/li>\n<li>Cirug\u00eda<\/li>\n<li>Medicaci\u00f3n<\/li>\n<li>Dispositivos m\u00e9dicos o farmac\u00e9uticos<\/li>\n<li>Terapia<\/li>\n<li>Terapia f\u00edsica, fisioterapia, asesoramiento y otros servicios m\u00e9dicos<\/li>\n<li>Cuidados de larga duraci\u00f3n o a domicilio<\/li>\n<li>Gastos de reparaci\u00f3n o sustituci\u00f3n del coche<\/li>\n<li>Da\u00f1os materiales<\/li>\n<li>Salarios perdidos<\/li>\n<li>Aumento futuro de los costes m\u00e9dicos<\/li>\n<li>P\u00e9rdida de ingresos prevista en el futuro<\/li>\n<li>Cualquier coste incidental<\/li>\n<\/ul>\n<p>Ten en cuenta que s\u00f3lo los gastos imprevistos pueden acabar costando decenas de miles de d\u00f3lares.<\/p>\n<p><strong class=\"heading4\">\u00bfQu\u00e9 ocurre cuando los conductores circulan sin seguro o con un seguro insuficiente?<\/strong><\/p>\n<p>Si se descubre que un conductor conduce sin seguro, se le pueden imponer multas de hasta 5000 $ y se le puede retirar o suspender el permiso o la matr\u00edcula. En algunos casos, sus veh\u00edculos pueden ser confiscados o pueden enfrentarse a penas de c\u00e1rcel. Si el accidente se salda con muertos o heridos, las penas pueden ser a\u00fan m\u00e1s graves.  <\/p>\n<p>Por desgracia, puede ser m\u00e1s dif\u00edcil para los demandantes obtener justicia en casos de automovilistas con seguro insuficiente. En estos casos, las compa\u00f1\u00edas de seguros a veces dicen al demandante lesionado que sencillamente no hay nada que puedan hacer. Afortunadamente, no siempre es as\u00ed. Puede haber varias opciones a disposici\u00f3n del perjudicado.   <\/p>\n<p>La realidad es que si has sufrido lesiones sin tener la culpa, mereces una indemnizaci\u00f3n justa, as\u00ed como justicia. En estos casos, suele ser mejor consultar a un abogado de lesiones personales de tu comunidad. Un abogado de lesiones personales cualificado en Miami Gardens o en tu comunidad puede revisar tu caso, puede hablar con la aseguradora en tu nombre y puede poner en marcha cualquier acci\u00f3n legal que pueda ayudarte a conseguir una indemnizaci\u00f3n. Un abogado experto en lesiones personales puede utilizar todas las herramientas legales disponibles y no dejar piedra sin remover en la b\u00fasqueda de una indemnizaci\u00f3n por tus lesiones.   <\/p>\n<p>El Grupo Legal Flaxman ofrece consultas gratuitas sobre accidentes y acepta casos en base a honorarios de contingencia. Si te preocupa buscar asesor\u00eda legal porque te preocupan los honorarios legales, el Grupo Legal Flaxman te quita los costos y los riesgos de buscar ayuda legal. Si usted tiene un caso legal viable, trabajar con el Grupo Legal Flaxman en base a honorarios de contingencia significa que usted no tendr\u00e1 que pagar los honorarios y costos legales hasta que el Grupo Legal Flaxman recupere dinero en su nombre. Su consulta inicial gratuita sobre accidentes viene sin riesgo y sin costo alguno para que pueda obtener asesor\u00eda legal sobre su situaci\u00f3n y para que pueda obtener respuestas a algunas de sus preguntas. Llama hoy mismo a nuestro bufete de servicios integrales para concertar una revisi\u00f3n gratuita de tu caso.    <\/p>\n<\/p><\/div>\n<\/p><\/div>\n","protected":false},"excerpt":{"rendered":"<p>Sin honorarios a menos que ganemos. Llama al 866-352-9626 para una &#8230; <\/p>\n","protected":false},"author":3,"featured_media":0,"parent":0,"menu_order":0,"comment_status":"closed","ping_status":"closed","template":"template-practice-areas.php","meta":{"footnotes":""},"class_list":["post-22380","page","type-page","status-publish","hentry"],"featured_image_src":null,"featured_image_src_square":null,"_links":{"self":[{"href":"https:\/\/flaxmanlaw.com\/es\/wp-json\/wp\/v2\/pages\/22380","targetHints":{"allow":["GET"]}}],"collection":[{"href":"https:\/\/flaxmanlaw.com\/es\/wp-json\/wp\/v2\/pages"}],"about":[{"href":"https:\/\/flaxmanlaw.com\/es\/wp-json\/wp\/v2\/types\/page"}],"author":[{"embeddable":true,"href":"https:\/\/flaxmanlaw.com\/es\/wp-json\/wp\/v2\/users\/3"}],"replies":[{"embeddable":true,"href":"https:\/\/flaxmanlaw.com\/es\/wp-json\/wp\/v2\/comments?post=22380"}],"version-history":[{"count":0,"href":"https:\/\/flaxmanlaw.com\/es\/wp-json\/wp\/v2\/pages\/22380\/revisions"}],"wp:attachment":[{"href":"https:\/\/flaxmanlaw.com\/es\/wp-json\/wp\/v2\/media?parent=22380"}],"curies":[{"name":"wp","href":"https:\/\/api.w.org\/{rel}","templated":true}]}}