{"id":22383,"date":"2024-11-18T12:44:38","date_gmt":"2024-11-18T12:44:38","guid":{"rendered":"https:\/\/flaxmanlaw.wpenginepowered.com\/miami-gardens-impacto-lateral-abogados-de-accidentes-de-coche-en-el-condado-de-miami-dade\/"},"modified":"2024-11-18T12:44:38","modified_gmt":"2024-11-18T12:44:38","slug":"miami-gardens-impacto-lateral-abogados-de-accidentes-de-coche-en-el-condado-de-miami-dade","status":"publish","type":"page","link":"https:\/\/flaxmanlaw.com\/es\/miami-gardens-impacto-lateral-abogados-de-accidentes-de-coche-en-el-condado-de-miami-dade\/","title":{"rendered":"Miami Gardens Impacto lateral | Abogados de accidentes de coche en el condado de Miami-Dade"},"content":{"rendered":"<div class=\"bodytext\">\n<h2>Impacto lateral en Miami Gardens<\/h1><\/h2>\n<div class=\"description\">\n<p>Recuperarse de un accidente de coche con impacto lateral o en T puede ser extremadamente dif\u00edcil. Estos tipos de accidentes de coche suelen conllevar lesiones graves, como traumatismos craneoencef\u00e1licos, lesiones medulares, amputaciones y otras lesiones permanentes. Tambi\u00e9n es probable que estos accidentes provoquen lesiones mortales.  <\/p>\n<p>Esto se debe a que, en un accidente en T, estas colisiones suelen estar provocadas por un conductor que se salt\u00f3 un sem\u00e1foro en rojo o una se\u00f1al de stop. La alta velocidad, as\u00ed como la falta de zona de deformaci\u00f3n en el lateral del veh\u00edculo, pueden provocar lesiones graves a los pasajeros. En muchos casos, los pasajeros sufren traumatismos por objeto contundente, aplastamiento u otro tipo de lesiones graves.  <\/p>\n<p>Si has resultado lesionado en un accidente de choque en T, contacta al Grupo Legal Flaxman para revisar tus opciones con un abogado de lesiones personales. Tus lesiones pueden requerir meses de recuperaci\u00f3n y pueden ser muy costosas. La ley de Florida te permite solicitar una indemnizaci\u00f3n por p\u00e9rdida de ingresos, facturas m\u00e9dicas y otros gastos. Deje que el Grupo Legal Flaxman le cuente m\u00e1s en una consulta gratuita sobre accidentes.   <\/p>\n<p>Recuperarse tras una colisi\u00f3n por alcance<\/p>\n<p>La recuperaci\u00f3n tras un accidente de tr\u00e1fico puede ser lenta debido a la gravedad de las lesiones probablemente sufridas. Este tipo de lesiones tambi\u00e9n suelen dar lugar a costosos tratamientos m\u00e9dicos. Las personas que han sufrido lesiones graves tras un accidente con impacto lateral pueden tener varios tipos de gastos, entre ellos:  <\/p>\n<ul>\n<li>Servicios m\u00e9dicos de urgencia<\/li>\n<li>Cirug\u00eda<\/li>\n<li>Facturas m\u00e9dicas<\/li>\n<li>P\u00e9rdida de salario o de ingresos<\/li>\n<li>Pr\u00f3tesis y otros productos sanitarios<\/li>\n<li>Rehabilitaci\u00f3n y fisioterapia<\/li>\n<li>Da\u00f1os materiales<\/li>\n<li>Gastos de reparaci\u00f3n del coche<\/li>\n<\/ul>\n<p><strong class=\"heading4\">Los gastos tras un accidente de tr\u00e1fico pueden ser mayores de lo que crees<\/strong><\/p>\n<p>Estos gastos pueden sumar f\u00e1cilmente cientos de miles de d\u00f3lares. Considera que alguien que haya sufrido una lesi\u00f3n medular grave en Miami Gardens, por ejemplo, puede esperar pagar 100.000 d\u00f3lares o m\u00e1s s\u00f3lo en el primer a\u00f1o de lesi\u00f3n. Por esta raz\u00f3n, es muy importante buscar todas las v\u00edas posibles para obtener una indemnizaci\u00f3n justa.  <\/p>\n<p>Si otra persona ha causado tu accidente de coche por su negligencia o imprudencia, la ley de Florida establece que no tienes por qu\u00e9 afrontar sola el coste de tus lesiones. Puedes tener derecho a solicitar una indemnizaci\u00f3n por da\u00f1os y perjuicios por tus lesiones, de modo que puedas permitirte una atenci\u00f3n m\u00e9dica de calidad mientras inicias el proceso de curaci\u00f3n. <\/p>\n<p>Si tienes una reclamaci\u00f3n legal en tu situaci\u00f3n, un abogado especializado en lesiones personales puede asesorarte jur\u00eddicamente y ayudarte a tramitar tu reclamaci\u00f3n para que obtengas una indemnizaci\u00f3n justa. Un abogado tambi\u00e9n puede ocuparse de todos los detalles, para que puedas centrarte en mejorar y en afrontar las secuelas emocionales de tu situaci\u00f3n. <\/p>\n<p>Sufrir lesiones graves en un accidente de tr\u00e1fico es un acontecimiento aterrador que cambia la vida. Pero no tienes que pasar por el proceso solo. Los profesionales y compasivos abogados del Grupo Legal Flaxman trabajan incansablemente a favor de las v\u00edctimas de accidentes de tr\u00e1fico y lesiones personales, ayud\u00e1ndoles a obtener los recursos y la defensa legal que merecen. Lucharemos agresivamente por tus derechos para asegurarnos de que obtengas el futuro que mereces. Contacte hoy mismo al Grupo Legal Flaxman para una consulta gratuita sobre accidentes para revisar su caso con un abogado de lesiones personales. Tu <a href=\"contacta con nosotros.html\">primera consulta es gratuita<\/a> y sin compromiso, as\u00ed que no arriesgas nada al hablar con un abogado para obtener asesor\u00eda legal.     <\/p>\n<\/p><\/div>\n<\/p><\/div>\n","protected":false},"excerpt":{"rendered":"<p>Sin honorarios a menos que ganemos. Llama al 866-352-9626 para una &#8230; <\/p>\n","protected":false},"author":3,"featured_media":0,"parent":0,"menu_order":0,"comment_status":"closed","ping_status":"closed","template":"template-practice-areas.php","meta":{"footnotes":""},"class_list":["post-22383","page","type-page","status-publish","hentry"],"featured_image_src":null,"featured_image_src_square":null,"_links":{"self":[{"href":"https:\/\/flaxmanlaw.com\/es\/wp-json\/wp\/v2\/pages\/22383","targetHints":{"allow":["GET"]}}],"collection":[{"href":"https:\/\/flaxmanlaw.com\/es\/wp-json\/wp\/v2\/pages"}],"about":[{"href":"https:\/\/flaxmanlaw.com\/es\/wp-json\/wp\/v2\/types\/page"}],"author":[{"embeddable":true,"href":"https:\/\/flaxmanlaw.com\/es\/wp-json\/wp\/v2\/users\/3"}],"replies":[{"embeddable":true,"href":"https:\/\/flaxmanlaw.com\/es\/wp-json\/wp\/v2\/comments?post=22383"}],"version-history":[{"count":0,"href":"https:\/\/flaxmanlaw.com\/es\/wp-json\/wp\/v2\/pages\/22383\/revisions"}],"wp:attachment":[{"href":"https:\/\/flaxmanlaw.com\/es\/wp-json\/wp\/v2\/media?parent=22383"}],"curies":[{"name":"wp","href":"https:\/\/api.w.org\/{rel}","templated":true}]}}