{"id":22385,"date":"2024-11-18T12:44:38","date_gmt":"2024-11-18T12:44:38","guid":{"rendered":"https:\/\/flaxmanlaw.wpenginepowered.com\/accidente-en-el-transporte-publico-de-miami-gardens-abogados-de-lesiones-del-condado-de-miami-dade\/"},"modified":"2024-11-18T12:44:38","modified_gmt":"2024-11-18T12:44:38","slug":"accidente-en-el-transporte-publico-de-miami-gardens-abogados-de-lesiones-del-condado-de-miami-dade","status":"publish","type":"page","link":"https:\/\/flaxmanlaw.com\/es\/accidente-en-el-transporte-publico-de-miami-gardens-abogados-de-lesiones-del-condado-de-miami-dade\/","title":{"rendered":"Accidente en el transporte p\u00fablico de Miami Gardens | Abogados de lesiones del condado de Miami-Dade"},"content":{"rendered":"<div class=\"bodytext\">\n<h2>Accidente en el transporte p\u00fablico de Miami Gardens<\/h1><\/h2>\n<div class=\"description\">\n<p>Un accidente de coche o cami\u00f3n en Miami Gardens o en Florida ya es complejo. Por desgracia, si tu accidente fue causado por un veh\u00edculo de transporte p\u00fablico, la reclamaci\u00f3n por accidente puede ser a\u00fan m\u00e1s complicada y dif\u00edcil. Si has sufrido un accidente de tren, autob\u00fas u otro tipo de colisi\u00f3n, es importante que te asesores jur\u00eddicamente. Este tipo de casos suelen implicar a entidades gubernamentales o de transporte p\u00fablico muy poderosas, y tienes que trabajar duro para asegurarte de que no se infravalora tu reclamaci\u00f3n y de que obtienes la indemnizaci\u00f3n justa que t\u00fa y tu familia merec\u00e9is para poder pagar los salarios perdidos, las reparaciones del coche, las facturas m\u00e9dicas y mucho m\u00e1s.   <\/p>\n<p>Si desea una consulta gratuita sobre accidentes, contacte al Grupo Legal Flaxman en cualquier momento para hablar con uno de nuestros abogados de lesiones personales. Nuestra firma de servicios integrales difiere los honorarios hasta que su caso se resuelva mediante una victoria en la corte o a trav\u00e9s de un acuerdo, as\u00ed que usted no tiene que preocuparse por los honorarios legales por adelantado. Si has sufrido lesiones, mereces protecci\u00f3n y ayuda. Puedes ponerte en contacto hoy mismo con nuestro equipo de expertos legales y abogados de lesiones personales para iniciar el proceso de obtener una indemnizaci\u00f3n justa por tus lesiones.   <\/p>\n<p><strong class=\"heading4\">Reclamaci\u00f3n judicial tras un accidente de tr\u00e1fico<\/strong><\/p>\n<p>Si te has lesionado, \u00bftienes derecho a reclamar? Es una pregunta muy com\u00fan. Cualquiera que haya sufrido una lesi\u00f3n suele preguntarse c\u00f3mo pagar\u00e1 la baja laboral, las facturas m\u00e9dicas y los dem\u00e1s gastos a los que tendr\u00e1 que hacer frente. En algunos casos, como en un accidente de coche, puedes suponer que la compa\u00f1\u00eda de seguros se har\u00e1 cargo de algunos o de todos los gastos. En otros casos, como un accidente de transporte p\u00fablico, puede ser m\u00e1s dif\u00edcil determinar c\u00f3mo obtendr\u00e1s el dinero que necesitas para pagar los gastos necesarios. Puede que no tengas derecho a indemnizaci\u00f3n en virtud de las prestaciones del seguro del autom\u00f3vil, pero si te has lesionado utilizando el transporte p\u00fablico, puede que tengas una reclamaci\u00f3n judicial u otras opciones para conseguir los recursos econ\u00f3micos que t\u00fa y tu familia necesit\u00e1is.     <\/p>\n<p>La mejor forma de saber si tienes derecho a reclamar y de averiguar cu\u00e1nto puede valer tu reclamaci\u00f3n es consultar a un abogado especializado en lesiones personales que pueda revisar tu situaci\u00f3n, escuchar tu relato de los hechos y ayudarte a revisar tus opciones y elegir la mejor v\u00eda para ti y tu familia.<\/p>\n<p><strong class=\"heading4\">\u00bfNecesitas hablar con un abogado de lesiones personales en Miami Gardens o en tu comunidad?<\/strong><\/p>\n<p>Los abogados <a href=\"index.html\">del Grupo Legal Flaxman<\/a> cuentan con m\u00e1s de 60 a\u00f1os de experiencia ayudando a demandantes como t\u00fa. Adem\u00e1s, nuestro bufete de servicios integrales trabaja con un equipo de expertos y profesionales, incluyendo peritos de seguros, peritos m\u00e9dicos, ingenieros, expertos en negociaci\u00f3n, profesionales en reconstrucci\u00f3n de accidentes, investigadores privados y otros expertos, para construir casos s\u00f3lidos. Si deseas hablar con uno de nuestros abogados de lesiones personales para averiguar si tienes una demanda, <a href=\"contacta con nosotros.html\">contacta con<\/a> el Grupo Legal Flaxman en cualquier momento para concertar una consulta gratuita y sin compromiso sobre tu caso. Puedes contactarnos a trav\u00e9s de nuestro sitio web o de nuestro n\u00famero gratuito 866-352-9626.   <\/p>\n<\/p><\/div>\n<\/p><\/div>\n","protected":false},"excerpt":{"rendered":"<p>Sin honorarios a menos que ganemos. Llama al 866-352-9626 para una &#8230; <\/p>\n","protected":false},"author":3,"featured_media":0,"parent":0,"menu_order":0,"comment_status":"closed","ping_status":"closed","template":"template-practice-areas.php","meta":{"footnotes":""},"class_list":["post-22385","page","type-page","status-publish","hentry"],"featured_image_src":null,"featured_image_src_square":null,"_links":{"self":[{"href":"https:\/\/flaxmanlaw.com\/es\/wp-json\/wp\/v2\/pages\/22385","targetHints":{"allow":["GET"]}}],"collection":[{"href":"https:\/\/flaxmanlaw.com\/es\/wp-json\/wp\/v2\/pages"}],"about":[{"href":"https:\/\/flaxmanlaw.com\/es\/wp-json\/wp\/v2\/types\/page"}],"author":[{"embeddable":true,"href":"https:\/\/flaxmanlaw.com\/es\/wp-json\/wp\/v2\/users\/3"}],"replies":[{"embeddable":true,"href":"https:\/\/flaxmanlaw.com\/es\/wp-json\/wp\/v2\/comments?post=22385"}],"version-history":[{"count":0,"href":"https:\/\/flaxmanlaw.com\/es\/wp-json\/wp\/v2\/pages\/22385\/revisions"}],"wp:attachment":[{"href":"https:\/\/flaxmanlaw.com\/es\/wp-json\/wp\/v2\/media?parent=22385"}],"curies":[{"name":"wp","href":"https:\/\/api.w.org\/{rel}","templated":true}]}}