{"id":22387,"date":"2024-11-18T12:44:38","date_gmt":"2024-11-18T12:44:38","guid":{"rendered":"https:\/\/flaxmanlaw.wpenginepowered.com\/miami-gardens-responsabilidad-por-productos-defectuosos-abogados-de-productos-defectuosos-del-condado-de-miami-dade\/"},"modified":"2024-11-18T12:44:38","modified_gmt":"2024-11-18T12:44:38","slug":"miami-gardens-responsabilidad-por-productos-defectuosos-abogados-de-productos-defectuosos-del-condado-de-miami-dade","status":"publish","type":"page","link":"https:\/\/flaxmanlaw.com\/es\/miami-gardens-responsabilidad-por-productos-defectuosos-abogados-de-productos-defectuosos-del-condado-de-miami-dade\/","title":{"rendered":"Miami Gardens Responsabilidad por Productos Defectuosos | Abogados de Productos Defectuosos del Condado de Miami-Dade"},"content":{"rendered":"<div class=\"bodytext\">\n<h2>Responsabilidad por productos defectuosos en Miami Gardens<\/h1><\/h2>\n<div class=\"description\">\n<p>Miami Gardens tiene muchos senderos y parques, as\u00ed como un clima magn\u00edfico y hermosas zonas residenciales. Miami Gardens tambi\u00e9n tiene muchos negocios, desde peque\u00f1os restaurantes a grandes almacenes. Estos negocios venden una serie de bienes y servicios, y cuando los clientes compran estos art\u00edculos esperan que sean seguros. Por desgracia, cada a\u00f1o los residentes de Miami Gardens sufren lesiones por productos defectuosos. En los casos en que el defecto de un producto ha sido causado por negligencia o un acto il\u00edcito, las v\u00edctimas tienen derecho a presentar una reclamaci\u00f3n legal. Un caso <a href=\"productos-responsabilidad.html\">de responsabilidad por productos defectuosos en Miami<\/a> Gardens puede ayudar a la v\u00edctima a obtener una indemnizaci\u00f3n para pagar la p\u00e9rdida de ingresos, los gastos m\u00e9dicos y otros gastos asociados a una lesi\u00f3n.     <\/p>\n<p>Los productos defectuosos de Miami Gardens son un grave problema que causa muertes y lesiones graves en casa, en la carretera y en el trabajo. Los productos inseguros afectan a casi todos los \u00e1mbitos de tu vida, incluidos: <\/p>\n<ul>\n<li>Tu coche. Las piezas defectuosas de los coches suelen provocar reventones de neum\u00e1ticos en Miami Gardens, mal funcionamiento de los airbags, mal funcionamiento de los sistemas de seguridad y otros problemas que causan lesiones graves en accidentes de coche en Miami Gardens. Si has sufrido un accidente de coche grave y has resultado herido, tu abogado querr\u00e1 comprobar, por lo general, si un producto o pieza de coche defectuosos han sido responsables de al menos algunas de tus lesiones.  <\/li>\n<li>Tu lugar de trabajo. La maquinaria industrial, los equipos de construcci\u00f3n, los andamios y otras herramientas que utilizas a diario en el trabajo pueden carecer de protecciones de seguridad, estar incorrectamente etiquetados con se\u00f1ales de advertencia o funcionar mal, causando graves lesiones laborales en Miami Gardens. <\/li>\n<li>Tu salud. Todos los d\u00edas dependemos de medicamentos y dispositivos m\u00e9dicos para mantenernos sanos y seguros. Por desgracia, algunos de los fabricantes de estos dispositivos y medicamentos no garantizan que sus productos sean seguros. Parece como si cada a\u00f1o hubiera una historia sobre un medicamento popular que ha sido retirado del mercado debido a graves efectos secundarios o reacciones al\u00e9rgicas en algunos pacientes. Adem\u00e1s, algunos dispositivos m\u00e9dicos, como implantes, desfibriladores, pr\u00f3tesis de cadera, marcapasos y otros dispositivos de los que puedes depender para sobrevivir, pueden estar mal dise\u00f1ados o fabricados, lo que provoca fallos y graves complicaciones de salud.    <\/li>\n<li>Tu hogar. Tu casa est\u00e1 llena de decenas de miles de productos, como cortac\u00e9spedes, herramientas, productos de higiene personal, electrodom\u00e9sticos y mucho m\u00e1s. Conf\u00edas en estos productos todos los d\u00edas y esperas que su uso sea seguro y eficiente. Sin embargo, cada a\u00f1o hay clientes que resultan gravemente heridos o incluso mueren cuando estos productos est\u00e1n incorrectamente etiquetados con advertencias o no funcionan correctamente cuando se utilizan seg\u00fan las instrucciones.   <\/li>\n<li>Productos y juguetes para beb\u00e9s. Quiz\u00e1 uno de los tipos m\u00e1s tristes de casos de responsabilidad civil por productos defectuosos en Miami Gardens sea el de los beb\u00e9s y ni\u00f1os lesionados por juguetes o productos para beb\u00e9s. Cada a\u00f1o se retiran juguetes, cunas, cochecitos, sistemas de retenci\u00f3n infantil y otros art\u00edculos infantiles porque ponen en peligro a los ni\u00f1os. En muchos casos, estos tipos de productos defectuosos causan una terrible angustia a las familias que tienen un hijo lesionado debido a estos productos defectuosos.   <\/li>\n<li>Productos diet\u00e9ticos. Los suplementos y productos diet\u00e9ticos son un negocio multimillonario, y algunas empresas sacan al mercado productos ineficaces o inseguros. Cada a\u00f1o se retiran productos dise\u00f1ados para perder peso y cada a\u00f1o los clientes sufren lesiones por estos productos o no consiguen perder peso como prometen estos productos.  <\/li>\n<\/ul>\n<p>Charles Flaxman, del <a href=\"index.html\">Grupo Legal Flaxman<\/a>, tiene una excelente comprensi\u00f3n del ambiente comercial actual, as\u00ed como de los conocimientos t\u00e9cnicos y cient\u00edficos necesarios en los casos de responsabilidad por productos defectuosos en Miami Gardens. Charles Flaxman, del Grupo Legal Flaxman, tambi\u00e9n tiene acceso a una amplia gama de recursos, incluyendo testigos expertos, peritos independientes, investigadores privados, y otros recursos \u00fatiles en la investigaci\u00f3n de un caso de responsabilidad por productos defectuosos. Si usted cree que puede tener una demanda por responsabilidad de productos en Miami Gardens, <a href=\"contacta con nosotros.html\">contacte<\/a> hoy mismo al Grupo Legal Flaxman para recibir asesor\u00eda telef\u00f3nica, as\u00ed como una consulta gratuita y sin compromiso para hablar a fondo sobre su situaci\u00f3n.  <\/p>\n<\/p><\/div>\n<\/p><\/div>\n","protected":false},"excerpt":{"rendered":"<p>Sin honorarios a menos que ganemos. Llama al 866-352-9626 para una &#8230; <\/p>\n","protected":false},"author":3,"featured_media":0,"parent":0,"menu_order":0,"comment_status":"closed","ping_status":"closed","template":"template-practice-areas.php","meta":{"footnotes":""},"class_list":["post-22387","page","type-page","status-publish","hentry"],"featured_image_src":null,"featured_image_src_square":null,"_links":{"self":[{"href":"https:\/\/flaxmanlaw.com\/es\/wp-json\/wp\/v2\/pages\/22387","targetHints":{"allow":["GET"]}}],"collection":[{"href":"https:\/\/flaxmanlaw.com\/es\/wp-json\/wp\/v2\/pages"}],"about":[{"href":"https:\/\/flaxmanlaw.com\/es\/wp-json\/wp\/v2\/types\/page"}],"author":[{"embeddable":true,"href":"https:\/\/flaxmanlaw.com\/es\/wp-json\/wp\/v2\/users\/3"}],"replies":[{"embeddable":true,"href":"https:\/\/flaxmanlaw.com\/es\/wp-json\/wp\/v2\/comments?post=22387"}],"version-history":[{"count":0,"href":"https:\/\/flaxmanlaw.com\/es\/wp-json\/wp\/v2\/pages\/22387\/revisions"}],"wp:attachment":[{"href":"https:\/\/flaxmanlaw.com\/es\/wp-json\/wp\/v2\/media?parent=22387"}],"curies":[{"name":"wp","href":"https:\/\/api.w.org\/{rel}","templated":true}]}}