{"id":22388,"date":"2024-11-18T12:44:38","date_gmt":"2024-11-18T12:44:38","guid":{"rendered":"https:\/\/flaxmanlaw.wpenginepowered.com\/accidentes-de-vuelco-en-miami-gardens-abogados-de-accidentes-de-coche-en-el-condado-de-miami-dade\/"},"modified":"2024-11-18T12:44:38","modified_gmt":"2024-11-18T12:44:38","slug":"accidentes-de-vuelco-en-miami-gardens-abogados-de-accidentes-de-coche-en-el-condado-de-miami-dade","status":"publish","type":"page","link":"https:\/\/flaxmanlaw.com\/es\/accidentes-de-vuelco-en-miami-gardens-abogados-de-accidentes-de-coche-en-el-condado-de-miami-dade\/","title":{"rendered":"Accidentes de vuelco en Miami Gardens | Abogados de accidentes de coche en el condado de Miami-Dade"},"content":{"rendered":"<div class=\"bodytext\">\n<h2>Accidentes por vuelco en Miami Gardens<\/h1><\/h2>\n<div class=\"description\">\n<p>Los accidentes por vuelco en Miami Gardens y otras comunidades son aterradores porque provocan lesiones importantes, as\u00ed como la p\u00e9rdida total de control del conductor. En la mayor\u00eda de los casos, estas colisiones de tr\u00e1fico dan lugar a graves litigios en los que intervienen varias partes. Dependiendo de la situaci\u00f3n, si te has visto implicado en un accidente con vuelco puedes tener una demanda contra el otro conductor, el municipio responsable de la carretera por la que circulabas, el fabricante de tu coche y otras partes responsables.  <\/p>\n<p>Para saber m\u00e1s, no dudes en contactar al Grupo Legal Flaxman en cualquier momento para programar una consulta gratuita sobre accidentes. Puede contactarnos a trav\u00e9s de nuestro sitio web o llamando al 866-352-9626 en cualquier momento. Nuestros abogados cuentan con m\u00e1s de sesenta a\u00f1os de experiencia legal combinada y ya hemos recuperado acuerdos e indemnizaciones para miles de demandantes del Sur de Florida como usted. Puede que haya algo que puedas hacer en tu situaci\u00f3n para protegerte a ti y a tu familia. No dudes en llamarnos en cualquier momento para hablar de tus opciones.    <\/p>\n<p><strong class=\"heading4\">\u00bfQu\u00e9 causa las colisiones por vuelco en Miami Gardens y Florida?<\/strong><\/p>\n<p>Los vuelcos se deben a muchas causas, entre ellas:<\/p>\n<ul>\n<li>Carreteras irregulares<\/li>\n<li>Carreteras mal mantenidas<\/li>\n<li>Veh\u00edculos pesados<\/li>\n<li>Defectos del producto<\/li>\n<li>Mal dise\u00f1o del coche<\/li>\n<li>Malas condiciones meteorol\u00f3gicas<\/li>\n<li>Escombros en las carreteras<\/li>\n<li>Un choque a alta velocidad o de alto impacto<\/li>\n<\/ul>\n<p>Una cosa que deber\u00e1s tener en cuenta si tu coche ha volcado en un accidente es el dise\u00f1o del veh\u00edculo. En muchas colisiones por vuelco, el dise\u00f1o del veh\u00edculo desempe\u00f1a un papel importante. Algunos tipos de veh\u00edculos, sobre todo los camiones ligeros y los todoterreno, tienen centros de gravedad m\u00e1s altos y su construcci\u00f3n con la parte superior pesada puede hacer que el veh\u00edculo vuelque o vuelque. Seg\u00fan el Instituto de Seguros para la Seguridad en Carretera, los ocupantes de todoterrenos tienen un \u00edndice de v\u00edctimas mortales y accidentes de tr\u00e1fico m\u00e1s alto de lo normal, y aproximadamente la mitad de las v\u00edctimas mortales de accidentes con todoterrenos son accidentes con vuelco.   <\/p>\n<p><strong class=\"heading4\">  Proteger tus derechos tras un accidente de tr\u00e1fico  <\/strong><\/p>\n<p>Si has resultado herido en una colisi\u00f3n con vuelco en Miami Gardens o en cualquier lugar de Florida, es importante que hables inmediatamente con un abogado de lesiones personales. El tiempo corre y Florida tiene una ley de prescripci\u00f3n que limita el tiempo que tienes antes de presentar una reclamaci\u00f3n. Adem\u00e1s, las pruebas empiezan a desaparecer r\u00e1pidamente despu\u00e9s de tu accidente. Los escombros de un accidente se limpiar\u00e1n, los testigos oculares empezar\u00e1n a olvidar los acontecimientos que condujeron al accidente, y es posible que la documentaci\u00f3n no se presente a tiempo. Un abogado de lesiones personales puede actuar con rapidez para garantizar la salvaguarda de tus derechos.    <\/p>\n<p>El Grupo Legal Flaxman es una firma de servicios integrales con oficinas en todo Florida del Sur. Contamos con los recursos que no s\u00f3lo pueden construir un caso s\u00f3lido a favor de los clientes, sino que tambi\u00e9n tenemos un f\u00e9rreo compromiso con los clientes. Trabajamos duro en nombre de los clientes para construir casos s\u00f3lidos. Trabajamos con peritos m\u00e9dicos, testigos expertos, investigadores privados, expertos en reconstrucci\u00f3n de accidentes y otros profesionales para ayudar a construir casos s\u00f3lidos. Nuestro equipo puede ocuparse de todos los detalles, desde ayudarte a encontrar un coche de alquiler hasta ayudar a perseguir a los acusados ante los tribunales, para que puedas centrarte en ti y en tu familia mientras nosotros nos ocupamos de todo el aspecto legal de tu caso.    <\/p>\n<\/p><\/div>\n<\/p><\/div>\n","protected":false},"excerpt":{"rendered":"<p>Sin honorarios a menos que ganemos. Llama al 866-352-9626 para una &#8230; <\/p>\n","protected":false},"author":3,"featured_media":0,"parent":0,"menu_order":0,"comment_status":"closed","ping_status":"closed","template":"template-practice-areas.php","meta":{"footnotes":""},"class_list":["post-22388","page","type-page","status-publish","hentry"],"featured_image_src":null,"featured_image_src_square":null,"_links":{"self":[{"href":"https:\/\/flaxmanlaw.com\/es\/wp-json\/wp\/v2\/pages\/22388","targetHints":{"allow":["GET"]}}],"collection":[{"href":"https:\/\/flaxmanlaw.com\/es\/wp-json\/wp\/v2\/pages"}],"about":[{"href":"https:\/\/flaxmanlaw.com\/es\/wp-json\/wp\/v2\/types\/page"}],"author":[{"embeddable":true,"href":"https:\/\/flaxmanlaw.com\/es\/wp-json\/wp\/v2\/users\/3"}],"replies":[{"embeddable":true,"href":"https:\/\/flaxmanlaw.com\/es\/wp-json\/wp\/v2\/comments?post=22388"}],"version-history":[{"count":0,"href":"https:\/\/flaxmanlaw.com\/es\/wp-json\/wp\/v2\/pages\/22388\/revisions"}],"wp:attachment":[{"href":"https:\/\/flaxmanlaw.com\/es\/wp-json\/wp\/v2\/media?parent=22388"}],"curies":[{"name":"wp","href":"https:\/\/api.w.org\/{rel}","templated":true}]}}