{"id":22391,"date":"2024-11-18T12:44:38","date_gmt":"2024-11-18T12:44:38","guid":{"rendered":"https:\/\/flaxmanlaw.wpenginepowered.com\/miami-gardens-responsabilidad-de-locales-abogados-de-resbalones-y-caidas-del-condado-de-miami-dade\/"},"modified":"2024-11-18T12:44:38","modified_gmt":"2024-11-18T12:44:38","slug":"miami-gardens-responsabilidad-de-locales-abogados-de-resbalones-y-caidas-del-condado-de-miami-dade","status":"publish","type":"page","link":"https:\/\/flaxmanlaw.com\/es\/miami-gardens-responsabilidad-de-locales-abogados-de-resbalones-y-caidas-del-condado-de-miami-dade\/","title":{"rendered":"Miami Gardens Responsabilidad de Locales | Abogados de Resbalones y Ca\u00eddas del Condado de Miami-Dade"},"content":{"rendered":"<div class=\"bodytext\">\n<h2>Responsabilidad de los locales de Miami Gardens<\/h1><\/h2>\n<div class=\"description\">\n<p>Cada a\u00f1o, la gente sufre lesiones por resbalones y ca\u00eddas en Miami Gardens y muchos otros tipos de lesiones debido al mal mantenimiento de la propiedad y a la negligencia del propietario. La ley de Florida exige que los propietarios -y especialmente los due\u00f1os de negocios- mantengan sus propiedades seguras para los visitantes legales, pero en algunos casos no se hace y se producen lesiones graves. <\/p>\n<p>\u00bfTe has ca\u00eddo debido al mantenimiento incorrecto de una propiedad o te ha lesionado la ca\u00edda de mercanc\u00eda? Si has resultado lesionado de alguna manera en una propiedad comercial o de negocios, obt\u00e9n los hechos sobre tus opciones legales; contacta al Grupo Legal Flaxman para una consulta gratuita sobre accidentes. <\/p>\n<p><strong class=\"heading4\">\u00bfQu\u00e9 debes hacer si te has lesionado en una propiedad en Miami Gardens?<\/strong><\/p>\n<p>Tu primera prioridad si has sufrido lesiones graves es buscar ayuda m\u00e9dica. Aunque no creas que has sufrido lesiones graves, es importante que te hagan una evaluaci\u00f3n m\u00e9dica. Esto hace dos cosas:  <\/p>\n<p>1) Puede salvarte la vida si has sufrido una lesi\u00f3n que no muestra s\u00edntomas de inmediato. Por desgracia, algunos tipos graves de lesiones, incluidas las cerebrales, no siempre muestran s\u00edntomas de inmediato, pero aun as\u00ed pueden resultar mortales. Acudir a una cl\u00ednica o sala de urgencias de Miami Gardens garantiza que se te eval\u00fae adecuadamente y que cualquier lesi\u00f3n que hayas sufrido sea tratada con prontitud.  <\/p>\n<p>2) Puede ayudar a documentar la lesi\u00f3n. Si esperas a buscar ayuda m\u00e9dica hasta que aparezcan los s\u00edntomas, el propietario y su compa\u00f1\u00eda de seguros pueden alegar que tus lesiones se debieron a otra cosa, no a la negligencia del propietario. Buscar ayuda m\u00e9dica de inmediato demuestra que te tomas en serio tu salud y que te lesionaste gravemente en la propiedad.  <\/p>\n<p>Una vez que hayas buscado ayuda m\u00e9dica, querr\u00e1s obtener tantos detalles y documentaci\u00f3n sobre tu lesi\u00f3n como sea posible. Haz fotos del lugar donde te lesionaste, consigue copias de cualquier informe policial o m\u00e9dico relacionado con tus lesiones, y lleva un registro minucioso de tus s\u00edntomas, gastos y otros detalles relacionados con tu lesi\u00f3n. Gu\u00e1rdalo todo, incluidos los aparatos ortop\u00e9dicos, los recibos de los medicamentos recetados y cualquier recibo relacionado con tu lesi\u00f3n. Consigue informaci\u00f3n de contacto de cualquier testigo y guarda una lista de tus gastos y lesiones. Cuanta m\u00e1s informaci\u00f3n tengas, m\u00e1s s\u00f3lido ser\u00e1 tu caso.    <\/p>\n<p><strong class=\"heading4\">Un abogado de lesiones personales puede ayudarte a defenderte<\/strong><\/p>\n<p>Adem\u00e1s de todo esto, querr\u00e1s consultar a un abogado de lesiones personales en Miami Gardens o en tu comunidad lo antes posible tras tu lesi\u00f3n. Seg\u00fan la legislaci\u00f3n de Florida, puedes tener derecho a una indemnizaci\u00f3n que te ayude a pagar las facturas m\u00e9dicas, la p\u00e9rdida de ingresos, los da\u00f1os materiales y otros gastos relacionados con tu lesi\u00f3n. Un abogado de lesiones personales puede ayudarte a explorar tus opciones para presentar una reclamaci\u00f3n legal, obtener dinero de las compa\u00f1\u00edas de seguros y otras opciones para solicitar una indemnizaci\u00f3n. Un abogado de lesiones personales tambi\u00e9n puede ayudarte a proteger tus derechos y tu futuro, para que no renuncies a nada inadvertidamente.   <\/p>\n<p>El Grupo Legal Flaxman ha formado parte de la comunidad de Florida del Sur durante muchos a\u00f1os. Han visto de primera mano c\u00f3mo la negligencia y la imprudencia pueden costar vidas y crear lesiones para toda la vida. Nuestro equipo est\u00e1 totalmente dedicado a ayudarle a usted, el cliente, a obtener una compensaci\u00f3n justa, as\u00ed como asesor\u00eda legal de calidad que pueda ayudarle a determinar qu\u00e9 hacer. Para saber m\u00e1s sobre nuestra firma legal y lo que podemos hacer por usted, contacte hoy mismo al Grupo Legal Flaxman para recibir una evaluaci\u00f3n de su caso gratuita y sin compromiso.   <\/p>\n<\/p><\/div>\n<\/p><\/div>\n","protected":false},"excerpt":{"rendered":"<p>Sin honorarios a menos que ganemos. Llama al 866-352-9626 para una &#8230; <\/p>\n","protected":false},"author":3,"featured_media":0,"parent":0,"menu_order":0,"comment_status":"closed","ping_status":"closed","template":"template-practice-areas.php","meta":{"footnotes":""},"class_list":["post-22391","page","type-page","status-publish","hentry"],"featured_image_src":null,"featured_image_src_square":null,"_links":{"self":[{"href":"https:\/\/flaxmanlaw.com\/es\/wp-json\/wp\/v2\/pages\/22391","targetHints":{"allow":["GET"]}}],"collection":[{"href":"https:\/\/flaxmanlaw.com\/es\/wp-json\/wp\/v2\/pages"}],"about":[{"href":"https:\/\/flaxmanlaw.com\/es\/wp-json\/wp\/v2\/types\/page"}],"author":[{"embeddable":true,"href":"https:\/\/flaxmanlaw.com\/es\/wp-json\/wp\/v2\/users\/3"}],"replies":[{"embeddable":true,"href":"https:\/\/flaxmanlaw.com\/es\/wp-json\/wp\/v2\/comments?post=22391"}],"version-history":[{"count":0,"href":"https:\/\/flaxmanlaw.com\/es\/wp-json\/wp\/v2\/pages\/22391\/revisions"}],"wp:attachment":[{"href":"https:\/\/flaxmanlaw.com\/es\/wp-json\/wp\/v2\/media?parent=22391"}],"curies":[{"name":"wp","href":"https:\/\/api.w.org\/{rel}","templated":true}]}}