{"id":22392,"date":"2024-11-18T12:44:38","date_gmt":"2024-11-18T12:44:38","guid":{"rendered":"https:\/\/flaxmanlaw.wpenginepowered.com\/accidentes-por-alcance-en-miami-gardens-abogados-de-accidentes-de-trafico-del-condado-de-miami-dade\/"},"modified":"2024-11-18T12:44:38","modified_gmt":"2024-11-18T12:44:38","slug":"accidentes-por-alcance-en-miami-gardens-abogados-de-accidentes-de-trafico-del-condado-de-miami-dade","status":"publish","type":"page","link":"https:\/\/flaxmanlaw.com\/es\/accidentes-por-alcance-en-miami-gardens-abogados-de-accidentes-de-trafico-del-condado-de-miami-dade\/","title":{"rendered":"Accidentes por alcance en Miami Gardens | Abogados de accidentes de tr\u00e1fico del condado de Miami-Dade"},"content":{"rendered":"<div class=\"bodytext\">\n<h2>Accidentes por alcance en Miami Gardens<\/h1><\/h2>\n<div class=\"description\">\n<p>Los accidentes por alcance en Miami Gardens y otras comunidades suelen provocar lesiones graves, sobre todo si conduces un veh\u00edculo peque\u00f1o o una motocicleta. Si te han golpeado por detr\u00e1s, puedes salir despedido de tu motocicleta o, si vas en un turismo, puedes chocar contra el salpicadero, lo que puede provocar lesiones graves en el cuello, la columna vertebral y la cara. <\/p>\n<p><strong class=\"heading4\">\u00bfHas resultado gravemente herido porque un coche ha chocado contra la parte trasera de tu veh\u00edculo?<\/strong><\/p>\n<p>Si te ha atropellado un veh\u00edculo m\u00e1s grande, como un todoterreno, un cami\u00f3n o un tractor-remolque, especialmente, tus lesiones pueden ser importantes. No tienes por qu\u00e9 pagar por la negligencia o distracci\u00f3n de otro conductor. Puede haber m\u00faltiples partes responsables en tu caso, por lo que es importante obtener asesoramiento legal. Siempre puedes contactar al Grupo Legal Flaxman para obtener asesor\u00eda legal gratuita en una revisi\u00f3n de caso sin costo y sin compromiso. Nuestros abogados escuchar\u00e1n con compasi\u00f3n los detalles de tu caso y recurrir\u00e1n a sus m\u00e1s de 60 a\u00f1os de experiencia combinada en juicios para darte una opini\u00f3n legal honesta sobre tu caso.    <\/p>\n<p><strong class=\"heading4\">Protege tus derechos tras un accidente de tr\u00e1fico grave<\/strong><\/p>\n<p>Conservar la documentaci\u00f3n es importante, ya que puede ayudar a un investigador privado y a tu abogado de lesiones personales a determinar exactamente lo que ocurri\u00f3 y puede ayudar a mejorar tu caso para que tengas una buena oportunidad de obtener una indemnizaci\u00f3n justa.<\/p>\n<p>Hay muchas formas de documentar las pruebas despu\u00e9s de un accidente:<\/p>\n<ul>\n<li>Consigue informaci\u00f3n de contacto del otro conductor<\/li>\n<li>Consigue la informaci\u00f3n de contacto de los posibles testigos<\/li>\n<li>Haz fotos del lugar del accidente, incluso con un tel\u00e9fono con c\u00e1mara<\/li>\n<li>Tan pronto como puedas, anota todos los detalles que puedas recordar sobre el accidente, incluyendo la hora del d\u00eda, el lugar y otros detalles<\/li>\n<li>Consigue una copia de los historiales m\u00e9dicos o policiales relacionados con tu accidente<\/li>\n<li>Guarda los recibos del coche de alquiler, de las reparaciones del coche, de los gastos m\u00e9dicos, del taxi y de cualquier otro gasto incidental relacionado con tu accidente o lesiones.<\/li>\n<li>Lleva una lista de los gastos, as\u00ed como de los s\u00edntomas y dificultades que encuentres como consecuencia de tus lesiones<\/li>\n<li>Lleva un diario de gastos y de tus lesiones<\/li>\n<li>Haz fotos de los hematomas, laceraciones y otras lesiones que hayas sufrido<\/li>\n<li>Pide consejo m\u00e9dico y hazte un chequeo m\u00e9dico, aunque no tengas s\u00edntomas despu\u00e9s del accidente, por si se ha producido un latigazo cervical, una lesi\u00f3n de tejidos blandos, un traumatismo craneal o cualquier otra lesi\u00f3n dif\u00edcil de detectar<\/li>\n<\/ul>\n<p>Mantener una buena documentaci\u00f3n puede ayudarte a ti y a tu abogado de lesiones personales a averiguar exactamente qu\u00e9 ha causado tu accidente, de modo que tu abogado pueda dar los pasos adecuados para conseguir una indemnizaci\u00f3n en tu nombre.<\/p>\n<p><strong class=\"heading4\">Habla hoy con un abogado de lesiones personales en Miami Gardens o en tu comunidad<\/strong><\/p>\n<p>Si usted ha resultado lesionado en cualquier colisi\u00f3n &#8211; pero especialmente en una colisi\u00f3n como un choque por alcance, donde a menudo est\u00e1 involucrada la negligencia &#8211; <a href=\"contacta con nosotros.html\">contacte<\/a> a un abogado de lesiones personales antes de aceptar cualquier compensaci\u00f3n o firmar cualquier documentaci\u00f3n. Si deseas hablar con un abogado de lesiones personales, siempre puedes comunicarte con <a href=\"index.html\">el Grupo Legal Flaxman<\/a> al 866-352-9626 para programar una consulta gratuita sobre accidentes. <\/p>\n<\/p><\/div>\n<\/p><\/div>\n","protected":false},"excerpt":{"rendered":"<p>Sin honorarios a menos que ganemos. Llama al 866-352-9626 para una &#8230; <\/p>\n","protected":false},"author":3,"featured_media":0,"parent":0,"menu_order":0,"comment_status":"closed","ping_status":"closed","template":"template-practice-areas.php","meta":{"footnotes":""},"class_list":["post-22392","page","type-page","status-publish","hentry"],"featured_image_src":null,"featured_image_src_square":null,"_links":{"self":[{"href":"https:\/\/flaxmanlaw.com\/es\/wp-json\/wp\/v2\/pages\/22392","targetHints":{"allow":["GET"]}}],"collection":[{"href":"https:\/\/flaxmanlaw.com\/es\/wp-json\/wp\/v2\/pages"}],"about":[{"href":"https:\/\/flaxmanlaw.com\/es\/wp-json\/wp\/v2\/types\/page"}],"author":[{"embeddable":true,"href":"https:\/\/flaxmanlaw.com\/es\/wp-json\/wp\/v2\/users\/3"}],"replies":[{"embeddable":true,"href":"https:\/\/flaxmanlaw.com\/es\/wp-json\/wp\/v2\/comments?post=22392"}],"version-history":[{"count":0,"href":"https:\/\/flaxmanlaw.com\/es\/wp-json\/wp\/v2\/pages\/22392\/revisions"}],"wp:attachment":[{"href":"https:\/\/flaxmanlaw.com\/es\/wp-json\/wp\/v2\/media?parent=22392"}],"curies":[{"name":"wp","href":"https:\/\/api.w.org\/{rel}","templated":true}]}}