{"id":22394,"date":"2024-11-18T12:44:38","date_gmt":"2024-11-18T12:44:38","guid":{"rendered":"https:\/\/flaxmanlaw.wpenginepowered.com\/abuso-en-residencias-de-ancianos-de-miami-gardens-abogados-de-negligencia-de-ancianos-del-condado-de-miami-dade\/"},"modified":"2024-11-18T12:44:38","modified_gmt":"2024-11-18T12:44:38","slug":"abuso-en-residencias-de-ancianos-de-miami-gardens-abogados-de-negligencia-de-ancianos-del-condado-de-miami-dade","status":"publish","type":"page","link":"https:\/\/flaxmanlaw.com\/es\/abuso-en-residencias-de-ancianos-de-miami-gardens-abogados-de-negligencia-de-ancianos-del-condado-de-miami-dade\/","title":{"rendered":"Abuso en Residencias de Ancianos de Miami Gardens | Abogados de Negligencia de Ancianos del Condado de Miami-Dade"},"content":{"rendered":"<div class=\"bodytext\">\n<h2>Abuso en residencias de ancianos de Miami Gardens<\/h1><\/h2>\n<div class=\"description\">\n<p>Miami Gardens, en el sur de Florida, tiene un clima estupendo, as\u00ed como muchos espacios verdes. Situada cerca de Miami, Miami Gardens es una comunidad que ofrece f\u00e1cil acceso a todas las comodidades de la gran ciudad, pero tambi\u00e9n ofrece una agradable escapada lejos del espacio urbano. <\/p>\n<p>Muchas <a href=\"abuso en residencias de ancianos.html\">residencias de ancianos de Miami Gardens<\/a> est\u00e1n dise\u00f1adas para ser seguras y eficientes. Sin embargo, las noticias est\u00e1n llenas de historias sobre v\u00edctimas de abusos y negligencia en residencias de ancianos de Florida. Las v\u00edctimas de abusos y maltrato en residencias de ancianos de Miami Gardens pueden ser v\u00edctimas de abusos econ\u00f3micos, emocionales, negligencia, abusos sexuales, f\u00edsicos y emocionales. El maltrato y la negligencia en residencias de ancianos de Miami Gardens conlleva muchos s\u00edntomas, como:   <\/p>\n<p>1) P\u00e9rdida de peso. En los casos de negligencia, la desnutrici\u00f3n es una preocupaci\u00f3n com\u00fan. Los hogares negligentes pueden intentar recortar gastos restringiendo el acceso a los alimentos o reduciendo su calidad, lo que puede provocar p\u00e9rdida de peso y debilidad general en los residentes.  <\/p>\n<p>2) Accidentes inexplicables por resbalones y ca\u00eddas en Miami Gardens. En los casos en que las residencias de ancianos no proporcionan condiciones seguras, las ca\u00eddas pueden ser un problema frecuente. Las residencias de ancianos deben tener barras de apoyo de f\u00e1cil acceso, superficies antideslizantes en el suelo, asistencia disponible para los residentes en el cuarto de ba\u00f1o y otras precauciones para garantizar que los residentes no resbalen y se caigan. Los accidentes por resbal\u00f3n y ca\u00edda en Miami Gardens son una causa frecuente de fracturas de cadera, lesiones craneales en Miami Gardens y otras lesiones graves, por lo que es importante no pasar por alto este tipo habitual de accidente.   <\/p>\n<p>3) Llagas en la cama. Puede ser un signo de negligencia por parte del personal de la residencia. <\/p>\n<p>4) Heridas o moratones inexplicables. Pueden ser s\u00edntoma de agresi\u00f3n f\u00edsica o sexual por parte de otro residente o del personal. <\/p>\n<p>5) Sujeciones ilegales. Los residentes deben poder andar por s\u00ed mismos, si son f\u00edsicamente capaces, y se les debe permitir tanta movilidad y libertad como su estado f\u00edsico les permita. Las sujeciones irrazonables suelen ser un signo de maltrato f\u00edsico o emocional, as\u00ed como de negligencia.  <\/p>\n<p>6) Dosificaci\u00f3n excesiva o insuficiente de medicamentos. Esto puede tener graves complicaciones para cualquier residente con una afecci\u00f3n m\u00e9dica, y suele ser un indicio de falta de personal o de personal con poca experiencia en una residencia de ancianos. <\/p>\n<p>7) Mala higiene f\u00edsica. El olor corporal, el pelo sin arreglar, las manchas en la ropa y otros s\u00edntomas de higiene personal deficiente sugieren que un residente est\u00e1 desatendido y no se le proporciona el apoyo necesario para cuidar de s\u00ed mismo. La negligencia puede ser especialmente peligrosa en una residencia de ancianos, ya que puede provocar lesiones secundarias, como resbalones, ca\u00eddas y otros accidentes.  <\/p>\n<p>Si un ser querido anciano te dice que ha sido v\u00edctima de maltrato o si observas alg\u00fan s\u00edntoma de maltrato, es importante hacer un seguimiento con una investigaci\u00f3n exhaustiva para determinar si se est\u00e1 produciendo maltrato. Si usted cree o descubre que su ser querido anciano puede ser v\u00edctima de maltrato o negligencia de ancianos en Miami Gardens, <a href=\"contacta con nosotros.html\">contacte<\/a> inmediatamente al Grupo Legal Flaxman. El equipo legal del Grupo Legal Flaxman puede hacer valer todo el peso de la ley para responsabilizar a los culpables por su maltrato y negligencia. El Grupo Legal Flaxman puede investigar si los empleados o el propietario del centro incumplieron el deber de asistencia a tu familia. Pueden ayudar a documentar si el incumplimiento caus\u00f3 una lesi\u00f3n, y pueden determinar si el empleado o el propietario del centro causaron una lesi\u00f3n.    <\/p>\n<p>El equipo jur\u00eddico del <a href=\"index.html\">Grupo Legal Flaxman<\/a> tiene d\u00e9cadas de experiencia trabajando con v\u00edctimas de lesiones personales en Florida y Miami Gardens. Si usted cree que su ser querido anciano ha sido v\u00edctima de abuso y negligencia, el equipo legal trabajar\u00e1 de manera dedicada y profesional para asegurarse de que el caso sea investigado y documentado a fondo. El compasivo y atento personal se esforzar\u00e1 por luchar por tus derechos con todo el peso de la ley y te ayudar\u00e1 a dar los pasos necesarios para encontrar un nuevo centro seguro para tu ser querido anciano.  <\/p>\n<\/p><\/div>\n<\/p><\/div>\n","protected":false},"excerpt":{"rendered":"<p>Sin honorarios a menos que ganemos. Llama al 866-352-9626 para una &#8230; <\/p>\n","protected":false},"author":3,"featured_media":0,"parent":0,"menu_order":0,"comment_status":"closed","ping_status":"closed","template":"template-practice-areas.php","meta":{"footnotes":""},"class_list":["post-22394","page","type-page","status-publish","hentry"],"featured_image_src":null,"featured_image_src_square":null,"_links":{"self":[{"href":"https:\/\/flaxmanlaw.com\/es\/wp-json\/wp\/v2\/pages\/22394","targetHints":{"allow":["GET"]}}],"collection":[{"href":"https:\/\/flaxmanlaw.com\/es\/wp-json\/wp\/v2\/pages"}],"about":[{"href":"https:\/\/flaxmanlaw.com\/es\/wp-json\/wp\/v2\/types\/page"}],"author":[{"embeddable":true,"href":"https:\/\/flaxmanlaw.com\/es\/wp-json\/wp\/v2\/users\/3"}],"replies":[{"embeddable":true,"href":"https:\/\/flaxmanlaw.com\/es\/wp-json\/wp\/v2\/comments?post=22394"}],"version-history":[{"count":0,"href":"https:\/\/flaxmanlaw.com\/es\/wp-json\/wp\/v2\/pages\/22394\/revisions"}],"wp:attachment":[{"href":"https:\/\/flaxmanlaw.com\/es\/wp-json\/wp\/v2\/media?parent=22394"}],"curies":[{"name":"wp","href":"https:\/\/api.w.org\/{rel}","templated":true}]}}