{"id":22395,"date":"2024-11-18T12:44:38","date_gmt":"2024-11-18T12:44:38","guid":{"rendered":"https:\/\/flaxmanlaw.wpenginepowered.com\/abuso-fisico-en-miami-gardens-abogados-de-lesiones-en-el-condado-de-miami-dade\/"},"modified":"2024-11-18T12:44:38","modified_gmt":"2024-11-18T12:44:38","slug":"abuso-fisico-en-miami-gardens-abogados-de-lesiones-en-el-condado-de-miami-dade","status":"publish","type":"page","link":"https:\/\/flaxmanlaw.com\/es\/abuso-fisico-en-miami-gardens-abogados-de-lesiones-en-el-condado-de-miami-dade\/","title":{"rendered":"Abuso f\u00edsico en Miami Gardens | Abogados de lesiones en el condado de Miami-Dade"},"content":{"rendered":"<div class=\"bodytext\">\n<h2>Maltrato F\u00edsico Miami Gardens<\/h1><\/h2>\n<div class=\"description\">\n<p>La mayor\u00eda de las demandas legales por lesiones personales se presentan en situaciones en las que se produce un accidente evitable. Por ejemplo, los accidentes de tr\u00e1fico y los accidentes por resbalones y ca\u00eddas en Miami Gardens y otras comunidades suelen dar lugar a demandas por lesiones personales. Sin embargo, incluso en los casos en que un acto intencionado o il\u00edcito causa una lesi\u00f3n, pueden producirse reclamaciones legales. Por ejemplo, cuando se producen agresiones f\u00edsicas, las v\u00edctimas que han resultado lesionadas pueden presentar una demanda ante un tribunal civil contra el autor del delito o contra otras partes responsables.   <\/p>\n<p>Si has resultado lesionado por agresi\u00f3n o asalto f\u00edsico, contacta al Grupo Legal Flaxman para revisar tus opciones legales. Puede que dispongas de recursos legales que te permitan solicitar una indemnizaci\u00f3n por los salarios perdidos, las facturas m\u00e9dicas y los muchos otros gastos que probablemente tengas que afrontar tras una agresi\u00f3n grave. <\/p>\n<p><strong class=\"heading4\">La Agresi\u00f3n F\u00edsica En Miami Gardens O En Tu Comunidad Puede Tener Un Impacto Tanto Econ\u00f3mico Como Emocional<\/strong><\/p>\n<p>No hay duda de que las agresiones son experiencias devastadoras a las que hay que sobrevivir. Sin embargo, adem\u00e1s del trastorno emocional y el dolor f\u00edsico de resultar herido en una agresi\u00f3n, puede haber muchas facturas caras tras este tipo de incidente. Por ejemplo, puede que tengas que pagar:  <\/p>\n<ul>\n<li>Asesoramiento o terapia<\/li>\n<li>Tiempo perdido en el trabajo<\/li>\n<li>Dispositivos m\u00e9dicos, como muletas, sillas de ruedas o aparatos ortop\u00e9dicos<\/li>\n<li>Facturas hospitalarias<\/li>\n<li>Servicios m\u00e9dicos<\/li>\n<li>Atenci\u00f3n m\u00e9dica de seguimiento<\/li>\n<li>Visitas a especialistas<\/li>\n<li>Da\u00f1os materiales, sobre todo si te han robado<\/li>\n<li>Terapia ocupacional, fisioterapia y otros servicios<\/li>\n<\/ul>\n<p>La realidad es que una agresi\u00f3n grave puede acabar costando decenas de miles de d\u00f3lares o incluso m\u00e1s. Si sufres lesiones permanentes como consecuencia de la violencia con armas de fuego u otras formas de violencia durante la agresi\u00f3n, tus gastos pueden acabar cost\u00e1ndote cientos de miles o incluso m\u00e1s de un mill\u00f3n de d\u00f3lares si no puedes volver al trabajo y si sufres una lesi\u00f3n grave que requiera un tratamiento m\u00e9dico exhaustivo. Hablar con un abogado de lesiones personales si has resultado herido es importante, pues puede ayudarte a revisar tus probables costes totales y puede ayudarte a comprender si tienes opciones para reclamar una indemnizaci\u00f3n en tu caso.  <\/p>\n<p><strong class=\"heading4\">\u00bfA qui\u00e9n recurrir\u00e1s tras tu lesi\u00f3n?<\/strong><\/p>\n<p>Cuando usted contacta <a href=\"index.html\">al Grupo Legal Flaxman<\/a> para hablar sobre su potencial caso legal, siempre puede hablar sobre su situaci\u00f3n con un asistente legal o con Charles Flaxman, el fundador de nuestra firma de servicios integrales. Nuestras l\u00edneas telef\u00f3nicas est\u00e1n atendidas las 24 horas del d\u00eda, siete d\u00edas a la semana, as\u00ed que nunca tendr\u00e1s que preocuparte por recibir un contestador autom\u00e1tico o un servicio de respuesta cuando te pongas en contacto con nosotros. Si necesitas asesor\u00eda legal inmediata por tel\u00e9fono o quieres programar de inmediato la revisi\u00f3n gratuita y sin compromiso de tu caso, el personal del Grupo Legal Flaxman est\u00e1 a tu disposici\u00f3n. Hablamos criollo y espa\u00f1ol adem\u00e1s de ingl\u00e9s, as\u00ed que podemos ayudarte en el idioma de tu elecci\u00f3n. <a href=\"contacta con nosotros.html\">Contacta<\/a> hoy mismo al Grupo Legal Flaxman utilizando nuestro sitio web o llam\u00e1ndonos al 866-352-9626 para programar tu consulta gratuita sobre accidentes. Nos complace servir a toda la comunidad de Florida del Sur, incluyendo los Condados de Miami-Dade, Broward, Palm Beach, South Miami Heights, y \u00e1reas circundantes.    <\/p>\n<\/p><\/div>\n<\/p><\/div>\n","protected":false},"excerpt":{"rendered":"<p>Sin honorarios a menos que ganemos. Llama al 866-352-9626 para una &#8230; <\/p>\n","protected":false},"author":3,"featured_media":0,"parent":0,"menu_order":0,"comment_status":"closed","ping_status":"closed","template":"template-practice-areas.php","meta":{"footnotes":""},"class_list":["post-22395","page","type-page","status-publish","hentry"],"featured_image_src":null,"featured_image_src_square":null,"_links":{"self":[{"href":"https:\/\/flaxmanlaw.com\/es\/wp-json\/wp\/v2\/pages\/22395","targetHints":{"allow":["GET"]}}],"collection":[{"href":"https:\/\/flaxmanlaw.com\/es\/wp-json\/wp\/v2\/pages"}],"about":[{"href":"https:\/\/flaxmanlaw.com\/es\/wp-json\/wp\/v2\/types\/page"}],"author":[{"embeddable":true,"href":"https:\/\/flaxmanlaw.com\/es\/wp-json\/wp\/v2\/users\/3"}],"replies":[{"embeddable":true,"href":"https:\/\/flaxmanlaw.com\/es\/wp-json\/wp\/v2\/comments?post=22395"}],"version-history":[{"count":0,"href":"https:\/\/flaxmanlaw.com\/es\/wp-json\/wp\/v2\/pages\/22395\/revisions"}],"wp:attachment":[{"href":"https:\/\/flaxmanlaw.com\/es\/wp-json\/wp\/v2\/media?parent=22395"}],"curies":[{"name":"wp","href":"https:\/\/api.w.org\/{rel}","templated":true}]}}