{"id":22397,"date":"2024-11-18T12:44:38","date_gmt":"2024-11-18T12:44:38","guid":{"rendered":"https:\/\/flaxmanlaw.wpenginepowered.com\/negligencia-farmaceutica-en-miami-gardens-abogados-de-lesiones-personales-en-el-condado-de-miami-dade\/"},"modified":"2024-11-18T12:44:38","modified_gmt":"2024-11-18T12:44:38","slug":"negligencia-farmaceutica-en-miami-gardens-abogados-de-lesiones-personales-en-el-condado-de-miami-dade","status":"publish","type":"page","link":"https:\/\/flaxmanlaw.com\/es\/negligencia-farmaceutica-en-miami-gardens-abogados-de-lesiones-personales-en-el-condado-de-miami-dade\/","title":{"rendered":"Negligencia farmac\u00e9utica en Miami Gardens | Abogados de lesiones personales en el condado de Miami-Dade"},"content":{"rendered":"<div class=\"bodytext\">\n<h2>Negligencia farmac\u00e9utica en Miami Gardens<\/h1><\/h2>\n<div class=\"description\">\n<p>Miami Gardens es una comunidad suburbana situada a las afueras de Miami. La zona es famosa por ser la sede de la Orange Bowl anual y el hogar de los Miami Dolphins. Los residentes de Miami Gardens tienen acceso a una serie de servicios, como zonas verdes, dos colegios, escuelas e instalaciones m\u00e9dicas, como cl\u00ednicas locales y el cercano Jackson North Medical Center, Concentra Urgent Care y, Chen Medical Center.  <\/p>\n<p>Desafortunadamente, cada a\u00f1o los residentes y visitantes del \u00e1rea resultan perjudicados por negligencia farmac\u00e9utica en Miami Gardens y \u00e1reas circundantes. Un miembro del equipo legal del <a href=\"index.html\">Grupo Legal Flaxman<\/a> estar\u00e1 encantado de reunirse con usted si cree que puede tener un caso de error farmac\u00e9utico. En muchos casos, es dif\u00edcil saber si de hecho usted ha sido afectado por un error farmac\u00e9utico. Siempre que tomes un medicamento y sufras una enfermedad grave o efectos secundarios o al\u00e9rgicos graves, es importante que consultes con un abogado de lesiones personales, adem\u00e1s de con un m\u00e9dico. Un <a href=\"sobre nosotros.html\">abogado<\/a> de <a href=\"sobre nosotros.html\">lesiones personales<\/a> en Miami Gardens puede investigar la situaci\u00f3n y ayudarte a determinar si tienes un caso.    <\/p>\n<p><strong class=\"heading4\">\u00bfPor qu\u00e9 se producen errores farmac\u00e9uticos en Miami Gardens y otras ciudades?<\/strong><\/p>\n<p>Los errores en las farmacias son una causa clave de preocupaci\u00f3n para todos los residentes de Florida. Una tendencia reciente que ha causado preocupaci\u00f3n entre los abogados de lesiones personales del estado es la proliferaci\u00f3n de farmacias propiedad de grandes cadenas. En el pasado, las farmacias eran peque\u00f1os negocios en los que farmac\u00e9uticos formados estaban al frente y en el centro para ayudar a los pacientes con sus necesidades de medicaci\u00f3n. Hoy, las farmacias suelen estar dentro de grandes almacenes, tiendas de descuento o incluso tiendas de comestibles. Estas farmacias son propiedad de grandes empresas, lo que puede crear un doble problema. En primer lugar, estas empresas a menudo intentan ahorrar dinero contratando personal inexperto en lugar de farmac\u00e9uticos plenamente formados. Seg\u00fan algunos expertos, esto puede aumentar el riesgo de errores farmac\u00e9uticos, porque los auxiliares sin experiencia simplemente tienen menos experiencia en proporcionar la calidad de atenci\u00f3n que pueden proporcionar los farmac\u00e9uticos. Otro problema es que, si los pacientes resultan heridos por un error farmac\u00e9utico o una negligencia m\u00e9dica en Miami Gardens o Florida, reclamar una indemnizaci\u00f3n a estas grandes empresas puede resultar muy dif\u00edcil. Las grandes corporaciones cuentan con equipos de abogados y poderosos recursos para ayudarles a defender su caso, aunque hayan sido negligentes e imprudentes con la atenci\u00f3n al paciente. A menudo es necesario trabajar con un abogado de lesiones personales muy cualificado para buscar una indemnizaci\u00f3n en estas situaciones.         <\/p>\n<p><strong class=\"heading4\">Los errores farmac\u00e9uticos en Miami Gardens y otras comunidades provocan lesiones graves<\/strong><\/p>\n<p>Los errores farmac\u00e9uticos en Miami Gardens y otras comunidades de Florida pueden provocar lesiones muy graves, entre ellas<\/p>\n<ul>\n<li>Insuficiencia respiratoria<\/li>\n<li>Lesiones cerebrales<\/li>\n<li>Reacciones al\u00e9rgicas<\/li>\n<li>Infartos de miocardio<\/li>\n<li>Presi\u00f3n arterial peligrosamente baja<\/li>\n<li>Tensi\u00f3n arterial repentinamente alta<\/li>\n<li>Quemaduras<\/li>\n<li>Episodios psic\u00f3ticos<\/li>\n<li>Alucinaciones<\/li>\n<li>Fallecidos<\/li>\n<\/ul>\n<p>Si experimentas estos u otros s\u00edntomas despu\u00e9s de tomar un medicamento, deja de tomarlo inmediatamente y busca ayuda m\u00e9dica. Las confusiones m\u00e9dicas pueden ser extremadamente peligrosas y es importante obtener ayuda a tiempo. <\/p>\n<p>Una vez que hayas conseguido ayuda m\u00e9dica, puedes <a href=\"contacta con nosotros.html\">llamar al Grupo Legal Flaxman<\/a> para una consulta gratuita sobre accidentes si la confusi\u00f3n de medicamentos ha causado lesiones. El Grupo Legal Flaxman es una firma de servicios legales completos. El personal jur\u00eddico puede darte asesor\u00eda legal, puede investigar tu situaci\u00f3n y puede ayudarte a buscar una compensaci\u00f3n por tus lesiones.  <\/p>\n<\/p><\/div>\n<\/p><\/div>\n","protected":false},"excerpt":{"rendered":"<p>Sin honorarios a menos que ganemos. Llama al 866-352-9626 para una &#8230; <\/p>\n","protected":false},"author":3,"featured_media":0,"parent":0,"menu_order":0,"comment_status":"closed","ping_status":"closed","template":"template-practice-areas.php","meta":{"footnotes":""},"class_list":["post-22397","page","type-page","status-publish","hentry"],"featured_image_src":null,"featured_image_src_square":null,"_links":{"self":[{"href":"https:\/\/flaxmanlaw.com\/es\/wp-json\/wp\/v2\/pages\/22397","targetHints":{"allow":["GET"]}}],"collection":[{"href":"https:\/\/flaxmanlaw.com\/es\/wp-json\/wp\/v2\/pages"}],"about":[{"href":"https:\/\/flaxmanlaw.com\/es\/wp-json\/wp\/v2\/types\/page"}],"author":[{"embeddable":true,"href":"https:\/\/flaxmanlaw.com\/es\/wp-json\/wp\/v2\/users\/3"}],"replies":[{"embeddable":true,"href":"https:\/\/flaxmanlaw.com\/es\/wp-json\/wp\/v2\/comments?post=22397"}],"version-history":[{"count":0,"href":"https:\/\/flaxmanlaw.com\/es\/wp-json\/wp\/v2\/pages\/22397\/revisions"}],"wp:attachment":[{"href":"https:\/\/flaxmanlaw.com\/es\/wp-json\/wp\/v2\/media?parent=22397"}],"curies":[{"name":"wp","href":"https:\/\/api.w.org\/{rel}","templated":true}]}}