{"id":22399,"date":"2024-11-18T12:44:38","date_gmt":"2024-11-18T12:44:38","guid":{"rendered":"https:\/\/flaxmanlaw.wpenginepowered.com\/miami-gardens-lesiones-personales-abogados-de-accidentes-del-condado-de-miami-dade\/"},"modified":"2025-12-04T04:06:10","modified_gmt":"2025-12-04T04:06:10","slug":"miami-gardens-lesiones-personales-abogados-de-accidentes-del-condado-de-miami-dade","status":"publish","type":"page","link":"https:\/\/flaxmanlaw.com\/es\/miami-gardens-lesiones-personales-abogados-de-accidentes-del-condado-de-miami-dade\/","title":{"rendered":"Miami Gardens Lesiones Personales"},"content":{"rendered":"<div class=\"bodytext\">\n<h2>Lesiones Personales Miami Gardens<\/h2>\n<div class=\"description\">\n<p>Miami Gardens debe su nombre a Miami Gardens Drive. Miami Gardens, una comunidad suburbana, es la sede del estadio Sun Life, donde juegan los Florida Marlins, los Hurricanes de la Universidad de Miami y los Miami Dolphins. El torneo anual de f\u00fatbol universitario Orange Bowl se celebra en Miami Gardens. Miami Gardens es conocida por ser una comunidad diversa desde que se fund\u00f3 en la d\u00e9cada de 1970.<\/p>\n<p>Aunque Miami Gardens es una comunidad suburbana segura, los accidentes y las lesiones pueden ocurrir en cualquier parte. Si has sufrido una lesi\u00f3n o has estado en un accidente en Miami Gardens, hay muchas razones por las que podr\u00edas desear contactar al experimentado equipo legal del Grupo Legal Flaxman:<\/p>\n<p>1) Para saber m\u00e1s sobre tu caso y tu demanda. Para saber si podr\u00edas tener una demanda por lesiones personales en Miami Gardens, contacta al Grupo Legal Flaxman para una consulta gratuita y sin compromiso para hablar sobre tu caso. El equipo jur\u00eddico del Grupo Legal Flaxman puede ayudarte a comprender tus opciones y tu caso para que puedas tomar una decisi\u00f3n informada sobre lo que puedes hacer para garantizar la recuperaci\u00f3n m\u00e1s completa posible.<\/p>\n<p>2) Para obtener la ayuda que necesitas para recuperarte. Si tienes una lesi\u00f3n o has sufrido un accidente en Miami Gardens, un buen abogado de lesiones personales en Miami Gardens puede ayudarte a investigar tu caso, puede ayudarte a negociar con las compa\u00f1\u00edas de seguros y puede llevar adelante tu reclamaci\u00f3n para que tengas que pagar de tu bolsillo el menor n\u00famero posible de gastos. La ayuda legal que puede ofrecerte un abogado cualificado especializado en lesiones personales de Miami Gardens puede ayudarte a pagar una atenci\u00f3n m\u00e9dica de calidad, as\u00ed como la vivienda y otras necesidades.<\/p>\n<p>3) A un asesoramiento jur\u00eddico experimentado y compasivo. El equipo del Grupo Legal Flaxman no s\u00f3lo es compasivo y profesional, sino que tambi\u00e9n tiene la experiencia y las calificaciones para ayudarte en tu caso de lesiones personales en Miami Gardens. El Grupo Legal Flaxman ha ayudado a miles de pacientes de lesiones personales en Florida, incluyendo a muchos pacientes de lesiones personales en Miami Gardens. Tenemos la experiencia necesaria para ofrecerte asesoramiento y ayuda jur\u00eddicos s\u00f3lidos. Contacta hoy mismo al Grupo Legal Flaxman para una consulta gratuita y sin compromiso para hablar sobre tu caso y para enterarte de lo que el Grupo Legal Flaxman puede hacer por ti.<\/p>\n<p>El Grupo Legal Flaxman tiene oficinas convenientemente ubicadas en Hollywood, Florida, a s\u00f3lo 12 minutos de Miami Gardens. Para llegar a nuestro bufete desde Miami Gardens, conduce en direcci\u00f3n sur hacia NW 183rd St\/Miami Gardens Dr. por NW 27th Ave y gira a la izquierda en NW 183rd St\/Miami Gardens Dr. Gira otra vez a la izquierda en FL-7 N\/NW 2nd Ave. Gira a la derecha en Johnson St. Las oficinas del Grupo Legal Flaxman est\u00e1n en el 5715 de Johnson St.<\/p>\n<\/div>\n<div class=\"subpageslist\"><strong class=\"heading4 widget-title\"><a href=\"miami-gardens-accidente-de-coche.html\">Accidentes de tr\u00e1fico<\/a><\/strong> <strong class=\"heading4 widget-title\"><a href=\"miami-gardens-accidente-de-camion.html\">Accidentes de cami\u00f3n<\/a><\/strong> <strong class=\"heading4 widget-title\"><a href=\"miami-gardens-accidente-moto.html\">Accidentes de moto<\/a><\/strong> <strong class=\"heading4 widget-title\"><a href=\"miami-jardines-deslizamiento-ca\u00edda.html\">Accidentes por resbalones y ca\u00eddas<\/a><\/strong> <strong class=\"heading4 widget-title\"><a href=\"miami-gardens-muerte por negligencia.html\">Muerte por negligencia<\/a><\/strong> <strong class=\"heading4 widget-title\"><a href=\"miami-jardines-lesion-cabeza.html\">Lesi\u00f3n en la cabeza<\/a><\/strong> <strong class=\"heading4 widget-title\"><a href=\"miami-gardens-accidente-bicicleta.html\">Accidentes de bicicleta<\/a><\/strong> <strong class=\"heading4 widget-title\"><a href=\"miami-jardines-productos-responsabilidad.html\">Responsabilidad por productos defectuosos<\/a><\/strong> <strong class=\"heading4 widget-title\"><a href=\"miami-gardens-bus-accidente.html\">Accidentes de autob\u00fas<\/a><\/strong> <strong class=\"heading4 widget-title\"><a href=\"miami-gardens-medical-malpractice.html\">Negligencia m\u00e9dica<\/a><\/strong> <strong class=\"heading4 widget-title\"><a href=\"miami-gardens-nursing-home-abuse.html\">Abuso en residencias de ancianos<\/a><\/strong> <strong class=\"heading4 widget-title\"><a href=\"miami-gardens-trabajar-en-lesiones.html\">Lesiones laborales<\/a><\/strong> <strong class=\"heading4 widget-title\"><a href=\"miami-jardines-lesiones-infantiles.html\">Lesiones infantiles<\/a><\/strong> <strong class=\"heading4 widget-title\"><a href=\"miami-jardines-farmacia-negligencia.html\">Negligencia farmac\u00e9utica<\/a><\/strong> <strong class=\"heading4 widget-title\"><a href=\"miami-jardines-impacto lateral.html\">Impacto lateral<\/a><\/strong> <strong class=\"heading4 widget-title\"><a href=\"miami-jardines-seguro-ley.html\">Derecho de seguros<\/a><\/strong> <strong class=\"heading4 widget-title\"><a href=\"miami-gardens-atropellado-por-un-conductor-borracho.html\">Atropellado por un conductor ebrio<\/a><\/strong> <strong class=\"heading4 widget-title\"><a href=\"miami-gardens-accidente con fuga.html\">Accidentes con fuga<\/a><\/strong> <strong class=\"heading4 widget-title\"><a href=\"miami-jardines-amputaciones.html\">Amputaciones<\/a><\/strong> <strong class=\"heading4 widget-title\"><a href=\"miami-gardens-lesiones de parto.html\">Lesiones en el parto<\/a><\/strong> <strong class=\"heading4 widget-title\"><a href=\"miami-gardens-perro-muerde.html\">Mordeduras de perro<\/a><\/strong> <strong class=\"heading4 widget-title\"><a href=\"miami-jardines-fracasos-accidentes.html\">Accidentes por no ceder el paso<\/a><\/strong> <strong class=\"heading4 widget-title\"><a href=\"miami-jardines-choque frontal.html\">Colisi\u00f3n frontal<\/a><\/strong> <strong class=\"heading4 widget-title\"><a href=\"miami-jardines-accidente-de-motorista-sin-seguro.html\">Accidentes de motoristas con seguro insuficiente<\/a><\/strong> <strong class=\"heading4 widget-title\"><a href=\"miami-jardines-peligros-de-la-carretera.html\">Peligros de la carretera<\/a><\/strong> <strong class=\"heading4 widget-title\"><a href=\"miami-jardines-dise\u00f1o-de-caminos-pobres.html\">Mal dise\u00f1o de las carreteras<\/a><\/strong> <strong class=\"heading4 widget-title\"><a href=\"miami-jardines-fallo-mecanico.html\">Fallo mec\u00e1nico<\/a><\/strong> <strong class=\"heading4 widget-title\"><a href=\"miami-jardines-reacci\u00f3n-en-cadena-accidentes.html\">Accidentes en cadena<\/a><\/strong> <strong class=\"heading4 widget-title\"><a href=\"miami-jardines-accidentes-volcadura.html\">Accidentes por vuelco<\/a><\/strong> <strong class=\"heading4 widget-title\"><a href=\"miami-gardens-conduccion-distraida.html\">Conducci\u00f3n distra\u00edda<\/a><\/strong> <strong class=\"heading4 widget-title\"><a href=\"colisiones en miami-gardens.html\">Colisiones en Broadside<\/a><\/strong> <strong class=\"heading4 widget-title\"><a href=\"miami-jardines-accidentes-de-cambio-de-carril.html\">Accidentes por cambio de carril inseguro<\/a><\/strong> <strong class=\"heading4 widget-title\"><a href=\"miami-jardines-intersecciones-accidentes.html\">Accidentes en intersecciones<\/a><\/strong> <strong class=\"heading4 widget-title\"><a href=\"miami-gardens-seguridad-pasajeros.html\">Seguridad de los pasajeros<\/a><\/strong> <strong class=\"heading4 widget-title\"><a href=\"miami-jardines-giro-izquierdo-colisiones.html\">Colisiones por giro a la izquierda<\/a><\/strong> <strong class=\"heading4 widget-title\"><a href=\"miami-gardens-rear-end-shunt-accidents.html\">Accidentes por alcance<\/a><\/strong> <strong class=\"heading4 widget-title\"><a href=\"miami-jardines-autom\u00f3vil-moto.html\">Autom\u00f3vil y Motocicleta<\/a><\/strong> <strong class=\"heading4 widget-title\"><a href=\"miami-jardines-equipamiento-pesado-fracasos.html\">Aver\u00edas de maquinaria pesada<\/a><\/strong> <strong class=\"heading4 widget-title\"><a href=\"miami-jardines-drogas-peligrosas.html\">Drogas peligrosas<\/a><\/strong> <strong class=\"heading4 widget-title\"><a href=\"miami-gardens-florida-abandono-fisico.html\">Negligencia f\u00edsica<\/a><\/strong> <strong class=\"heading4 widget-title\"><a href=\"miami-gardens-medical-neglect.html\">Negligencia m\u00e9dica<\/a><\/strong> <strong class=\"heading4 widget-title\"><a href=\"miami-jardines-supervisi\u00f3n-inadecuada.html\">Supervisi\u00f3n inadecuada<\/a><\/strong> <strong class=\"heading4 widget-title\"><a href=\"miami-jardines-vivienda-asistida-negligencia.html\">Negligencia en residencias asistidas<\/a><\/strong> <strong class=\"heading4 widget-title\"><a href=\"miami-jardines-abuso-de-ancianos.html\">Abuso de ancianos<\/a><\/strong> <strong class=\"heading4 widget-title\"><a href=\"miami-gardens-abuso-fisico.html\">Maltrato f\u00edsico<\/a><\/strong> <strong class=\"heading4 widget-title\"><a href=\"miami-jardines-agresion-sexual.html\">Agresi\u00f3n sexual<\/a><\/strong> <strong class=\"heading4 widget-title\"><a href=\"miami-gardens-lesion cerebral.html\">Lesi\u00f3n cerebral<\/a><\/strong> <strong class=\"heading4 widget-title\"><a href=\"miami-gardens-school-bus-accident.html\">Accidentes de autob\u00fas escolar<\/a><\/strong> <strong class=\"heading4 widget-title\"><a href=\"miami-gardens-transporte-publico-accidente.html\">Accidentes en el transporte p\u00fablico<\/a><\/strong> <strong class=\"heading4 widget-title\"><a href=\"miami-gardens-autobuses-privados.html\">Autobuses privados<\/a><\/strong> <strong class=\"heading4 widget-title\"><a href=\"miami-gardens-premises-liability.html\">Responsabilidad de los locales<\/a><\/strong> <strong class=\"heading4 widget-title\"><a href=\"miami-jardines-seguridad-inadecuada.html\">Seguridad inadecuada<\/a><\/strong> <strong class=\"heading4 widget-title\"><a href=\"miami-gardens-dwi-dui-car-accidents.html\">Accidentes de tr\u00e1fico por DWI\/DUI<\/a><\/strong><\/div>\n<\/div>\n","protected":false},"excerpt":{"rendered":"<p>Sin honorarios a menos que ganemos. Llama al 866-352-9626 para una &#8230; <\/p>\n","protected":false},"author":3,"featured_media":0,"parent":0,"menu_order":0,"comment_status":"closed","ping_status":"closed","template":"template-practice-areas.php","meta":{"footnotes":""},"class_list":["post-22399","page","type-page","status-publish","hentry"],"featured_image_src":null,"featured_image_src_square":null,"_links":{"self":[{"href":"https:\/\/flaxmanlaw.com\/es\/wp-json\/wp\/v2\/pages\/22399","targetHints":{"allow":["GET"]}}],"collection":[{"href":"https:\/\/flaxmanlaw.com\/es\/wp-json\/wp\/v2\/pages"}],"about":[{"href":"https:\/\/flaxmanlaw.com\/es\/wp-json\/wp\/v2\/types\/page"}],"author":[{"embeddable":true,"href":"https:\/\/flaxmanlaw.com\/es\/wp-json\/wp\/v2\/users\/3"}],"replies":[{"embeddable":true,"href":"https:\/\/flaxmanlaw.com\/es\/wp-json\/wp\/v2\/comments?post=22399"}],"version-history":[{"count":0,"href":"https:\/\/flaxmanlaw.com\/es\/wp-json\/wp\/v2\/pages\/22399\/revisions"}],"wp:attachment":[{"href":"https:\/\/flaxmanlaw.com\/es\/wp-json\/wp\/v2\/media?parent=22399"}],"curies":[{"name":"wp","href":"https:\/\/api.w.org\/{rel}","templated":true}]}}