{"id":22403,"date":"2024-11-18T12:44:38","date_gmt":"2024-11-18T12:44:38","guid":{"rendered":"https:\/\/flaxmanlaw.wpenginepowered.com\/camiones-con-sobrepeso-sobrecarga-en-miami-gardens-abogados-de-accidentes-de-camion-en-el-condado-de-miami-dade\/"},"modified":"2024-11-18T12:44:38","modified_gmt":"2024-11-18T12:44:38","slug":"camiones-con-sobrepeso-sobrecarga-en-miami-gardens-abogados-de-accidentes-de-camion-en-el-condado-de-miami-dade","status":"publish","type":"page","link":"https:\/\/flaxmanlaw.com\/es\/camiones-con-sobrepeso-sobrecarga-en-miami-gardens-abogados-de-accidentes-de-camion-en-el-condado-de-miami-dade\/","title":{"rendered":"Camiones con sobrepeso \/ sobrecarga en Miami Gardens | Abogados de accidentes de cami\u00f3n en el condado de Miami-Dade"},"content":{"rendered":"<div class=\"bodytext\">\n<h2>Camiones de Sobrepeso \/ Sobrecarga Miami Gardens<\/h1><\/h2>\n<div class=\"description\">\n<p>Hay normas federales que limitan el peso que pueden transportar los camiones comerciales, como los grandes camiones y las cabezas tractoras. Incluso hay estaciones de pesaje a lo largo de las carreteras de Florida y otros estados para garantizar que los camioneros cumplen estas normas. Por desgracia, las estaciones de pesaje y las normas no siempre impiden que los camiones con sobrepeso y peligrosamente sobrecargados circulen por Miami Gardens o por tu comunidad.  <\/p>\n<p>Si usted o un ser querido han resultado lesionados en un accidente de cami\u00f3n evitable, contacte al Grupo Legal Flaxman al 866-352-9626 para revisar sus opciones legales. Usted podr\u00eda levantar una demanda legal o podr\u00eda negociar con las aseguradoras para obtener un arreglo m\u00e1s justo para que no tenga que terminar pagando de su bolsillo los gastos m\u00e9dicos, as\u00ed como los muchos otros costos de sus lesiones. <a href=\"contacta con nosotros.html\">Contacta<\/a> hoy mismo <a href=\"contacta con nosotros.html\">con<\/a> el Grupo Legal Flaxman para revisar tus opciones legales y averiguar qu\u00e9 pasos puedes dar para empezar a protegerte a ti y a tu familia hoy mismo. <\/p>\n<p><strong class=\"heading4\">\u00bfC\u00f3mo llegan los camiones con sobrepeso y sobrecarga a nuestras carreteras?<\/strong><\/p>\n<p>Existen b\u00e1sculas de camiones y l\u00edmites de peso de la carga para garantizar que s\u00f3lo circulen por nuestras carreteras camiones dentro de los l\u00edmites de seguridad. Sin embargo, cada a\u00f1o muchos camiones con sobrepeso y sobrecarga consiguen escabullirse de estas normas y b\u00e1sculas y causan verdaderos estragos en la carretera. <\/p>\n<p>Hay muchas razones por las que estos camiones comparten la carretera contigo y con tu familia:<\/p>\n<ul>\n<li>Los camioneros y transportistas no pueden pesar su carga<\/li>\n<li>Los transportistas y conductores de camiones pueden sobrecargar deliberadamente los camiones y evitar las b\u00e1sculas para que no les pillen<\/li>\n<li>Los transportistas de camiones pueden tener pol\u00edticas deficientes que les impidan cumplir la normativa sobre peso<\/li>\n<li>Los conductores de camiones pueden ser negligentes al comprobar que la carga est\u00e1 dentro de los l\u00edmites de peso<\/li>\n<li>Pesaje incorrecto de la carga o registro del peso<\/li>\n<\/ul>\n<p>Adem\u00e1s de los camiones con sobrepeso y sobrecarga, existe un peligro en los camiones que tienen el peso distribuido incorrectamente. En estos casos, los vuelcos y otras colisiones son tambi\u00e9n un riesgo muy real, ya que el peso distribuido de forma desigual puede desequilibrar el veh\u00edculo, sobre todo en los giros y a mayor velocidad. <\/p>\n<p><strong class=\"heading4\">Si Has Sufrido Una Colisi\u00f3n De Tr\u00e1fico En Miami Gardens O En Cualquier Lugar De Florida, Necesitas Asesoramiento Legal<\/strong><\/p>\n<p>Independientemente de c\u00f3mo se produzca una colisi\u00f3n de camiones, si ocurre por negligencia o imprudencia de alguien, puedes tener derecho a una indemnizaci\u00f3n. Es importante obtener asesoramiento jur\u00eddico tras un accidente de tr\u00e1fico para asegurarte de que comprendes tus derechos legales. Una indemnizaci\u00f3n adecuada puede ayudarte a ti y a tu familia a pagar los gastos m\u00e9dicos, las reparaciones del coche, los salarios perdidos y mucho m\u00e1s.  <\/p>\n<p><a href=\"index.html\">El Grupo Legal Flaxman<\/a> es una firma de servicios integrales con sede en Miami, Homestead y Hollywood. Nuestros abogados luchan por los demandantes en todo Florida del Sur. Si usted ha resultado lesionado en un accidente de cami\u00f3n en cualquier parte de Florida del Sur, nuestros abogados estar\u00e1n encantados de revisar sus derechos legales con usted en una consulta gratuita sobre accidentes y estar\u00e1n encantados de reunirse con usted en nuestras oficinas o en su ubicaci\u00f3n para revisar sus opciones legales.  <\/p>\n<\/p><\/div>\n<\/p><\/div>\n","protected":false},"excerpt":{"rendered":"<p>Sin honorarios a menos que ganemos. Llama al 866-352-9626 para una &#8230; <\/p>\n","protected":false},"author":3,"featured_media":0,"parent":0,"menu_order":0,"comment_status":"closed","ping_status":"closed","template":"template-practice-areas.php","meta":{"footnotes":""},"class_list":["post-22403","page","type-page","status-publish","hentry"],"featured_image_src":null,"featured_image_src_square":null,"_links":{"self":[{"href":"https:\/\/flaxmanlaw.com\/es\/wp-json\/wp\/v2\/pages\/22403","targetHints":{"allow":["GET"]}}],"collection":[{"href":"https:\/\/flaxmanlaw.com\/es\/wp-json\/wp\/v2\/pages"}],"about":[{"href":"https:\/\/flaxmanlaw.com\/es\/wp-json\/wp\/v2\/types\/page"}],"author":[{"embeddable":true,"href":"https:\/\/flaxmanlaw.com\/es\/wp-json\/wp\/v2\/users\/3"}],"replies":[{"embeddable":true,"href":"https:\/\/flaxmanlaw.com\/es\/wp-json\/wp\/v2\/comments?post=22403"}],"version-history":[{"count":0,"href":"https:\/\/flaxmanlaw.com\/es\/wp-json\/wp\/v2\/pages\/22403\/revisions"}],"wp:attachment":[{"href":"https:\/\/flaxmanlaw.com\/es\/wp-json\/wp\/v2\/media?parent=22403"}],"curies":[{"name":"wp","href":"https:\/\/api.w.org\/{rel}","templated":true}]}}