{"id":22405,"date":"2024-11-18T12:44:38","date_gmt":"2024-11-18T12:44:38","guid":{"rendered":"https:\/\/flaxmanlaw.wpenginepowered.com\/miami-gardens-perder-el-control-en-las-curvas-abogados-de-accidentes-de-motocicleta-del-condado-de-miami-dade\/"},"modified":"2024-11-18T12:44:38","modified_gmt":"2024-11-18T12:44:38","slug":"miami-gardens-perder-el-control-en-las-curvas-abogados-de-accidentes-de-motocicleta-del-condado-de-miami-dade","status":"publish","type":"page","link":"https:\/\/flaxmanlaw.com\/es\/miami-gardens-perder-el-control-en-las-curvas-abogados-de-accidentes-de-motocicleta-del-condado-de-miami-dade\/","title":{"rendered":"Miami Gardens Perder el Control en las Curvas | Abogados de Accidentes de Motocicleta del Condado de Miami-Dade"},"content":{"rendered":"<div class=\"bodytext\">\n<h2>Miami Gardens Pierde el Control en los Giros<\/h1><\/h2>\n<div class=\"description\">\n<p>El equilibrio es fundamental cuando conduces una motocicleta. Dado que las motocicletas son veh\u00edculos de dos ruedas, es importante, al acercarse a una curva, frenar y reducir la velocidad antes de acercarse a la curva y luego acelerar en la curva. Los conductores inexpertos y noveles pueden no ser conscientes de ello y perder el control en una curva. Sin embargo, incluso los motoristas experimentados pueden perder el control en una curva, sobre todo si hay peligros en la carretera o si tienen que apartarse para evitar a los conductores negligentes que comparten la carretera.   <\/p>\n<p>Si usted ha resultado lesionado en un choque de tr\u00e1fico en Miami Gardens o en cualquier parte de Florida del Sur, <a href=\"contacta con nosotros.html\">contacte<\/a> inmediatamente al Grupo Legal Flaxman para dar los pasos necesarios para proteger sus derechos a una compensaci\u00f3n justa. Los abogados de nuestra firma de servicios integrales ya han ayudado a miles de demandantes a asegurar m\u00e1s de cien millones de d\u00f3lares en acuerdos y victorias judiciales. Estaremos encantados de reunirnos con usted para averiguar cu\u00e1nto puede valer su caso potencial.  <\/p>\n<p><strong class=\"heading4\">Los peligros en la carretera pueden hacer que los motoristas se descontrolen<\/strong><\/p>\n<p>Una de las causas m\u00e1s comunes de <a href=\"perder-control-en-las-vueltas.html\">perder el control en los giros<\/a> son las condiciones de la carretera. Incluso algo tan simple como un bache puede ser un gran peligro para un veh\u00edculo peque\u00f1o como una motocicleta. Incluso si eres un conductor experimentado y frenas correctamente antes de entrar en una curva y aceleras durante la misma, una superficie irregular, un bache o incluso un peque\u00f1o derrame de aceite en la carretera pueden hacer que tu motocicleta salga despedida.  <\/p>\n<p>Si has sufrido este tipo de accidente de moto con un solo veh\u00edculo en Miami Gardens o en cualquier lugar de Florida, \u00bfc\u00f3mo puedes saber qui\u00e9n es el responsable? En muchos casos, el municipio o la ciudad donde se produjo el accidente es el propietario de la carretera y es responsable de garantizar que la carretera est\u00e9 en buen estado o que se coloquen se\u00f1ales para alertar a los conductores de cualquier peligro conocido. Si puedes demostrar que el municipio incumpli\u00f3 su deber de diligencia razonable para contigo y que resultaste herido en un accidente como consecuencia de ese incumplimiento del deber, es posible que puedas reclamar da\u00f1os y perjuicios por:  <\/p>\n<ul>\n<li>Gastos m\u00e9dicos<\/li>\n<li>P\u00e9rdida de ingresos<\/li>\n<li>Gastos de reparaci\u00f3n de la moto<\/li>\n<li>Costes de sustituci\u00f3n de la moto<\/li>\n<li>Gastos accesorios<\/li>\n<li>Dolor y sufrimiento<\/li>\n<li>Salarios perdidos esperados en el futuro<\/li>\n<li>Futuras facturas m\u00e9dicas previstas<\/li>\n<\/ul>\n<p><strong class=\"heading4\">\u00bfNecesitas ayuda para buscar la m\u00e1xima indemnizaci\u00f3n en tu caso?<\/strong><\/p>\n<p>Si has tenido un accidente de moto causado por perder el control en un giro o por cualquier otra cuesti\u00f3n, necesitar\u00e1s ayuda para recuperarte tras la colisi\u00f3n. Una de las formas en que necesitar\u00e1s recuperarte es econ\u00f3mica y legalmente. Hablar con un abogado de lesiones personales puede ayudarte con esto, ya que un abogado de lesiones personales como los abogados del Grupo Legal Flaxman pueden ofrecerte asesor\u00eda legal y pueden ayudar a aconsejarte sobre tus opciones legales despu\u00e9s de tu choque.  <\/p>\n<p>Si usted es elegible para una compensaci\u00f3n negociando con su aseguradora o buscando una demanda legal, los abogados del <a href=\"index.html\">Grupo Legal<\/a> Flaxman pueden manejar los detalles del proceso y pueden luchar agresivamente por sus mejores intereses y por la m\u00e1xima compensaci\u00f3n disponible para usted. Si desea programar una consulta gratuita y sin compromiso sobre su caso con el Grupo Legal Flaxman, simplemente contacte hoy mismo a nuestra firma de servicios integrales para su cita gratuita. <\/p>\n<\/p><\/div>\n<\/p><\/div>\n","protected":false},"excerpt":{"rendered":"<p>Sin honorarios a menos que ganemos. Llama al 866-352-9626 para una &#8230; <\/p>\n","protected":false},"author":3,"featured_media":0,"parent":0,"menu_order":0,"comment_status":"closed","ping_status":"closed","template":"template-practice-areas.php","meta":{"footnotes":""},"class_list":["post-22405","page","type-page","status-publish","hentry"],"featured_image_src":null,"featured_image_src_square":null,"_links":{"self":[{"href":"https:\/\/flaxmanlaw.com\/es\/wp-json\/wp\/v2\/pages\/22405","targetHints":{"allow":["GET"]}}],"collection":[{"href":"https:\/\/flaxmanlaw.com\/es\/wp-json\/wp\/v2\/pages"}],"about":[{"href":"https:\/\/flaxmanlaw.com\/es\/wp-json\/wp\/v2\/types\/page"}],"author":[{"embeddable":true,"href":"https:\/\/flaxmanlaw.com\/es\/wp-json\/wp\/v2\/users\/3"}],"replies":[{"embeddable":true,"href":"https:\/\/flaxmanlaw.com\/es\/wp-json\/wp\/v2\/comments?post=22405"}],"version-history":[{"count":0,"href":"https:\/\/flaxmanlaw.com\/es\/wp-json\/wp\/v2\/pages\/22405\/revisions"}],"wp:attachment":[{"href":"https:\/\/flaxmanlaw.com\/es\/wp-json\/wp\/v2\/media?parent=22405"}],"curies":[{"name":"wp","href":"https:\/\/api.w.org\/{rel}","templated":true}]}}