{"id":22406,"date":"2024-11-18T12:44:38","date_gmt":"2024-11-18T12:44:38","guid":{"rendered":"https:\/\/flaxmanlaw.wpenginepowered.com\/accidentes-de-moto-con-visibilidad-limitada-en-miami-gardens-abogados-de-lesiones-de-moto-del-condado-de-miami-dade\/"},"modified":"2024-11-18T12:44:38","modified_gmt":"2024-11-18T12:44:38","slug":"accidentes-de-moto-con-visibilidad-limitada-en-miami-gardens-abogados-de-lesiones-de-moto-del-condado-de-miami-dade","status":"publish","type":"page","link":"https:\/\/flaxmanlaw.com\/es\/accidentes-de-moto-con-visibilidad-limitada-en-miami-gardens-abogados-de-lesiones-de-moto-del-condado-de-miami-dade\/","title":{"rendered":"Accidentes de Moto con Visibilidad Limitada en Miami Gardens | Abogados de Lesiones de Moto del Condado de Miami-Dade"},"content":{"rendered":"<div class=\"bodytext\">\n<h2>Accidentes de Moto con Visibilidad Limitada en Miami Gardens<\/h1><\/h2>\n<div class=\"description\">\n<p>La visibilidad es muy importante en la carretera, y a\u00fan m\u00e1s para los motoristas. Una buena visibilidad permite a los motoristas ver los peligros a tiempo y les permite apartarse sin hacer trompos ni derrapar. Tambi\u00e9n es muy importante que los coches y los camiones vean a los motoristas para evitar chocar contra ellos o invadir sus carriles. Cuando la visibilidad se ve comprometida de alg\u00fan modo, puede provocar un grave accidente de tr\u00e1fico en Miami Gardens o en tu comunidad.   <\/p>\n<p>Si tu accidente fue causado por problemas de visibilidad que no te permitieron ver a otro conductor o porque otro conductor no pudo verte, mereces respuestas. Contacta al Grupo Legal Flaxman al 866-352-9626 para recibir una evaluaci\u00f3n gratuita de tu caso y averiguar si tienes una demanda legal y cu\u00e1nto puede valer esa demanda. El Grupo Legal Flaxman es una firma de servicios integrales con oficinas en Hollywood, Miami y Homestead. Nuestros abogados cuentan con m\u00e1s de 60 a\u00f1os de experiencia combinada y est\u00e1n orgullosos de servir a toda el \u00e1rea de Florida del Sur, incluyendo los Condados de Miami-Dade, Broward, Palm Beach, South Miami Heights, y otras regiones.   <\/p>\n<p><strong class=\"heading4\">\u00bfPor qu\u00e9 se producen accidentes de moto relacionados con la visibilidad en Miami Gardens y Florida?<\/strong><\/p>\n<p>Hay muchas razones por las que pueden producirse accidentes de visibilidad<\/p>\n<ul>\n<li>Conducci\u00f3n distra\u00edda<\/li>\n<li>Conducci\u00f3n fatigada<\/li>\n<li>Mal dise\u00f1o de las carreteras<\/li>\n<li>Malas condiciones meteorol\u00f3gicas<\/li>\n<li>Tr\u00e1fico intenso<\/li>\n<li>Falta de ropa o luces reflectantes en una motocicleta<\/li>\n<li>Arbustos y \u00e1rboles demasiado crecidos<\/li>\n<li>Mal mantenimiento de los arcenes<\/li>\n<\/ul>\n<p>En muchos casos, estos accidentes son evitables y pueden deberse a una negligencia.<\/p>\n<p><strong class=\"heading4\">Gastos m\u00e9dicos y de otro tipo tras una colisi\u00f3n de moto<\/strong><\/p>\n<p>Un accidente de moto con visibilidad limitada puede provocar lesiones graves y costosas facturas m\u00e9dicas que podr\u00edan afectar a tu econom\u00eda durante a\u00f1os. Las intervenciones quir\u00fargicas, los cuidados m\u00e9dicos a largo plazo, los salarios perdidos y otros gastos pueden devastar tus ahorros. Si has sufrido lesiones, puedes sufrir graves problemas econ\u00f3micos y enfrentarte a facturas considerables. Si est\u00e1s demasiado lesionado para trabajar, tambi\u00e9n es posible que tengas que pagar todas estas cosas mientras ganas bastante menos de lo habitual. Incluso puedes quedarte sin forma de mantenerte a ti y a tu familia. En estos casos, reclamar una indemnizaci\u00f3n justa no s\u00f3lo es tu derecho seg\u00fan la ley de Florida, sino que tambi\u00e9n puede ser una parte importante del proceso de curaci\u00f3n, al garantizar que te curas econ\u00f3mica y f\u00edsicamente de tus lesiones.     <\/p>\n<p>Si has resultado lesionado, llama al <a href=\"contacta con nosotros.html\">Grupo Legal Flaxman<\/a> al 866-352-9626 para averiguar si tienes derecho a una indemnizaci\u00f3n. El equipo legal del Grupo Legal Flaxman cuenta con los recursos y la experiencia para investigar y manejar cada detalle de tu caso. Nuestro bufete trabaja con investigadores, consultores m\u00e9dicos, expertos en reconstrucci\u00f3n de accidentes y otros profesionales para investigar tu colisi\u00f3n. Nuestro equipo de asistentes jur\u00eddicos, abogados y personal jur\u00eddico es capaz de ocuparse de todos los dem\u00e1s detalles de un caso, desde recopilar un caso s\u00f3lido en tu nombre hasta ayudarte a alquilar un coche o encontrar recursos en tu zona. Nuestro objetivo es buscar la indemnizaci\u00f3n justa que mereces por las p\u00e9rdidas que has sufrido. Ponte en contacto con nosotros hoy mismo para obtener m\u00e1s informaci\u00f3n.     <\/p>\n<\/p><\/div>\n<\/p><\/div>\n","protected":false},"excerpt":{"rendered":"<p>Sin honorarios a menos que ganemos. Llama al 866-352-9626 para una &#8230; <\/p>\n","protected":false},"author":3,"featured_media":0,"parent":0,"menu_order":0,"comment_status":"closed","ping_status":"closed","template":"template-practice-areas.php","meta":{"footnotes":""},"class_list":["post-22406","page","type-page","status-publish","hentry"],"featured_image_src":null,"featured_image_src_square":null,"_links":{"self":[{"href":"https:\/\/flaxmanlaw.com\/es\/wp-json\/wp\/v2\/pages\/22406","targetHints":{"allow":["GET"]}}],"collection":[{"href":"https:\/\/flaxmanlaw.com\/es\/wp-json\/wp\/v2\/pages"}],"about":[{"href":"https:\/\/flaxmanlaw.com\/es\/wp-json\/wp\/v2\/types\/page"}],"author":[{"embeddable":true,"href":"https:\/\/flaxmanlaw.com\/es\/wp-json\/wp\/v2\/users\/3"}],"replies":[{"embeddable":true,"href":"https:\/\/flaxmanlaw.com\/es\/wp-json\/wp\/v2\/comments?post=22406"}],"version-history":[{"count":0,"href":"https:\/\/flaxmanlaw.com\/es\/wp-json\/wp\/v2\/pages\/22406\/revisions"}],"wp:attachment":[{"href":"https:\/\/flaxmanlaw.com\/es\/wp-json\/wp\/v2\/media?parent=22406"}],"curies":[{"name":"wp","href":"https:\/\/api.w.org\/{rel}","templated":true}]}}