{"id":22407,"date":"2024-11-18T12:44:38","date_gmt":"2024-11-18T12:44:38","guid":{"rendered":"https:\/\/flaxmanlaw.wpenginepowered.com\/colisiones-por-girar-a-la-izquierda-en-miami-gardens-abogados-de-accidentes-de-coche-en-el-condado-de-miami-dade\/"},"modified":"2024-11-18T12:44:38","modified_gmt":"2024-11-18T12:44:38","slug":"colisiones-por-girar-a-la-izquierda-en-miami-gardens-abogados-de-accidentes-de-coche-en-el-condado-de-miami-dade","status":"publish","type":"page","link":"https:\/\/flaxmanlaw.com\/es\/colisiones-por-girar-a-la-izquierda-en-miami-gardens-abogados-de-accidentes-de-coche-en-el-condado-de-miami-dade\/","title":{"rendered":"Colisiones por girar a la izquierda en Miami Gardens | Abogados de accidentes de coche en el condado de Miami-Dade"},"content":{"rendered":"<div class=\"bodytext\">\n<h2>Colisiones por girar a la izquierda en Miami Gardens<\/h1><\/h2>\n<div class=\"description\">\n<p>Los choques por girar a la izquierda suelen ser accidentes en intersecciones de Miami Gardens y Florida. Desgraciadamente, estas colisiones son bastante frecuentes y pueden producirse si un conductor se distrae al girar a la izquierda o si no cede el paso al girar. <\/p>\n<p>Los abogados del Grupo Legal Flaxman han ayudado a miles de personas lesionadas en choques de giro a la izquierda y otros tipos de accidentes. Nuestros abogados consideran que su trabajo m\u00e1s importante es luchar en favor de los derechos de los demandantes para que \u00e9stos dispongan de los recursos financieros que necesitan para pagar la mejor atenci\u00f3n y tratamiento m\u00e9dicos posibles. Si has sufrido lesiones, un miembro de nuestro compasivo equipo jur\u00eddico estar\u00e1 encantado de consultarte. S\u00f3lo tienes que llamarnos al 866-352-9626 o utilizar nuestro formulario web para programar una revisi\u00f3n gratuita de tu caso.   <\/p>\n<p><strong class=\"heading4\">Comprender las p\u00e9rdidas en accidentes de giro a la izquierda en Miami Gardens y Florida<\/strong><\/p>\n<p>Si te has lesionado en una colisi\u00f3n automovil\u00edstica por giro a la izquierda o en cualquier accidente de tr\u00e1fico, es probable que sufras p\u00e9rdidas. Tus p\u00e9rdidas pueden incluir: <\/p>\n<ul>\n<li>P\u00e9rdida de ingresos si te lesionas y no puedes volver al trabajo<\/li>\n<li>P\u00e9rdida de ingresos potenciales en el futuro si sufres lesiones permanentes y ya no podr\u00e1s seguir tu carrera profesional.<\/li>\n<li>Gastos de sustituci\u00f3n o reparaci\u00f3n del coche<\/li>\n<li>Da\u00f1os materiales por cualquier bien o aparato que estuviera en tu coche en el momento del accidente<\/li>\n<li>Facturas y gastos m\u00e9dicos, incluidos los gastos m\u00e9dicos previstos a largo plazo y futuros<\/li>\n<li>Gastos imprevistos, como cuidados a domicilio o el coste de hacer accesible tu casa mientras te recuperas.<\/li>\n<\/ul>\n<p>Las p\u00e9rdidas en colisiones por giros a la izquierda y otros accidentes en intersecciones de Florida pueden ser importantes. No es raro que personas que incluso tienen una buena cobertura m\u00e9dica y de accidentes de coche se encuentren con que tienen que pagar de su bolsillo decenas de miles de d\u00f3lares o incluso m\u00e1s por sus gastos. Aunque tengas seguro, ten en cuenta que las aseguradoras no suelen estar dispuestas a pagar toda la cantidad posible en tu caso. Puede que necesites hablar con un abogado de lesiones personales para informarte sobre otras opciones para conseguir una indemnizaci\u00f3n justa en tu caso.   <\/p>\n<p><strong class=\"heading4\">Por qu\u00e9 se producen los accidentes por girar a la izquierda<\/strong><\/p>\n<p>Los giros a la izquierda est\u00e1n pensados para ser muy sencillos, pero gracias a la negligencia o a una formaci\u00f3n deficiente algunos conductores hacen que esta sencilla tarea sea extremadamente peligrosa. Los giros a la izquierda, cuando se ejecutan correctamente, simplemente implican: <\/p>\n<ol>\n<li>Incorporarse al carril derecho para girar a la izquierda<\/li>\n<li>Asegurarte de que puedes girar a la izquierda legalmente donde est\u00e1s<\/li>\n<li>Utilizar la se\u00f1alizaci\u00f3n adecuada para indicar a los dem\u00e1s que vas a girar<\/li>\n<li>Reduce la velocidad de tu veh\u00edculo entre 75 y 100 pies antes de llegar a la intersecci\u00f3n en la que har\u00e1s el giro<\/li>\n<li>Comprobar el tr\u00e1fico para asegurarse de que no hay tr\u00e1fico en sentido contrario u otros peligros<\/li>\n<li>Completar el giro a la izquierda<\/li>\n<\/ol>\n<p>Cuando un conductor no toma estas sencillas precauciones y provoca un accidente, puede ser considerado responsable de las lesiones que cause.<\/p>\n<p>\u00bfEst\u00e1s buscando respuestas reales despu\u00e9s de un grave accidente o lesi\u00f3n? Habla hoy mismo con uno de los abogados del Grupo Legal Flaxman. El equipo jur\u00eddico de nuestra firma de servicios integrales estar\u00e1 encantado de reunirse con usted en una consulta gratuita y sin compromiso para revisar sus opciones legales. Ya hemos ayudado a miles de demandantes por lesiones personales a obtener compensaci\u00f3n y da\u00f1os financieros por sus lesiones. Estaremos encantados de responder a tus preguntas y ayudarte a revisar tus derechos legales. <a href=\"contacta con nosotros.html\">Ponte en contacto con nosotros<\/a> en el 866-352-9626 para tu consulta gratuita y sin compromiso.     <\/p>\n<\/p><\/div>\n<\/p><\/div>\n","protected":false},"excerpt":{"rendered":"<p>Sin honorarios a menos que ganemos. Llama al 866-352-9626 para una &#8230; <\/p>\n","protected":false},"author":3,"featured_media":0,"parent":0,"menu_order":0,"comment_status":"closed","ping_status":"closed","template":"template-practice-areas.php","meta":{"footnotes":""},"class_list":["post-22407","page","type-page","status-publish","hentry"],"featured_image_src":null,"featured_image_src_square":null,"_links":{"self":[{"href":"https:\/\/flaxmanlaw.com\/es\/wp-json\/wp\/v2\/pages\/22407","targetHints":{"allow":["GET"]}}],"collection":[{"href":"https:\/\/flaxmanlaw.com\/es\/wp-json\/wp\/v2\/pages"}],"about":[{"href":"https:\/\/flaxmanlaw.com\/es\/wp-json\/wp\/v2\/types\/page"}],"author":[{"embeddable":true,"href":"https:\/\/flaxmanlaw.com\/es\/wp-json\/wp\/v2\/users\/3"}],"replies":[{"embeddable":true,"href":"https:\/\/flaxmanlaw.com\/es\/wp-json\/wp\/v2\/comments?post=22407"}],"version-history":[{"count":0,"href":"https:\/\/flaxmanlaw.com\/es\/wp-json\/wp\/v2\/pages\/22407\/revisions"}],"wp:attachment":[{"href":"https:\/\/flaxmanlaw.com\/es\/wp-json\/wp\/v2\/media?parent=22407"}],"curies":[{"name":"wp","href":"https:\/\/api.w.org\/{rel}","templated":true}]}}