{"id":22408,"date":"2024-11-18T12:44:38","date_gmt":"2024-11-18T12:44:38","guid":{"rendered":"https:\/\/flaxmanlaw.wpenginepowered.com\/accidentes-en-intersecciones-de-miami-gardens-abogados-de-accidentes-de-coche-del-condado-de-miami-dade\/"},"modified":"2024-11-18T12:44:38","modified_gmt":"2024-11-18T12:44:38","slug":"accidentes-en-intersecciones-de-miami-gardens-abogados-de-accidentes-de-coche-del-condado-de-miami-dade","status":"publish","type":"page","link":"https:\/\/flaxmanlaw.com\/es\/accidentes-en-intersecciones-de-miami-gardens-abogados-de-accidentes-de-coche-del-condado-de-miami-dade\/","title":{"rendered":"Accidentes en Intersecciones de Miami Gardens | Abogados de Accidentes de Coche del Condado de Miami-Dade"},"content":{"rendered":"<div class=\"bodytext\">\n<h2>Accidentes en Intersecciones de Miami Gardens<\/h1><\/h2>\n<div class=\"description\">\n<p>Es muy sencillo: las intersecciones pueden ser mortales. Hay varios coches en distintas direcciones, as\u00ed como distintos tipos de veh\u00edculos y peatones en un espacio relativamente peque\u00f1o. Un acto de imprudencia -como saltarse un sem\u00e1foro en rojo o no comprobar si hay peatones antes de girar- puede provocar un accidente de tr\u00e1fico grave o incluso mortal en un cruce de Miami Gardens o Florida.  <\/p>\n<p>Si has resultado lesionado en una intersecci\u00f3n, es importante que consultes a un abogado de lesiones personales. Para programar una evaluaci\u00f3n gratuita y sin compromiso de tu caso, siempre puedes <a href=\"contacta con nosotros.html\">contactar<\/a> al Grupo Legal Flaxman al 866-352-9626 para una cita gratuita. Nuestros abogados cuentan con m\u00e1s de seis d\u00e9cadas de experiencia obteniendo una compensaci\u00f3n justa a favor de los demandantes por lesiones personales.  <\/p>\n<p><strong class=\"heading4\">Gastos m\u00e9dicos tras un accidente de tr\u00e1fico grave en Miami Gardens<\/strong><\/p>\n<p>Tus gastos m\u00e9dicos tras un accidente en una intersecci\u00f3n pueden incluir:<\/p>\n<ul>\n<li>Ayuda m\u00e9dica urgente y ser llevado a urgencias<\/li>\n<li>Costes hospitalarios<\/li>\n<li>Gastos de cirug\u00eda<\/li>\n<li>Rehabilitaci\u00f3n, fisioterapia y otros tratamientos a largo plazo<\/li>\n<li>Costes de diagn\u00f3stico e imagen<\/li>\n<li>Reparaci\u00f3n o sustituci\u00f3n del coche<\/li>\n<li>Transporte de ida y vuelta al hospital, citas con el m\u00e9dico y otras citas<\/li>\n<li>Medicaci\u00f3n<\/li>\n<li>Dispositivos m\u00e9dicos, como sillas de ruedas o aparatos ortop\u00e9dicos<\/li>\n<li>Cuidados a domicilio o en residencias asistidas<\/li>\n<li>Costes m\u00e9dicos a largo plazo, como el coste de sustituci\u00f3n de pr\u00f3tesis o tratamiento m\u00e9dico a largo plazo<\/li>\n<li>Salarios perdidos<\/li>\n<li>Futuras oportunidades de ingresos perdidas<\/li>\n<li>Costes accesorios, como el coste de hacer tu casa accesible o de instalar rampas para sillas de ruedas en tu casa<\/li>\n<li>Tratamientos m\u00e9dicos especializados y citas con especialistas<\/li>\n<li>Da\u00f1os materiales o sustituci\u00f3n de los bienes da\u00f1ados en el accidente<\/li>\n<\/ul>\n<p>Es importante buscar una indemnizaci\u00f3n que te ayude a cubrir el mayor n\u00famero posible de estos gastos. Sin indemnizaci\u00f3n, puedes encontrarte pagando muchos de estos gastos de tu bolsillo. Para muchas personas que han sobrevivido a una colisi\u00f3n de tr\u00e1fico grave, estos gastos pueden llegar a ser abrumadores. De hecho, los gastos m\u00e9dicos imprevistos son la causa n\u00famero uno de quiebra personal en Estados Unidos.   <\/p>\n<p><strong class=\"heading4\">\u00bfEst\u00e1s cubierto tras una colisi\u00f3n de coche o cami\u00f3n en Miami Gardens?<\/strong><\/p>\n<p>Incluso con seguro de coche y seguro m\u00e9dico, el coste de una lesi\u00f3n grave, como una lesi\u00f3n medular o un traumatismo craneal, puede ser abrumador. Estas lesiones pueden acabar con tus ahorros y dejarte luchando para pagar las facturas. Es importante que consultes con un abogado de lesiones personales r\u00e1pidamente despu\u00e9s de tu accidente, para que puedas tomar medidas para proteger tu derecho a una indemnizaci\u00f3n, si tienes derecho a ella. Si la negligencia o imprudencia de alguien ha causado tu accidente, es posible que puedas recuperar parte de los gastos de tu accidente, ayud\u00e1ndote a pagar las facturas m\u00e9dicas y otros gastos necesarios.   <\/p>\n<p>Cuando usted <a href=\"contacta con nosotros.html\">contacta<\/a> al Grupo Legal Flaxman en cualquier momento, un miembro de nuestro equipo de admisi\u00f3n puede ayudarle con asesor\u00eda inmediata por tel\u00e9fono y con la programaci\u00f3n de una consulta gratuita por accidente con uno de nuestros experimentados y profesionales abogados. Nuestro bufete de servicios integrales puede manejar todos los detalles de su caso, desde la evaluaci\u00f3n inicial hasta el cobro de su victoria en la corte o del dinero del seguro. Podemos ayudarte a negociar con tu aseguradora o a presentar una reclamaci\u00f3n judicial. Incluso podemos ayudarte con todos los detalles de tu caso, como encontrar recursos que puedan ayudarte tras tus lesiones o encontrar un coche de alquiler despu\u00e9s de que tu coche haya resultado da\u00f1ado en un accidente. Para enterarte de todo lo que <a href=\"index.html\">el Grupo Legal Flaxman<\/a> puede hacer por ti, contacta hoy mismo a nuestra firma de servicios integrales al 866-352-9626 para recibir una revisi\u00f3n gratuita de tu caso.    <\/p>\n<\/p><\/div>\n<\/p><\/div>\n","protected":false},"excerpt":{"rendered":"<p>Sin honorarios a menos que ganemos. Llama al 866-352-9626 para una &#8230; <\/p>\n","protected":false},"author":3,"featured_media":0,"parent":0,"menu_order":0,"comment_status":"closed","ping_status":"closed","template":"template-practice-areas.php","meta":{"footnotes":""},"class_list":["post-22408","page","type-page","status-publish","hentry"],"featured_image_src":null,"featured_image_src_square":null,"_links":{"self":[{"href":"https:\/\/flaxmanlaw.com\/es\/wp-json\/wp\/v2\/pages\/22408","targetHints":{"allow":["GET"]}}],"collection":[{"href":"https:\/\/flaxmanlaw.com\/es\/wp-json\/wp\/v2\/pages"}],"about":[{"href":"https:\/\/flaxmanlaw.com\/es\/wp-json\/wp\/v2\/types\/page"}],"author":[{"embeddable":true,"href":"https:\/\/flaxmanlaw.com\/es\/wp-json\/wp\/v2\/users\/3"}],"replies":[{"embeddable":true,"href":"https:\/\/flaxmanlaw.com\/es\/wp-json\/wp\/v2\/comments?post=22408"}],"version-history":[{"count":0,"href":"https:\/\/flaxmanlaw.com\/es\/wp-json\/wp\/v2\/pages\/22408\/revisions"}],"wp:attachment":[{"href":"https:\/\/flaxmanlaw.com\/es\/wp-json\/wp\/v2\/media?parent=22408"}],"curies":[{"name":"wp","href":"https:\/\/api.w.org\/{rel}","templated":true}]}}