{"id":22419,"date":"2024-11-18T09:43:56","date_gmt":"2024-11-18T09:43:56","guid":{"rendered":"https:\/\/flaxmanlaw.wpenginepowered.com\/alcohol-abogados-de-accidentes-automovilisticos-en-hollywood-florida-grupo-legal-flaxman\/"},"modified":"2025-01-23T07:18:34","modified_gmt":"2025-01-23T07:18:34","slug":"alcohol-abogados-de-accidentes-automovilisticos-en-hollywood-florida-grupo-legal-flaxman","status":"publish","type":"page","link":"https:\/\/flaxmanlaw.com\/es\/alcohol-abogados-de-accidentes-automovilisticos-en-hollywood-florida-grupo-legal-flaxman\/","title":{"rendered":"Alcohol | Abogados de Accidentes Automovil\u00edsticos en Hollywood, Florida Grupo Legal Flaxman"},"content":{"rendered":"\t\t<div data-elementor-type=\"wp-page\" data-elementor-id=\"22419\" class=\"elementor elementor-22419 elementor-6853\" data-elementor-post-type=\"page\">\n\t\t\t\t<div class=\"elementor-element elementor-element-3c5611bf e-flex e-con-boxed e-con e-parent\" data-id=\"3c5611bf\" data-element_type=\"container\" data-e-type=\"container\">\n\t\t\t\t\t<div class=\"e-con-inner\">\n\t\t\t\t<div class=\"elementor-element elementor-element-682add66 elementor-widget elementor-widget-text-editor\" data-id=\"682add66\" data-element_type=\"widget\" data-e-type=\"widget\" data-widget_type=\"text-editor.default\">\n\t\t\t\t<div class=\"elementor-widget-container\">\n\t\t\t\t\t\t\t\t\t<div class=\"bodytext\">\n<h2>Alcohol<\/h1><\/h2>\n<div class=\"description\">\n\nDesde los a\u00f1os 80, los anuncios de servicio p\u00fablico y las campa\u00f1as educativas han enviado el mensaje de que el alcohol y la conducci\u00f3n no son compatibles. Sin embargo, a pesar de las duras leyes, siguen produci\u00e9ndose accidentes por conducir bajo los efectos del alcohol en las calles de Hollywood y Florida. Estos accidentes son muy evitables y suelen ser muy frustrantes para las familias afectadas, sobre todo porque muchos conductores bajo los efectos del alcohol son reincidentes y ten\u00edan muchas otras opciones adem\u00e1s de conducir ebrios. \u00bfT\u00fa o un ser querido hab\u00e9is resultado heridos por un conductor ebrio? Tienes derechos seg\u00fan la legislaci\u00f3n de Florida. Para averiguar qu\u00e9 recursos legales existen en tu situaci\u00f3n, contacta con el Grupo Legal Flaxman. Nuestra firma cuenta con oficinas en Hollywood, Homestead y Miami, y nuestro equipo trabaja compasiva e incansablemente a favor de las partes lesionadas para buscar justicia y compensaci\u00f3n a su favor. Para averiguar si usted tiene una demanda, nuestro equipo legal puede programar una consulta gratuita y sin compromiso para usted o su familia. Simplemente contacta hoy mismo con el Grupo Legal Flaxman para saber m\u00e1s.  \n\n     \n\n<strong class=\"heading4\">C\u00f3mo afecta el alcohol a la capacidad de conducir<\/strong>\n\nEl alcohol es una sustancia controlada porque puede afectar a la movilidad y a la toma de decisiones. Numerosos estudios han demostrado tambi\u00e9n que beber y conducir es una combinaci\u00f3n peligrosa porque: \n<ul>\n \t<li>Beber disminuye las inhibiciones, lo que significa que los conductores pueden asumir m\u00e1s riesgos al volante<\/li>\n \t<li>El alcohol ralentiza el tiempo de reacci\u00f3n, por lo que los conductores pueden no ser capaces de frenar a tiempo para evitar un choque por alcance u otra colisi\u00f3n<\/li>\n \t<li>Beber aumenta la fatiga, lo que puede hacer que los conductores ebrios se duerman al volante<\/li>\n \t<li>El alcohol afecta a la movilidad, lo que puede afectar a la capacidad para conducir<\/li>\n \t<li>El alcohol afecta al estado de \u00e1nimo y puede provocar casos de ira al volante y conducci\u00f3n agresiva<\/li>\n \t<li>Beber afecta a la toma de decisiones, lo que puede llevar a los conductores a tomar malas decisiones (como exceso de velocidad, ir en direcci\u00f3n contraria o correr).<\/li>\n<\/ul>\nA pesar de todas estas excelentes razones para no conducir, muchas personas siguen conduciendo ebrias. Algunas personas incluso tienen m\u00faltiples cargos y condenas por conducir bajo los efectos del alcohol porque siguen conduciendo ebrios. Hay muchas razones por las que la gente toma la decisi\u00f3n de conducir bajo los efectos del alcohol: \n\n\n<ul>\n \t<li>Su juicio se ve afectado por el alcohol y asumen que son seguros para conducir<\/li>\n \t<li>No se sienten \u00abdemasiado borrachos\u00bb<\/li>\n \t<li>Presi\u00f3n de grupo<\/li>\n \t<li>No planifican con antelaci\u00f3n<\/li>\n \t<li>Alcoholismo<\/li>\n \t<li>No quieren afrontar los costes de coger un taxi o las molestias de llamar a un amigo<\/li>\n<\/ul>\nNo hay ninguna buena raz\u00f3n para beber y conducir, sobre todo porque sabemos que puede conducir tan f\u00e1cilmente a la tragedia.\n\n<strong class=\"heading4\">Conducir bebido y zumbado<\/strong>\n\nEn Florida, se considera que los conductores superan el l\u00edmite legal si su tasa de alcoholemia es de 0,08 o superior. Para los conductores menores de 21 a\u00f1os, no est\u00e1 permitido consumir alcohol. La cantidad de alcohol que una persona puede consumir antes de superar el l\u00edmite legal var\u00eda en funci\u00f3n de la edad, el peso y otros factores. Sin embargo, hay que tener en cuenta que, incluso antes de alcanzar el l\u00edmite legal, la capacidad de una persona para conducir puede verse comprometida por la bebida. De hecho, muchos expertos en seguridad han puesto en marcha campa\u00f1as para advertir a los conductores sobre los peligros de \u00abconducir ebrio\u00bb, es decir, conducir estando a\u00fan por debajo del l\u00edmite legal de alcohol en sangre. Incluso despu\u00e9s de s\u00f3lo una o dos copas, un conductor puede ver comprometida su movilidad y su tiempo de reacci\u00f3n. Un conductor que s\u00f3lo ha bebido y no est\u00e1 legalmente borracho puede provocar una colisi\u00f3n y lesiones. \u00bfHas resultado lesionado por un conductor ebrio o ebrio? Contacte al Grupo Legal Flaxman para programar una consulta gratuita sobre accidentes. Nuestra firma representa a demandantes en Hollywood, Condado de Broward, Condado de Miami-Dade, Condado de Palm Beach, South Miami Heights, y en todo el Sur de Florida. Para averiguar lo que nuestro equipo legal puede hacer por usted, <a href=\"\">cont\u00e1ctenos<\/a> a trav\u00e9s de nuestro sitio web o llamando al 866-352-9626 para su consulta gratuita sobre accidentes.   \n\n  \n\n   \n\n<\/div>\n<div class=\"subpageslist\"><\/div>\n<\/div>\t\t\t\t\t\t\t\t<\/div>\n\t\t\t\t<\/div>\n\t\t\t\t<div class=\"elementor-element elementor-element-3e0d642 elementor-widget elementor-widget-html\" data-id=\"3e0d642\" data-element_type=\"widget\" data-e-type=\"widget\" data-widget_type=\"html.default\">\n\t\t\t\t<div class=\"elementor-widget-container\">\n\t\t\t\t\t<script type=\"application\/ld+json\">{\n  \"@context\": \"https:\/\/schema.org\",\n  \"@type\": \"LegalService\",\n  \"name\": \"Flaxman Law Group\",\n  \"image\": \"https:\/\/www.flaxmanlaw.com\/wp-content\/uploads\/2024\/10\/flaxman-Vertical-_WebLogo.png\",\n  \"@id\": \"\",\n  \"url\": \"https:\/\/www.flaxmanlaw.com\/hollywood-fl\/\",\n  \"telephone\": \"(954) 799-9923\",\n  \"address\": {\n    \"@type\": \"PostalAddress\",\n    \"streetAddress\": \"5715 Johnson St\",\n    \"addressLocality\": \"Hollywood\",\n    \"addressRegion\": \"FL\",\n    \"postalCode\": \"33021\",\n    \"addressCountry\": \"US\"\n  },\n  \"geo\": {\n    \"@type\": \"GeoCoordinates\",\n    \"latitude\": 26.0180785,\n    \"longitude\": -80.20235219999999\n  },\n  \"openingHoursSpecification\": {\n    \"@type\": \"OpeningHoursSpecification\",\n    \"dayOfWeek\": [\n      \"Monday\",\n      \"Tuesday\",\n      \"Wednesday\",\n      \"Thursday\",\n      \"Friday\",\n      \"Saturday\",\n      \"Sunday\"\n    ],\n    \"opens\": \"00:00\",\n    \"closes\": \"23:59\"\n  } \n}\n<\/script>\t\t\t\t<\/div>\n\t\t\t\t<\/div>\n\t\t\t\t\t<\/div>\n\t\t\t\t<\/div>\n\t\t\t\t<\/div>\n\t\t","protected":false},"excerpt":{"rendered":"<p>Sin honorarios a menos que ganemos. Llama al 866-352-9626 para una &#8230; <\/p>\n","protected":false},"author":3,"featured_media":0,"parent":0,"menu_order":0,"comment_status":"closed","ping_status":"closed","template":"template-practice-areas.php","meta":{"footnotes":""},"class_list":["post-22419","page","type-page","status-publish","hentry"],"featured_image_src":null,"featured_image_src_square":null,"_links":{"self":[{"href":"https:\/\/flaxmanlaw.com\/es\/wp-json\/wp\/v2\/pages\/22419","targetHints":{"allow":["GET"]}}],"collection":[{"href":"https:\/\/flaxmanlaw.com\/es\/wp-json\/wp\/v2\/pages"}],"about":[{"href":"https:\/\/flaxmanlaw.com\/es\/wp-json\/wp\/v2\/types\/page"}],"author":[{"embeddable":true,"href":"https:\/\/flaxmanlaw.com\/es\/wp-json\/wp\/v2\/users\/3"}],"replies":[{"embeddable":true,"href":"https:\/\/flaxmanlaw.com\/es\/wp-json\/wp\/v2\/comments?post=22419"}],"version-history":[{"count":0,"href":"https:\/\/flaxmanlaw.com\/es\/wp-json\/wp\/v2\/pages\/22419\/revisions"}],"wp:attachment":[{"href":"https:\/\/flaxmanlaw.com\/es\/wp-json\/wp\/v2\/media?parent=22419"}],"curies":[{"name":"wp","href":"https:\/\/api.w.org\/{rel}","templated":true}]}}