{"id":22421,"date":"2024-11-18T12:44:32","date_gmt":"2024-11-18T12:44:32","guid":{"rendered":"https:\/\/flaxmanlaw.wpenginepowered.com\/ley-antidesahucios-abogados-de-fort-lauderdale-especializados-en-litigios-entre-propietarios-e-inquilinos\/"},"modified":"2025-05-06T08:39:52","modified_gmt":"2025-05-06T08:39:52","slug":"ley-antidesahucios-abogados-de-fort-lauderdale-especializados-en-litigios-entre-propietarios-e-inquilinos","status":"publish","type":"page","link":"https:\/\/flaxmanlaw.com\/es\/ley-antidesahucios-abogados-de-fort-lauderdale-especializados-en-litigios-entre-propietarios-e-inquilinos\/","title":{"rendered":"Ley Antidesahucios | Abogados de Fort Lauderdale para inquilinos"},"content":{"rendered":"\t\t<div data-elementor-type=\"wp-page\" data-elementor-id=\"22421\" class=\"elementor elementor-22421 elementor-7679\" data-elementor-post-type=\"page\">\n\t\t\t\t<div class=\"elementor-element elementor-element-1a95e3d9 e-flex e-con-boxed e-con e-parent\" data-id=\"1a95e3d9\" data-element_type=\"container\" data-e-type=\"container\">\n\t\t\t\t\t<div class=\"e-con-inner\">\n\t\t\t\t<div class=\"elementor-element elementor-element-3506dc9a elementor-widget elementor-widget-text-editor\" data-id=\"3506dc9a\" data-element_type=\"widget\" data-e-type=\"widget\" data-widget_type=\"text-editor.default\">\n\t\t\t\t<div class=\"elementor-widget-container\">\n\t\t\t\t\t\t\t\t\t<div class=\"bodytext\">\n<h2>Ley Antidesahucios<\/h1><\/h2>\n<div class=\"description\">\n<p>Algunos estados, como Nueva Jersey, tienen una ley antidesahucios para proteger a los inquilinos que, de otro modo, podr\u00edan enfrentarse a ejecuciones hipotecarias injustas. Aunque Florida no tiene una ley espec\u00edficamente referida de este modo, s\u00ed tiene protecciones legales para los inquilinos preocupados por los desahucios ilegales. <\/p>\n<p>El equipo legal del Grupo Legal Flaxman escucha de inquilinos preocupados que buscan una ley anti-desalojo de Hollywood o formas de salvaguardar sus hogares. La buena noticia es que existen leyes para proteger a los inquilinos y siempre puedes contactar al Grupo Legal Flaxman para hablar con un abogado de la ley anti-desalojo de Hollywood. <\/p>\n<p><strong class=\"heading4\">Estatutos de Hollywood que debes conocer en caso de disputa entre propietario e inquilino en Hollywood  <\/strong><\/p>\n<p>Estat. Stat. Ann. \u00a7 83.56 regula los desahucios en Florida. Seg\u00fan los estatutos de Florida, los propietarios que vayan a desahuciar a un inquilino deben avisar a \u00e9ste de que tiene que marcharse en una fecha determinada y deben presentar una notificaci\u00f3n de desahucio si el inquilino no se ha marchado en esa fecha. Para desahuciar a un inquilino, deben ganar un juicio de desahucio y colocar una Orden de Posesi\u00f3n en la vivienda de alquiler. En este caso, el propietario no puede cambiar las cerraduras ni cortar la luz. En su lugar, debe llamar a un sheriff para que desaloje al inquilino.       <\/p>\n<p>La excepci\u00f3n es que el inquilino se haya mudado voluntariamente o haya estado fuera la mitad del periodo de alquiler (es decir, dos semanas en un contrato mensual) sin pagar el alquiler ni avisar.<\/p>\n<p>Tambi\u00e9n existen recursos espec\u00edficos para los propietarios en los casos en que un inquilino incumpla las condiciones del contrato de arrendamiento de los estatutos sobre inquilinos y propietarios de Florida. Por ejemplo, en los casos en que un inquilino no paga el alquiler, el propietario debe avisar con tres d\u00edas de antelaci\u00f3n para que se marche o pague el alquiler. Si se han incumplido las condiciones del contrato de alquiler, el propietario debe avisar al inquilino con siete d\u00edas de antelaci\u00f3n.  <\/p>\n<p>En algunas situaciones, Florida ha aprobado medidas de desahucio o acciones similares a una ley antidesahucios de Florida para proteger a los inquilinos en situaciones inusuales. Por ejemplo, durante la pandemia de 2020 y 2021, los tribunales dejaron de juzgar los casos de desahucio y algunos inquilinos que no pod\u00edan pagar el alquiler no pudieron ser desahuciados en virtud de las normas establecidas por los Centros de Control de Enfermedades. Si se produce una cat\u00e1strofe natural u otro desastre en tu zona, merece la pena comprobar si existe alguna medida temporal de desahucio en este sentido.  <\/p>\n<p><strong class=\"heading4\">Qu\u00e9 hacer en ausencia de una Ley Antidesahucios de Hollywood<\/strong><\/p>\n<p>Aunque Florida no tiene una ley oficial antidesahucios como otros estados, hay pasos que puedes dar si crees que te est\u00e1n desahuciando injustamente. En primer lugar, conviene que revises tu contrato de alquiler y guardes copias de cualquier notificaci\u00f3n o correspondencia que recibas del casero. <\/p>\n<p>Tambi\u00e9n es importante tener en cuenta que, a menos que tu casero tenga una orden judicial, no puede desahuciarte y echarte seg\u00fan la ley de Florida. No abandones ni te vayas voluntariamente de la vivienda si no hay orden judicial y has decidido luchar contra el desahucio. Si el casero te amenaza o hace que tu casa sea insegura quitando las puertas o las cerraduras, puedes ponerte en contacto con la polic\u00eda.  <\/p>\n<p>Si tu casero presenta una demanda de desahucio contra ti, ponte en contacto inmediatamente con un abogado especializado en la ley antidesahucios de Hollywood. Un abogado puede asesorarte sobre tus derechos y luchar contra el desahucio si es ilegal. Puedes <a href=\"\">ponerte en contacto con<\/a> el Grupo Legal Flaxman llamando al 1-866-352-9626 (1-866-FLAXMAN) para hablar con un abogado de la ley antidesahucios de Hollywood sin coste alguno.  <\/p>\n<\/p><\/div>\n<div class=\"subpageslist\">\n<ul> <\/ul>\n<\/p><\/div>\n<\/p><\/div>\n\t\t\t\t\t\t\t\t<\/div>\n\t\t\t\t<\/div>\n\t\t\t\t\t<\/div>\n\t\t\t\t<\/div>\n\t\t\t\t<section class=\"elementor-section elementor-top-section elementor-element elementor-element-64e213f elementor-section-boxed elementor-section-height-default elementor-section-height-default\" data-id=\"64e213f\" data-element_type=\"section\" data-e-type=\"section\">\n\t\t\t\t\t\t<div class=\"elementor-container elementor-column-gap-default\">\n\t\t\t\t\t<div class=\"elementor-column elementor-col-100 elementor-top-column elementor-element elementor-element-ef06d59\" data-id=\"ef06d59\" data-element_type=\"column\" data-e-type=\"column\">\n\t\t\t<div class=\"elementor-widget-wrap elementor-element-populated\">\n\t\t\t\t\t\t<div class=\"elementor-element elementor-element-709cc1f elementor-widget elementor-widget-cz_title\" data-id=\"709cc1f\" data-element_type=\"widget\" data-e-type=\"widget\" data-widget_type=\"cz_title.default\">\n\t\t\t\t<div class=\"elementor-widget-container\">\n\t\t\t\t\t\t\r\n\t\t<div>\r\n\t\t\t<div class=\"cz_title clr cz_title_pos_inline tac\"><div class=\"cz_title_content\"><div class=\"cz_wpe_content\"><h3 style=\"text-align: center;\">Los clientes de disputas entre propietarios e inquilinos a menudo nos preguntan<br \/><span style=\"color: #a40d1d;\">Estas preguntas importantes<\/span><\/h3>\n<\/div><\/div><\/div>\r\n\t\t<\/div>\r\n\t\t\r\n\t\t\t\t\t\t<\/div>\n\t\t\t\t<\/div>\n\t\t\t\t<div class=\"elementor-element elementor-element-bd6c064 elementor-widget elementor-widget-cz_free_line\" data-id=\"bd6c064\" data-element_type=\"widget\" data-e-type=\"widget\" data-widget_type=\"cz_free_line.default\">\n\t\t\t\t<div class=\"elementor-widget-container\">\n\t\t\t\t\t\t\t<div class=\"relative\">\r\n\t\t\t<div  class=\"cz_line cz_line_before_circle cz_line_after_circle tac\"><\/div>\r\n\t\t<\/div>\r\n\t\t<div class=\"clr\"><\/div>\r\n\t\t\t\t\t\t<\/div>\n\t\t\t\t<\/div>\n\t\t\t\t<div class=\"elementor-element elementor-element-89a1ad5 faq-accordion elementor-widget elementor-widget-cz_accordion\" data-id=\"89a1ad5\" data-element_type=\"widget\" data-e-type=\"widget\" data-widget_type=\"cz_accordion.default\">\n\t\t\t\t<div class=\"elementor-widget-container\">\n\t\t\t\t\t<div data-arrows='{\"open\":\"fa fa-angle-down\",\"close\":\"fa fa-angle-up\"}' class=\"cz_acc clr cz_acc_first_open\"><div><div class=\"elementor-repeater-item-87c4bdc\"><span class=\"cz_acc_child\"><div>\u00bfCu\u00e1ndo puede un arrendador quedarse con mi dep\u00f3sito?<\/div><\/span><div class=\"cz_acc_child_content clr\"><p>Por lo general, un arrendador puede quedarse con la totalidad o parte de su dep\u00f3sito de seguridad para cubrir el alquiler impago, los da\u00f1os m\u00e1s all\u00e1 del desgaste normal u otras violaciones del contrato de arrendamiento. Sin embargo, deben proporcionar una lista detallada de las deducciones y devolver cualquier monto restante dentro de un per\u00edodo de tiempo espec\u00edfico, seg\u00fan lo exijan las leyes locales. <\/p>\n<\/div><\/div><div class=\"elementor-repeater-item-638438d\"><span class=\"cz_acc_child\"><div>\u00bfMe pueden desalojar sin previo aviso?<\/div><\/span><div class=\"cz_acc_child_content clr\"><p>Los propietarios siempre deben notificar y no pueden desalojar sin pasar por el proceso judicial adecuado, a menos que el contrato de arrendamiento o las leyes locales especifiquen lo contrario. Por ejemplo, en casos de actividad delictiva o peligro inmediato para la propiedad, el propietario puede proceder con un desalojo acelerado. Siempre consulte su contrato de arrendamiento y las leyes locales de inquilinos para conocer los requisitos espec\u00edficos.  <\/p>\n<\/div><\/div><div class=\"elementor-repeater-item-1c21c39\"><span class=\"cz_acc_child\"><div>\u00bfQu\u00e9 puedo hacer si mi arrendador no hace las reparaciones necesarias?<\/div><\/span><div class=\"cz_acc_child_content clr\"><p>Si su arrendador no se ocupa de las reparaciones necesarias despu\u00e9s de que usted se lo haya notificado por escrito, es posible que tenga opciones como:<\/p>\n<p>Retenci\u00f3n de alquiler (donde lo permita la ley).<br \/>Hacer la reparaci\u00f3n usted mismo y deducir el costo de su alquiler. Informar el problema a las autoridades locales de vivienda.<br \/>Buscar recursos legales en los tribunales. Documente todas las comunicaciones y la condici\u00f3n de la propiedad para fortalecer su caso.  <\/p>\n<\/div><\/div><div class=\"elementor-repeater-item-d48bb0f\"><span class=\"cz_acc_child\"><div>\u00bfCu\u00e1nto tiempo dura el proceso de desalojo?<\/div><\/span><div class=\"cz_acc_child_content clr\"><p>La duraci\u00f3n del proceso de desalojo var\u00eda seg\u00fan las leyes locales y las circunstancias del caso. Puede tardar desde unas pocas semanas hasta varios meses. Generalmente, el proceso implica:  <\/p>\n<ul>\n<li>Un plazo de preaviso.<\/li>\n<li>Presentaci\u00f3n de una demanda de desalojo.<\/li>\n<li>Una audiencia judicial.<\/li>\n<li>Ejecuci\u00f3n del desalojo por parte de las autoridades locales, si es necesario.<\/li>\n<li>Los inquilinos pueden apelar o solicitar retrasos, lo que puede extender el plazo.<\/li>\n<\/ul>\n<\/div><\/div><\/div><\/div>\t\t\t\t<\/div>\n\t\t\t\t<\/div>\n\t\t\t\t<div class=\"elementor-element elementor-element-2a4235b elementor-widget elementor-widget-cz_gap\" data-id=\"2a4235b\" data-element_type=\"widget\" data-e-type=\"widget\" data-widget_type=\"cz_gap.default\">\n\t\t\t\t<div class=\"elementor-widget-container\">\n\t\t\t\t\t<div class=\"cz_gap clr\"><\/div>\t\t\t\t<\/div>\n\t\t\t\t<\/div>\n\t\t\t\t\t<\/div>\n\t\t<\/div>\n\t\t\t\t\t<\/div>\n\t\t<\/section>\n\t\t\t\t<section class=\"elementor-section elementor-top-section elementor-element elementor-element-d7b00de elementor-section-boxed elementor-section-height-default elementor-section-height-default\" data-id=\"d7b00de\" data-element_type=\"section\" data-e-type=\"section\" data-settings=\"{&quot;background_background&quot;:&quot;classic&quot;}\">\n\t\t\t\t\t\t<div class=\"elementor-container elementor-column-gap-default\">\n\t\t\t\t\t<div class=\"elementor-column elementor-col-100 elementor-top-column elementor-element elementor-element-c02c0e1\" data-id=\"c02c0e1\" data-element_type=\"column\" data-e-type=\"column\">\n\t\t\t<div class=\"elementor-widget-wrap elementor-element-populated\">\n\t\t\t\t\t\t<div class=\"elementor-element elementor-element-25e4fc6 elementor-widget elementor-widget-cz_title\" data-id=\"25e4fc6\" data-element_type=\"widget\" data-e-type=\"widget\" data-widget_type=\"cz_title.default\">\n\t\t\t\t<div class=\"elementor-widget-container\">\n\t\t\t\t\t\t\r\n\t\t<div>\r\n\t\t\t<div class=\"cz_title clr cz_title_pos_inline tac\"><div class=\"cz_title_content\"><div class=\"cz_wpe_content\"><h3 style=\"text-align: center;\"><span style=\"color: #a40d1d;\"> \u00c1reas de Pr\u00e1ctica de Propietarios e Inquilinos<\/span><\/h3>\n<\/div><\/div><\/div>\r\n\t\t<\/div>\r\n\t\t\r\n\t\t\t\t\t\t<\/div>\n\t\t\t\t<\/div>\n\t\t\t\t<div class=\"elementor-element elementor-element-301bd5a elementor-widget elementor-widget-cz_free_line\" data-id=\"301bd5a\" data-element_type=\"widget\" data-e-type=\"widget\" data-widget_type=\"cz_free_line.default\">\n\t\t\t\t<div class=\"elementor-widget-container\">\n\t\t\t\t\t\t\t<div class=\"relative\">\r\n\t\t\t<div  class=\"cz_line cz_line_before_circle cz_line_after_circle tac\"><\/div>\r\n\t\t<\/div>\r\n\t\t<div class=\"clr\"><\/div>\r\n\t\t\t\t\t\t<\/div>\n\t\t\t\t<\/div>\n\t\t\t\t\t<\/div>\n\t\t<\/div>\n\t\t\t\t\t<\/div>\n\t\t<\/section>\n\t\t\t\t<section class=\"elementor-section elementor-top-section elementor-element elementor-element-8367f8a elementor-section-boxed elementor-section-height-default elementor-section-height-default\" data-id=\"8367f8a\" data-element_type=\"section\" data-e-type=\"section\" data-settings=\"{&quot;background_background&quot;:&quot;classic&quot;}\">\n\t\t\t\t\t\t\t<div class=\"elementor-background-overlay\"><\/div>\n\t\t\t\t\t\t\t<div class=\"elementor-container elementor-column-gap-default\">\n\t\t\t\t\t<div class=\"elementor-column elementor-col-100 elementor-top-column elementor-element elementor-element-2800a89\" data-id=\"2800a89\" data-element_type=\"column\" data-e-type=\"column\">\n\t\t\t<div class=\"elementor-widget-wrap elementor-element-populated\">\n\t\t\t\t\t\t<section class=\"elementor-section elementor-inner-section elementor-element elementor-element-9a46166 elementor-section-boxed elementor-section-height-default elementor-section-height-default\" data-id=\"9a46166\" data-element_type=\"section\" data-e-type=\"section\">\n\t\t\t\t\t\t<div class=\"elementor-container elementor-column-gap-default\">\n\t\t\t\t\t<div class=\"elementor-column elementor-col-50 elementor-inner-column elementor-element elementor-element-d0879cc\" data-id=\"d0879cc\" data-element_type=\"column\" data-e-type=\"column\">\n\t\t\t<div class=\"elementor-widget-wrap elementor-element-populated\">\n\t\t\t\t\t\t<div class=\"elementor-element elementor-element-7190c87 elementor-widget elementor-widget-cz_service_box\" data-id=\"7190c87\" data-element_type=\"widget\" data-e-type=\"widget\" data-widget_type=\"cz_service_box.default\">\n\t\t\t\t<div class=\"elementor-widget-container\">\n\t\t\t\t\t<div class=\"xtra-service-box-hove fx_zoom_0_hover\"><a href=\"\/practice-areas\/landlord-tenant-disputes-lawyers\/\"><div class=\"services clr style11 cz_sbi_fx_8a services_b\"><div class=\"service_img\"><img decoding=\"async\" width=\"100\" height=\"100\" src=\"https:\/\/flaxmanlaw.com\/wp-content\/uploads\/2024\/10\/icons8-landlord-100-red.png\" class=\"attachment-large size-large wp-image-1608\" alt=\"Icons8 landlord 100 red\" loading=\"lazy\" \/><\/div><div class=\"service_text\"><h3>Disputas entre propietarios e inquilinos<\/h3><div class=\"cz_wpe_content\"><\/div><\/div><\/div><\/a><\/div>\t\t\t\t<\/div>\n\t\t\t\t<\/div>\n\t\t\t\t\t<\/div>\n\t\t<\/div>\n\t\t\t\t<div class=\"elementor-column elementor-col-50 elementor-inner-column elementor-element elementor-element-f3a788a\" data-id=\"f3a788a\" data-element_type=\"column\" data-e-type=\"column\">\n\t\t\t<div class=\"elementor-widget-wrap elementor-element-populated\">\n\t\t\t\t\t\t<div class=\"elementor-element elementor-element-e57426c elementor-widget elementor-widget-cz_service_box\" data-id=\"e57426c\" data-element_type=\"widget\" data-e-type=\"widget\" data-widget_type=\"cz_service_box.default\">\n\t\t\t\t<div class=\"elementor-widget-container\">\n\t\t\t\t\t<div class=\"xtra-service-box-hove fx_zoom_0_hover\"><a href=\"\/anti-eviction-act\/\"><div class=\"services clr style11 cz_sbi_fx_8a services_b\"><div class=\"service_img\"><img decoding=\"async\" width=\"100\" height=\"100\" src=\"https:\/\/flaxmanlaw.com\/wp-content\/uploads\/2024\/12\/icons8-person-at-home-100.png\" class=\"attachment-large size-large wp-image-22786\" alt=\"Icons8 person at home 100\" loading=\"lazy\" \/><\/div><div class=\"service_text\"><h3>Desalojos<\/h3><div class=\"cz_wpe_content\"><\/div><\/div><\/div><\/a><\/div>\t\t\t\t<\/div>\n\t\t\t\t<\/div>\n\t\t\t\t\t<\/div>\n\t\t<\/div>\n\t\t\t\t\t<\/div>\n\t\t<\/section>\n\t\t\t\t\t<\/div>\n\t\t<\/div>\n\t\t\t\t\t<\/div>\n\t\t<\/section>\n\t\t\t\t<section class=\"elementor-section elementor-top-section elementor-element elementor-element-2b261ab elementor-section-boxed elementor-section-height-default elementor-section-height-default\" data-id=\"2b261ab\" data-element_type=\"section\" data-e-type=\"section\" data-settings=\"{&quot;background_background&quot;:&quot;classic&quot;}\">\n\t\t\t\t\t\t\t<div class=\"elementor-background-overlay\"><\/div>\n\t\t\t\t\t\t\t<div class=\"elementor-container elementor-column-gap-default\">\n\t\t\t\t\t<div class=\"elementor-column elementor-col-100 elementor-top-column elementor-element elementor-element-82f6e55\" data-id=\"82f6e55\" data-element_type=\"column\" data-e-type=\"column\">\n\t\t\t<div class=\"elementor-widget-wrap elementor-element-populated\">\n\t\t\t\t\t\t<section class=\"elementor-section elementor-inner-section elementor-element elementor-element-6d051b8 elementor-section-boxed elementor-section-height-default elementor-section-height-default\" data-id=\"6d051b8\" data-element_type=\"section\" data-e-type=\"section\">\n\t\t\t\t\t\t<div class=\"elementor-container elementor-column-gap-default\">\n\t\t\t\t\t<div class=\"elementor-column elementor-col-50 elementor-inner-column elementor-element elementor-element-92d122f\" data-id=\"92d122f\" data-element_type=\"column\" data-e-type=\"column\">\n\t\t\t<div class=\"elementor-widget-wrap elementor-element-populated\">\n\t\t\t\t\t\t<div class=\"elementor-element elementor-element-911956d elementor-widget elementor-widget-cz_service_box\" data-id=\"911956d\" data-element_type=\"widget\" data-e-type=\"widget\" data-widget_type=\"cz_service_box.default\">\n\t\t\t\t<div class=\"elementor-widget-container\">\n\t\t\t\t\t<div class=\"xtra-service-box-hove fx_zoom_0_hover\"><a href=\"\/adequate-heat-and-water-in-colorado\/\"><div class=\"services clr style11 cz_sbi_fx_8a services_b\"><div class=\"service_img\"><img decoding=\"async\" width=\"100\" height=\"100\" src=\"https:\/\/flaxmanlaw.com\/wp-content\/uploads\/2024\/12\/icons8-cockroach-100.png\" class=\"attachment-large size-large wp-image-22788\" alt=\"Icons8 cockroach 100\" loading=\"lazy\" \/><\/div><div class=\"service_text\"><h3>Problemas de habitabilidad<\/h3><div class=\"cz_wpe_content\"><\/div><\/div><\/div><\/a><\/div>\t\t\t\t<\/div>\n\t\t\t\t<\/div>\n\t\t\t\t\t<\/div>\n\t\t<\/div>\n\t\t\t\t<div class=\"elementor-column elementor-col-50 elementor-inner-column elementor-element elementor-element-b86bdd7\" data-id=\"b86bdd7\" data-element_type=\"column\" data-e-type=\"column\">\n\t\t\t<div class=\"elementor-widget-wrap elementor-element-populated\">\n\t\t\t\t\t\t<div class=\"elementor-element elementor-element-a9c2130 elementor-widget elementor-widget-cz_service_box\" data-id=\"a9c2130\" data-element_type=\"widget\" data-e-type=\"widget\" data-widget_type=\"cz_service_box.default\">\n\t\t\t\t<div class=\"elementor-widget-container\">\n\t\t\t\t\t<div class=\"xtra-service-box-hove fx_zoom_0_hover\"><a href=\"\/security-deposit-faqs-for-colorado-landlords-tenants\/\"><div class=\"services clr style11 cz_sbi_fx_8a services_b\"><div class=\"service_img\"><img decoding=\"async\" width=\"100\" height=\"100\" src=\"https:\/\/flaxmanlaw.com\/wp-content\/uploads\/2024\/12\/icons8-deposit-100.png\" class=\"attachment-large size-large wp-image-22790\" alt=\"Icons8 deposit 100\" loading=\"lazy\" \/><\/div><div class=\"service_text\"><h3>Disputas de Dep\u00f3sito de Seguridad<\/h3><div class=\"cz_wpe_content\"><\/div><\/div><\/div><\/a><\/div>\t\t\t\t<\/div>\n\t\t\t\t<\/div>\n\t\t\t\t\t<\/div>\n\t\t<\/div>\n\t\t\t\t\t<\/div>\n\t\t<\/section>\n\t\t\t\t\t<\/div>\n\t\t<\/div>\n\t\t\t\t\t<\/div>\n\t\t<\/section>\n\t\t\t\t<section class=\"elementor-section elementor-top-section elementor-element elementor-element-6a8bdd4 elementor-section-boxed elementor-section-height-default elementor-section-height-default\" data-id=\"6a8bdd4\" data-element_type=\"section\" data-e-type=\"section\" data-settings=\"{&quot;background_background&quot;:&quot;classic&quot;}\">\n\t\t\t\t\t\t<div class=\"elementor-container elementor-column-gap-default\">\n\t\t\t\t\t<div class=\"elementor-column elementor-col-100 elementor-top-column elementor-element elementor-element-10885fa\" data-id=\"10885fa\" data-element_type=\"column\" data-e-type=\"column\">\n\t\t\t<div class=\"elementor-widget-wrap elementor-element-populated\">\n\t\t\t\t<div class=\"elementor-element elementor-element-6ea91a2 e-flex e-con-boxed e-con e-parent\" data-id=\"6ea91a2\" data-element_type=\"container\" data-e-type=\"container\">\n\t\t\t\t\t<div class=\"e-con-inner\">\n\t\t\t\t<div class=\"elementor-element elementor-element-8287aff elementor-widget elementor-widget-text-editor\" data-id=\"8287aff\" data-element_type=\"widget\" data-e-type=\"widget\" data-widget_type=\"text-editor.default\">\n\t\t\t\t<div class=\"elementor-widget-container\">\n\t\t\t\t\t\t\t\t\t<h4>Amplia experiencia en disputas entre propietarios e inquilinos<\/h4>\n<p>Naveg\u00f3 h\u00e1bilmente conflictos complejos entre propietarios e inquilinos, abogando por resoluciones justas y protegiendo los derechos de los clientes en los contratos de alquiler y arrendamiento.<\/p>\n<h4>Protecci\u00f3n de los derechos de los inquilinos:<\/h4>\n<p>Ayud\u00f3 a cientos de inquilinos a recuperar dep\u00f3sitos de seguridad retenidos, terminar contratos de arrendamiento, transferir unidades, u obtener vivienda alternativa en casos que involucraban problemas de habitabilidad.<\/p>\n\t\t\t\t\t\t\t\t<\/div>\n\t\t\t\t<\/div>\n\t\t\t\t<div class=\"elementor-element elementor-element-460b3f5 elementor-widget elementor-widget-text-editor\" data-id=\"460b3f5\" data-element_type=\"widget\" data-e-type=\"widget\" data-widget_type=\"text-editor.default\">\n\t\t\t\t<div class=\"elementor-widget-container\">\n\t\t\t\t\t\t\t\t\t<h4>Prevenci\u00f3n de Desalojos Injustificados:<\/h4>\n<p>Represent\u00f3 a inquilinos para bloquear con \u00e9xito intentos de desalojo ilegales, asegurando que se respetaran sus derechos a la vivienda.<\/p>\n<h4>Abogando por los propietarios:<\/h4>\n<p>Ayud\u00f3 a los propietarios a desalojar a los inquilinos problem\u00e1ticos y a recuperar la compensaci\u00f3n por da\u00f1os a la propiedad, p\u00e9rdida de ingresos, y otras p\u00e9rdidas relacionadas.<\/p>\n\t\t\t\t\t\t\t\t<\/div>\n\t\t\t\t<\/div>\n\t\t\t\t\t<\/div>\n\t\t\t\t<\/div>\n\t\t\t\t<div class=\"elementor-element elementor-element-f045426 elementor-widget elementor-widget-cz_gap\" data-id=\"f045426\" data-element_type=\"widget\" data-e-type=\"widget\" data-widget_type=\"cz_gap.default\">\n\t\t\t\t<div class=\"elementor-widget-container\">\n\t\t\t\t\t<div class=\"cz_gap clr\"><\/div>\t\t\t\t<\/div>\n\t\t\t\t<\/div>\n\t\t\t\t\t<\/div>\n\t\t<\/div>\n\t\t\t\t\t<\/div>\n\t\t<\/section>\n\t\t\t\t<\/div>\n\t\t","protected":false},"excerpt":{"rendered":"<p>Sin honorarios a menos que ganemos. Llama al 866-352-9626 para una &#8230; <\/p>\n","protected":false},"author":3,"featured_media":28247,"parent":0,"menu_order":0,"comment_status":"closed","ping_status":"closed","template":"","meta":{"footnotes":""},"class_list":["post-22421","page","type-page","status-publish","has-post-thumbnail","hentry"],"featured_image_src":"https:\/\/flaxmanlaw.com\/wp-content\/uploads\/2025\/04\/Anti-Eviction-Act-600x400.jpg","featured_image_src_square":"https:\/\/flaxmanlaw.com\/wp-content\/uploads\/2025\/04\/Anti-Eviction-Act-600x600.jpg","_links":{"self":[{"href":"https:\/\/flaxmanlaw.com\/es\/wp-json\/wp\/v2\/pages\/22421","targetHints":{"allow":["GET"]}}],"collection":[{"href":"https:\/\/flaxmanlaw.com\/es\/wp-json\/wp\/v2\/pages"}],"about":[{"href":"https:\/\/flaxmanlaw.com\/es\/wp-json\/wp\/v2\/types\/page"}],"author":[{"embeddable":true,"href":"https:\/\/flaxmanlaw.com\/es\/wp-json\/wp\/v2\/users\/3"}],"replies":[{"embeddable":true,"href":"https:\/\/flaxmanlaw.com\/es\/wp-json\/wp\/v2\/comments?post=22421"}],"version-history":[{"count":0,"href":"https:\/\/flaxmanlaw.com\/es\/wp-json\/wp\/v2\/pages\/22421\/revisions"}],"wp:featuredmedia":[{"embeddable":true,"href":"https:\/\/flaxmanlaw.com\/es\/wp-json\/wp\/v2\/media\/28247"}],"wp:attachment":[{"href":"https:\/\/flaxmanlaw.com\/es\/wp-json\/wp\/v2\/media?parent=22421"}],"curies":[{"name":"wp","href":"https:\/\/api.w.org\/{rel}","templated":true}]}}