{"id":22422,"date":"2024-11-18T12:44:32","date_gmt":"2024-11-18T12:44:32","guid":{"rendered":"https:\/\/flaxmanlaw.wpenginepowered.com\/error-de-anestesia-abogados-de-negligencia-medica-en-hollywood-florida\/"},"modified":"2025-05-06T10:27:23","modified_gmt":"2025-05-06T10:27:23","slug":"error-de-anestesia-abogados-de-negligencia-medica-en-hollywood-florida","status":"publish","type":"page","link":"https:\/\/flaxmanlaw.com\/es\/error-de-anestesia-abogados-de-negligencia-medica-en-hollywood-florida\/","title":{"rendered":"Error de anestesia"},"content":{"rendered":"<h2>Error de anestesia<\/h2>\n<div class=\"bodytext\">\n<div class=\"description\">\n<p>Los errores de anestesia pueden producirse durante una intervenci\u00f3n quir\u00fargica y causar complicaciones graves, como lesiones cerebrales irreversibles, lesiones nerviosas e incluso muertes. Este tipo de errores pueden producirse tanto con anestesia local como general, aunque los peligros con anestesia general pueden ser m\u00e1s importantes. Los anestesistas deben supervisar adecuadamente a los pacientes durante la intervenci\u00f3n. Parte de esta vigilancia consiste en garantizar que los pacientes reciban la cantidad correcta de anestesia, la suficiente para evitar que recobren el conocimiento, pero sin exponerlos a riesgos indebidos. El personal m\u00e9dico tambi\u00e9n debe vigilar a los pacientes para detectar posibles reacciones a la anestesia. Aunque los pacientes pueden tener reacciones al\u00e9rgicas imprevisibles a la anestesia, en muchos casos los errores de anestesia se deben a una infradosificaci\u00f3n o sobredosificaci\u00f3n, que pueden causar complicaciones graves.<\/p>\n<p>Si has sufrido una lesi\u00f3n tras recibir anestesia durante una intervenci\u00f3n quir\u00fargica, es importante que consultes a un abogado de lesiones personales en Miami o en tu comunidad. Puede ser dif\u00edcil saber si has sufrido una reacci\u00f3n al\u00e9rgica inesperada o si una negligencia m\u00e9dica en Miami o en tu comunidad ha causado un error quir\u00fargico evitable. En muchos casos, los profesionales m\u00e9dicos no anuncian el hecho de que han cometido un error evitable. A menudo es necesario que un abogado revise los historiales m\u00e9dicos y otra informaci\u00f3n para conseguirte esas respuestas. Si est\u00e1s buscando respuestas, siempre puedes contactar al equipo legal del Grupo Legal Flaxman para una evaluaci\u00f3n gratuita de tu caso. El equipo jur\u00eddico del Grupo Legal Flaxman ha tratado muchos casos de error quir\u00fargico y negligencia m\u00e9dica en Miami y en todo Florida del Sur. Ellos pueden ayudarte a reconocer las se\u00f1ales de alerta de negligencia y pueden ayudarte a obtener respuestas en tu situaci\u00f3n espec\u00edfica.<\/p>\n<p><strong class=\"heading4\">Error de Anestesia en Miami y el Sur de Florida: \u00bfPor qu\u00e9 ocurre?<\/strong><\/p>\n<p>Los errores de anestesia y las negligencias quir\u00fargicas pueden producirse durante cualquier tipo de intervenci\u00f3n quir\u00fargica, incluida:<\/p>\n<ul>\n<li>cirug\u00eda dental<\/li>\n<li>cirug\u00eda card\u00edaca<\/li>\n<li>cirug\u00edas relacionadas con el c\u00e1ncer<\/li>\n<li>cirug\u00edas est\u00e9ticas<\/li>\n<li>cirug\u00edas ortop\u00e9dicas<\/li>\n<\/ul>\n<p>De hecho, siempre que te pongan anestesia general o local, pueden producirse errores anest\u00e9sicos. En muchos casos, estos errores se deben a una monitorizaci\u00f3n incorrecta.<\/p>\n<p><strong class=\"heading4\">\u00bfTienes una reclamaci\u00f3n por negligencia m\u00e9dica en Miami o en el sur de Florida?<\/strong><\/p>\n<p>Aunque hayas tenido un mal resultado en una intervenci\u00f3n quir\u00fargica, no se trata necesariamente de mala praxis. Puede ser negligencia m\u00e9dica si:<\/p>\n<ul>\n<li>el anestesista no estuvo presente durante toda la intervenci\u00f3n o se distrajo durante la misma<\/li>\n<li>el anestesista no recibi\u00f3 la formaci\u00f3n correcta o no estaba certificado de la forma correcta para el hospital de la zona<\/li>\n<li>los expertos adecuados no estuvieron presentes durante tu intervenci\u00f3n<\/li>\n<li>la vigilancia no se produjo antes, durante y despu\u00e9s de tu intervenci\u00f3n quir\u00fargica<\/li>\n<li>sufriste una lesi\u00f3n grave o permanente que no era un riesgo habitual de tu intervenci\u00f3n quir\u00fargica<\/li>\n<li>tus preocupaciones sobre tus lesiones o s\u00edntomas fueron desestimadas o no se abordaron<\/li>\n<li>recuperaste la consciencia durante la operaci\u00f3n<\/li>\n<li>sufriste una infecci\u00f3n despu\u00e9s de la operaci\u00f3n<\/li>\n<\/ul>\n<p>En algunos casos, puede ser dif\u00edcil distinguir entre negligencia y simplemente un resultado m\u00e9dico negativo inesperado. A menudo, es necesario hablar con un abogado de lesiones personales en Miami o en tu comunidad para distinguir la diferencia.<\/p>\n<p>Si decides levantar una demanda legal, el equipo de lesiones personales del Grupo Legal Flaxman puede representarte en cada paso del camino y puede permanecer a tu lado hasta que tu caso se resuelva. <a href=\"contacta con nosotros.html\">El equipo legal del Grupo Legal Flaxman<\/a> ya ha ayudado a miles de v\u00edctimas de lesiones personales a recuperar una compensaci\u00f3n por sus lesiones. Llama hoy mismo para concertar una consulta gratuita sobre accidentes y hablar sobre lo que el bufete puede hacer por ti.<\/p>\n<\/div>\n<div class=\"subpageslist\"><script type=\"application\/ld+json\">\n{\n  \"@context\": \"https:\/\/schema.org\",\n  \"@type\": \"LegalService\",\n  \"name\": \"Flaxman Law Group\",\n  \"image\": \"https:\/\/flaxmanlaw.com\/wp-content\/uploads\/2024\/10\/flaxman-Vertical-_WebLogo.png\",\n  \"@id\": \"\",\n  \"url\": \"https:\/\/flaxmanlaw.com\/hollywood-fl\/\",\n  \"telephone\": \"(954) 799-9923\",\n  \"address\": {\n    \"@type\": \"PostalAddress\",\n    \"streetAddress\": \"5715 Johnson St\",\n    \"addressLocality\": \"Hollywood\",\n    \"addressRegion\": \"FL\",\n    \"postalCode\": \"33021\",\n    \"addressCountry\": \"US\"\n  },\n  \"geo\": {\n    \"@type\": \"GeoCoordinates\",\n    \"latitude\": 26.0180785,\n    \"longitude\": -80.20235219999999\n  },\n  \"openingHoursSpecification\": {\n    \"@type\": \"OpeningHoursSpecification\",\n    \"dayOfWeek\": [\n      \"Monday\",\n      \"Tuesday\",\n      \"Wednesday\",\n      \"Thursday\",\n      \"Friday\",\n      \"Saturday\",\n      \"Sunday\"\n    ],\n    \"opens\": \"00:00\",\n    \"closes\": \"23:59\"\n  } \n}\n<\/script><\/div>\n<\/div>\n","protected":false},"excerpt":{"rendered":"<p>No cobramos a menos que ganemos. Llame al 866-352-9626 para una &#8230; <\/p>\n","protected":false},"author":3,"featured_media":0,"parent":0,"menu_order":0,"comment_status":"closed","ping_status":"closed","template":"template-practice-areas.php","meta":{"footnotes":""},"class_list":["post-22422","page","type-page","status-publish","hentry"],"featured_image_src":null,"featured_image_src_square":null,"_links":{"self":[{"href":"https:\/\/flaxmanlaw.com\/es\/wp-json\/wp\/v2\/pages\/22422","targetHints":{"allow":["GET"]}}],"collection":[{"href":"https:\/\/flaxmanlaw.com\/es\/wp-json\/wp\/v2\/pages"}],"about":[{"href":"https:\/\/flaxmanlaw.com\/es\/wp-json\/wp\/v2\/types\/page"}],"author":[{"embeddable":true,"href":"https:\/\/flaxmanlaw.com\/es\/wp-json\/wp\/v2\/users\/3"}],"replies":[{"embeddable":true,"href":"https:\/\/flaxmanlaw.com\/es\/wp-json\/wp\/v2\/comments?post=22422"}],"version-history":[{"count":0,"href":"https:\/\/flaxmanlaw.com\/es\/wp-json\/wp\/v2\/pages\/22422\/revisions"}],"wp:attachment":[{"href":"https:\/\/flaxmanlaw.com\/es\/wp-json\/wp\/v2\/media?parent=22422"}],"curies":[{"name":"wp","href":"https:\/\/api.w.org\/{rel}","templated":true}]}}