{"id":22423,"date":"2024-11-18T12:44:32","date_gmt":"2024-11-18T12:44:32","guid":{"rendered":"https:\/\/flaxmanlaw.wpenginepowered.com\/accidentes-por-conduccion-agresiva-hollywood-florida-abogados-de-lesiones-de-coche\/"},"modified":"2025-05-06T10:10:22","modified_gmt":"2025-05-06T10:10:22","slug":"accidentes-por-conduccion-agresiva-hollywood-florida-abogados-de-lesiones-de-coche","status":"publish","type":"page","link":"https:\/\/flaxmanlaw.com\/es\/accidentes-por-conduccion-agresiva-hollywood-florida-abogados-de-lesiones-de-coche\/","title":{"rendered":"Accidentes por Conducci\u00f3n Agresiva"},"content":{"rendered":"<h2>Accidentes por conducci\u00f3n agresiva<\/h2>\n<div class=\"bodytext\">\n<div class=\"description\">\n<p>Conducir en Hollywood y sus alrededores no consiste s\u00f3lo en girar f\u00edsicamente el volante y pisar el acelerador. Los conductores de Florida saben que conducir en este estado tambi\u00e9n requiere aptitud mental. Los automovilistas deben ser capaces de mantener la calma y responder a una serie de condiciones de conducci\u00f3n, como la congesti\u00f3n del tr\u00e1fico y las obras en la carretera. Cuando los conductores pierden la calma, hacen mucho m\u00e1s que enfadarse. La furia al volante es un problema muy real, y la conducci\u00f3n agresiva puede causar, y de hecho causa, graves accidentes de tr\u00e1fico cada a\u00f1o.<\/p>\n<p>Los abogados del Grupo Legal Flaxman cuentan con m\u00e1s de seis d\u00e9cadas de experiencia combinada ayudando a sobrevivientes de choques automovil\u00edsticos y a sus familias a recuperarse de sus p\u00e9rdidas. Si usted ha resultado lesionado o si ha perdido a un ser querido debido a conductores agresivos o peligrosos en Florida del Sur, contacte al Grupo Legal Flaxman para una consulta gratuita y confidencial. A nuestro equipo legal le gustar\u00eda ayudarle a conocer m\u00e1s sobre sus derechos durante este dif\u00edcil momento.<\/p>\n<p><strong class=\"heading4\">\u00bfQu\u00e9 causa la conducci\u00f3n agresiva?<\/strong><\/p>\n<p>La rabia al volante y la conducci\u00f3n agresiva suelen estar relacionadas. La rabia al volante puede deberse a que alguien no controla sus emociones cuando conduce. Por ejemplo, si a un conductor le cortan el paso en un cruce, esto puede provocar la agresividad al volante. El conductor puede enfurecerse, gritar y comportarse de forma agresiva. Este enfado puede llevar a una conducci\u00f3n agresiva, que puede implicar cortar el paso a otros conductores, pisarles los talones y utilizar el coche para intimidar a otros usuarios de la carretera.<\/p>\n<p>La conducci\u00f3n agresiva puede deberse a la rabia al volante, pero tambi\u00e9n puede deberse a:<\/p>\n<ul>\n<li>Disminuci\u00f3n de las inhibiciones, causada por conducir ebrio o drogado<\/li>\n<li>Conducci\u00f3n distra\u00edda<\/li>\n<li>Fatiga, que puede acortar los \u00e1nimos y provocar agresiones al volante.<\/li>\n<li>Enfermedad mental<\/li>\n<\/ul>\n<p><strong class=\"heading4\">Los resultados de la ira al volante y la conducci\u00f3n agresiva<\/strong><\/p>\n<p>No siempre est\u00e1 claro por qu\u00e9 un conductor reacciona con ira y agresividad, pero los resultados son bastante claros. La conducci\u00f3n agresiva y la ira al volante pueden provocar:<\/p>\n<ul>\n<li>Accidentes de un solo veh\u00edculo<\/li>\n<li>Exceso de velocidad<\/li>\n<li>Accidentes en intersecciones<\/li>\n<li>Accidentes en cadena<\/li>\n<li>Accidentes de tr\u00e1fico<\/li>\n<li>Colisiones por alcance<\/li>\n<li>Incidentes de violencia<\/li>\n<\/ul>\n<p>El peligro de la conducci\u00f3n agresiva es que los conductores enfadados suelen conducir de forma temeraria debido a su ira y a menudo pisan el acelerador, lo que significa que los accidentes por conducci\u00f3n agresiva suelen implicar velocidad. El exceso de velocidad, a su vez, puede causar lesiones m\u00e1s graves y mayores probabilidades de muerte, debido a la fuerza implicada en el choque. No es infrecuente que los pasajeros sufran lesiones medulares, traumatismos craneoencef\u00e1licos, amputaciones y otras lesiones graves por colisiones de conducci\u00f3n agresiva.<\/p>\n<p><strong class=\"heading4\">\u00bfTienes un caso?<\/strong><\/p>\n<p>Se espera de los conductores que se pongan al volante s\u00f3lo cuando est\u00e9n mental y f\u00edsicamente en condiciones de hacerlo. Cuando un automovilista se sube imprudentemente a su coche y conduce enfadado, puede provocar una colisi\u00f3n grave que se cobre vidas o las cambie para siempre. Los abogados del Grupo Legal Flaxman creen que tales conductores peligrosos deben ser responsabilizados por sus acciones. Si has resultado lesionado en un incidente de furia al volante o en una colisi\u00f3n causada por un conductor agresivo, siempre puedes acudir a la firma de abogados del Grupo Legal Flaxman para recibir asesor\u00eda y representaci\u00f3n legal.<\/p>\n<p>Los abogados del Grupo Legal Flaxman han representado a miles de demandantes por lesiones personales y accidentes automovil\u00edsticos en Hollywood, Hialeah, Aventura, Miami, Homestead, y otras comunidades a lo largo de Florida del Sur. En cada caso, nuestro objetivo es ayudar a los demandantes lesionados a obtener una compensaci\u00f3n justa y los recursos que necesitan. Si has sufrido lesiones, no dudes en llamar a nuestro bufete para una consulta gratuita y sin compromiso de tu caso.<\/p>\n<\/div>\n<div class=\"subpageslist\"><script type=\"application\/ld+json\">\n{\n  \"@context\": \"https:\/\/schema.org\",\n  \"@type\": \"LegalService\",\n  \"name\": \"Flaxman Law Group\",\n  \"image\": \"https:\/\/flaxmanlaw.com\/wp-content\/uploads\/2024\/10\/flaxman-Vertical-_WebLogo.png\",\n  \"@id\": \"\",\n  \"url\": \"https:\/\/flaxmanlaw.com\/hollywood-fl\/\",\n  \"telephone\": \"(954) 799-9923\",\n  \"address\": {\n    \"@type\": \"PostalAddress\",\n    \"streetAddress\": \"5715 Johnson St\",\n    \"addressLocality\": \"Hollywood\",\n    \"addressRegion\": \"FL\",\n    \"postalCode\": \"33021\",\n    \"addressCountry\": \"US\"\n  },\n  \"geo\": {\n    \"@type\": \"GeoCoordinates\",\n    \"latitude\": 26.0180785,\n    \"longitude\": -80.20235219999999\n  },\n  \"openingHoursSpecification\": {\n    \"@type\": \"OpeningHoursSpecification\",\n    \"dayOfWeek\": [\n      \"Monday\",\n      \"Tuesday\",\n      \"Wednesday\",\n      \"Thursday\",\n      \"Friday\",\n      \"Saturday\",\n      \"Sunday\"\n    ],\n    \"opens\": \"00:00\",\n    \"closes\": \"23:59\"\n  } \n}\n<\/script><\/div>\n<\/div>\n","protected":false},"excerpt":{"rendered":"<p>No cobramos a menos que ganemos. Llame al 866-352-9626 para una &#8230; <\/p>\n","protected":false},"author":3,"featured_media":0,"parent":0,"menu_order":0,"comment_status":"closed","ping_status":"closed","template":"template-practice-areas.php","meta":{"footnotes":""},"class_list":["post-22423","page","type-page","status-publish","hentry"],"featured_image_src":null,"featured_image_src_square":null,"_links":{"self":[{"href":"https:\/\/flaxmanlaw.com\/es\/wp-json\/wp\/v2\/pages\/22423","targetHints":{"allow":["GET"]}}],"collection":[{"href":"https:\/\/flaxmanlaw.com\/es\/wp-json\/wp\/v2\/pages"}],"about":[{"href":"https:\/\/flaxmanlaw.com\/es\/wp-json\/wp\/v2\/types\/page"}],"author":[{"embeddable":true,"href":"https:\/\/flaxmanlaw.com\/es\/wp-json\/wp\/v2\/users\/3"}],"replies":[{"embeddable":true,"href":"https:\/\/flaxmanlaw.com\/es\/wp-json\/wp\/v2\/comments?post=22423"}],"version-history":[{"count":0,"href":"https:\/\/flaxmanlaw.com\/es\/wp-json\/wp\/v2\/pages\/22423\/revisions"}],"wp:attachment":[{"href":"https:\/\/flaxmanlaw.com\/es\/wp-json\/wp\/v2\/media?parent=22423"}],"curies":[{"name":"wp","href":"https:\/\/api.w.org\/{rel}","templated":true}]}}