{"id":22436,"date":"2024-11-18T12:44:32","date_gmt":"2024-11-18T12:44:32","guid":{"rendered":"https:\/\/flaxmanlaw.wpenginepowered.com\/administracion-de-un-medicamento-al-paciente-equivocado-abogados-de-negligencia-medica-en-hollywood-florida\/"},"modified":"2024-11-18T12:44:32","modified_gmt":"2024-11-18T12:44:32","slug":"administracion-de-un-medicamento-al-paciente-equivocado-abogados-de-negligencia-medica-en-hollywood-florida","status":"publish","type":"page","link":"https:\/\/flaxmanlaw.com\/es\/administracion-de-un-medicamento-al-paciente-equivocado-abogados-de-negligencia-medica-en-hollywood-florida\/","title":{"rendered":"Administraci\u00f3n de un medicamento al paciente equivocado | Abogados de negligencia m\u00e9dica en Hollywood, Florida"},"content":{"rendered":"<div class=\"bodytext\">\n<h2>Administrar un medicamento al paciente equivocado<\/h1><\/h2>\n<div class=\"description\">\n<p>Los errores hospitalarios son un problema grave y cada a\u00f1o causan v\u00edctimas mortales y lesiones graves y permanentes. Un tipo com\u00fan de error se produce cuando los hospitales, farmacias y otros entornos m\u00e9dicos administran la medicaci\u00f3n equivocada al paciente equivocado. En muchos casos, este tipo de errores se producen por negligencia m\u00e9dica en hospitales y centros m\u00e9dicos de Miami y alrededores. Estos errores suelen considerarse evitables, porque un sistema correcto de comprobaciones y un sistema correcto de pol\u00edticas pueden evitar a menudo este tipo de errores mortales.   <\/p>\n<p>Si has sufrido lesiones por un error de medicaci\u00f3n en Miami o en cualquier lugar del sur de Florida, es importante que consultes a un abogado de lesiones personales de la zona. Los errores de medicaci\u00f3n son a menudo evitables, y esto puede significar que usted puede tener una demanda legal que le permita buscar una compensaci\u00f3n por da\u00f1os y perjuicios, incluyendo salarios perdidos, facturas m\u00e9dicas y otros costes relacionados con sus lesiones. Para obtener m\u00e1s detalles, contacta con el Grupo Legal Flaxman. Tu consulta inicial es gratuita y sin compromiso, as\u00ed que no arriesgas nada discutiendo tu caso y obteniendo asesor\u00eda legal antes de tomar cualquier decisi\u00f3n.   <\/p>\n<p><strong class=\"heading4\">\u00bfPor qu\u00e9 se mezclan los medicamentos en Miami y el sur de Florida?<\/strong><\/p>\n<p>Las confusiones de medicamentos pueden deberse a varias razones evitables:<\/p>\n<ul>\n<li>confusiones en los historiales de los pacientes<\/li>\n<li>falta de seguimiento y control de los pacientes<\/li>\n<li>malas pol\u00edticas hospitalarias<\/li>\n<li>etiquetado incorrecto de la medicaci\u00f3n o de los historiales de los pacientes<\/li>\n<li>error farmac\u00e9utico<\/li>\n<li>diagn\u00f3stico err\u00f3neo<\/li>\n<\/ul>\n<p><strong class=\"heading4\">\u00bfDeber\u00edas presentar una demanda por negligencia m\u00e9dica en Miami o Florida?<\/strong><\/p>\n<p>Por lo general, los errores de medicaci\u00f3n son se\u00f1ales de posible negligencia o imprudencia. La mayor\u00eda de los expertos m\u00e9dicos coinciden en que unos controles correctos, as\u00ed como una supervisi\u00f3n cuidadosa, pueden ayudar a evitar la mayor\u00eda de este tipo de errores. Cada vez que sufras lesiones por haber recibido una medicaci\u00f3n incorrecta, es importante que consultes a un abogado de lesiones personales en Miami o en tu comunidad, porque puedes tener una reclamaci\u00f3n legal. Presentar una demanda judicial es importante porque puede darte respuestas sobre c\u00f3mo se produjo tu lesi\u00f3n. Tambi\u00e9n puede obligar a un hospital, una farmacia o un consultorio m\u00e9dico a introducir importantes cambios de seguridad para que otros no se lesionen de la misma manera. En muchos casos, ni siquiera sabr\u00e1s si has sido v\u00edctima de una negligencia hasta que consultes con un abogado; los profesionales m\u00e9dicos y sus compa\u00f1\u00edas de seguros casi nunca admiten la culpa por adelantado. Buscar justicia puede significar buscar respuestas, la verdad y una indemnizaci\u00f3n justa por tus lesiones.      <\/p>\n<p>\u00bfBuscas un abogado especializado en negligencias m\u00e9dicas en Miami o en el sur de Florida? No hay raz\u00f3n para que usted atraviese el proceso legal y de demandas solo. El equipo jur\u00eddico del Grupo Legal Flaxman cuenta con una extensa experiencia en demandas por negligencia m\u00e9dica y lesiones personales en Miami y en todo Florida del Sur. De hecho, el equipo jur\u00eddico ya ha resuelto miles de demandas por lesiones personales y por negligencia en salas de emergencia en Miami y en todo Florida del Sur. Para averiguar lo que los profesionales legales del <a href=\"contacta con nosotros.html\">Grupo Legal Flaxman<\/a> pueden hacer por usted, <a href=\"contacta con nosotros.html\">contacte<\/a> hoy mismo <a href=\"contacta con nosotros.html\">al Grupo Legal Flaxman<\/a> para recibir una evaluaci\u00f3n gratuita y confidencial de su caso.    <\/p>\n<\/div>\n<div class=\"subpageslist\">\n<ul> <\/ul>\n<\/p><\/div>\n<\/p><\/div>\n","protected":false},"excerpt":{"rendered":"<p>Sin honorarios a menos que ganemos. Llama al 866-352-9626 para una &#8230; <\/p>\n","protected":false},"author":3,"featured_media":0,"parent":0,"menu_order":0,"comment_status":"closed","ping_status":"closed","template":"template-practice-areas.php","meta":{"footnotes":""},"class_list":["post-22436","page","type-page","status-publish","hentry"],"featured_image_src":null,"featured_image_src_square":null,"_links":{"self":[{"href":"https:\/\/flaxmanlaw.com\/es\/wp-json\/wp\/v2\/pages\/22436","targetHints":{"allow":["GET"]}}],"collection":[{"href":"https:\/\/flaxmanlaw.com\/es\/wp-json\/wp\/v2\/pages"}],"about":[{"href":"https:\/\/flaxmanlaw.com\/es\/wp-json\/wp\/v2\/types\/page"}],"author":[{"embeddable":true,"href":"https:\/\/flaxmanlaw.com\/es\/wp-json\/wp\/v2\/users\/3"}],"replies":[{"embeddable":true,"href":"https:\/\/flaxmanlaw.com\/es\/wp-json\/wp\/v2\/comments?post=22436"}],"version-history":[{"count":0,"href":"https:\/\/flaxmanlaw.com\/es\/wp-json\/wp\/v2\/pages\/22436\/revisions"}],"wp:attachment":[{"href":"https:\/\/flaxmanlaw.com\/es\/wp-json\/wp\/v2\/media?parent=22436"}],"curies":[{"name":"wp","href":"https:\/\/api.w.org\/{rel}","templated":true}]}}