{"id":22441,"date":"2024-11-18T12:44:32","date_gmt":"2024-11-18T12:44:32","guid":{"rendered":"https:\/\/flaxmanlaw.wpenginepowered.com\/accidentes-relacionados-con-empresas-de-camiones-abogados-de-accidentes-de-camiones-en-hollywood-florida\/"},"modified":"2025-12-04T04:02:22","modified_gmt":"2025-12-04T04:02:22","slug":"accidentes-relacionados-con-empresas-de-camiones-abogados-de-accidentes-de-camiones-en-hollywood-florida","status":"publish","type":"page","link":"https:\/\/flaxmanlaw.com\/es\/accidentes-relacionados-con-empresas-de-camiones-abogados-de-accidentes-de-camiones-en-hollywood-florida\/","title":{"rendered":"Accidentes de Empresas de Camiones"},"content":{"rendered":"<div class=\"bodytext\">\n<h2>Accidentes relacionados con empresas de transporte por carretera<\/h2>\n<div class=\"description\">\n<p>Las empresas de camiones tienen una gran responsabilidad ante el p\u00fablico. Las empresas de camiones son responsables de los camiones comerciales que circulan por las carreteras. Estos veh\u00edculos transportan productos y materias primas a tiendas, empresas y diversas organizaciones de todo el estado y de todo el pa\u00eds. Dependemos de los camiones comerciales para poder disfrutar de comestibles en nuestras tiendas y de productos en nuestros comercios favoritos. Las empresas de camiones tambi\u00e9n tienen la enorme responsabilidad de cumplir las leyes locales y federales relativas al mantenimiento y funcionamiento seguros de los camiones. Cuando las empresas de camiones son negligentes y no cumplen las normas, a menudo se producen terribles accidentes de camiones en Miami.<\/p>\n<p>Si has sufrido lesiones en un accidente de cami\u00f3n en Miami, te conviene ponerte en contacto con un abogado local especializado en lesiones personales para hablar de tu caso. Un abogado especializado en accidentes de cami\u00f3n puede investigar tu accidente, ayudarte a comprender el coste de tus lesiones, negociar con las compa\u00f1\u00edas de seguros y representarte si decides presentar una demanda judicial. En muchos casos, los abogados pueden conseguir indemnizaciones m\u00e1s justas en nombre de los clientes porque conocen el coste de la mayor\u00eda de las lesiones y las leyes y normas que protegen a los conductores en las carreteras de Miami. Si est\u00e1s buscando un abogado de accidentes de cami\u00f3n, contacta al equipo legal del <a href=\"index.html\">Grupo Legal Flaxman<\/a>. El equipo jur\u00eddico del Grupo Legal Flaxman cuenta con m\u00e1s de 25 a\u00f1os de experiencia y ya ha recuperado m\u00e1s de 25 millones de d\u00f3lares a favor de miles de v\u00edctimas de lesiones personales y accidentes de tr\u00e1fico en Florida del Sur. El equipo jur\u00eddico del Grupo Legal Flaxman tiene oficinas en Miami y forma parte de la comunidad de Miami. Comprenden la devastaci\u00f3n que puede causar un accidente de cami\u00f3n.<\/p>\n<p><strong class=\"heading4\">\u00bfC\u00f3mo se responsabiliza a las empresas de camiones?<\/strong><\/p>\n<p>Muchas empresas de camiones se esfuerzan por seguir las normas de seguridad y mantener buenos registros de seguridad. Al fin y al cabo, la seguridad es un buen negocio y puede ayudar a las empresas a evitar accidentes y que se disparen las tarifas de los seguros. Sin embargo, no todas las empresas de camiones son concienzudas. Las empresas de camiones pueden hacer muchas cosas que pueden provocar accidentes de cami\u00f3n en Miami:<\/p>\n<ul>\n<li>No mantener correctamente los camiones<\/li>\n<li>Poner en circulaci\u00f3n camiones inseguros a sabiendas<\/li>\n<li>No controladores de pantalla y monitor correctamente<\/li>\n<li>No formar correctamente a los conductores<\/li>\n<li>Permitir la circulaci\u00f3n de camiones con sobrepeso<\/li>\n<li>Instaurar pol\u00edticas que fomenten la sobrecarga de los camiones y la velocidad de los conductores o el rebasamiento de las distancias de conducci\u00f3n seguras.<\/li>\n<\/ul>\n<p><strong class=\"heading4\">Qu\u00e9 puedes hacer para proteger a tu familia si has sufrido un accidente de cami\u00f3n en Miami<\/strong><\/p>\n<p>Si has sufrido un accidente de cami\u00f3n en Miami, es importante que investigues a la empresa de camiones que est\u00e1 detr\u00e1s del veh\u00edculo implicado en el accidente. En muchos casos, las empresas de camiones tienen pol\u00edticas que provocan accidentes. Si \u00e9ste es el caso, interponer una demanda judicial no s\u00f3lo puede ayudarte a obtener una indemnizaci\u00f3n por tus lesiones, gastos m\u00e9dicos y otros gastos relacionados con tu accidente, sino que interponer una demanda judicial puede obligar a la empresa de camiones a realizar importantes cambios de seguridad que pueden evitar otros accidentes de tr\u00e1fico en el futuro.<\/p>\n<p>Si usted necesita un abogado de accidentes de cami\u00f3n en Miami, <a href=\"contacta con nosotros.html\">contacte<\/a> hoy mismo al Grupo Legal Flaxman para programar una evaluaci\u00f3n gratuita de su caso. El personal del Grupo Legal Flaxman ha trabajado en miles de casos de accidentes de cami\u00f3n y de lesiones personales en Miami. Est\u00e1n familiarizados con el sistema de justicia local y con los recursos locales, as\u00ed que tambi\u00e9n pueden ayudarte a comprender qu\u00e9 recursos locales est\u00e1n disponibles para ayudarte mientras inicias el camino hacia la recuperaci\u00f3n.<\/p>\n<\/div>\n<div class=\"subpageslist\"><\/div>\n<\/div>\n","protected":false},"excerpt":{"rendered":"<p>Sin honorarios a menos que ganemos. Llama al 866-352-9626 para una &#8230; <\/p>\n","protected":false},"author":3,"featured_media":0,"parent":0,"menu_order":0,"comment_status":"closed","ping_status":"closed","template":"template-practice-areas.php","meta":{"footnotes":""},"class_list":["post-22441","page","type-page","status-publish","hentry"],"featured_image_src":null,"featured_image_src_square":null,"_links":{"self":[{"href":"https:\/\/flaxmanlaw.com\/es\/wp-json\/wp\/v2\/pages\/22441","targetHints":{"allow":["GET"]}}],"collection":[{"href":"https:\/\/flaxmanlaw.com\/es\/wp-json\/wp\/v2\/pages"}],"about":[{"href":"https:\/\/flaxmanlaw.com\/es\/wp-json\/wp\/v2\/types\/page"}],"author":[{"embeddable":true,"href":"https:\/\/flaxmanlaw.com\/es\/wp-json\/wp\/v2\/users\/3"}],"replies":[{"embeddable":true,"href":"https:\/\/flaxmanlaw.com\/es\/wp-json\/wp\/v2\/comments?post=22441"}],"version-history":[{"count":0,"href":"https:\/\/flaxmanlaw.com\/es\/wp-json\/wp\/v2\/pages\/22441\/revisions"}],"wp:attachment":[{"href":"https:\/\/flaxmanlaw.com\/es\/wp-json\/wp\/v2\/media?parent=22441"}],"curies":[{"name":"wp","href":"https:\/\/api.w.org\/{rel}","templated":true}]}}