{"id":22453,"date":"2017-06-10T08:25:36","date_gmt":"2017-06-10T08:25:36","guid":{"rendered":"https:\/\/flaxmanlaw.wpenginepowered.com\/areas-de-practica\/"},"modified":"2025-01-21T09:00:51","modified_gmt":"2025-01-21T09:00:51","slug":"areas-de-practica","status":"publish","type":"page","link":"https:\/\/flaxmanlaw.com\/es\/areas-de-practica\/","title":{"rendered":"\u00c1reas de pr\u00e1ctica"},"content":{"rendered":"\t\t<div data-elementor-type=\"wp-page\" data-elementor-id=\"22453\" class=\"elementor elementor-22453 elementor-17\" data-elementor-post-type=\"page\">\n\t\t\t\t\t\t<section class=\"elementor-section elementor-top-section elementor-element elementor-element-9fd4495 elementor-section-boxed elementor-section-height-default elementor-section-height-default\" data-id=\"9fd4495\" data-element_type=\"section\" data-e-type=\"section\" data-settings=\"{&quot;background_background&quot;:&quot;classic&quot;}\">\n\t\t\t\t\t\t<div class=\"elementor-container elementor-column-gap-default\">\n\t\t\t\t\t<div class=\"elementor-column elementor-col-100 elementor-top-column elementor-element elementor-element-ed56b84\" data-id=\"ed56b84\" data-element_type=\"column\" data-e-type=\"column\">\n\t\t\t<div class=\"elementor-widget-wrap elementor-element-populated\">\n\t\t\t\t\t\t<div class=\"elementor-element elementor-element-09e500f elementor-widget elementor-widget-cz_title\" data-id=\"09e500f\" data-element_type=\"widget\" data-e-type=\"widget\" data-widget_type=\"cz_title.default\">\n\t\t\t\t<div class=\"elementor-widget-container\">\n\t\t\t\t\t\t\r\n\t\t<div>\r\n\t\t\t<div class=\"cz_title clr cz_title_pos_inline tac\"><div class=\"cz_title_content\"><div class=\"cz_wpe_content\"><h3 style=\"text-align: center;\">Soluciones legales integrales: <span style=\"color: #a40d1d;\">Lesiones Personales, Disputas de Arrendadores, y M\u00e1s<\/span><\/h3><p>En el Grupo Legal Flaxman, ofrecemos una lista completa de servicios legales para satisfacer sus necesidades. Ya sea que usted haya resultado lesionado en un accidente, est\u00e9 enfrentando disputas entre arrendadores o arrendatarios, o requiera asistencia en otros asuntos legales, nuestros experimentados abogados est\u00e1n aqu\u00ed para ayudarle. Con un enfoque dedicado a lesiones personales y conflictos entre propietarios e inquilinos, junto con una amplia gama de \u00e1reas de pr\u00e1ctica, garantizamos una orientaci\u00f3n personalizada y un apoyo inquebrantable.<\/p><p>\u00a0<\/p><p>Explore nuestras \u00e1reas de pr\u00e1ctica para ver c\u00f3mo podemos abogar por usted.<\/p><\/div><\/div><\/div>\r\n\t\t<\/div>\r\n\t\t\r\n\t\t\t\t\t\t<\/div>\n\t\t\t\t<\/div>\n\t\t\t\t<div class=\"elementor-element elementor-element-434fb94 elementor-widget elementor-widget-cz_free_line\" data-id=\"434fb94\" data-element_type=\"widget\" data-e-type=\"widget\" data-widget_type=\"cz_free_line.default\">\n\t\t\t\t<div class=\"elementor-widget-container\">\n\t\t\t\t\t\t\t<div class=\"relative\">\r\n\t\t\t<div  class=\"cz_line cz_line_before_circle cz_line_after_circle tac\"><\/div>\r\n\t\t<\/div>\r\n\t\t<div class=\"clr\"><\/div>\r\n\t\t\t\t\t\t<\/div>\n\t\t\t\t<\/div>\n\t\t\t\t\t<\/div>\n\t\t<\/div>\n\t\t\t\t\t<\/div>\n\t\t<\/section>\n\t\t\t\t<section class=\"elementor-section elementor-top-section elementor-element elementor-element-ae8d448 elementor-section-boxed elementor-section-height-default elementor-section-height-default\" data-id=\"ae8d448\" data-element_type=\"section\" data-e-type=\"section\" data-settings=\"{&quot;background_background&quot;:&quot;classic&quot;}\">\n\t\t\t\t\t\t\t<div class=\"elementor-background-overlay\"><\/div>\n\t\t\t\t\t\t\t<div class=\"elementor-container elementor-column-gap-default\">\n\t\t\t\t\t<div class=\"elementor-column elementor-col-100 elementor-top-column elementor-element elementor-element-c58c8f8\" data-id=\"c58c8f8\" data-element_type=\"column\" data-e-type=\"column\">\n\t\t\t<div class=\"elementor-widget-wrap elementor-element-populated\">\n\t\t\t\t\t\t<section class=\"elementor-section elementor-inner-section elementor-element elementor-element-5e26406 elementor-section-boxed elementor-section-height-default elementor-section-height-default\" data-id=\"5e26406\" data-element_type=\"section\" data-e-type=\"section\">\n\t\t\t\t\t\t<div class=\"elementor-container elementor-column-gap-default\">\n\t\t\t\t\t<div class=\"elementor-column elementor-col-25 elementor-inner-column elementor-element elementor-element-e302d8f\" data-id=\"e302d8f\" data-element_type=\"column\" data-e-type=\"column\">\n\t\t\t<div class=\"elementor-widget-wrap elementor-element-populated\">\n\t\t\t\t\t\t<div class=\"elementor-element elementor-element-1d38354 elementor-widget elementor-widget-cz_service_box\" data-id=\"1d38354\" data-element_type=\"widget\" data-e-type=\"widget\" data-widget_type=\"cz_service_box.default\">\n\t\t\t\t<div class=\"elementor-widget-container\">\n\t\t\t\t\t<div class=\"xtra-service-box-hove fx_zoom_0_hover\"><a href=\"#\"><div class=\"services clr style11 cz_sbi_fx_8a services_b\"><div class=\"service_img\"><img decoding=\"async\" width=\"100\" height=\"100\" src=\"https:\/\/flaxmanlaw.com\/wp-content\/uploads\/2024\/10\/icons8-car-accident-100-red.png\" class=\"attachment-large size-large wp-image-1606\" alt=\"Icons8 car accident 100 red\" loading=\"lazy\" \/><\/div><div class=\"service_text\"><h3>Accidentes de tr\u00e1fico<\/h3><div class=\"cz_wpe_content\"><\/div><\/div><\/div><\/a><\/div>\t\t\t\t<\/div>\n\t\t\t\t<\/div>\n\t\t\t\t\t<\/div>\n\t\t<\/div>\n\t\t\t\t<div class=\"elementor-column elementor-col-25 elementor-inner-column elementor-element elementor-element-41fc577\" data-id=\"41fc577\" data-element_type=\"column\" data-e-type=\"column\">\n\t\t\t<div class=\"elementor-widget-wrap elementor-element-populated\">\n\t\t\t\t\t\t<div class=\"elementor-element elementor-element-9b6cad2 elementor-widget elementor-widget-cz_service_box\" data-id=\"9b6cad2\" data-element_type=\"widget\" data-e-type=\"widget\" data-widget_type=\"cz_service_box.default\">\n\t\t\t\t<div class=\"elementor-widget-container\">\n\t\t\t\t\t<div class=\"xtra-service-box-hove fx_zoom_0_hover\"><a href=\"#\"><div class=\"services clr style11 cz_sbi_fx_8a services_b\"><div class=\"service_img\"><img decoding=\"async\" width=\"100\" height=\"100\" src=\"https:\/\/flaxmanlaw.com\/wp-content\/uploads\/2024\/10\/icons8-landlord-100-red.png\" class=\"attachment-large size-large wp-image-1608\" alt=\"Icons8 landlord 100 red\" loading=\"lazy\" \/><\/div><div class=\"service_text\"><h3>Disputas entre propietarios e inquilinos<\/h3><div class=\"cz_wpe_content\"><\/div><\/div><\/div><\/a><\/div>\t\t\t\t<\/div>\n\t\t\t\t<\/div>\n\t\t\t\t\t<\/div>\n\t\t<\/div>\n\t\t\t\t<div class=\"elementor-column elementor-col-25 elementor-inner-column elementor-element elementor-element-bc99f83\" data-id=\"bc99f83\" data-element_type=\"column\" data-e-type=\"column\">\n\t\t\t<div class=\"elementor-widget-wrap elementor-element-populated\">\n\t\t\t\t\t\t<div class=\"elementor-element elementor-element-e2d2e37 elementor-widget elementor-widget-cz_service_box\" data-id=\"e2d2e37\" data-element_type=\"widget\" data-e-type=\"widget\" data-widget_type=\"cz_service_box.default\">\n\t\t\t\t<div class=\"elementor-widget-container\">\n\t\t\t\t\t<div class=\"xtra-service-box-hove fx_zoom_0_hover\"><a href=\"#\"><div class=\"services clr style11 cz_sbi_fx_8a services_b\"><div class=\"service_img\"><img decoding=\"async\" width=\"100\" height=\"100\" src=\"https:\/\/flaxmanlaw.com\/wp-content\/uploads\/2024\/10\/icons8-motorcycle-100-red.png\" class=\"attachment-large size-large wp-image-1610\" alt=\"Icons8 motorcycle 100 red\" loading=\"lazy\" \/><\/div><div class=\"service_text\"><h3>Accidentes de moto<\/h3><div class=\"cz_wpe_content\"><\/div><\/div><\/div><\/a><\/div>\t\t\t\t<\/div>\n\t\t\t\t<\/div>\n\t\t\t\t\t<\/div>\n\t\t<\/div>\n\t\t\t\t<div class=\"elementor-column elementor-col-25 elementor-inner-column elementor-element elementor-element-1541b07\" data-id=\"1541b07\" data-element_type=\"column\" data-e-type=\"column\">\n\t\t\t<div class=\"elementor-widget-wrap elementor-element-populated\">\n\t\t\t\t\t\t<div class=\"elementor-element elementor-element-97c1eb9 elementor-widget elementor-widget-cz_service_box\" data-id=\"97c1eb9\" data-element_type=\"widget\" data-e-type=\"widget\" data-widget_type=\"cz_service_box.default\">\n\t\t\t\t<div class=\"elementor-widget-container\">\n\t\t\t\t\t<div class=\"xtra-service-box-hove fx_zoom_0_hover\"><a href=\"#\"><div class=\"services clr style11 cz_sbi_fx_8a services_b\"><div class=\"service_img\"><img decoding=\"async\" width=\"100\" height=\"100\" src=\"https:\/\/flaxmanlaw.com\/wp-content\/uploads\/2024\/10\/icons8-truck-100-red.png\" class=\"attachment-large size-large wp-image-1612\" alt=\"Icons8 truck 100 red\" loading=\"lazy\" \/><\/div><div class=\"service_text\"><h3>Accidentes de cami\u00f3n<\/h3><div class=\"cz_wpe_content\"><\/div><\/div><\/div><\/a><\/div>\t\t\t\t<\/div>\n\t\t\t\t<\/div>\n\t\t\t\t\t<\/div>\n\t\t<\/div>\n\t\t\t\t\t<\/div>\n\t\t<\/section>\n\t\t\t\t<section class=\"elementor-section elementor-inner-section elementor-element elementor-element-d4b6553 elementor-section-boxed elementor-section-height-default elementor-section-height-default\" data-id=\"d4b6553\" data-element_type=\"section\" data-e-type=\"section\">\n\t\t\t\t\t\t<div class=\"elementor-container elementor-column-gap-default\">\n\t\t\t\t\t<div class=\"elementor-column elementor-col-25 elementor-inner-column elementor-element elementor-element-a9e4c04\" data-id=\"a9e4c04\" data-element_type=\"column\" data-e-type=\"column\">\n\t\t\t<div class=\"elementor-widget-wrap elementor-element-populated\">\n\t\t\t\t\t\t<div class=\"elementor-element elementor-element-5eab2fb elementor-widget elementor-widget-cz_service_box\" data-id=\"5eab2fb\" data-element_type=\"widget\" data-e-type=\"widget\" data-widget_type=\"cz_service_box.default\">\n\t\t\t\t<div class=\"elementor-widget-container\">\n\t\t\t\t\t<div class=\"xtra-service-box-hove fx_zoom_0_hover\"><a href=\"#\"><div class=\"services clr style11 cz_sbi_fx_8a services_b\"><div class=\"service_img\"><img decoding=\"async\" width=\"96\" height=\"96\" src=\"https:\/\/flaxmanlaw.com\/wp-content\/uploads\/2024\/10\/icons8-brain-injury-96-red.png\" class=\"attachment-large size-large wp-image-1605\" alt=\"Icons8 brain injury 96 red\" loading=\"lazy\" \/><\/div><div class=\"service_text\"><h3>Lesiones cerebrales<\/h3><div class=\"cz_wpe_content\"><\/div><\/div><\/div><\/a><\/div>\t\t\t\t<\/div>\n\t\t\t\t<\/div>\n\t\t\t\t\t<\/div>\n\t\t<\/div>\n\t\t\t\t<div class=\"elementor-column elementor-col-25 elementor-inner-column elementor-element elementor-element-b2e6134\" data-id=\"b2e6134\" data-element_type=\"column\" data-e-type=\"column\">\n\t\t\t<div class=\"elementor-widget-wrap elementor-element-populated\">\n\t\t\t\t\t\t<div class=\"elementor-element elementor-element-b981dd8 elementor-widget elementor-widget-cz_service_box\" data-id=\"b981dd8\" data-element_type=\"widget\" data-e-type=\"widget\" data-widget_type=\"cz_service_box.default\">\n\t\t\t\t<div class=\"elementor-widget-container\">\n\t\t\t\t\t<div class=\"xtra-service-box-hove fx_zoom_0_hover\"><a href=\"#\"><div class=\"services clr style11 cz_sbi_fx_8a services_b\"><div class=\"service_img\"><img decoding=\"async\" width=\"100\" height=\"100\" src=\"https:\/\/flaxmanlaw.com\/wp-content\/uploads\/2024\/10\/icons8-falling-man-100-red.png\" class=\"attachment-large size-large wp-image-1607\" alt=\"Icons8 falling man 100 red\" loading=\"lazy\" \/><\/div><div class=\"service_text\"><h3>Accidentes por resbalones y ca\u00eddas<\/h3><div class=\"cz_wpe_content\"><\/div><\/div><\/div><\/a><\/div>\t\t\t\t<\/div>\n\t\t\t\t<\/div>\n\t\t\t\t\t<\/div>\n\t\t<\/div>\n\t\t\t\t<div class=\"elementor-column elementor-col-25 elementor-inner-column elementor-element elementor-element-19387e6\" data-id=\"19387e6\" data-element_type=\"column\" data-e-type=\"column\">\n\t\t\t<div class=\"elementor-widget-wrap elementor-element-populated\">\n\t\t\t\t\t\t<div class=\"elementor-element elementor-element-b679f46 elementor-widget elementor-widget-cz_service_box\" data-id=\"b679f46\" data-element_type=\"widget\" data-e-type=\"widget\" data-widget_type=\"cz_service_box.default\">\n\t\t\t\t<div class=\"elementor-widget-container\">\n\t\t\t\t\t<div class=\"xtra-service-box-hove fx_zoom_0_hover\"><a href=\"#\"><div class=\"services clr style11 cz_sbi_fx_8a services_b\"><div class=\"service_img\"><img decoding=\"async\" width=\"100\" height=\"100\" src=\"https:\/\/flaxmanlaw.com\/wp-content\/uploads\/2024\/10\/icons8-tombstone-100-red.png\" class=\"attachment-large size-large wp-image-1611\" alt=\"Icons8 tombstone 100 red\" loading=\"lazy\" \/><\/div><div class=\"service_text\"><h3>Muerte por negligencia<\/h3><div class=\"cz_wpe_content\"><\/div><\/div><\/div><\/a><\/div>\t\t\t\t<\/div>\n\t\t\t\t<\/div>\n\t\t\t\t\t<\/div>\n\t\t<\/div>\n\t\t\t\t<div class=\"elementor-column elementor-col-25 elementor-inner-column elementor-element elementor-element-d37230f\" data-id=\"d37230f\" data-element_type=\"column\" data-e-type=\"column\">\n\t\t\t<div class=\"elementor-widget-wrap elementor-element-populated\">\n\t\t\t\t\t\t<div class=\"elementor-element elementor-element-2ea2332 elementor-widget elementor-widget-cz_service_box\" data-id=\"2ea2332\" data-element_type=\"widget\" data-e-type=\"widget\" data-widget_type=\"cz_service_box.default\">\n\t\t\t\t<div class=\"elementor-widget-container\">\n\t\t\t\t\t<div class=\"xtra-service-box-hove fx_zoom_0_hover\"><a href=\"\/es\/lesiones-personales-hollywood-florida-abogados-de-accidentes-grupo-legal-flaxman\/\"><div class=\"services clr style11 cz_sbi_fx_8a services_b\"><div class=\"service_img\"><img decoding=\"async\" width=\"100\" height=\"100\" src=\"https:\/\/flaxmanlaw.com\/wp-content\/uploads\/2024\/12\/icons8-leg-trauma-100-1.png\" class=\"attachment-large size-large wp-image-22758\" alt=\"Icons8 leg trauma 100 1\" loading=\"lazy\" \/><\/div><div class=\"service_text\"><h3>Lesiones personales<\/h3><div class=\"cz_wpe_content\"><\/div><\/div><\/div><\/a><\/div>\t\t\t\t<\/div>\n\t\t\t\t<\/div>\n\t\t\t\t\t<\/div>\n\t\t<\/div>\n\t\t\t\t\t<\/div>\n\t\t<\/section>\n\t\t\t\t<section class=\"elementor-section elementor-inner-section elementor-element elementor-element-31bb45e elementor-section-boxed elementor-section-height-default elementor-section-height-default\" data-id=\"31bb45e\" data-element_type=\"section\" data-e-type=\"section\">\n\t\t\t\t\t\t<div class=\"elementor-container elementor-column-gap-default\">\n\t\t\t\t\t<div class=\"elementor-column elementor-col-25 elementor-inner-column elementor-element elementor-element-96ac217\" data-id=\"96ac217\" data-element_type=\"column\" data-e-type=\"column\">\n\t\t\t<div class=\"elementor-widget-wrap elementor-element-populated\">\n\t\t\t\t\t\t<div class=\"elementor-element elementor-element-e0f9148 elementor-widget elementor-widget-cz_service_box\" data-id=\"e0f9148\" data-element_type=\"widget\" data-e-type=\"widget\" data-widget_type=\"cz_service_box.default\">\n\t\t\t\t<div class=\"elementor-widget-container\">\n\t\t\t\t\t<div class=\"xtra-service-box-hove fx_zoom_0_hover\"><a href=\"\/es\/areas-de-practica\/abogados-de-accidentes-de-la-construccion\/\"><div class=\"services clr style11 cz_sbi_fx_8a services_b\"><div class=\"service_img\"><img decoding=\"async\" width=\"100\" height=\"100\" src=\"https:\/\/flaxmanlaw.com\/wp-content\/uploads\/2024\/12\/icons8-construction-100-1.png\" class=\"attachment-large size-large wp-image-22760\" alt=\"Icons8 construction 100 1\" loading=\"lazy\" \/><\/div><div class=\"service_text\"><h3>Accidentes de la construcci\u00f3n<\/h3><div class=\"cz_wpe_content\"><\/div><\/div><\/div><\/a><\/div>\t\t\t\t<\/div>\n\t\t\t\t<\/div>\n\t\t\t\t\t<\/div>\n\t\t<\/div>\n\t\t\t\t<div class=\"elementor-column elementor-col-25 elementor-inner-column elementor-element elementor-element-a86c77b\" data-id=\"a86c77b\" data-element_type=\"column\" data-e-type=\"column\">\n\t\t\t<div class=\"elementor-widget-wrap elementor-element-populated\">\n\t\t\t\t\t\t<div class=\"elementor-element elementor-element-8db6878 elementor-widget elementor-widget-cz_service_box\" data-id=\"8db6878\" data-element_type=\"widget\" data-e-type=\"widget\" data-widget_type=\"cz_service_box.default\">\n\t\t\t\t<div class=\"elementor-widget-container\">\n\t\t\t\t\t<div class=\"xtra-service-box-hove fx_zoom_0_hover\"><a href=\"\/es\/areas-de-practica\/abogados-especializados-en-negligencias-medicas\/\"><div class=\"services clr style11 cz_sbi_fx_8a services_b\"><div class=\"service_img\"><img decoding=\"async\" width=\"100\" height=\"100\" src=\"https:\/\/flaxmanlaw.com\/wp-content\/uploads\/2024\/12\/icons8-medical-doctor-100-1-1.png\" class=\"attachment-large size-large wp-image-22762\" alt=\"Icons8 medical doctor 100 1 1\" loading=\"lazy\" \/><\/div><div class=\"service_text\"><h3>Negligencias m\u00e9dicas<\/h3><div class=\"cz_wpe_content\"><\/div><\/div><\/div><\/a><\/div>\t\t\t\t<\/div>\n\t\t\t\t<\/div>\n\t\t\t\t\t<\/div>\n\t\t<\/div>\n\t\t\t\t<div class=\"elementor-column elementor-col-25 elementor-inner-column elementor-element elementor-element-e748b58\" data-id=\"e748b58\" data-element_type=\"column\" data-e-type=\"column\">\n\t\t\t<div class=\"elementor-widget-wrap elementor-element-populated\">\n\t\t\t\t\t\t<div class=\"elementor-element elementor-element-720f943 elementor-widget elementor-widget-cz_service_box\" data-id=\"720f943\" data-element_type=\"widget\" data-e-type=\"widget\" data-widget_type=\"cz_service_box.default\">\n\t\t\t\t<div class=\"elementor-widget-container\">\n\t\t\t\t\t<div class=\"xtra-service-box-hove fx_zoom_0_hover\"><a href=\"\/es\/areas-de-practica\/abogados-especializados-en-abusos-en-residencias-de-ancianos\/\"><div class=\"services clr style11 cz_sbi_fx_8a services_b\"><div class=\"service_img\"><img decoding=\"async\" width=\"64\" height=\"64\" src=\"https:\/\/flaxmanlaw.com\/wp-content\/uploads\/2024\/12\/icons8-elderly-64-1.png\" class=\"attachment-large size-large wp-image-22764\" alt=\"Icons8 elderly 64 1\" loading=\"lazy\" \/><\/div><div class=\"service_text\"><h3>Abusos en residencias de ancianos<\/h3><div class=\"cz_wpe_content\"><\/div><\/div><\/div><\/a><\/div>\t\t\t\t<\/div>\n\t\t\t\t<\/div>\n\t\t\t\t\t<\/div>\n\t\t<\/div>\n\t\t\t\t<div class=\"elementor-column elementor-col-25 elementor-inner-column elementor-element elementor-element-2f32df7\" data-id=\"2f32df7\" data-element_type=\"column\" data-e-type=\"column\">\n\t\t\t<div class=\"elementor-widget-wrap elementor-element-populated\">\n\t\t\t\t\t\t<div class=\"elementor-element elementor-element-cf2f6d2 elementor-widget elementor-widget-cz_service_box\" data-id=\"cf2f6d2\" data-element_type=\"widget\" data-e-type=\"widget\" data-widget_type=\"cz_service_box.default\">\n\t\t\t\t<div class=\"elementor-widget-container\">\n\t\t\t\t\t<div class=\"xtra-service-box-hove fx_zoom_0_hover\"><a href=\"\/accidentes-de-peatones-hollywood-florida-abogados-de-lesiones-de-coche\/\"><div class=\"services clr style11 cz_sbi_fx_8a services_b\"><div class=\"service_img\"><img decoding=\"async\" width=\"100\" height=\"100\" src=\"https:\/\/flaxmanlaw.com\/wp-content\/uploads\/2024\/12\/icons8-crossing-100-1.png\" class=\"attachment-large size-large wp-image-22766\" alt=\"Icons8 crossing 100 1\" loading=\"lazy\" \/><\/div><div class=\"service_text\"><h3>Accidentes de peatones<\/h3><div class=\"cz_wpe_content\"><\/div><\/div><\/div><\/a><\/div>\t\t\t\t<\/div>\n\t\t\t\t<\/div>\n\t\t\t\t\t<\/div>\n\t\t<\/div>\n\t\t\t\t\t<\/div>\n\t\t<\/section>\n\t\t\t\t<section class=\"elementor-section elementor-inner-section elementor-element elementor-element-c67277b elementor-section-boxed elementor-section-height-default elementor-section-height-default\" data-id=\"c67277b\" data-element_type=\"section\" data-e-type=\"section\">\n\t\t\t\t\t\t<div class=\"elementor-container elementor-column-gap-default\">\n\t\t\t\t\t<div class=\"elementor-column elementor-col-25 elementor-inner-column elementor-element elementor-element-a3caad8\" data-id=\"a3caad8\" data-element_type=\"column\" data-e-type=\"column\">\n\t\t\t<div class=\"elementor-widget-wrap elementor-element-populated\">\n\t\t\t\t\t\t<div class=\"elementor-element elementor-element-98e3ebf elementor-widget elementor-widget-cz_service_box\" data-id=\"98e3ebf\" data-element_type=\"widget\" data-e-type=\"widget\" data-widget_type=\"cz_service_box.default\">\n\t\t\t\t<div class=\"elementor-widget-container\">\n\t\t\t\t\t<div class=\"xtra-service-box-hove fx_zoom_0_hover\"><a href=\"\/es\/abogados-de-resbalon-y-caida-en-hollywood-florida-grupo-legal-flaxman\/\"><div class=\"services clr style11 cz_sbi_fx_8a services_b\"><div class=\"service_img\"><img decoding=\"async\" width=\"96\" height=\"96\" src=\"https:\/\/flaxmanlaw.com\/wp-content\/uploads\/2024\/12\/icons8-warning-sign-96-1.png\" class=\"attachment-large size-large wp-image-22768\" alt=\"Icons8 warning sign 96 1\" loading=\"lazy\" \/><\/div><div class=\"service_text\"><h3>Responsabilidad de las instalaciones para los propietarios<\/h3><div class=\"cz_wpe_content\"><\/div><\/div><\/div><\/a><\/div>\t\t\t\t<\/div>\n\t\t\t\t<\/div>\n\t\t\t\t\t<\/div>\n\t\t<\/div>\n\t\t\t\t<div class=\"elementor-column elementor-col-25 elementor-inner-column elementor-element elementor-element-43ba46f\" data-id=\"43ba46f\" data-element_type=\"column\" data-e-type=\"column\">\n\t\t\t<div class=\"elementor-widget-wrap elementor-element-populated\">\n\t\t\t\t\t\t<div class=\"elementor-element elementor-element-1faafb8 elementor-widget elementor-widget-cz_service_box\" data-id=\"1faafb8\" data-element_type=\"widget\" data-e-type=\"widget\" data-widget_type=\"cz_service_box.default\">\n\t\t\t\t<div class=\"elementor-widget-container\">\n\t\t\t\t\t<div class=\"xtra-service-box-hove fx_zoom_0_hover\"><a href=\"\/es\/areas-de-practica\/abogados-de-accidentes-de-bicicleta\/\"><div class=\"services clr style11 cz_sbi_fx_8a services_b\"><div class=\"service_img\"><img decoding=\"async\" width=\"100\" height=\"100\" src=\"https:\/\/flaxmanlaw.com\/wp-content\/uploads\/2024\/12\/icons8-bicycle-100-1.png\" class=\"attachment-large size-large wp-image-22770\" alt=\"Icons8 bicycle 100 1\" loading=\"lazy\" \/><\/div><div class=\"service_text\"><h3>Accidente de bicicleta<\/h3><div class=\"cz_wpe_content\"><\/div><\/div><\/div><\/a><\/div>\t\t\t\t<\/div>\n\t\t\t\t<\/div>\n\t\t\t\t\t<\/div>\n\t\t<\/div>\n\t\t\t\t<div class=\"elementor-column elementor-col-25 elementor-inner-column elementor-element elementor-element-cb107f2\" data-id=\"cb107f2\" data-element_type=\"column\" data-e-type=\"column\">\n\t\t\t<div class=\"elementor-widget-wrap elementor-element-populated\">\n\t\t\t\t\t\t<div class=\"elementor-element elementor-element-86bf1fe elementor-widget elementor-widget-cz_service_box\" data-id=\"86bf1fe\" data-element_type=\"widget\" data-e-type=\"widget\" data-widget_type=\"cz_service_box.default\">\n\t\t\t\t<div class=\"elementor-widget-container\">\n\t\t\t\t\t<div class=\"xtra-service-box-hove fx_zoom_0_hover\"><a href=\"\/es\/areas-de-practica\/abogados-de-lesiones-medulares\/\"><div class=\"services clr style11 cz_sbi_fx_8a services_b\"><div class=\"service_img\"><img decoding=\"async\" width=\"100\" height=\"100\" src=\"https:\/\/flaxmanlaw.com\/wp-content\/uploads\/2024\/12\/icons8-spine-100-1.png\" class=\"attachment-large size-large wp-image-22772\" alt=\"Icons8 spine 100 1\" loading=\"lazy\" \/><\/div><div class=\"service_text\"><h3>Lesiones medulares<\/h3><div class=\"cz_wpe_content\"><\/div><\/div><\/div><\/a><\/div>\t\t\t\t<\/div>\n\t\t\t\t<\/div>\n\t\t\t\t\t<\/div>\n\t\t<\/div>\n\t\t\t\t<div class=\"elementor-column elementor-col-25 elementor-inner-column elementor-element elementor-element-a5bc2fd\" data-id=\"a5bc2fd\" data-element_type=\"column\" data-e-type=\"column\">\n\t\t\t<div class=\"elementor-widget-wrap elementor-element-populated\">\n\t\t\t\t\t\t<div class=\"elementor-element elementor-element-de96e1f elementor-widget elementor-widget-cz_service_box\" data-id=\"de96e1f\" data-element_type=\"widget\" data-e-type=\"widget\" data-widget_type=\"cz_service_box.default\">\n\t\t\t\t<div class=\"elementor-widget-container\">\n\t\t\t\t\t<div class=\"xtra-service-box-hove fx_zoom_0_hover\"><a href=\"\/es\/areas-de-practica\/abogados-de-indemnizacion-por-accidente-laboral\/\"><div class=\"services clr style11 cz_sbi_fx_8a services_b\"><div class=\"service_img\"><img decoding=\"async\" width=\"100\" height=\"100\" src=\"https:\/\/flaxmanlaw.com\/wp-content\/uploads\/2024\/12\/icons8-worker-100-1.png\" class=\"attachment-large size-large wp-image-22774\" alt=\"Icons8 worker 100 1\" loading=\"lazy\" \/><\/div><div class=\"service_text\"><h3>Indemnizaci\u00f3n por accidente laboral<\/h3><div class=\"cz_wpe_content\"><\/div><\/div><\/div><\/a><\/div>\t\t\t\t<\/div>\n\t\t\t\t<\/div>\n\t\t\t\t\t<\/div>\n\t\t<\/div>\n\t\t\t\t\t<\/div>\n\t\t<\/section>\n\t\t\t\t\t<\/div>\n\t\t<\/div>\n\t\t\t\t\t<\/div>\n\t\t<\/section>\n\t\t\t\t<section class=\"elementor-section elementor-top-section elementor-element elementor-element-79c2c94 elementor-section-boxed elementor-section-height-default elementor-section-height-default\" data-id=\"79c2c94\" data-element_type=\"section\" data-e-type=\"section\" data-settings=\"{&quot;background_background&quot;:&quot;classic&quot;}\">\n\t\t\t\t\t\t<div class=\"elementor-container elementor-column-gap-default\">\n\t\t\t\t\t<div class=\"elementor-column elementor-col-100 elementor-top-column elementor-element elementor-element-0fb5342\" data-id=\"0fb5342\" data-element_type=\"column\" data-e-type=\"column\">\n\t\t\t<div class=\"elementor-widget-wrap elementor-element-populated\">\n\t\t\t\t\t\t<div class=\"elementor-element elementor-element-263416a elementor-widget elementor-widget-cz_gap\" data-id=\"263416a\" data-element_type=\"widget\" data-e-type=\"widget\" data-widget_type=\"cz_gap.default\">\n\t\t\t\t<div class=\"elementor-widget-container\">\n\t\t\t\t\t<div class=\"cz_gap clr\"><\/div>\t\t\t\t<\/div>\n\t\t\t\t<\/div>\n\t\t\t\t\t<\/div>\n\t\t<\/div>\n\t\t\t\t\t<\/div>\n\t\t<\/section>\n\t\t\t\t<\/div>\n\t\t","protected":false},"excerpt":{"rendered":"<p>Soluciones legales integrales: Lesiones Personales, Disputas de Arrendadores, y M\u00e1s En &#8230; <\/p>\n","protected":false},"author":2,"featured_media":0,"parent":0,"menu_order":0,"comment_status":"closed","ping_status":"closed","template":"","meta":{"footnotes":""},"class_list":["post-22453","page","type-page","status-publish","hentry"],"featured_image_src":null,"featured_image_src_square":null,"_links":{"self":[{"href":"https:\/\/flaxmanlaw.com\/es\/wp-json\/wp\/v2\/pages\/22453","targetHints":{"allow":["GET"]}}],"collection":[{"href":"https:\/\/flaxmanlaw.com\/es\/wp-json\/wp\/v2\/pages"}],"about":[{"href":"https:\/\/flaxmanlaw.com\/es\/wp-json\/wp\/v2\/types\/page"}],"author":[{"embeddable":true,"href":"https:\/\/flaxmanlaw.com\/es\/wp-json\/wp\/v2\/users\/2"}],"replies":[{"embeddable":true,"href":"https:\/\/flaxmanlaw.com\/es\/wp-json\/wp\/v2\/comments?post=22453"}],"version-history":[{"count":0,"href":"https:\/\/flaxmanlaw.com\/es\/wp-json\/wp\/v2\/pages\/22453\/revisions"}],"wp:attachment":[{"href":"https:\/\/flaxmanlaw.com\/es\/wp-json\/wp\/v2\/media?parent=22453"}],"curies":[{"name":"wp","href":"https:\/\/api.w.org\/{rel}","templated":true}]}}