{"id":22456,"date":"2024-10-16T11:59:37","date_gmt":"2024-10-16T11:59:37","guid":{"rendered":"https:\/\/flaxmanlaw.wpenginepowered.com\/conoce-a-charles-flaxman-tu-abogado-de-confianza\/"},"modified":"2025-05-06T08:44:08","modified_gmt":"2025-05-06T08:44:08","slug":"conoce-a-charles-flaxman-tu-abogado-de-confianza","status":"publish","type":"page","link":"https:\/\/flaxmanlaw.com\/es\/conoce-a-charles-flaxman-tu-abogado-de-confianza\/","title":{"rendered":"Conoce a Charles Flaxman &#8211; Tu Abogado de Confianza"},"content":{"rendered":"\t\t<div data-elementor-type=\"wp-page\" data-elementor-id=\"22456\" class=\"elementor elementor-22456 elementor-1693\" data-elementor-post-type=\"page\">\n\t\t\t\t<div class=\"elementor-element elementor-element-e3206f3 e-flex e-con-boxed e-con e-parent\" data-id=\"e3206f3\" data-element_type=\"container\" data-e-type=\"container\">\n\t\t\t\t\t<div class=\"e-con-inner\">\n\t\t<div class=\"elementor-element elementor-element-4f6f772 e-con-full e-flex e-con e-child\" data-id=\"4f6f772\" data-element_type=\"container\" data-e-type=\"container\">\n\t\t\t\t<div class=\"elementor-element elementor-element-1b6e192 elementor-widget elementor-widget-cz_title\" data-id=\"1b6e192\" data-element_type=\"widget\" data-e-type=\"widget\" data-widget_type=\"cz_title.default\">\n\t\t\t\t<div class=\"elementor-widget-container\">\n\t\t\t\t\t\t\r\n\t\t<div>\r\n\t\t\t<div class=\"cz_title clr cz_mobile_text_center cz_title_pos_inline\"><div class=\"cz_title_content\"><div class=\"cz_wpe_content\"><h2><b>M\u00e1s de 44 a\u00f1os de experiencia en de Da\u00f1os Personales<\/b><\/h2><\/div><\/div><\/div>\r\n\t\t<\/div>\r\n\t\t\r\n\t\t\t\t\t\t<\/div>\n\t\t\t\t<\/div>\n\t\t\t\t<div class=\"elementor-element elementor-element-8942af2 elementor-widget elementor-widget-cz_free_line\" data-id=\"8942af2\" data-element_type=\"widget\" data-e-type=\"widget\" data-widget_type=\"cz_free_line.default\">\n\t\t\t\t<div class=\"elementor-widget-container\">\n\t\t\t\t\t\t\t<div class=\"relative\">\r\n\t\t\t<div  class=\"cz_line cz_line_before_circle tal\"><\/div>\r\n\t\t<\/div>\r\n\t\t<div class=\"clr\"><\/div>\r\n\t\t\t\t\t\t<\/div>\n\t\t\t\t<\/div>\n\t\t<div class=\"elementor-element elementor-element-22d3e7d e-con-full e-flex e-con e-child\" data-id=\"22d3e7d\" data-element_type=\"container\" data-e-type=\"container\">\n\t\t\t\t<div class=\"elementor-element elementor-element-f4b2885 elementor-widget__width-initial elementor-widget elementor-widget-image\" data-id=\"f4b2885\" data-element_type=\"widget\" data-e-type=\"widget\" data-widget_type=\"image.default\">\n\t\t\t\t<div class=\"elementor-widget-container\">\n\t\t\t\t\t\t\t\t\t\t\t\t\t\t\t<img decoding=\"async\" width=\"1024\" height=\"1024\" src=\"https:\/\/flaxmanlaw.com\/wp-content\/uploads\/2024\/12\/charlie-mg-0233-crop-6764088599540-1024x1024.webp\" class=\"attachment-large size-large wp-image-22830\" alt=\"Charlie mg 0233 crop 6764088599540\" srcset=\"https:\/\/flaxmanlaw.com\/wp-content\/uploads\/2024\/12\/charlie-mg-0233-crop-6764088599540-1024x1024.webp 1024w, https:\/\/flaxmanlaw.com\/wp-content\/uploads\/2024\/12\/charlie-mg-0233-crop-6764088599540-300x300.webp 300w, https:\/\/flaxmanlaw.com\/wp-content\/uploads\/2024\/12\/charlie-mg-0233-crop-6764088599540-150x150.webp 150w, https:\/\/flaxmanlaw.com\/wp-content\/uploads\/2024\/12\/charlie-mg-0233-crop-6764088599540-768x768.webp 768w, https:\/\/flaxmanlaw.com\/wp-content\/uploads\/2024\/12\/charlie-mg-0233-crop-6764088599540-600x600.webp 600w, https:\/\/flaxmanlaw.com\/wp-content\/uploads\/2024\/12\/charlie-mg-0233-crop-6764088599540.webp 1280w\" sizes=\"auto, (max-width: 1024px) 100vw, 1024px\" loading=\"lazy\" \/>\t\t\t\t\t\t\t\t\t\t\t\t\t\t\t<\/div>\n\t\t\t\t<\/div>\n\t\t\t\t<div class=\"elementor-element elementor-element-504ae9d elementor-widget elementor-widget-text-editor\" data-id=\"504ae9d\" data-element_type=\"widget\" data-e-type=\"widget\" data-widget_type=\"text-editor.default\">\n\t\t\t\t<div class=\"elementor-widget-container\">\n\t\t\t\t\t\t\t\t\t<p><span style=\"font-weight: 400;\">Charles Flaxman, abogado fundador del Grupo Legal Flaxman, aporta m\u00e1s de 40 a\u00f1os de experiencia legal a cada caso que maneja. Antes de convertirse en abogado, Charles pas\u00f3 una d\u00e9cada como ajustador de reclamaciones de seguros, adquiriendo valiosos conocimientos sobre c\u00f3mo las compa\u00f1\u00edas de seguros eval\u00faan y manejan las reclamaciones. Esta experiencia \u00fanica le da una ventaja cuando negocia y litiga casos de lesiones personales, ya que entiende las estrategias que las aseguradoras utilizan para minimizar los acuerdos.  <\/span><\/p>\n\t\t\t\t\t\t\t\t<\/div>\n\t\t\t\t<\/div>\n\t\t\t\t<\/div>\n\t\t\t\t<div class=\"elementor-element elementor-element-27b0e45 elementor-widget elementor-widget-text-editor\" data-id=\"27b0e45\" data-element_type=\"widget\" data-e-type=\"widget\" data-widget_type=\"text-editor.default\">\n\t\t\t\t<div class=\"elementor-widget-container\">\n\t\t\t\t\t\t\t\t\t<h2><b>Pasi\u00f3n por la Justicia<\/b><\/h2>\n<p><span style=\"font-weight: 400;\">A lo largo de su carrera, a Charles le ha movido la pasi\u00f3n por ayudar a las personas en circunstancias dif\u00edciles. Ha dedicado su vida a garantizar que las v\u00edctimas de accidentes reciban la indemnizaci\u00f3n y la justicia que merecen. Con m\u00e1s de cuatro d\u00e9cadas de ejercicio de la abogac\u00eda, Charles ha ayudado a miles de clientes a recuperar indemnizaciones por lesiones causadas por accidentes de tr\u00e1fico, resbalones y ca\u00eddas, negligencias m\u00e9dicas y otras formas de negligencia.  <\/span><\/p>\n<h2><b>Reconocida por su excelencia<\/b><\/h2>\n<p><span style=\"font-weight: 400;\">Charles es miembro del Million Dollar Advocates Forum, un prestigioso grupo de abogados litigantes que han ganado acuerdos o veredictos millonarios. Su dedicaci\u00f3n a los clientes y sus amplios conocimientos jur\u00eddicos le han valido numerosos elogios del sector, y sus clientes le califican sistem\u00e1ticamente con 5 estrellas por su profesionalidad, comunicaci\u00f3n y resultados. <\/span><\/p>\n<h2><b>Comprometidos con el servicio a la comunidad<\/b><\/h2>\n<p><span style=\"font-weight: 400;\">Como residente de Florida del Sur desde hace mucho tiempo, Charles est\u00e1 profundamente comprometido con el bienestar de su comunidad. Fund\u00f3 el Grupo Legal Flaxman para ofrecer representaci\u00f3n legal personalizada y compasiva a individuos y familias necesitadas. Con oficinas en Miami, Hollywood, Homestead, y Denver, Charles contin\u00faa expandiendo su alcance, ofreciendo servicios legales confiables a clientes tanto en Florida como en Colorado.  <\/span><\/p>\n\t\t\t\t\t\t\t\t<\/div>\n\t\t\t\t<\/div>\n\t\t\t\t<\/div>\n\t\t<div class=\"elementor-element elementor-element-389a4ed e-con-full pa-sidebar e-flex e-con e-child\" data-id=\"389a4ed\" data-element_type=\"container\" data-e-type=\"container\">\n\t\t<div class=\"elementor-element elementor-element-6825bdc e-con-full e-flex e-con e-child\" data-id=\"6825bdc\" data-element_type=\"container\" data-e-type=\"container\" data-settings=\"{&quot;background_background&quot;:&quot;classic&quot;}\">\n\t\t\t\t<div class=\"elementor-element elementor-element-13e7f95 elementor-widget elementor-widget-heading\" data-id=\"13e7f95\" data-element_type=\"widget\" data-e-type=\"widget\" data-widget_type=\"heading.default\">\n\t\t\t\t<div class=\"elementor-widget-container\">\n\t\t\t\t\t<h4 class=\"elementor-heading-title elementor-size-default\">Educaci\u00f3n<\/h4>\t\t\t\t<\/div>\n\t\t\t\t<\/div>\n\t\t\t\t<div class=\"elementor-element elementor-element-fb380b3 elementor-widget elementor-widget-cz_free_line\" data-id=\"fb380b3\" data-element_type=\"widget\" data-e-type=\"widget\" data-widget_type=\"cz_free_line.default\">\n\t\t\t\t<div class=\"elementor-widget-container\">\n\t\t\t\t\t\t\t<div class=\"relative\">\r\n\t\t\t<div  class=\"cz_line cz_line_before_circle tal\"><\/div>\r\n\t\t<\/div>\r\n\t\t<div class=\"clr\"><\/div>\r\n\t\t\t\t\t\t<\/div>\n\t\t\t\t<\/div>\n\t\t\t\t<div class=\"elementor-element elementor-element-e4323c2 elementor-widget elementor-widget-text-editor\" data-id=\"e4323c2\" data-element_type=\"widget\" data-e-type=\"widget\" data-widget_type=\"text-editor.default\">\n\t\t\t\t<div class=\"elementor-widget-container\">\n\t\t\t\t\t\t\t\t\t<ul><li><span style=\"color: #ffffff;\"><span style=\"font-weight: 400;\">Doctor en Derecho, Facultad de Derecho de la Universidad Nova, 1981<\/span><\/span><\/li><li>Magna Cum Laude<\/li><li>Graduado 2% superior de la promoci\u00f3n<\/li><li><span style=\"color: #ffffff;\"><span style=\"font-weight: 400;\">Revista de Derecho<\/span><\/span><\/li><\/ul>\t\t\t\t\t\t\t\t<\/div>\n\t\t\t\t<\/div>\n\t\t\t\t<div class=\"elementor-element elementor-element-00d5a9d elementor-widget elementor-widget-heading\" data-id=\"00d5a9d\" data-element_type=\"widget\" data-e-type=\"widget\" data-widget_type=\"heading.default\">\n\t\t\t\t<div class=\"elementor-widget-container\">\n\t\t\t\t\t<h4 class=\"elementor-heading-title elementor-size-default\">Jurisdicciones de ejercicio<\/h4>\t\t\t\t<\/div>\n\t\t\t\t<\/div>\n\t\t\t\t<div class=\"elementor-element elementor-element-e6f3831 elementor-widget elementor-widget-cz_free_line\" data-id=\"e6f3831\" data-element_type=\"widget\" data-e-type=\"widget\" data-widget_type=\"cz_free_line.default\">\n\t\t\t\t<div class=\"elementor-widget-container\">\n\t\t\t\t\t\t\t<div class=\"relative\">\r\n\t\t\t<div  class=\"cz_line cz_line_before_circle tal\"><\/div>\r\n\t\t<\/div>\r\n\t\t<div class=\"clr\"><\/div>\r\n\t\t\t\t\t\t<\/div>\n\t\t\t\t<\/div>\n\t\t\t\t<div class=\"elementor-element elementor-element-5e01e45 elementor-widget elementor-widget-text-editor\" data-id=\"5e01e45\" data-element_type=\"widget\" data-e-type=\"widget\" data-widget_type=\"text-editor.default\">\n\t\t\t\t<div class=\"elementor-widget-container\">\n\t\t\t\t\t\t\t\t\t<ul>\n<li>\n<p><span style=\"font-weight: 400; color: #ffffff;\">Tribunal de Apelaci\u00f3n de Condado, Circuito y Distrito, Estado de Florida<\/span><\/p>\n<\/li>\n<li>\n<p><span style=\"color: #ffffff;\"><span style=\"font-weight: 400;\">Tribunal Supremo del Estado de Florida<\/span><\/span><\/p>\n<\/li>\n<li>\n<p><span style=\"color: #ffffff;\"><span style=\"font-weight: 400;\">Tribunal de Distrito de los Estados Unidos, Distrito Sur de Florida<\/span><\/span><\/p>\n<\/li>\n<li>\n<p><span style=\"color: #ffffff;\"><span style=\"font-weight: 400;\">Tribunal de Apelaci\u00f3n de los Estados Unidos<\/span><\/span><\/p>\n<\/li>\n<\/ul>\n\t\t\t\t\t\t\t\t<\/div>\n\t\t\t\t<\/div>\n\t\t\t\t<div class=\"elementor-element elementor-element-8ccadb1 elementor-widget elementor-widget-heading\" data-id=\"8ccadb1\" data-element_type=\"widget\" data-e-type=\"widget\" data-widget_type=\"heading.default\">\n\t\t\t\t<div class=\"elementor-widget-container\">\n\t\t\t\t\t<h4 class=\"elementor-heading-title elementor-size-default\">Asociaciones profesionales y de abogados<\/h4>\t\t\t\t<\/div>\n\t\t\t\t<\/div>\n\t\t\t\t<div class=\"elementor-element elementor-element-e12773c elementor-widget elementor-widget-cz_free_line\" data-id=\"e12773c\" data-element_type=\"widget\" data-e-type=\"widget\" data-widget_type=\"cz_free_line.default\">\n\t\t\t\t<div class=\"elementor-widget-container\">\n\t\t\t\t\t\t\t<div class=\"relative\">\r\n\t\t\t<div  class=\"cz_line cz_line_before_circle tal\"><\/div>\r\n\t\t<\/div>\r\n\t\t<div class=\"clr\"><\/div>\r\n\t\t\t\t\t\t<\/div>\n\t\t\t\t<\/div>\n\t\t\t\t<div class=\"elementor-element elementor-element-7e3c535 elementor-widget elementor-widget-text-editor\" data-id=\"7e3c535\" data-element_type=\"widget\" data-e-type=\"widget\" data-widget_type=\"text-editor.default\">\n\t\t\t\t<div class=\"elementor-widget-container\">\n\t\t\t\t\t\t\t\t\t<ul>\n<li>\n<p><span style=\"font-weight: 400; color: #ffffff;\">El Colegio de Abogados de Florida<\/span><\/p>\n<\/li>\n<li>\n<p><span style=\"color: #ffffff;\"><span style=\"font-weight: 400;\">Asociaci\u00f3n Americana de Abogados<\/span><\/span><\/p>\n<\/li>\n<li>\n<p><span style=\"color: #ffffff;\"><span style=\"font-weight: 400;\">Asociaci\u00f3n de Abogados Litigantes de Am\u00e9rica<\/span><\/span><\/p>\n<\/li>\n<li>\n<p><span style=\"color: #ffffff;\"><span style=\"font-weight: 400;\">Academia de Abogados Litigantes de Florida<\/span><\/span><\/p>\n<\/li>\n<li>\n<p><span style=\"color: #ffffff;\"><span style=\"font-weight: 400;\">Secci\u00f3n de Compensaci\u00f3n Laboral del Colegio de Abogados de Florida<\/span><\/span><\/p>\n<\/li>\n<li>\n<p><span style=\"color: #ffffff;\"><span style=\"font-weight: 400;\">Consejo Ejecutivo Asociaci\u00f3n Ben\u00e9vola de la Polic\u00eda<\/span><\/span><\/p>\n<\/li>\n<\/ul>\n\t\t\t\t\t\t\t\t<\/div>\n\t\t\t\t<\/div>\n\t\t\t\t<\/div>\n\t\t\t\t<\/div>\n\t\t\t\t\t<\/div>\n\t\t\t\t<\/div>\n\t\t<div class=\"elementor-element elementor-element-c34de50 codevz-con-stretch-yes e-flex e-con-boxed e-con e-parent\" data-id=\"c34de50\" data-element_type=\"container\" data-e-type=\"container\" data-settings=\"{&quot;background_background&quot;:&quot;gradient&quot;}\">\n\t\t\t\t\t<div class=\"e-con-inner\">\n\t\t\t\t<div class=\"elementor-element elementor-element-42988d5 elementor-widget__width-initial elementor-widget elementor-widget-cz_title\" data-id=\"42988d5\" data-element_type=\"widget\" data-e-type=\"widget\" data-widget_type=\"cz_title.default\">\n\t\t\t\t<div class=\"elementor-widget-container\">\n\t\t\t\t\t\t\r\n\t\t<div>\r\n\t\t\t<div class=\"cz_title clr cz_title_pos_inline\"><div class=\"cz_title_content\"><div class=\"cz_wpe_content\"><h3><b>Contacta hoy con Charles Flaxman<\/b><\/h3>\n<p><span style=\"font-weight: 400; color: #ffffff;\">Si usted o un ser querido ha resultado lesionado en un accidente, Charles Flaxman est\u00e1 aqu\u00ed para ayudarle. Contacta con \u00e9l hoy mismo para una consulta gratuita y dar el primer paso para recuperar la indemnizaci\u00f3n que mereces. <\/span><\/p>\n<\/div><\/div><\/div>\r\n\t\t<\/div>\r\n\t\t\r\n\t\t\t\t\t\t<\/div>\n\t\t\t\t<\/div>\n\t\t\t\t<div class=\"elementor-element elementor-element-96e48a2 elementor-widget elementor-widget-cz_button\" data-id=\"96e48a2\" data-element_type=\"widget\" data-e-type=\"widget\" data-widget_type=\"cz_button.default\">\n\t\t\t\t<div class=\"elementor-widget-container\">\n\t\t\t\t\t\t\t<div class=\"\">\r\n\t\t\t<div>\r\n\t\t\t\t<a href=\"\/contact\/\" class=\"cz_btn cz_btn_txt_no_fx cz_btn_no_fx cz_mobile_btn_center\">\r\n\r\n\t\t\t\t\t<span>\t\t\t\t\t\t<strong>Contacta con Charles Flaxman\t\t\t\t\t\t\t\t\t\t\t\t\t<\/strong>\r\n\t\t\t\t\t\t\t\t\t\t\t<\/span>\r\n\r\n\t\t\t\t\t<b class=\"cz_btn_onhover\">\r\n\t\t\t\t\t\t\t\t\t\t\t\t<strong>\r\n\t\t\t\t\t\t\tContacta con Charles Flaxman\t\t\t\t\t\t\t\t\t\t\t\t\t<\/strong>\r\n\t\t\t\t\t\t\t\t\t\t\t<\/b>\r\n\r\n\t\t\t\t<\/a>\r\n\t\t\t<\/div>\r\n\t\t<\/div> \t\t\t\t\t\t<\/div>\n\t\t\t\t<\/div>\n\t\t\t\t\t<\/div>\n\t\t\t\t<\/div>\n\t\t\t\t<section class=\"elementor-section elementor-top-section elementor-element elementor-element-4b52aab elementor-section-boxed elementor-section-height-default elementor-section-height-default\" data-id=\"4b52aab\" data-element_type=\"section\" data-e-type=\"section\" data-settings=\"{&quot;background_background&quot;:&quot;classic&quot;}\">\n\t\t\t\t\t\t<div class=\"elementor-container elementor-column-gap-default\">\n\t\t\t\t\t<div class=\"elementor-column elementor-col-100 elementor-top-column elementor-element elementor-element-04bf660\" data-id=\"04bf660\" data-element_type=\"column\" data-e-type=\"column\">\n\t\t\t<div class=\"elementor-widget-wrap elementor-element-populated\">\n\t\t\t\t\t\t<div class=\"elementor-element elementor-element-597c8e2 elementor-widget elementor-widget-cz_title\" data-id=\"597c8e2\" data-element_type=\"widget\" data-e-type=\"widget\" data-widget_type=\"cz_title.default\">\n\t\t\t\t<div class=\"elementor-widget-container\">\n\t\t\t\t\t\t\r\n\t\t<div>\r\n\t\t\t<div class=\"cz_title clr cz_title_pos_inline tac\"><div class=\"cz_title_content\"><div class=\"cz_wpe_content\"><h3 style=\"text-align: center;\">\u00bfPor qu\u00e9 elegirnos <span style=\"color: #a40d1d;\">?<\/span><\/h3>\n<\/div><\/div><\/div>\r\n\t\t<\/div>\r\n\t\t\r\n\t\t\t\t\t\t<\/div>\n\t\t\t\t<\/div>\n\t\t\t\t<div class=\"elementor-element elementor-element-781ed84 elementor-widget elementor-widget-cz_free_line\" data-id=\"781ed84\" data-element_type=\"widget\" data-e-type=\"widget\" data-widget_type=\"cz_free_line.default\">\n\t\t\t\t<div class=\"elementor-widget-container\">\n\t\t\t\t\t\t\t<div class=\"relative\">\r\n\t\t\t<div  class=\"cz_line cz_line_before_circle cz_line_after_circle tac\"><\/div>\r\n\t\t<\/div>\r\n\t\t<div class=\"clr\"><\/div>\r\n\t\t\t\t\t\t<\/div>\n\t\t\t\t<\/div>\n\t\t\t\t\t<\/div>\n\t\t<\/div>\n\t\t\t\t\t<\/div>\n\t\t<\/section>\n\t\t\t\t<section class=\"elementor-section elementor-top-section elementor-element elementor-element-cf68677 elementor-section-boxed elementor-section-height-default elementor-section-height-default\" data-id=\"cf68677\" data-element_type=\"section\" data-e-type=\"section\">\n\t\t\t\t\t\t\t<div class=\"elementor-background-overlay\"><\/div>\n\t\t\t\t\t\t\t<div class=\"elementor-container elementor-column-gap-default\">\n\t\t\t\t\t<div class=\"elementor-column elementor-col-100 elementor-top-column elementor-element elementor-element-3ae0dff\" data-id=\"3ae0dff\" data-element_type=\"column\" data-e-type=\"column\">\n\t\t\t<div class=\"elementor-widget-wrap elementor-element-populated\">\n\t\t\t\t\t\t<section class=\"elementor-section elementor-inner-section elementor-element elementor-element-d15a564 elementor-section-boxed elementor-section-height-default elementor-section-height-default\" data-id=\"d15a564\" data-element_type=\"section\" data-e-type=\"section\">\n\t\t\t\t\t\t<div class=\"elementor-container elementor-column-gap-default\">\n\t\t\t\t\t<div class=\"elementor-column elementor-col-33 elementor-inner-column elementor-element elementor-element-7a5abb2\" data-id=\"7a5abb2\" data-element_type=\"column\" data-e-type=\"column\">\n\t\t\t<div class=\"elementor-widget-wrap elementor-element-populated\">\n\t\t\t\t\t\t<div class=\"elementor-element elementor-element-4caec1c elementor-widget elementor-widget-cz_service_box\" data-id=\"4caec1c\" data-element_type=\"widget\" data-e-type=\"widget\" data-widget_type=\"cz_service_box.default\">\n\t\t\t\t<div class=\"elementor-widget-container\">\n\t\t\t\t\t<div class=\"xtra-service-box-hove fx_zoom_0_hover\"><a href=\"#\"><div class=\"services clr style11 services_b\"><div class=\"service_img\"><img decoding=\"async\" width=\"90\" height=\"90\" src=\"https:\/\/flaxmanlaw.com\/wp-content\/uploads\/2024\/09\/icons8-no-fee-90.png\" class=\"attachment-large size-large wp-image-1582\" alt=\"Icons8 no fee 90\" loading=\"lazy\" \/><\/div><div class=\"service_text\"><h3>Sin honorarios a menos que ganemos tu caso<\/h3><div class=\"cz_wpe_content\"><p><span style=\"color: #ffffff;\">No pagas a menos que consigamos un acuerdo o un veredicto a tu favor.  <\/span><\/p>\n<\/div><\/div><\/div><\/a><\/div>\t\t\t\t<\/div>\n\t\t\t\t<\/div>\n\t\t\t\t\t<\/div>\n\t\t<\/div>\n\t\t\t\t<div class=\"elementor-column elementor-col-33 elementor-inner-column elementor-element elementor-element-7cb1e69\" data-id=\"7cb1e69\" data-element_type=\"column\" data-e-type=\"column\">\n\t\t\t<div class=\"elementor-widget-wrap elementor-element-populated\">\n\t\t\t\t\t\t<div class=\"elementor-element elementor-element-851e6f6 elementor-widget elementor-widget-cz_service_box\" data-id=\"851e6f6\" data-element_type=\"widget\" data-e-type=\"widget\" data-widget_type=\"cz_service_box.default\">\n\t\t\t\t<div class=\"elementor-widget-container\">\n\t\t\t\t\t<div class=\"xtra-service-box-hove fx_zoom_0_hover\"><a href=\"#\"><div class=\"services clr style11 services_b\"><div class=\"service_img\"><img decoding=\"async\" width=\"100\" height=\"100\" src=\"https:\/\/flaxmanlaw.com\/wp-content\/uploads\/2024\/09\/icons8-to-come-100.png\" class=\"attachment-large size-large wp-image-1583\" alt=\"Icons8 to come 100\" loading=\"lazy\" \/><\/div><div class=\"service_text\"><h3>Vamos a ti<\/h3><div class=\"cz_wpe_content\"><p><span style=\"color: #ffffff;\">Ya sea en tu casa, en el trabajo o en el hospital, te facilitamos la obtenci\u00f3n de la ayuda legal que necesitas.<\/span><\/p>\n<\/div><\/div><\/div><\/a><\/div>\t\t\t\t<\/div>\n\t\t\t\t<\/div>\n\t\t\t\t\t<\/div>\n\t\t<\/div>\n\t\t\t\t<div class=\"elementor-column elementor-col-33 elementor-inner-column elementor-element elementor-element-15b6edd\" data-id=\"15b6edd\" data-element_type=\"column\" data-e-type=\"column\">\n\t\t\t<div class=\"elementor-widget-wrap elementor-element-populated\">\n\t\t\t\t\t\t<div class=\"elementor-element elementor-element-230ca76 elementor-widget elementor-widget-cz_service_box\" data-id=\"230ca76\" data-element_type=\"widget\" data-e-type=\"widget\" data-widget_type=\"cz_service_box.default\">\n\t\t\t\t<div class=\"elementor-widget-container\">\n\t\t\t\t\t<div class=\"xtra-service-box-hove fx_zoom_0_hover\"><a href=\"#\"><div class=\"services clr style11 services_b\"><div class=\"service_img\"><img decoding=\"async\" width=\"100\" height=\"100\" src=\"https:\/\/flaxmanlaw.com\/wp-content\/uploads\/2024\/09\/icons8-car-service-100.png\" class=\"attachment-large size-large wp-image-1579\" alt=\"Icons8 car service 100\" loading=\"lazy\" \/><\/div><div class=\"service_text\"><h3>Ayuda gratuita con coches de alquiler y reparaciones<\/h3><div class=\"cz_wpe_content\"><p><span style=\"color: #ffffff;\">Te ayudamos con el alquiler y la reparaci\u00f3n de tu veh\u00edculo sin coste alguno para ti.<\/span><\/p>\n<\/div><\/div><\/div><\/a><\/div>\t\t\t\t<\/div>\n\t\t\t\t<\/div>\n\t\t\t\t\t<\/div>\n\t\t<\/div>\n\t\t\t\t\t<\/div>\n\t\t<\/section>\n\t\t\t\t<section class=\"elementor-section elementor-inner-section elementor-element elementor-element-4d9b8af elementor-section-boxed elementor-section-height-default elementor-section-height-default\" data-id=\"4d9b8af\" data-element_type=\"section\" data-e-type=\"section\">\n\t\t\t\t\t\t<div class=\"elementor-container elementor-column-gap-default\">\n\t\t\t\t\t<div class=\"elementor-column elementor-col-33 elementor-inner-column elementor-element elementor-element-d54f2f7\" data-id=\"d54f2f7\" data-element_type=\"column\" data-e-type=\"column\">\n\t\t\t<div class=\"elementor-widget-wrap elementor-element-populated\">\n\t\t\t\t\t\t<div class=\"elementor-element elementor-element-0b1b952 elementor-widget elementor-widget-cz_service_box\" data-id=\"0b1b952\" data-element_type=\"widget\" data-e-type=\"widget\" data-widget_type=\"cz_service_box.default\">\n\t\t\t\t<div class=\"elementor-widget-container\">\n\t\t\t\t\t<div class=\"xtra-service-box-hove fx_zoom_0_hover\"><a href=\"#\"><div class=\"services clr style11 services_b\"><div class=\"service_img\"><img decoding=\"async\" width=\"100\" height=\"100\" src=\"https:\/\/flaxmanlaw.com\/wp-content\/uploads\/2024\/09\/icons8-hotline-100.png\" class=\"attachment-large size-large wp-image-1581\" alt=\"Icons8 hotline 100\" loading=\"lazy\" \/><\/div><div class=\"service_text\"><h3>Disponibilidad 24\/7<\/h3><div class=\"cz_wpe_content\"><p><span style=\"color: #ffffff;\">Tu abogado est\u00e1 a una llamada de distancia: ll\u00e1manos en cualquier momento a nuestros tel\u00e9fonos m\u00f3viles personales.<\/span><\/p>\n<\/div><\/div><\/div><\/a><\/div>\t\t\t\t<\/div>\n\t\t\t\t<\/div>\n\t\t\t\t\t<\/div>\n\t\t<\/div>\n\t\t\t\t<div class=\"elementor-column elementor-col-33 elementor-inner-column elementor-element elementor-element-83b870b\" data-id=\"83b870b\" data-element_type=\"column\" data-e-type=\"column\">\n\t\t\t<div class=\"elementor-widget-wrap elementor-element-populated\">\n\t\t\t\t\t\t<div class=\"elementor-element elementor-element-e2ba26e elementor-widget elementor-widget-cz_service_box\" data-id=\"e2ba26e\" data-element_type=\"widget\" data-e-type=\"widget\" data-widget_type=\"cz_service_box.default\">\n\t\t\t\t<div class=\"elementor-widget-container\">\n\t\t\t\t\t<div class=\"xtra-service-box-hove fx_zoom_0_hover\"><a href=\"#\"><div class=\"services clr style11 services_b\"><div class=\"service_img\"><img decoding=\"async\" width=\"348\" height=\"178\" src=\"https:\/\/flaxmanlaw.com\/wp-content\/uploads\/2024\/10\/icons8-50plus.png\" class=\"attachment-large size-large wp-image-1598\" alt=\"Icons8 50plus\" srcset=\"https:\/\/flaxmanlaw.com\/wp-content\/uploads\/2024\/10\/icons8-50plus.png 348w, https:\/\/flaxmanlaw.com\/wp-content\/uploads\/2024\/10\/icons8-50plus-300x153.png 300w\" sizes=\"auto, (max-width: 348px) 100vw, 348px\" loading=\"lazy\" \/><\/div><div class=\"service_text\"><h3>M\u00e1s de 50 a\u00f1os de experiencia<\/h3><div class=\"cz_wpe_content\"><p><span style=\"color: #ffffff;\">Benef\u00edciate de nuestros conocimientos y experiencia en derecho de da\u00f1os personales. Charles es un antiguo perito de seguros y Steven es un antiguo abogado defensor de seguros.   <\/span><\/p>\n<\/div><\/div><\/div><\/a><\/div>\t\t\t\t<\/div>\n\t\t\t\t<\/div>\n\t\t\t\t\t<\/div>\n\t\t<\/div>\n\t\t\t\t<div class=\"elementor-column elementor-col-33 elementor-inner-column elementor-element elementor-element-4bedb51\" data-id=\"4bedb51\" data-element_type=\"column\" data-e-type=\"column\">\n\t\t\t<div class=\"elementor-widget-wrap elementor-element-populated\">\n\t\t\t\t\t\t<div class=\"elementor-element elementor-element-8007271 elementor-widget elementor-widget-cz_service_box\" data-id=\"8007271\" data-element_type=\"widget\" data-e-type=\"widget\" data-widget_type=\"cz_service_box.default\">\n\t\t\t\t<div class=\"elementor-widget-container\">\n\t\t\t\t\t<div class=\"xtra-service-box-hove fx_zoom_0_hover\"><a href=\"#\"><div class=\"services clr style11 services_b\"><div class=\"service_img\"><img decoding=\"async\" width=\"96\" height=\"96\" src=\"https:\/\/flaxmanlaw.com\/wp-content\/uploads\/2024\/09\/icons8-victory-96.png\" class=\"attachment-large size-large wp-image-1584\" alt=\"Icons8 victory 96\" loading=\"lazy\" \/><\/div><div class=\"service_text\"><h3>Casi 1.000 millones de d\u00f3lares ganados para los clientes<\/h3><div class=\"cz_wpe_content\"><p><span style=\"color: #ffffff;\">Conf\u00eda en una empresa con un historial de \u00e9xito probado.<\/span><\/p>\n<\/div><\/div><\/div><\/a><\/div>\t\t\t\t<\/div>\n\t\t\t\t<\/div>\n\t\t\t\t\t<\/div>\n\t\t<\/div>\n\t\t\t\t\t<\/div>\n\t\t<\/section>\n\t\t\t\t\t<\/div>\n\t\t<\/div>\n\t\t\t\t\t<\/div>\n\t\t<\/section>\n\t\t\t\t<\/div>\n\t\t","protected":false},"excerpt":{"rendered":"<p>M\u00e1s de 44 a\u00f1os de experiencia en de Da\u00f1os Personales Charles &#8230; <\/p>\n","protected":false},"author":2,"featured_media":0,"parent":0,"menu_order":0,"comment_status":"closed","ping_status":"closed","template":"","meta":{"footnotes":""},"class_list":["post-22456","page","type-page","status-publish","hentry"],"featured_image_src":null,"featured_image_src_square":null,"_links":{"self":[{"href":"https:\/\/flaxmanlaw.com\/es\/wp-json\/wp\/v2\/pages\/22456","targetHints":{"allow":["GET"]}}],"collection":[{"href":"https:\/\/flaxmanlaw.com\/es\/wp-json\/wp\/v2\/pages"}],"about":[{"href":"https:\/\/flaxmanlaw.com\/es\/wp-json\/wp\/v2\/types\/page"}],"author":[{"embeddable":true,"href":"https:\/\/flaxmanlaw.com\/es\/wp-json\/wp\/v2\/users\/2"}],"replies":[{"embeddable":true,"href":"https:\/\/flaxmanlaw.com\/es\/wp-json\/wp\/v2\/comments?post=22456"}],"version-history":[{"count":0,"href":"https:\/\/flaxmanlaw.com\/es\/wp-json\/wp\/v2\/pages\/22456\/revisions"}],"wp:attachment":[{"href":"https:\/\/flaxmanlaw.com\/es\/wp-json\/wp\/v2\/media?parent=22456"}],"curies":[{"name":"wp","href":"https:\/\/api.w.org\/{rel}","templated":true}]}}