{"id":22458,"date":"2024-10-16T12:25:48","date_gmt":"2024-10-16T12:25:48","guid":{"rendered":"https:\/\/flaxmanlaw.wpenginepowered.com\/steven-flaxman-abogado-dedicado-a-lesiones-personales-y-arrendador-inquilino\/"},"modified":"2025-05-06T09:20:42","modified_gmt":"2025-05-06T09:20:42","slug":"steven-flaxman-abogado-dedicado-a-lesiones-personales-y-arrendador-inquilino","status":"publish","type":"page","link":"https:\/\/flaxmanlaw.com\/es\/steven-flaxman-abogado-dedicado-a-lesiones-personales-y-arrendador-inquilino\/","title":{"rendered":"Steven Flaxman &#8211; Abogado de Lesiones"},"content":{"rendered":"\t\t<div data-elementor-type=\"wp-page\" data-elementor-id=\"22458\" class=\"elementor elementor-22458 elementor-1695\" data-elementor-post-type=\"page\">\n\t\t\t\t<div class=\"elementor-element elementor-element-e3206f3 e-flex e-con-boxed e-con e-parent\" data-id=\"e3206f3\" data-element_type=\"container\" data-e-type=\"container\">\n\t\t\t\t\t<div class=\"e-con-inner\">\n\t\t<div class=\"elementor-element elementor-element-4f6f772 e-con-full e-flex e-con e-child\" data-id=\"4f6f772\" data-element_type=\"container\" data-e-type=\"container\">\n\t\t\t\t<div class=\"elementor-element elementor-element-1b6e192 elementor-widget elementor-widget-cz_title\" data-id=\"1b6e192\" data-element_type=\"widget\" data-e-type=\"widget\" data-widget_type=\"cz_title.default\">\n\t\t\t\t<div class=\"elementor-widget-container\">\n\t\t\t\t\t\t\r\n\t\t<div>\r\n\t\t\t<div class=\"cz_title clr cz_mobile_text_center cz_title_pos_inline\"><div class=\"cz_title_content\"><div class=\"cz_wpe_content\"><h2><b>Un legado de excelencia jur\u00eddica<\/b><\/h2>\n<\/div><\/div><\/div>\r\n\t\t<\/div>\r\n\t\t\r\n\t\t\t\t\t\t<\/div>\n\t\t\t\t<\/div>\n\t\t\t\t<div class=\"elementor-element elementor-element-8942af2 elementor-widget elementor-widget-cz_free_line\" data-id=\"8942af2\" data-element_type=\"widget\" data-e-type=\"widget\" data-widget_type=\"cz_free_line.default\">\n\t\t\t\t<div class=\"elementor-widget-container\">\n\t\t\t\t\t\t\t<div class=\"relative\">\r\n\t\t\t<div  class=\"cz_line cz_line_before_circle tal\"><\/div>\r\n\t\t<\/div>\r\n\t\t<div class=\"clr\"><\/div>\r\n\t\t\t\t\t\t<\/div>\n\t\t\t\t<\/div>\n\t\t<div class=\"elementor-element elementor-element-22d3e7d e-con-full e-flex e-con e-child\" data-id=\"22d3e7d\" data-element_type=\"container\" data-e-type=\"container\">\n\t\t\t\t<div class=\"elementor-element elementor-element-f4b2885 elementor-widget__width-initial elementor-widget elementor-widget-image\" data-id=\"f4b2885\" data-element_type=\"widget\" data-e-type=\"widget\" data-widget_type=\"image.default\">\n\t\t\t\t<div class=\"elementor-widget-container\">\n\t\t\t\t\t\t\t\t\t\t\t\t\t\t\t<img decoding=\"async\" width=\"676\" height=\"676\" src=\"https:\/\/flaxmanlaw.com\/wp-content\/uploads\/2024\/11\/outside-center-1280x676-n-crop-674419676d9b0.webp\" class=\"attachment-large size-large wp-image-22566\" alt=\"Outside center 1280x676 n crop 674419676d9b0\" srcset=\"https:\/\/flaxmanlaw.com\/wp-content\/uploads\/2024\/11\/outside-center-1280x676-n-crop-674419676d9b0.webp 676w, https:\/\/flaxmanlaw.com\/wp-content\/uploads\/2024\/11\/outside-center-1280x676-n-crop-674419676d9b0-300x300.webp 300w, https:\/\/flaxmanlaw.com\/wp-content\/uploads\/2024\/11\/outside-center-1280x676-n-crop-674419676d9b0-150x150.webp 150w, https:\/\/flaxmanlaw.com\/wp-content\/uploads\/2024\/11\/outside-center-1280x676-n-crop-674419676d9b0-600x600.webp 600w\" sizes=\"auto, (max-width: 676px) 100vw, 676px\" loading=\"lazy\" \/>\t\t\t\t\t\t\t\t\t\t\t\t\t\t\t<\/div>\n\t\t\t\t<\/div>\n\t\t\t\t<div class=\"elementor-element elementor-element-504ae9d elementor-widget elementor-widget-text-editor\" data-id=\"504ae9d\" data-element_type=\"widget\" data-e-type=\"widget\" data-widget_type=\"text-editor.default\">\n\t\t\t\t<div class=\"elementor-widget-container\">\n\t\t\t\t\t\t\t\t\t<p><span style=\"font-weight: 400;\">Steven Flaxman est\u00e1 comprometido a continuar la tradici\u00f3n de la familia Flaxman de proporcionar representaci\u00f3n legal excepcional a v\u00edctimas de lesiones personales, propietarios e inquilinos. Con una s\u00f3lida experiencia en la defensa de juicios y una pasi\u00f3n por la justicia, Steven ayuda a los clientes a navegar las complejidades de la ley de lesiones personales con confianza. Como l\u00edder de la oficina de Denver del Grupo Legal Flaxman, ahora atiende a individuos y familias en todo Colorado, ofreciendo el mismo alto nivel de atenci\u00f3n y experiencia legal por el que la firma es conocida en el sur de Florida.  <\/span><\/p>\n\t\t\t\t\t\t\t\t<\/div>\n\t\t\t\t<\/div>\n\t\t\t\t<\/div>\n\t\t\t\t<div class=\"elementor-element elementor-element-27b0e45 elementor-widget elementor-widget-text-editor\" data-id=\"27b0e45\" data-element_type=\"widget\" data-e-type=\"widget\" data-widget_type=\"text-editor.default\">\n\t\t\t\t<div class=\"elementor-widget-container\">\n\t\t\t\t\t\t\t\t\t<h2><b>Experiencia jur\u00eddica pr\u00e1ctica<\/b><\/h2>\n<p><span style=\"font-weight: 400;\">Steven Flaxman tiene una amplia experiencia tanto en la preparaci\u00f3n de juicios como en litigios, manejando una amplia gama de casos de lesiones personales y de propietarios e inquilinos. Su enfoque se centra en el cliente: Steven cree que cada cliente merece atenci\u00f3n personalizada y acceso directo a su abogado. Este compromiso se refleja en su \u00e9tica de trabajo pr\u00e1ctica, ya que supervisa personalmente cada caso de principio a fin, asegur\u00e1ndose de que los clientes est\u00e9n informados y apoyados en cada paso del camino.  <\/span><\/p>\n<h2><b>Formaci\u00f3n y antecedentes jur\u00eddicos<\/b><\/h2>\n<p><span style=\"font-weight: 400;\">Steven obtuvo su t\u00edtulo de abogado en la Facultad de Derecho de la Universidad de Miami. Ha construido su carrera legal sobre los valores de integridad, diligencia y compasi\u00f3n, cualidades que lo han convertido en un defensor confiable de sus clientes. Se dedica a asegurar los mejores resultados posibles para las personas que han sufrido debido a accidentes, negligencia o acciones il\u00edcitas.  <\/span><\/p>\n<h2><b>Comprometidos con la comunidad de Colorado<\/b><\/h2>\n<p><span style=\"font-weight: 400;\">Desde que expandi\u00f3 el Grupo Legal Flaxman a Denver, Steven se ha dedicado a atender las necesidades legales de los residentes de Colorado. Su profundo conocimiento de la ley de lesiones personales y las disputas entre propietarios e inquilinos, junto con su dedicaci\u00f3n al servicio al cliente, lo convierten en un recurso valioso para cualquier persona que busque una compensaci\u00f3n justa despu\u00e9s de un accidente. Adem\u00e1s de los casos de lesiones personales, Steven tambi\u00e9n se especializa en disputas entre propietarios e inquilinos, ayudando a los clientes a resolver conflictos relacionados con las propiedades de alquiler y asegurando que se respeten sus derechos. Ya sea que se enfrente a accidentes automovil\u00edsticos, resbalones y ca\u00eddas, reclamos por negligencia o disputas de vivienda, Steven trabaja incansablemente para proteger los derechos de sus clientes.   <\/span><\/p>\n\t\t\t\t\t\t\t\t<\/div>\n\t\t\t\t<\/div>\n\t\t\t\t<\/div>\n\t\t<div class=\"elementor-element elementor-element-389a4ed e-con-full pa-sidebar e-flex e-con e-child\" data-id=\"389a4ed\" data-element_type=\"container\" data-e-type=\"container\">\n\t\t<div class=\"elementor-element elementor-element-6825bdc e-con-full e-flex e-con e-child\" data-id=\"6825bdc\" data-element_type=\"container\" data-e-type=\"container\" data-settings=\"{&quot;background_background&quot;:&quot;classic&quot;}\">\n\t\t\t\t<div class=\"elementor-element elementor-element-13e7f95 elementor-widget elementor-widget-heading\" data-id=\"13e7f95\" data-element_type=\"widget\" data-e-type=\"widget\" data-widget_type=\"heading.default\">\n\t\t\t\t<div class=\"elementor-widget-container\">\n\t\t\t\t\t<h4 class=\"elementor-heading-title elementor-size-default\">Educaci\u00f3n<\/h4>\t\t\t\t<\/div>\n\t\t\t\t<\/div>\n\t\t\t\t<div class=\"elementor-element elementor-element-fb380b3 elementor-widget elementor-widget-cz_free_line\" data-id=\"fb380b3\" data-element_type=\"widget\" data-e-type=\"widget\" data-widget_type=\"cz_free_line.default\">\n\t\t\t\t<div class=\"elementor-widget-container\">\n\t\t\t\t\t\t\t<div class=\"relative\">\r\n\t\t\t<div  class=\"cz_line cz_line_before_circle tal\"><\/div>\r\n\t\t<\/div>\r\n\t\t<div class=\"clr\"><\/div>\r\n\t\t\t\t\t\t<\/div>\n\t\t\t\t<\/div>\n\t\t\t\t<div class=\"elementor-element elementor-element-e4323c2 elementor-widget elementor-widget-text-editor\" data-id=\"e4323c2\" data-element_type=\"widget\" data-e-type=\"widget\" data-widget_type=\"text-editor.default\">\n\t\t\t\t<div class=\"elementor-widget-container\">\n\t\t\t\t\t\t\t\t\t<ul>\n<li><span style=\"font-weight: 400;\">J.D., Facultad de Derecho de la Universidad de Miami, 2016<\/span><\/li>\n<\/ul>\n\t\t\t\t\t\t\t\t<\/div>\n\t\t\t\t<\/div>\n\t\t\t\t<div class=\"elementor-element elementor-element-00d5a9d elementor-widget elementor-widget-heading\" data-id=\"00d5a9d\" data-element_type=\"widget\" data-e-type=\"widget\" data-widget_type=\"heading.default\">\n\t\t\t\t<div class=\"elementor-widget-container\">\n\t\t\t\t\t<h4 class=\"elementor-heading-title elementor-size-default\">Jurisdicciones de ejercicio<\/h4>\t\t\t\t<\/div>\n\t\t\t\t<\/div>\n\t\t\t\t<div class=\"elementor-element elementor-element-e6f3831 elementor-widget elementor-widget-cz_free_line\" data-id=\"e6f3831\" data-element_type=\"widget\" data-e-type=\"widget\" data-widget_type=\"cz_free_line.default\">\n\t\t\t\t<div class=\"elementor-widget-container\">\n\t\t\t\t\t\t\t<div class=\"relative\">\r\n\t\t\t<div  class=\"cz_line cz_line_before_circle tal\"><\/div>\r\n\t\t<\/div>\r\n\t\t<div class=\"clr\"><\/div>\r\n\t\t\t\t\t\t<\/div>\n\t\t\t\t<\/div>\n\t\t\t\t<div class=\"elementor-element elementor-element-5e01e45 elementor-widget elementor-widget-text-editor\" data-id=\"5e01e45\" data-element_type=\"widget\" data-e-type=\"widget\" data-widget_type=\"text-editor.default\">\n\t\t\t\t<div class=\"elementor-widget-container\">\n\t\t\t\t\t\t\t\t\t<ul>\n<li>\n<p><span style=\"font-weight: 400; color: #ffffff;\">Colorado<\/span><\/p>\n<\/li>\n<li>\n<p><span style=\"color: #ffffff;\"><span style=\"font-weight: 400;\">Florida<\/span><\/span><\/p>\n<\/li>\n<\/ul>\n\t\t\t\t\t\t\t\t<\/div>\n\t\t\t\t<\/div>\n\t\t\t\t<\/div>\n\t\t\t\t<\/div>\n\t\t\t\t\t<\/div>\n\t\t\t\t<\/div>\n\t\t<div class=\"elementor-element elementor-element-c34de50 codevz-con-stretch-yes e-flex e-con-boxed e-con e-parent\" data-id=\"c34de50\" data-element_type=\"container\" data-e-type=\"container\" data-settings=\"{&quot;background_background&quot;:&quot;gradient&quot;}\">\n\t\t\t\t\t<div class=\"e-con-inner\">\n\t\t\t\t<div class=\"elementor-element elementor-element-42988d5 elementor-widget__width-initial elementor-widget elementor-widget-cz_title\" data-id=\"42988d5\" data-element_type=\"widget\" data-e-type=\"widget\" data-widget_type=\"cz_title.default\">\n\t\t\t\t<div class=\"elementor-widget-container\">\n\t\t\t\t\t\t\r\n\t\t<div>\r\n\t\t\t<div class=\"cz_title clr cz_title_pos_inline\"><div class=\"cz_title_content\"><div class=\"cz_wpe_content\"><h3><b>Contacta hoy con Steven Flaxman<br \/><\/b><\/h3>\n<p><span style=\"font-weight: 400; color: #ffffff;\">Si usted ha resultado lesionado en Colorado y est\u00e1 buscando una representaci\u00f3n legal confiable, Steven Flaxman est\u00e1 aqu\u00ed para ayudarle. Cont\u00e1ctalo hoy mismo para programar una consulta gratuita y conocer m\u00e1s sobre c\u00f3mo el Grupo Legal Flaxman puede ayudarte con tu caso. <\/span><\/p>\n<\/div><\/div><\/div>\r\n\t\t<\/div>\r\n\t\t\r\n\t\t\t\t\t\t<\/div>\n\t\t\t\t<\/div>\n\t\t\t\t<div class=\"elementor-element elementor-element-96e48a2 elementor-widget elementor-widget-cz_button\" data-id=\"96e48a2\" data-element_type=\"widget\" data-e-type=\"widget\" data-widget_type=\"cz_button.default\">\n\t\t\t\t<div class=\"elementor-widget-container\">\n\t\t\t\t\t\t\t<div class=\"\">\r\n\t\t\t<div>\r\n\t\t\t\t<a href=\"\/contact\/\" class=\"cz_btn cz_btn_txt_no_fx cz_btn_no_fx cz_mobile_btn_center\">\r\n\r\n\t\t\t\t\t<span>\t\t\t\t\t\t<strong>Contactar con Steven Flaxman\t\t\t\t\t\t\t\t\t\t\t\t\t<\/strong>\r\n\t\t\t\t\t\t\t\t\t\t\t<\/span>\r\n\r\n\t\t\t\t\t<b class=\"cz_btn_onhover\">\r\n\t\t\t\t\t\t\t\t\t\t\t\t<strong>\r\n\t\t\t\t\t\t\tContactar con Steven Flaxman\t\t\t\t\t\t\t\t\t\t\t\t\t<\/strong>\r\n\t\t\t\t\t\t\t\t\t\t\t<\/b>\r\n\r\n\t\t\t\t<\/a>\r\n\t\t\t<\/div>\r\n\t\t<\/div> \t\t\t\t\t\t<\/div>\n\t\t\t\t<\/div>\n\t\t\t\t\t<\/div>\n\t\t\t\t<\/div>\n\t\t\t\t<section class=\"elementor-section elementor-top-section elementor-element elementor-element-4b52aab elementor-section-boxed elementor-section-height-default elementor-section-height-default\" data-id=\"4b52aab\" data-element_type=\"section\" data-e-type=\"section\" data-settings=\"{&quot;background_background&quot;:&quot;classic&quot;}\">\n\t\t\t\t\t\t<div class=\"elementor-container elementor-column-gap-default\">\n\t\t\t\t\t<div class=\"elementor-column elementor-col-100 elementor-top-column elementor-element elementor-element-04bf660\" data-id=\"04bf660\" data-element_type=\"column\" data-e-type=\"column\">\n\t\t\t<div class=\"elementor-widget-wrap elementor-element-populated\">\n\t\t\t\t\t\t<div class=\"elementor-element elementor-element-597c8e2 elementor-widget elementor-widget-cz_title\" data-id=\"597c8e2\" data-element_type=\"widget\" data-e-type=\"widget\" data-widget_type=\"cz_title.default\">\n\t\t\t\t<div class=\"elementor-widget-container\">\n\t\t\t\t\t\t\r\n\t\t<div>\r\n\t\t\t<div class=\"cz_title clr cz_title_pos_inline tac\"><div class=\"cz_title_content\"><div class=\"cz_wpe_content\"><h3 style=\"text-align: center;\">\u00bfPor qu\u00e9 elegirnos <span style=\"color: #a40d1d;\">?<\/span><\/h3>\n<\/div><\/div><\/div>\r\n\t\t<\/div>\r\n\t\t\r\n\t\t\t\t\t\t<\/div>\n\t\t\t\t<\/div>\n\t\t\t\t<div class=\"elementor-element elementor-element-781ed84 elementor-widget elementor-widget-cz_free_line\" data-id=\"781ed84\" data-element_type=\"widget\" data-e-type=\"widget\" data-widget_type=\"cz_free_line.default\">\n\t\t\t\t<div class=\"elementor-widget-container\">\n\t\t\t\t\t\t\t<div class=\"relative\">\r\n\t\t\t<div  class=\"cz_line cz_line_before_circle cz_line_after_circle tac\"><\/div>\r\n\t\t<\/div>\r\n\t\t<div class=\"clr\"><\/div>\r\n\t\t\t\t\t\t<\/div>\n\t\t\t\t<\/div>\n\t\t\t\t\t<\/div>\n\t\t<\/div>\n\t\t\t\t\t<\/div>\n\t\t<\/section>\n\t\t\t\t<section class=\"elementor-section elementor-top-section elementor-element elementor-element-cf68677 elementor-section-boxed elementor-section-height-default elementor-section-height-default\" data-id=\"cf68677\" data-element_type=\"section\" data-e-type=\"section\">\n\t\t\t\t\t\t\t<div class=\"elementor-background-overlay\"><\/div>\n\t\t\t\t\t\t\t<div class=\"elementor-container elementor-column-gap-default\">\n\t\t\t\t\t<div class=\"elementor-column elementor-col-100 elementor-top-column elementor-element elementor-element-3ae0dff\" data-id=\"3ae0dff\" data-element_type=\"column\" data-e-type=\"column\">\n\t\t\t<div class=\"elementor-widget-wrap elementor-element-populated\">\n\t\t\t\t\t\t<section class=\"elementor-section elementor-inner-section elementor-element elementor-element-d15a564 elementor-section-boxed elementor-section-height-default elementor-section-height-default\" data-id=\"d15a564\" data-element_type=\"section\" data-e-type=\"section\">\n\t\t\t\t\t\t<div class=\"elementor-container elementor-column-gap-default\">\n\t\t\t\t\t<div class=\"elementor-column elementor-col-33 elementor-inner-column elementor-element elementor-element-7a5abb2\" data-id=\"7a5abb2\" data-element_type=\"column\" data-e-type=\"column\">\n\t\t\t<div class=\"elementor-widget-wrap elementor-element-populated\">\n\t\t\t\t\t\t<div class=\"elementor-element elementor-element-4caec1c elementor-widget elementor-widget-cz_service_box\" data-id=\"4caec1c\" data-element_type=\"widget\" data-e-type=\"widget\" data-widget_type=\"cz_service_box.default\">\n\t\t\t\t<div class=\"elementor-widget-container\">\n\t\t\t\t\t<div class=\"xtra-service-box-hove fx_zoom_0_hover\"><a href=\"#\"><div class=\"services clr style11 services_b\"><div class=\"service_img\"><img decoding=\"async\" width=\"90\" height=\"90\" src=\"https:\/\/flaxmanlaw.com\/wp-content\/uploads\/2024\/09\/icons8-no-fee-90.png\" class=\"attachment-large size-large wp-image-1582\" alt=\"Icons8 no fee 90\" loading=\"lazy\" \/><\/div><div class=\"service_text\"><h3>Sin honorarios a menos que ganemos tu caso<\/h3><div class=\"cz_wpe_content\"><p><span style=\"color: #ffffff;\">No pagas a menos que consigamos un acuerdo o un veredicto a tu favor.  <\/span><\/p>\n<\/div><\/div><\/div><\/a><\/div>\t\t\t\t<\/div>\n\t\t\t\t<\/div>\n\t\t\t\t\t<\/div>\n\t\t<\/div>\n\t\t\t\t<div class=\"elementor-column elementor-col-33 elementor-inner-column elementor-element elementor-element-7cb1e69\" data-id=\"7cb1e69\" data-element_type=\"column\" data-e-type=\"column\">\n\t\t\t<div class=\"elementor-widget-wrap elementor-element-populated\">\n\t\t\t\t\t\t<div class=\"elementor-element elementor-element-851e6f6 elementor-widget elementor-widget-cz_service_box\" data-id=\"851e6f6\" data-element_type=\"widget\" data-e-type=\"widget\" data-widget_type=\"cz_service_box.default\">\n\t\t\t\t<div class=\"elementor-widget-container\">\n\t\t\t\t\t<div class=\"xtra-service-box-hove fx_zoom_0_hover\"><a href=\"#\"><div class=\"services clr style11 services_b\"><div class=\"service_img\"><img decoding=\"async\" width=\"100\" height=\"100\" src=\"https:\/\/flaxmanlaw.com\/wp-content\/uploads\/2024\/09\/icons8-to-come-100.png\" class=\"attachment-large size-large wp-image-1583\" alt=\"Icons8 to come 100\" loading=\"lazy\" \/><\/div><div class=\"service_text\"><h3>Vamos a ti<\/h3><div class=\"cz_wpe_content\"><p><span style=\"color: #ffffff;\">Ya sea en tu casa, en el trabajo o en el hospital, te facilitamos la obtenci\u00f3n de la ayuda legal que necesitas.<\/span><\/p>\n<\/div><\/div><\/div><\/a><\/div>\t\t\t\t<\/div>\n\t\t\t\t<\/div>\n\t\t\t\t\t<\/div>\n\t\t<\/div>\n\t\t\t\t<div class=\"elementor-column elementor-col-33 elementor-inner-column elementor-element elementor-element-15b6edd\" data-id=\"15b6edd\" data-element_type=\"column\" data-e-type=\"column\">\n\t\t\t<div class=\"elementor-widget-wrap elementor-element-populated\">\n\t\t\t\t\t\t<div class=\"elementor-element elementor-element-230ca76 elementor-widget elementor-widget-cz_service_box\" data-id=\"230ca76\" data-element_type=\"widget\" data-e-type=\"widget\" data-widget_type=\"cz_service_box.default\">\n\t\t\t\t<div class=\"elementor-widget-container\">\n\t\t\t\t\t<div class=\"xtra-service-box-hove fx_zoom_0_hover\"><a href=\"#\"><div class=\"services clr style11 services_b\"><div class=\"service_img\"><img decoding=\"async\" width=\"100\" height=\"100\" src=\"https:\/\/flaxmanlaw.com\/wp-content\/uploads\/2024\/09\/icons8-car-service-100.png\" class=\"attachment-large size-large wp-image-1579\" alt=\"Icons8 car service 100\" loading=\"lazy\" \/><\/div><div class=\"service_text\"><h3>Ayuda gratuita con coches de alquiler y reparaciones<\/h3><div class=\"cz_wpe_content\"><p><span style=\"color: #ffffff;\">Te ayudamos con el alquiler y la reparaci\u00f3n de tu veh\u00edculo sin coste alguno para ti.<\/span><\/p>\n<\/div><\/div><\/div><\/a><\/div>\t\t\t\t<\/div>\n\t\t\t\t<\/div>\n\t\t\t\t\t<\/div>\n\t\t<\/div>\n\t\t\t\t\t<\/div>\n\t\t<\/section>\n\t\t\t\t<section class=\"elementor-section elementor-inner-section elementor-element elementor-element-4d9b8af elementor-section-boxed elementor-section-height-default elementor-section-height-default\" data-id=\"4d9b8af\" data-element_type=\"section\" data-e-type=\"section\">\n\t\t\t\t\t\t<div class=\"elementor-container elementor-column-gap-default\">\n\t\t\t\t\t<div class=\"elementor-column elementor-col-33 elementor-inner-column elementor-element elementor-element-d54f2f7\" data-id=\"d54f2f7\" data-element_type=\"column\" data-e-type=\"column\">\n\t\t\t<div class=\"elementor-widget-wrap elementor-element-populated\">\n\t\t\t\t\t\t<div class=\"elementor-element elementor-element-0b1b952 elementor-widget elementor-widget-cz_service_box\" data-id=\"0b1b952\" data-element_type=\"widget\" data-e-type=\"widget\" data-widget_type=\"cz_service_box.default\">\n\t\t\t\t<div class=\"elementor-widget-container\">\n\t\t\t\t\t<div class=\"xtra-service-box-hove fx_zoom_0_hover\"><a href=\"#\"><div class=\"services clr style11 services_b\"><div class=\"service_img\"><img decoding=\"async\" width=\"100\" height=\"100\" src=\"https:\/\/flaxmanlaw.com\/wp-content\/uploads\/2024\/09\/icons8-hotline-100.png\" class=\"attachment-large size-large wp-image-1581\" alt=\"Icons8 hotline 100\" loading=\"lazy\" \/><\/div><div class=\"service_text\"><h3>Disponibilidad 24\/7<\/h3><div class=\"cz_wpe_content\"><p><span style=\"color: #ffffff;\">Tu abogado est\u00e1 a una llamada de distancia: ll\u00e1manos en cualquier momento a nuestros tel\u00e9fonos m\u00f3viles personales.<\/span><\/p>\n<\/div><\/div><\/div><\/a><\/div>\t\t\t\t<\/div>\n\t\t\t\t<\/div>\n\t\t\t\t\t<\/div>\n\t\t<\/div>\n\t\t\t\t<div class=\"elementor-column elementor-col-33 elementor-inner-column elementor-element elementor-element-83b870b\" data-id=\"83b870b\" data-element_type=\"column\" data-e-type=\"column\">\n\t\t\t<div class=\"elementor-widget-wrap elementor-element-populated\">\n\t\t\t\t\t\t<div class=\"elementor-element elementor-element-e2ba26e elementor-widget elementor-widget-cz_service_box\" data-id=\"e2ba26e\" data-element_type=\"widget\" data-e-type=\"widget\" data-widget_type=\"cz_service_box.default\">\n\t\t\t\t<div class=\"elementor-widget-container\">\n\t\t\t\t\t<div class=\"xtra-service-box-hove fx_zoom_0_hover\"><a href=\"#\"><div class=\"services clr style11 services_b\"><div class=\"service_img\"><img decoding=\"async\" width=\"348\" height=\"178\" src=\"https:\/\/flaxmanlaw.com\/wp-content\/uploads\/2024\/10\/icons8-50plus.png\" class=\"attachment-large size-large wp-image-1598\" alt=\"Icons8 50plus\" srcset=\"https:\/\/flaxmanlaw.com\/wp-content\/uploads\/2024\/10\/icons8-50plus.png 348w, https:\/\/flaxmanlaw.com\/wp-content\/uploads\/2024\/10\/icons8-50plus-300x153.png 300w\" sizes=\"auto, (max-width: 348px) 100vw, 348px\" loading=\"lazy\" \/><\/div><div class=\"service_text\"><h3>M\u00e1s de 50 a\u00f1os de experiencia<\/h3><div class=\"cz_wpe_content\"><p><span style=\"color: #ffffff;\">Benef\u00edciate de nuestros conocimientos y experiencia en derecho de da\u00f1os personales. Charles es un antiguo perito de seguros y Steven es un antiguo abogado defensor de seguros.   <\/span><\/p>\n<\/div><\/div><\/div><\/a><\/div>\t\t\t\t<\/div>\n\t\t\t\t<\/div>\n\t\t\t\t\t<\/div>\n\t\t<\/div>\n\t\t\t\t<div class=\"elementor-column elementor-col-33 elementor-inner-column elementor-element elementor-element-4bedb51\" data-id=\"4bedb51\" data-element_type=\"column\" data-e-type=\"column\">\n\t\t\t<div class=\"elementor-widget-wrap elementor-element-populated\">\n\t\t\t\t\t\t<div class=\"elementor-element elementor-element-8007271 elementor-widget elementor-widget-cz_service_box\" data-id=\"8007271\" data-element_type=\"widget\" data-e-type=\"widget\" data-widget_type=\"cz_service_box.default\">\n\t\t\t\t<div class=\"elementor-widget-container\">\n\t\t\t\t\t<div class=\"xtra-service-box-hove fx_zoom_0_hover\"><a href=\"#\"><div class=\"services clr style11 services_b\"><div class=\"service_img\"><img decoding=\"async\" width=\"96\" height=\"96\" src=\"https:\/\/flaxmanlaw.com\/wp-content\/uploads\/2024\/09\/icons8-victory-96.png\" class=\"attachment-large size-large wp-image-1584\" alt=\"Icons8 victory 96\" loading=\"lazy\" \/><\/div><div class=\"service_text\"><h3>Casi 1.000 millones de d\u00f3lares ganados para los clientes<\/h3><div class=\"cz_wpe_content\"><p><span style=\"color: #ffffff;\">Conf\u00eda en una empresa con un historial de \u00e9xito probado.<\/span><\/p>\n<\/div><\/div><\/div><\/a><\/div>\t\t\t\t<\/div>\n\t\t\t\t<\/div>\n\t\t\t\t\t<\/div>\n\t\t<\/div>\n\t\t\t\t\t<\/div>\n\t\t<\/section>\n\t\t\t\t\t<\/div>\n\t\t<\/div>\n\t\t\t\t\t<\/div>\n\t\t<\/section>\n\t\t\t\t<\/div>\n\t\t","protected":false},"excerpt":{"rendered":"<p>Un legado de excelencia jur\u00eddica Steven Flaxman est\u00e1 comprometido a continuar &#8230; <\/p>\n","protected":false},"author":2,"featured_media":0,"parent":0,"menu_order":0,"comment_status":"closed","ping_status":"closed","template":"","meta":{"footnotes":""},"class_list":["post-22458","page","type-page","status-publish","hentry"],"featured_image_src":null,"featured_image_src_square":null,"_links":{"self":[{"href":"https:\/\/flaxmanlaw.com\/es\/wp-json\/wp\/v2\/pages\/22458","targetHints":{"allow":["GET"]}}],"collection":[{"href":"https:\/\/flaxmanlaw.com\/es\/wp-json\/wp\/v2\/pages"}],"about":[{"href":"https:\/\/flaxmanlaw.com\/es\/wp-json\/wp\/v2\/types\/page"}],"author":[{"embeddable":true,"href":"https:\/\/flaxmanlaw.com\/es\/wp-json\/wp\/v2\/users\/2"}],"replies":[{"embeddable":true,"href":"https:\/\/flaxmanlaw.com\/es\/wp-json\/wp\/v2\/comments?post=22458"}],"version-history":[{"count":0,"href":"https:\/\/flaxmanlaw.com\/es\/wp-json\/wp\/v2\/pages\/22458\/revisions"}],"wp:attachment":[{"href":"https:\/\/flaxmanlaw.com\/es\/wp-json\/wp\/v2\/media?parent=22458"}],"curies":[{"name":"wp","href":"https:\/\/api.w.org\/{rel}","templated":true}]}}