{"id":22464,"date":"2024-11-18T12:44:32","date_gmt":"2024-11-18T12:44:32","guid":{"rendered":"https:\/\/flaxmanlaw.wpenginepowered.com\/accidente-en-el-transporte-publico-de-coral-gables-abogados-de-lesiones-del-condado-de-miami-dade\/"},"modified":"2024-11-18T12:44:32","modified_gmt":"2024-11-18T12:44:32","slug":"accidente-en-el-transporte-publico-de-coral-gables-abogados-de-lesiones-del-condado-de-miami-dade","status":"publish","type":"page","link":"https:\/\/flaxmanlaw.com\/es\/accidente-en-el-transporte-publico-de-coral-gables-abogados-de-lesiones-del-condado-de-miami-dade\/","title":{"rendered":"Accidente en el transporte p\u00fablico de Coral Gables | Abogados de lesiones del condado de Miami-Dade"},"content":{"rendered":"<div class=\"bodytext\">\n<h2>Accidente en el transporte p\u00fablico de Coral Gables<\/h1><\/h2>\n<div class=\"description\">\n<p>Si has tenido un accidente de coche en Coral Gables o en tu comunidad, sueles conocer bien tus derechos. Entiendes que debes intercambiar informaci\u00f3n de contacto con el otro conductor y sabes que puedes denunciar el accidente a tu compa\u00f1\u00eda de seguros para presentar una reclamaci\u00f3n. Pero, \u00bfqu\u00e9 ocurre cuando te has visto implicado en una colisi\u00f3n con un transporte p\u00fablico o en una colisi\u00f3n con un veh\u00edculo de transporte p\u00fablico? \u00bfQui\u00e9n es responsable de este tipo de colisiones? \u00bfTienes derecho a indemnizaci\u00f3n en estas situaciones?    <\/p>\n<p>Si has resultado herido en un accidente de tren, autob\u00fas p\u00fablico u otro veh\u00edculo de transporte p\u00fablico, es importante que hables con un abogado experto en lesiones personales y que obtengas asesoramiento legal antes de proceder. En estos casos, los abogados del Grupo Legal Flaxman han visto con demasiada frecuencia situaciones en las que las v\u00edctimas lesionadas son culpadas por la empresa de transporte p\u00fablico o por un municipio de causar el accidente o se les niegan de otro modo prestaciones que podr\u00edan utilizar para pagar gastos m\u00e9dicos, reparaciones del coche y otros costes. A los abogados del Grupo Legal Flaxman les gustar\u00eda invitarte a contactar con el bufete de servicios integrales en cualquier momento para concertar una consulta gratuita y sin compromiso. Nuestros abogados pueden hablar contigo sobre tus opciones legales.   <\/p>\n<p><strong class=\"heading4\">Tipos de accidentes de transporte p\u00fablico en Coral Gables<\/strong><\/p>\n<p>En las colisiones de transporte p\u00fablico puede estar implicado cualquier tipo de veh\u00edculo de transporte p\u00fablico, incluidos:<\/p>\n<ul>\n<li>Tranv\u00edas<\/li>\n<li>Autobuses p\u00fablicos<\/li>\n<li>Trenes<\/li>\n<li>Lanzaderas<\/li>\n<li>Metro<\/li>\n<\/ul>\n<p>Estos accidentes son distintos de los tipos de colisiones de tr\u00e1fico de operadores privados que pueden implicar a limusinas, taxis y otros veh\u00edculos propiedad de empresas privadas. El reto que plantean los casos de transporte p\u00fablico es que a menudo afectan a las entidades gubernamentales propietarias de los ferrocarriles o los autobuses urbanos. Puede resultar muy intimidante intentar obtener una indemnizaci\u00f3n justa de una entidad gubernamental, por lo que muchas personas recurren a abogados de lesiones personales en Coral Gables o en sus comunidades para construir un caso s\u00f3lido y poder buscar agresivamente justicia en su situaci\u00f3n.  <\/p>\n<p><strong class=\"heading4\">Tienes derechos tras tu lesi\u00f3n<\/strong><\/p>\n<p>Si te has lesionado a bordo de un veh\u00edculo de transporte p\u00fablico, existen dificultades, pero tienes derechos. Si la empresa de transporte p\u00fablico o el operador del autob\u00fas no tomaron precauciones razonables para proteger a los usuarios o si la negligencia desempe\u00f1\u00f3 un papel en tus lesiones, puedes tener derecho a una indemnizaci\u00f3n. Si no est\u00e1s seguro de tener derecho a una indemnizaci\u00f3n, ponte en contacto con un abogado de lesiones personales lo antes posible para averiguar si tienes un caso.  <\/p>\n<p>Los abogados <a href=\"index.html\">del Grupo Legal Flaxman<\/a> se enorgullecen de representar a personas que han resultado lesionadas en todo tipo de accidentes de tr\u00e1fico, incluyendo choques de transporte p\u00fablico. El personal de nuestra firma de servicios integrales incluye abogados que cuentan con m\u00e1s de 60 a\u00f1os de experiencia combinada y comprenden los complejos asuntos que implica presentar casos contra autoridades de tr\u00e1nsito, compa\u00f1\u00edas de transporte p\u00fablico y otros demandantes. Si deseas hablar sobre tu situaci\u00f3n, <a href=\"contacta con nosotros.html\">contacta<\/a> hoy mismo <a href=\"contacta con nosotros.html\">con<\/a> el Grupo Legal Flaxman. Puedes ponerte en contacto con el equipo legal del Grupo Legal Flaxman llamando al 866-352-9626 o a trav\u00e9s del sitio web de la firma.   <\/p>\n<\/p><\/div>\n<\/p><\/div>\n","protected":false},"excerpt":{"rendered":"<p>Sin honorarios a menos que ganemos. Llama al 866-352-9626 para una &#8230; <\/p>\n","protected":false},"author":3,"featured_media":0,"parent":0,"menu_order":0,"comment_status":"closed","ping_status":"closed","template":"template-practice-areas.php","meta":{"footnotes":""},"class_list":["post-22464","page","type-page","status-publish","hentry"],"featured_image_src":null,"featured_image_src_square":null,"_links":{"self":[{"href":"https:\/\/flaxmanlaw.com\/es\/wp-json\/wp\/v2\/pages\/22464","targetHints":{"allow":["GET"]}}],"collection":[{"href":"https:\/\/flaxmanlaw.com\/es\/wp-json\/wp\/v2\/pages"}],"about":[{"href":"https:\/\/flaxmanlaw.com\/es\/wp-json\/wp\/v2\/types\/page"}],"author":[{"embeddable":true,"href":"https:\/\/flaxmanlaw.com\/es\/wp-json\/wp\/v2\/users\/3"}],"replies":[{"embeddable":true,"href":"https:\/\/flaxmanlaw.com\/es\/wp-json\/wp\/v2\/comments?post=22464"}],"version-history":[{"count":0,"href":"https:\/\/flaxmanlaw.com\/es\/wp-json\/wp\/v2\/pages\/22464\/revisions"}],"wp:attachment":[{"href":"https:\/\/flaxmanlaw.com\/es\/wp-json\/wp\/v2\/media?parent=22464"}],"curies":[{"name":"wp","href":"https:\/\/api.w.org\/{rel}","templated":true}]}}